{"id":1913,"date":"2010-11-25T08:25:51","date_gmt":"2010-11-25T07:25:51","guid":{"rendered":"https:\/\/heatwork.com\/tuotteet\/frostheater\/"},"modified":"2023-09-13T12:24:02","modified_gmt":"2023-09-13T10:24:02","slug":"frostheater","status":"publish","type":"page","link":"https:\/\/heatwork.com\/fi\/tuotteet\/frostheater\/","title":{"rendered":"FrostHeater"},"content":{"rendered":"<div class=\"o-carousel js-carousel\"><div class=\"o-carousel__main js-carousel-main cmgsg\" data-id=\"cmgsg\"><img loading=\"lazy\" decoding=\"async\" src=\"https:\/\/heatwork.com\/wp-content\/uploads\/2022\/04\/HeatWork-_Narvik-940x636.jpg\" width=\"940\" height=\"636\" alt=\"\" \/>\n<img loading=\"lazy\" decoding=\"async\" src=\"https:\/\/heatwork.com\/wp-content\/uploads\/2010\/11\/HeatWork-med-Narvik-skilt-e1510062186510.jpg\" width=\"450\" height=\"400\" alt=\"\" \/>\n<img loading=\"lazy\" decoding=\"async\" src=\"https:\/\/heatwork.com\/wp-content\/uploads\/2010\/11\/Teletiner_frostsikre_tjaltiner_FrostHeater_HW-3600_roudan-sulatus-940x565.jpg\" width=\"940\" height=\"565\" alt=\"\" \/>\n<img loading=\"lazy\" decoding=\"async\" src=\"https:\/\/heatwork.com\/wp-content\/uploads\/2010\/11\/MY35_roudan-sulatus_-lammittimet_tjaltiner_teletiner.jpg\" width=\"600\" height=\"400\" alt=\"\" \/>\n<img loading=\"lazy\" decoding=\"async\" src=\"https:\/\/heatwork.com\/wp-content\/uploads\/2013\/08\/hw-1800-bak-2.jpg\" width=\"280\" height=\"380\" alt=\"\" \/>\n<img loading=\"lazy\" decoding=\"async\" src=\"https:\/\/heatwork.com\/wp-content\/uploads\/2010\/11\/Teletining-frostsikring-betongarbeid_skadesanering-1-940x626.jpg\" width=\"940\" height=\"626\" alt=\"\" \/>\n<\/div><ul class=\"o-carousel__nav js-carousel-nav\"><li><img loading=\"lazy\" decoding=\"async\" src=\"https:\/\/heatwork.com\/wp-content\/uploads\/2022\/04\/HeatWork-_Narvik-290x290.jpg\" width=\"290\" height=\"290\" alt=\"\" \/><\/li>\n<li><img loading=\"lazy\" decoding=\"async\" src=\"https:\/\/heatwork.com\/wp-content\/uploads\/2010\/11\/HeatWork-med-Narvik-skilt-e1510062186510-290x290.jpg\" width=\"290\" height=\"290\" alt=\"\" \/><\/li>\n<li><img loading=\"lazy\" decoding=\"async\" src=\"https:\/\/heatwork.com\/wp-content\/uploads\/2010\/11\/Teletiner_frostsikre_tjaltiner_FrostHeater_HW-3600_roudan-sulatus-290x290.jpg\" width=\"290\" height=\"290\" alt=\"\" \/><\/li>\n<li><img loading=\"lazy\" decoding=\"async\" src=\"https:\/\/heatwork.com\/wp-content\/uploads\/2010\/11\/MY35_roudan-sulatus_-lammittimet_tjaltiner_teletiner-290x290.jpg\" width=\"290\" height=\"290\" alt=\"\" \/><\/li>\n<li><img loading=\"lazy\" decoding=\"async\" src=\"https:\/\/heatwork.com\/wp-content\/uploads\/2013\/08\/hw-1800-bak-2-280x290.jpg\" width=\"280\" height=\"290\" alt=\"\" \/><\/li>\n<li><img loading=\"lazy\" decoding=\"async\" src=\"https:\/\/heatwork.com\/wp-content\/uploads\/2010\/11\/Teletining-frostsikring-betongarbeid_skadesanering-1-290x290.jpg\" width=\"290\" height=\"290\" alt=\"\" \/><\/li>\n<\/ul><\/div>\n<p>&nbsp;<\/p>\n<h2>Roudansulatus &amp; l\u00e4mmittimet FrostHeater. Markkinoiden tehokkain laite<br \/>\nSopii sulatukseen, l\u00e4mmitykseen, betonit\u00f6ihin, vahinkosaneerauksiin jne.<\/h2>\n<p>Niin\u00e4 yli kymmenen\u00e4 vuotena mit\u00e4 meill\u00e4 on valmistajana, olemme jatkuvasti pohtineet kehityst\u00e4, tuotantoa ja laatua asiakkaittemme kannalta.<\/p>\n<p><strong>Tarjoamme liikutettavia l\u00e4mp\u00f6ratkaisua kokovuotiseen k\u00e4ytt\u00f6\u00f6n kaikkialla!<br \/>\n<\/strong>HeatWorksin itsek\u00e4yv\u00e4t ja liikuteltavat laitteet toimittavat 100\u00b0C nestesiirtoista l\u00e4mp\u00f6\u00e4 94% hy\u00f6tyasteella. Laitteemme ovat markkinoiden ymp\u00e4rist\u00f6yst\u00e4v\u00e4llisimpi\u00e4 ja tuottoisimpia sulatus- ja l\u00e4mmitysvaihtoehtoja betonit\u00f6ihin, rakennusten l\u00e4mmitykseen, vahinkosaneerauksiin ja roudan sulatukseen kylm\u00e4ss\u00e4 ilmastossa.<\/p>\n<p><em>T\u00e4rkein teht\u00e4v\u00e4mme on tarjota monia k\u00e4ytt\u00f6gvaihtoehtoja. Lis\u00e4ksi kehit\u00e4mme yh\u00e4 useampia lis\u00e4laitteita, joiden avulla laitteitamme voi k\u00e4ytt\u00e4\u00e4 vuoden ymp\u00e4ri. Niiden avulla ly\u00f6t kilpailijasi tarjouskilpailuissa!<\/em><\/p>\n<p class=\"p1\">FrostHeater &#8211; kolme mallia<\/p>\n<div class=\"ingrid in-thirds\">\n<div class=\"unit\"><strong>HW 3600<\/strong><br \/>\n\u2022 100 \u00b0C<br \/>\n\u2022 103 kW<br \/>\n\u2022 1860 kg<\/div>\n<div class=\"unit\"><strong>HW 1800<\/strong><br \/>\n\u2022 100 \u00b0C<br \/>\n\u2022 70 kW<br \/>\n\u2022 1680 kg<\/div>\n<div class=\"unit\"><strong>MY35<\/strong><br \/>\n\u2022 100 \u00b0C<br \/>\n\u2022 35 kW<br \/>\n\u2022 l\u00e4ht\u00f6paino 910 kg<\/div>\n<\/div>\n<hr \/>\n<ul>\n<li>Roudansulatus\u00a0&amp; l\u00e4mmittimet<\/li>\n<li>Sulatus ennen tamppausta<\/li>\n<li>Perusteiden, viem\u00e4r\u00f6intien ja kylttien sulatus<\/li>\n<li>T\u00e4ytt\u00f6massojen pakkassuojaus<\/li>\n<li>Perusteiden pakkassuojaus<\/li>\n<li>Rakennusten ja autotallien l\u00e4mmitys<\/li>\n<li>Ty\u00f6pajojen ja ty\u00f6telttojen l\u00e4mmitys<\/li>\n<li>Betonin kovetus<\/li>\n<li>S\u00e4hk\u00f6ntuotto<\/li>\n<li>Vuokrakoneet<\/li>\n<\/ul>\n<hr \/>\n<p class=\"p1\"><strong>HeatWork sulattaa tuplasti nopeammin!<br \/>\n<\/strong>Talvi on perinteisesti ollut rakennusalan &#8220;luppoaikaa&#8221;. HeatWorksi\u00e4 k\u00e4ytt\u00e4m\u00e4ll\u00e4 v\u00e4lt\u00e4t tuotannon pys\u00e4ytykset ja ty\u00f6ntekij\u00f6iden lomautukset.<\/p>\n<div class=\"ingrid in-thirds\">\n<div class=\"unit\">\n<p>Testikuvaus ja perustelut:<\/p>\n<ol>\n<li>HeatWork 100\u00b0C &#8211; verrattuna toiseen markkinoilla olevaan vastaavaan laitteeseen &#8211; 80\u00b0C<\/li>\n<li>Tohtoristipendiaatti Svein-Erik Sveen Narvikin korkeakoulusta on suorittanut useita kokeita. &#8220;Maaper\u00e4n roudan tutkimimisen problematiikka&#8221;<\/li>\n<li>HW-eristysmatot<\/li>\n<li>Suurempi pumppukapasiteetti<\/li>\n<li>Lyhyemm\u00e4t letkukierrot<\/li>\n<\/ol>\n<\/div>\n<div class=\"unit\" style=\"text-align: left;\">\n<p>K\u00e4ytt\u00f6 arvo asiakkaille:<\/p>\n<ol>\n<li>Suuremmat taloudelliset voitot suhteessa suunnitteluun ja aikaan<\/li>\n<li>Valmistuminen ja laskutus aikataulun mukaan<\/li>\n<li>Tyytyv\u00e4iset asiakkaat ja k\u00e4ytt\u00e4j\u00e4t<\/li>\n<li>Markkinoiden ymp\u00e4rist\u00f6yst\u00e4v\u00e4llisin ja tuottavin sulatus- ja l\u00e4mmitysvaihtoehto.<\/li>\n<li>0-100 \u00b0C<\/li>\n<li>Paino alle 2000 kg<\/li>\n<li>Skandinaavinen muotoilu ja laatu<\/li>\n<\/ol>\n<\/div>\n<div class=\"unit\"><img loading=\"lazy\" decoding=\"async\" class=\"alignleft wp-image-31669 size-medium\" title=\"roudansulatus &amp; l\u00e4mmittimet\" src=\"https:\/\/heatwork.com\/wp-content\/uploads\/2010\/11\/test-362x480.jpg\" alt=\"Sulattaa tuplasti nopeammin.\" width=\"355\" height=\"400\" \/><\/div>\n<\/div>\n<hr \/>\n<p><strong>Katso lis\u00e4\u00e4 k\u00e4ytt\u00f6alueita <a href=\"https:\/\/heatwork.com\/fi\/kayttokohteet\/rakennusteollisuus\/laiteurakoitsijat\/\" target=\"_blank\" rel=\"noopener noreferrer\">t\u00e4st\u00e4<\/a><\/strong><\/p>\n<h4><em>N\u00e4in roudansulatus FrostHeaterilla toimii<\/em><\/h4>\n<ol>\n<li>Joustavat l\u00e4mp\u00f6letkut levitet\u00e4\u00e4n alueelle, joka sulatetaan, kovetetaan tai suojataan pakkaselta.<\/li>\n<li>HW-l\u00e4mm\u00f6nsiirtoneste (HTF) kiert\u00e4\u00e4 suljetussa j\u00e4rjestelm\u00e4ss\u00e4 ja l\u00e4mmitt\u00e4\u00e4 maan suoraan.<\/li>\n<li>L\u00e4mm\u00f6nsiirron maksimoinniksi ja l\u00e4mp\u00f6h\u00e4vi\u00f6n v\u00e4ltt\u00e4miseksi letkut peitet\u00e4\u00e4n heijastavilla HW-eristysmatoilla<\/li>\n<li>Massoissa oleva kosteus l\u00e4mpe\u00e4\u00e4 ja sulattaa nopeasti ja tehokkaasti syvemm\u00e4lle maahan, 30-80 cm vuorokaudessa, riippuen olosuhteista.<\/li>\n<li>Laite toimii miehitt\u00e4m\u00e4tt\u00f6m\u00e4n\u00e4, kunnes sulatus on valmis. GSM-ohjausyksikk\u00f6 varoittaa mahdollisista ongelmista.<\/li>\n<\/ol>\n<p><a href=\"https:\/\/heatwork.com\/wp-content\/uploads\/2010\/11\/slanger-matte-webversjon1.gif\"><img loading=\"lazy\" decoding=\"async\" class=\"alignnone wp-image-14667\" title=\"roudansulatus &amp; l\u00e4mmittimet\" src=\"https:\/\/heatwork.com\/wp-content\/uploads\/2010\/11\/slanger-matte-webversjon1.gif\" alt=\"letkumatto-nettiversio\" width=\"1277\" height=\"400\" \/><\/a><\/p>\n<p><a href=\"https:\/\/heatwork.com\/fi\/yhteystiedot\/\"><strong>Ota yhteytt\u00e4 t\u00e4st\u00e4<\/strong><\/a><\/p>\n<hr \/>\n<div class=\"wpforms-container wpforms-container-full\" id=\"wpforms-42287\"><form id=\"wpforms-form-42287\" class=\"wpforms-validate wpforms-form wpforms-ajax-form\" data-formid=\"42287\" method=\"post\" enctype=\"multipart\/form-data\" action=\"\/fi\/wp-json\/wp\/v2\/pages\/1913\" data-token=\"f87cb3195ba8807912b9abbb727b426e\" data-token-time=\"1776375316\"><noscript class=\"wpforms-error-noscript\">Please enable JavaScript in your browser to complete this form.<\/noscript><div class=\"wpforms-field-container\"><div id=\"wpforms-42287-field_1-container\" class=\"wpforms-field wpforms-field-text wpforms-one-half wpforms-first\" data-field-id=\"1\"><label class=\"wpforms-field-label\" for=\"wpforms-42287-field_1\">Ditt navn - Your name <span class=\"wpforms-required-label\">*<\/span><\/label><input type=\"text\" id=\"wpforms-42287-field_1\" class=\"wpforms-field-large wpforms-field-required\" name=\"wpforms[fields][1]\" required><\/div><div id=\"wpforms-42287-field_2-container\" class=\"wpforms-field wpforms-field-email wpforms-one-half\" data-field-id=\"2\"><label class=\"wpforms-field-label\" for=\"wpforms-42287-field_2\">E-mail <span class=\"wpforms-required-label\">*<\/span><\/label><input type=\"email\" id=\"wpforms-42287-field_2\" class=\"wpforms-field-large wpforms-field-required\" name=\"wpforms[fields][2]\" spellcheck=\"false\" required><\/div><div id=\"wpforms-42287-field_3-container\" class=\"wpforms-field wpforms-field-text\" data-field-id=\"3\"><label class=\"wpforms-field-label\" for=\"wpforms-42287-field_3\">Emne - Subject<\/label><input type=\"text\" id=\"wpforms-42287-field_3\" class=\"wpforms-field-large\" name=\"wpforms[fields][3]\" ><\/div><div id=\"wpforms-42287-field_4-container\" class=\"wpforms-field wpforms-field-textarea\" data-field-id=\"4\"><label class=\"wpforms-field-label\" for=\"wpforms-42287-field_4\">Melding - Message<\/label><textarea id=\"wpforms-42287-field_4\" class=\"wpforms-field-medium\" name=\"wpforms[fields][4]\" ><\/textarea><\/div><div id=\"wpforms-42287-field_5-container\" class=\"wpforms-field wpforms-field-mailchimp\" data-field-id=\"5\"><ul id=\"\" class=\"\"><li class=\"choice-0 depth-1\"><input type=\"checkbox\" id=\"wpforms-42287-field_5_0\" name=\"wpforms[fields][5]\" value=\"1\"  ><label class=\"wpforms-field-label-inline\" for=\"wpforms-42287-field_5_0\">Sign-up to our newsletter?<\/label><\/li><\/ul><\/div><div id=\"wpforms-42287-field_7-container\" class=\"wpforms-field wpforms-field-hidden\" data-field-id=\"7\"><input type=\"hidden\" id=\"wpforms-42287-field_7\" name=\"wpforms[fields][7]\"><\/div><div id=\"wpforms-42287-field_8-container\" class=\"wpforms-field wpforms-field-hidden\" data-field-id=\"8\"><input type=\"hidden\" id=\"wpforms-42287-field_8\" name=\"wpforms[fields][8]\"><\/div><div id=\"wpforms-42287-field_10-container\" class=\"wpforms-field wpforms-field-html\" data-field-id=\"10\"><div id=\"wpforms-42287-field_10\"><\/div><\/div><\/div><!-- .wpforms-field-container --><div class=\"wpforms-field wpforms-field-hp\"><label for=\"wpforms-42287-field-hp\" class=\"wpforms-field-label\">Name<\/label><input type=\"text\" name=\"wpforms[hp]\" id=\"wpforms-42287-field-hp\" class=\"wpforms-field-medium\"><\/div><div class=\"wpforms-recaptcha-container wpforms-is-hcaptcha\" ><div class=\"g-recaptcha\" data-sitekey=\"fc846523-626e-455c-bc44-9504f9e01350\"><\/div><input type=\"text\" name=\"g-recaptcha-hidden\" class=\"wpforms-recaptcha-hidden\" style=\"position:absolute!important;clip:rect(0,0,0,0)!important;height:1px!important;width:1px!important;border:0!important;overflow:hidden!important;padding:0!important;margin:0!important;\" data-rule-hcaptcha=\"1\"><\/div><div class=\"wpforms-submit-container\" ><input type=\"hidden\" name=\"wpforms[id]\" value=\"42287\"><input type=\"hidden\" name=\"page_title\" value=\"\"><input type=\"hidden\" name=\"page_url\" value=\"https:\/\/heatwork.com\/fi\/wp-json\/wp\/v2\/pages\/1913\"><button type=\"submit\" name=\"wpforms[submit]\" id=\"wpforms-submit-42287\" class=\"wpforms-submit wide\" data-alt-text=\"Sending...\" data-submit-text=\"Send\" aria-live=\"assertive\" value=\"wpforms-submit\">Send<\/button><img loading=\"lazy\" decoding=\"async\" src=\"https:\/\/heatwork.com\/wp-content\/plugins\/wpforms\/assets\/images\/submit-spin.svg\" class=\"wpforms-submit-spinner\" style=\"display: none;\" width=\"26\" height=\"26\" alt=\"Loading\"><\/div><\/form><\/div>  <!-- .wpforms-container -->\n","protected":false},"excerpt":{"rendered":"<p>&nbsp; Roudansulatus &amp; l\u00e4mmittimet FrostHeater. Markkinoiden tehokkain laite Sopii sulatukseen, l\u00e4mmitykseen, betonit\u00f6ihin, vahinkosaneerauksiin jne. Niin\u00e4 yli kymmenen\u00e4 vuotena mit\u00e4 meill\u00e4 on valmistajana, olemme jatkuvasti pohtineet kehityst\u00e4, tuotantoa ja laatua asiakkaittemme kannalta. Tarjoamme liikutettavia l\u00e4mp\u00f6ratkaisua kokovuotiseen k\u00e4ytt\u00f6\u00f6n kaikkialla! HeatWorksin itsek\u00e4yv\u00e4t ja liikuteltavat laitteet toimittavat 100\u00b0C nestesiirtoista l\u00e4mp\u00f6\u00e4 94% hy\u00f6tyasteella. Laitteemme ovat markkinoiden ymp\u00e4rist\u00f6yst\u00e4v\u00e4llisimpi\u00e4 ja tuottoisimpia sulatus- [&hellip;]<\/p>\n","protected":false},"author":2,"featured_media":42299,"parent":1666,"menu_order":1,"comment_status":"closed","ping_status":"closed","template":"","meta":{"_acf_changed":false,"footnotes":"","_links_to":"","_links_to_target":""},"class_list":["post-1913","page","type-page","status-publish","has-post-thumbnail"],"acf":[],"_links":{"self":[{"href":"https:\/\/heatwork.com\/fi\/wp-json\/wp\/v2\/pages\/1913"}],"collection":[{"href":"https:\/\/heatwork.com\/fi\/wp-json\/wp\/v2\/pages"}],"about":[{"href":"https:\/\/heatwork.com\/fi\/wp-json\/wp\/v2\/types\/page"}],"author":[{"embeddable":true,"href":"https:\/\/heatwork.com\/fi\/wp-json\/wp\/v2\/users\/2"}],"replies":[{"embeddable":true,"href":"https:\/\/heatwork.com\/fi\/wp-json\/wp\/v2\/comments?post=1913"}],"version-history":[{"count":1,"href":"https:\/\/heatwork.com\/fi\/wp-json\/wp\/v2\/pages\/1913\/revisions"}],"predecessor-version":[{"id":49348,"href":"https:\/\/heatwork.com\/fi\/wp-json\/wp\/v2\/pages\/1913\/revisions\/49348"}],"up":[{"embeddable":true,"href":"https:\/\/heatwork.com\/fi\/wp-json\/wp\/v2\/pages\/1666"}],"wp:featuredmedia":[{"embeddable":true,"href":"https:\/\/heatwork.com\/fi\/wp-json\/wp\/v2\/media\/42299"}],"wp:attachment":[{"href":"https:\/\/heatwork.com\/fi\/wp-json\/wp\/v2\/media?parent=1913"}],"curies":[{"name":"wp","href":"https:\/\/api.w.org\/{rel}","templated":true}]}}