{"id":28742,"date":"2015-04-16T13:49:23","date_gmt":"2015-04-16T11:49:23","guid":{"rendered":"https:\/\/heatwork.com\/tuotteet\/cliwi\/"},"modified":"2021-01-21T10:13:01","modified_gmt":"2021-01-21T09:13:01","slug":"cliwi","status":"publish","type":"page","link":"https:\/\/heatwork.com\/fi\/tuotteet\/cliwi\/","title":{"rendered":"CliWi &#8211; l\u00e4mp\u00f6\u00e4 ja ilmaa"},"content":{"rendered":"<div class=\"o-carousel js-carousel\"><div class=\"o-carousel__main js-carousel-main iftij\" data-id=\"iftij\"><img loading=\"lazy\" decoding=\"async\" src=\"https:\/\/heatwork.com\/wp-content\/uploads\/2021\/01\/web_all-940x469.jpg\" width=\"940\" height=\"469\" alt=\"\" \/>\n<img loading=\"lazy\" decoding=\"async\" src=\"https:\/\/heatwork.com\/wp-content\/uploads\/2018\/04\/CliWi-heatbox-300_500.jpg\" width=\"800\" height=\"815\" alt=\"\" \/>\n<img loading=\"lazy\" decoding=\"async\" src=\"https:\/\/heatwork.com\/wp-content\/uploads\/2021\/01\/web_canon-940x610.jpg\" width=\"940\" height=\"610\" alt=\"\" \/>\n<img loading=\"lazy\" decoding=\"async\" src=\"https:\/\/heatwork.com\/wp-content\/uploads\/2015\/04\/Cliwi-filterkassett-Heatwork-e1516095997545.jpg\" width=\"600\" height=\"562\" alt=\"\" \/>\n<img loading=\"lazy\" decoding=\"async\" src=\"https:\/\/heatwork.com\/wp-content\/uploads\/2018\/04\/Byggvarme_CliWi.jpg\" width=\"800\" height=\"450\" alt=\"\" \/>\n<img loading=\"lazy\" decoding=\"async\" src=\"https:\/\/heatwork.com\/wp-content\/uploads\/2019\/02\/CliWi-byggvarme-POB-entrepren\u00f8r-HeatWork-940x705.jpg\" width=\"940\" height=\"705\" alt=\"\" \/>\n<img loading=\"lazy\" decoding=\"async\" src=\"https:\/\/heatwork.com\/wp-content\/uploads\/2019\/02\/CliWi-byggvarme-POB-entrepren\u00f8r-HeatWork01-705x940.jpg\" width=\"705\" height=\"940\" alt=\"\" \/>\n<img loading=\"lazy\" decoding=\"async\" src=\"https:\/\/heatwork.com\/wp-content\/uploads\/2021\/01\/web_wheels-609x940.jpg\" width=\"609\" height=\"940\" alt=\"\" \/>\n<img loading=\"lazy\" decoding=\"async\" src=\"https:\/\/heatwork.com\/wp-content\/uploads\/2021\/01\/web_HB-300_filter-584x940.jpg\" width=\"584\" height=\"940\" alt=\"\" \/>\n<img loading=\"lazy\" decoding=\"async\" src=\"https:\/\/heatwork.com\/wp-content\/uploads\/2021\/01\/web_filter2-672x940.jpg\" width=\"672\" height=\"940\" alt=\"\" \/>\n<img loading=\"lazy\" decoding=\"async\" src=\"https:\/\/heatwork.com\/wp-content\/uploads\/2015\/04\/CliWi-II-\u00d8500-Liggende-Front-RAL6018-940x752.jpg\" width=\"940\" height=\"752\" alt=\"\" \/>\n<\/div><ul class=\"o-carousel__nav js-carousel-nav\"><li><img loading=\"lazy\" decoding=\"async\" src=\"https:\/\/heatwork.com\/wp-content\/uploads\/2021\/01\/web_all-290x290.jpg\" width=\"290\" height=\"290\" alt=\"\" \/><\/li>\n<li><img loading=\"lazy\" decoding=\"async\" src=\"https:\/\/heatwork.com\/wp-content\/uploads\/2018\/04\/CliWi-heatbox-300_500-290x290.jpg\" width=\"290\" height=\"290\" alt=\"\" \/><\/li>\n<li><img loading=\"lazy\" decoding=\"async\" src=\"https:\/\/heatwork.com\/wp-content\/uploads\/2021\/01\/web_canon-290x290.jpg\" width=\"290\" height=\"290\" alt=\"\" \/><\/li>\n<li><img loading=\"lazy\" decoding=\"async\" src=\"https:\/\/heatwork.com\/wp-content\/uploads\/2015\/04\/Cliwi-filterkassett-Heatwork-290x290.jpg\" width=\"290\" height=\"290\" alt=\"\" \/><\/li>\n<li><img loading=\"lazy\" decoding=\"async\" src=\"https:\/\/heatwork.com\/wp-content\/uploads\/2018\/04\/Byggvarme_CliWi-290x290.jpg\" width=\"290\" height=\"290\" alt=\"\" \/><\/li>\n<li><img loading=\"lazy\" decoding=\"async\" src=\"https:\/\/heatwork.com\/wp-content\/uploads\/2019\/02\/CliWi-byggvarme-POB-entrepren\u00f8r-HeatWork-290x290.jpg\" width=\"290\" height=\"290\" alt=\"\" \/><\/li>\n<li><img loading=\"lazy\" decoding=\"async\" src=\"https:\/\/heatwork.com\/wp-content\/uploads\/2019\/02\/CliWi-byggvarme-POB-entrepren\u00f8r-HeatWork01-290x290.jpg\" width=\"290\" height=\"290\" alt=\"\" \/><\/li>\n<li><img loading=\"lazy\" decoding=\"async\" src=\"https:\/\/heatwork.com\/wp-content\/uploads\/2021\/01\/web_wheels-290x290.jpg\" width=\"290\" height=\"290\" alt=\"\" \/><\/li>\n<li><img loading=\"lazy\" decoding=\"async\" src=\"https:\/\/heatwork.com\/wp-content\/uploads\/2021\/01\/web_HB-300_filter-290x290.jpg\" width=\"290\" height=\"290\" alt=\"\" \/><\/li>\n<li><img loading=\"lazy\" decoding=\"async\" src=\"https:\/\/heatwork.com\/wp-content\/uploads\/2021\/01\/web_filter2-290x290.jpg\" width=\"290\" height=\"290\" alt=\"\" \/><\/li>\n<li><img loading=\"lazy\" decoding=\"async\" src=\"https:\/\/heatwork.com\/wp-content\/uploads\/2015\/04\/CliWi-II-\u00d8500-Liggende-Front-RAL6018-290x290.jpg\" width=\"290\" height=\"290\" alt=\"\" \/><\/li>\n<\/ul><\/div>\n<h2><strong>Luo fossiili- ja p\u00e4\u00e4st\u00f6vapaa rakennuspaikka nestel\u00e4mmityksen uusimmalla tekniikalla<\/strong><\/h2>\n<h4>Rakennusten l\u00e4mmitykseen. Rakentamisen kuivuus. Tuholaistorjuntaan, in ym.<\/h4>\n<p>CliWi on lyhenne sanoista &#8220;Climate Winner&#8221; &#8211; ilmastovoittaja, ja eritt\u00e4in ymp\u00e4rist\u00f6yst\u00e4v\u00e4llinen, j\u00e4rkev\u00e4 ja tehokas tapa energianvaihdolle, esimerkiksi nesteest\u00e4 ilmaan. Tarvitset vain CliWin ja nestekiertoisen energial\u00e4hteen, esimerkiksi kaukol\u00e4mm\u00f6n tai HeatWork-laitteen. Uuden sukupolven CliWi tuottaa korkean tehon kevyemm\u00e4ll\u00e4 painolla. Muotoilu on tarkkaan suunniteltu ja testattu k\u00e4ytt\u00f6alueiden olosuhteissa. Verrattuna muihin markkinoilla oleviin ratkaisuihin, se on l\u00e4mm\u00f6nvaihdinteknologian vallankumous.<\/p>\n<p>CliWi\u00e4 k\u00e4ytet\u00e4\u00e4n jo nyt fossiili- ja p\u00e4\u00e4st\u00f6vapaaseen l\u00e4mmitykseen rakennusalalla Pohjoismaissa. T\u00e4m\u00e4 ymp\u00e4rist\u00f6yst\u00e4v\u00e4llinen teknologia on otettu k\u00e4ytt\u00f6\u00f6n my\u00f6s Ranskassa, Mauritiuksella, Norjassa ja Ruotsissa tuholaistorjunnassa.<\/p>\n<h4><strong><span style=\"color: #008000;\">Cliwist\u00e4 tekee ainutlaatuisen:<\/span><\/strong><\/h4>\n<ul>\n<li><strong>Korkea teho &#8211; alhainen paino &#8211; alhainen melutaso<\/strong><\/li>\n<li><strong>Ideaalinen tasaiseen ilmank\u00e4sittelyyn<\/strong><\/li>\n<\/ul>\n<h4><span style=\"color: #008000;\">CliWin muita hyvi\u00e4 ominaisuuksia ovat:<\/span><\/h4>\n<ul>\n<li>Energiatehokas suljettu j\u00e4rjestelm\u00e4<\/li>\n<li>Voidaan k\u00e4ytt\u00e4\u00e4 useilla eri energial\u00e4hteill\u00e4<\/li>\n<li>K\u00e4y yksivaiheisella s\u00e4hk\u00f6ll\u00e4 &#8211; saatavilla kaikkialla<\/li>\n<li>Vuotamattomat liittimet ja ohuemmat sy\u00f6tt\u00f6letkut<\/li>\n<li>Ilmanjakaja usealla ilman ulostulolla &#8211; mahdollisuus rajoittamiseen<\/li>\n<li>Suuremmat ilmam\u00e4\u00e4r\u00e4t<\/li>\n<li>Useita tuuletinnopeuksia, joita voi s\u00e4\u00e4t\u00e4\u00e4 katkaisijalla<\/li>\n<li>Useita suodinvaihtoehtoja kaikille malleille<\/li>\n<li>Ei p\u00e4\u00e4st\u00f6j\u00e4, hajua tai kosteutta &#8211; tai tulipalovaaraa<\/li>\n<li>Yksinkertainen huolto ja logistiikka<\/li>\n<\/ul>\n<p><span class=\"s1\"><br \/>\n<\/span><strong>T\u00e4ss\u00e4 on HeatWorkin uusi tuotesarja CliWill\u00e4<\/strong><\/p>\n<div class=\"ingrid in-fourths\">\n<div class=\"unit\" style=\"text-align: center;\"><img loading=\"lazy\" decoding=\"async\" class=\"alignnone wp-image-45682 size-full\" src=\"https:\/\/heatwork.com\/wp-content\/uploads\/2021\/01\/web_CliWi-HC-300.jpg\" alt=\"\" width=\"308\" height=\"438\" \/><\/div>\n<div class=\"unit\" style=\"text-align: center;\"><img loading=\"lazy\" decoding=\"async\" class=\"alignnone wp-image-45670 size-full\" src=\"https:\/\/heatwork.com\/wp-content\/uploads\/2021\/01\/web_CliWi-HB-300.jpg\" alt=\"\" width=\"308\" height=\"438\" \/><\/div>\n<div class=\"unit\" style=\"text-align: center;\"><img loading=\"lazy\" decoding=\"async\" class=\"alignnone wp-image-45688 size-full\" src=\"https:\/\/heatwork.com\/wp-content\/uploads\/2021\/01\/web_CliWi-HC-500.jpg\" alt=\"\" width=\"308\" height=\"438\" \/><\/div>\n<div class=\"unit\" style=\"text-align: center;\"><img loading=\"lazy\" decoding=\"async\" class=\"alignnone wp-image-45676 size-full\" src=\"https:\/\/heatwork.com\/wp-content\/uploads\/2021\/01\/web_CliWi-HB-500.jpg\" alt=\"\" width=\"308\" height=\"438\" \/><\/div>\n<\/div>\n<div class=\"ingrid in-fourths\">\n<div class=\"unit\" style=\"text-align: left;\"><strong>CliWi\u00a0HC-300<\/strong><br \/>\nL\u00e4mp\u00f6tykki<br \/>\nL\u00e4mp\u00f6teho jopa 30 kW<br \/>\nPaino: 38 kg<br \/>\nMelutaso: &lt; 56 dB<br \/>\nMitat: KxLxS:<br \/>\n452x434x923 mm<br \/>\nVirta: 1,6 A \/ 370W- 1 vaihe \/ 230V<br \/>\nTuuletinkapasiteetti: 2370 m3 \/ h<br \/>\nIP: 44<\/div>\n<div class=\"unit\" style=\"text-align: left;\"><strong>CliWi HB-300<\/strong><br \/>\nL\u00e4mp\u00f6laatikko<br \/>\nL\u00e4mp\u00f6teho jopa 30 kW<br \/>\nPaino: 55 kg<br \/>\nMelutaso: &lt; 56 dB<br \/>\nMitat: KxLxS:<br \/>\n1210x552x613 mm<br \/>\nVirta: 1,6 A \/ 370W- 1 vaihe \/ 230V<br \/>\nTuuletinkapasiteetti: 2370 m3 \/ h<br \/>\nIP: 44<\/div>\n<div class=\"unit\" style=\"text-align: left;\"><strong>CliWi\u00a0HC-500<\/strong><br \/>\nL\u00e4mp\u00f6tykki<br \/>\nL\u00e4mp\u00f6teho: jopa 55 kW<br \/>\nPaino: 89 kg<br \/>\nMelutaso: &lt; 69 dB<br \/>\nMitat: KxLxS<br \/>\n695x758x1232 mm<br \/>\nVirta: 4,2 A \/ 970W- 1 vaihe \/ 230V<br \/>\nTuuletinkapasiteetti: 6900 m3 \/ h<br \/>\nIP:54<\/div>\n<div class=\"unit\" style=\"text-align: left;\"><strong>CliWi\u00a0HB-500<\/strong><br \/>\nL\u00e4mp\u00f6laatikko<br \/>\nL\u00e4mp\u00f6teho: jopa 55 kW<br \/>\nPaino: 109 kg<br \/>\nMelutaso: &lt; 69 dB<br \/>\nMitat: KxLxS<br \/>\n1521x716x714 mm<br \/>\nVirta: 4,2 A \/ 970W- 1 vaihe \/ 230V<br \/>\nTuuletinkapasiteetti: 6900 m3 \/ h<br \/>\nIP:54<\/div>\n<\/div>\n<p>N\u00e4m\u00e4 ovat v\u00e4liaikaisia tietoja, p\u00e4ivityksi\u00e4 tulossa<\/p>\n<hr \/>\n<h2><\/h2>\n<h3><strong>LIS\u00c4VARUSTEET<\/strong><\/h3>\n<div class=\"ingrid in-halves\">\n<div class=\"unit\"><strong>CliWi ilmanjakaja &#8211; CliWi Heat Distribution<\/strong><br \/>\nSaatavilla kahdessa koossa.<br \/>\nCliWi HD-300 sopii malleihin HC-300 ja HB-300<br \/>\nCliWi HD-500 sopii malleihin HC-500 ja HB-500<\/div>\n<div><\/div>\n<div class=\"unit\"><strong>CliWi-suodinkasetti<\/strong><br \/>\nSaatavilla kahdessa koossa.<br \/>\nHB-300 ja HB-500<\/div>\n<\/div>\n<hr \/>\n<h3><strong>Moduulipohjainen<\/strong><\/h3>\n<p>Moduulipohjaisten tuotteiden avulla r\u00e4\u00e4t\u00e4l\u00f6it helposti ratkaisut erilaisiin toimeksiantoihin.<\/p>\n<div class=\"o-carousel js-carousel\"><div class=\"o-carousel__main js-carousel-main oqwjy\" data-id=\"oqwjy\"><img loading=\"lazy\" decoding=\"async\" src=\"https:\/\/heatwork.com\/wp-content\/uploads\/2011\/01\/CliWi.jpg\" width=\"800\" height=\"488\" alt=\"\" \/>\n<img loading=\"lazy\" decoding=\"async\" src=\"https:\/\/heatwork.com\/wp-content\/uploads\/2015\/04\/CliWi-st\u00f8vpose-bygg-940x705.jpg\" width=\"940\" height=\"705\" alt=\"\" \/>\n<img loading=\"lazy\" decoding=\"async\" src=\"https:\/\/heatwork.com\/wp-content\/uploads\/2015\/04\/IMG_4871-940x627.jpg\" width=\"940\" height=\"627\" alt=\"\" \/>\n<img loading=\"lazy\" decoding=\"async\" src=\"https:\/\/heatwork.com\/wp-content\/uploads\/2015\/08\/Byggoppmvarming.jpg\" width=\"850\" height=\"567\" alt=\"\" \/>\n<img loading=\"lazy\" decoding=\"async\" src=\"https:\/\/heatwork.com\/wp-content\/uploads\/2015\/07\/Cliwi-627x940.jpg\" width=\"627\" height=\"940\" alt=\"\" \/>\n<img loading=\"lazy\" decoding=\"async\" src=\"https:\/\/heatwork.com\/wp-content\/uploads\/2015\/04\/IMG_4369-copy-940x627.jpg\" width=\"940\" height=\"627\" alt=\"\" \/>\n<\/div><ul class=\"o-carousel__nav js-carousel-nav\"><li><img loading=\"lazy\" decoding=\"async\" src=\"https:\/\/heatwork.com\/wp-content\/uploads\/2011\/01\/CliWi-290x290.jpg\" width=\"290\" height=\"290\" alt=\"\" \/><\/li>\n<li><img loading=\"lazy\" decoding=\"async\" src=\"https:\/\/heatwork.com\/wp-content\/uploads\/2015\/04\/CliWi-st\u00f8vpose-bygg-290x290.jpg\" width=\"290\" height=\"290\" alt=\"\" \/><\/li>\n<li><img loading=\"lazy\" decoding=\"async\" src=\"https:\/\/heatwork.com\/wp-content\/uploads\/2015\/04\/IMG_4871-290x290.jpg\" width=\"290\" height=\"290\" alt=\"\" \/><\/li>\n<li><img loading=\"lazy\" decoding=\"async\" src=\"https:\/\/heatwork.com\/wp-content\/uploads\/2015\/08\/Byggoppmvarming-290x290.jpg\" width=\"290\" height=\"290\" alt=\"\" \/><\/li>\n<li><img loading=\"lazy\" decoding=\"async\" src=\"https:\/\/heatwork.com\/wp-content\/uploads\/2015\/07\/Cliwi-290x290.jpg\" width=\"290\" height=\"290\" alt=\"\" \/><\/li>\n<li><img loading=\"lazy\" decoding=\"async\" src=\"https:\/\/heatwork.com\/wp-content\/uploads\/2015\/04\/IMG_4369-copy-290x290.jpg\" width=\"290\" height=\"290\" alt=\"\" \/><\/li>\n<\/ul><\/div>\n<div class=\"ingrid in-fourths\">\n<div class=\"unit\" style=\"text-align: center;\"><img loading=\"lazy\" decoding=\"async\" class=\"alignnone wp-image-42608 size-medium\" src=\"https:\/\/heatwork.com\/wp-content\/uploads\/2015\/04\/CliWi-air-200-2-480x480.jpg\" alt=\"\" width=\"280\" height=\"280\" srcset=\"https:\/\/heatwork.com\/wp-content\/uploads\/2015\/04\/CliWi-air-200-2-480x480.jpg 480w, https:\/\/heatwork.com\/wp-content\/uploads\/2015\/04\/CliWi-air-200-2-300x300.jpg 300w, https:\/\/heatwork.com\/wp-content\/uploads\/2015\/04\/CliWi-air-200-2-100x100.jpg 100w, https:\/\/heatwork.com\/wp-content\/uploads\/2015\/04\/CliWi-air-200-2-600x600.jpg 600w, https:\/\/heatwork.com\/wp-content\/uploads\/2015\/04\/CliWi-air-200-2-290x290.jpg 290w, https:\/\/heatwork.com\/wp-content\/uploads\/2015\/04\/CliWi-air-200-2-940x940.jpg 940w, https:\/\/heatwork.com\/wp-content\/uploads\/2015\/04\/CliWi-air-200-2-768x767.jpg 768w, https:\/\/heatwork.com\/wp-content\/uploads\/2015\/04\/CliWi-air-200-2-200x200.jpg 200w, https:\/\/heatwork.com\/wp-content\/uploads\/2015\/04\/CliWi-air-200-2-400x400.jpg 400w, https:\/\/heatwork.com\/wp-content\/uploads\/2015\/04\/CliWi-air-200-2-900x900.jpg 900w, https:\/\/heatwork.com\/wp-content\/uploads\/2015\/04\/CliWi-air-200-2-280x280.jpg 280w, https:\/\/heatwork.com\/wp-content\/uploads\/2015\/04\/CliWi-air-200-2-1024x1024.jpg 1024w, https:\/\/heatwork.com\/wp-content\/uploads\/2015\/04\/CliWi-air-200-2-350x350.jpg 350w, https:\/\/heatwork.com\/wp-content\/uploads\/2015\/04\/CliWi-air-200-2.jpg 1200w\" sizes=\"(max-width: 280px) 100vw, 280px\" \/><\/div>\n<div class=\"unit\" style=\"text-align: center;\"><img loading=\"lazy\" decoding=\"async\" class=\"alignnone wp-image-42605 size-medium\" src=\"https:\/\/heatwork.com\/wp-content\/uploads\/2015\/04\/CliWi-air-300-1-480x480.jpg\" alt=\"\" width=\"280\" height=\"280\" srcset=\"https:\/\/heatwork.com\/wp-content\/uploads\/2015\/04\/CliWi-air-300-1-480x480.jpg 480w, https:\/\/heatwork.com\/wp-content\/uploads\/2015\/04\/CliWi-air-300-1-300x300.jpg 300w, https:\/\/heatwork.com\/wp-content\/uploads\/2015\/04\/CliWi-air-300-1-100x100.jpg 100w, https:\/\/heatwork.com\/wp-content\/uploads\/2015\/04\/CliWi-air-300-1-600x600.jpg 600w, https:\/\/heatwork.com\/wp-content\/uploads\/2015\/04\/CliWi-air-300-1-290x290.jpg 290w, https:\/\/heatwork.com\/wp-content\/uploads\/2015\/04\/CliWi-air-300-1-940x940.jpg 940w, https:\/\/heatwork.com\/wp-content\/uploads\/2015\/04\/CliWi-air-300-1-768x767.jpg 768w, https:\/\/heatwork.com\/wp-content\/uploads\/2015\/04\/CliWi-air-300-1-200x200.jpg 200w, https:\/\/heatwork.com\/wp-content\/uploads\/2015\/04\/CliWi-air-300-1-400x400.jpg 400w, https:\/\/heatwork.com\/wp-content\/uploads\/2015\/04\/CliWi-air-300-1-900x900.jpg 900w, https:\/\/heatwork.com\/wp-content\/uploads\/2015\/04\/CliWi-air-300-1-280x280.jpg 280w, https:\/\/heatwork.com\/wp-content\/uploads\/2015\/04\/CliWi-air-300-1-1024x1024.jpg 1024w, https:\/\/heatwork.com\/wp-content\/uploads\/2015\/04\/CliWi-air-300-1-350x350.jpg 350w, https:\/\/heatwork.com\/wp-content\/uploads\/2015\/04\/CliWi-air-300-1.jpg 1200w\" sizes=\"(max-width: 280px) 100vw, 280px\" \/><\/div>\n<div class=\"unit\" style=\"text-align: center;\"><img loading=\"lazy\" decoding=\"async\" class=\"alignnone wp-image-42611 size-medium\" src=\"https:\/\/heatwork.com\/wp-content\/uploads\/2015\/04\/CliWi-exchanger-200-1-480x480.jpg\" alt=\"\" width=\"280\" height=\"280\" srcset=\"https:\/\/heatwork.com\/wp-content\/uploads\/2015\/04\/CliWi-exchanger-200-1-480x480.jpg 480w, https:\/\/heatwork.com\/wp-content\/uploads\/2015\/04\/CliWi-exchanger-200-1-300x300.jpg 300w, https:\/\/heatwork.com\/wp-content\/uploads\/2015\/04\/CliWi-exchanger-200-1-100x100.jpg 100w, https:\/\/heatwork.com\/wp-content\/uploads\/2015\/04\/CliWi-exchanger-200-1-600x600.jpg 600w, https:\/\/heatwork.com\/wp-content\/uploads\/2015\/04\/CliWi-exchanger-200-1-290x290.jpg 290w, https:\/\/heatwork.com\/wp-content\/uploads\/2015\/04\/CliWi-exchanger-200-1-940x940.jpg 940w, https:\/\/heatwork.com\/wp-content\/uploads\/2015\/04\/CliWi-exchanger-200-1-768x767.jpg 768w, https:\/\/heatwork.com\/wp-content\/uploads\/2015\/04\/CliWi-exchanger-200-1-200x200.jpg 200w, https:\/\/heatwork.com\/wp-content\/uploads\/2015\/04\/CliWi-exchanger-200-1-400x400.jpg 400w, https:\/\/heatwork.com\/wp-content\/uploads\/2015\/04\/CliWi-exchanger-200-1-900x900.jpg 900w, https:\/\/heatwork.com\/wp-content\/uploads\/2015\/04\/CliWi-exchanger-200-1-280x280.jpg 280w, https:\/\/heatwork.com\/wp-content\/uploads\/2015\/04\/CliWi-exchanger-200-1-1024x1024.jpg 1024w, https:\/\/heatwork.com\/wp-content\/uploads\/2015\/04\/CliWi-exchanger-200-1-350x350.jpg 350w, https:\/\/heatwork.com\/wp-content\/uploads\/2015\/04\/CliWi-exchanger-200-1.jpg 1200w\" sizes=\"(max-width: 280px) 100vw, 280px\" \/><\/div>\n<div class=\"unit\" style=\"text-align: center;\"><img loading=\"lazy\" decoding=\"async\" class=\"alignnone wp-image-42607 size-medium\" src=\"https:\/\/heatwork.com\/wp-content\/uploads\/2015\/04\/CliWi-exchanger-300-1-480x480.jpg\" alt=\"\" width=\"280\" height=\"280\" srcset=\"https:\/\/heatwork.com\/wp-content\/uploads\/2015\/04\/CliWi-exchanger-300-1-480x480.jpg 480w, https:\/\/heatwork.com\/wp-content\/uploads\/2015\/04\/CliWi-exchanger-300-1-300x300.jpg 300w, https:\/\/heatwork.com\/wp-content\/uploads\/2015\/04\/CliWi-exchanger-300-1-100x100.jpg 100w, https:\/\/heatwork.com\/wp-content\/uploads\/2015\/04\/CliWi-exchanger-300-1-600x600.jpg 600w, https:\/\/heatwork.com\/wp-content\/uploads\/2015\/04\/CliWi-exchanger-300-1-290x290.jpg 290w, https:\/\/heatwork.com\/wp-content\/uploads\/2015\/04\/CliWi-exchanger-300-1-940x940.jpg 940w, https:\/\/heatwork.com\/wp-content\/uploads\/2015\/04\/CliWi-exchanger-300-1-768x767.jpg 768w, https:\/\/heatwork.com\/wp-content\/uploads\/2015\/04\/CliWi-exchanger-300-1-200x200.jpg 200w, https:\/\/heatwork.com\/wp-content\/uploads\/2015\/04\/CliWi-exchanger-300-1-400x400.jpg 400w, https:\/\/heatwork.com\/wp-content\/uploads\/2015\/04\/CliWi-exchanger-300-1-900x900.jpg 900w, https:\/\/heatwork.com\/wp-content\/uploads\/2015\/04\/CliWi-exchanger-300-1-280x280.jpg 280w, https:\/\/heatwork.com\/wp-content\/uploads\/2015\/04\/CliWi-exchanger-300-1-1024x1024.jpg 1024w, https:\/\/heatwork.com\/wp-content\/uploads\/2015\/04\/CliWi-exchanger-300-1-350x350.jpg 350w, https:\/\/heatwork.com\/wp-content\/uploads\/2015\/04\/CliWi-exchanger-300-1.jpg 1200w\" sizes=\"(max-width: 280px) 100vw, 280px\" \/><\/div>\n<\/div>\n<div class=\"ingrid in-fourths\">\n<div class=\"unit\" style=\"text-align: center;\"><strong>CliWi air systems 200<\/strong><br \/>\n&lt; 1500 m3\/h<br \/>\n8 kg<br \/>\nK:497 L:284 S:430<\/div>\n<div class=\"unit\" style=\"text-align: center;\"><strong>CliWi air systems 300<\/strong><br \/>\n&lt; 4000 m3\/h<br \/>\n14 kg<br \/>\nK:547 L:418 S:444<\/div>\n<div class=\"unit\" style=\"text-align: center;\"><strong>CliWi exchanger 200<\/strong><br \/>\n&lt; 18 kW<br \/>\n12 kg<br \/>\nK:497 L:284 S:430<\/div>\n<div class=\"unit\" style=\"text-align: center;\"><strong>CliWi exchanger 300<\/strong><br \/>\n&lt; 30 kW<br \/>\n25 kg<br \/>\nK:547 L:418 S:444<\/div>\n<\/div>\n<div class=\"ingrid in-halves\">\n<div class=\"unit\">\n<p><strong>CliWi air systems<\/strong> on markkinoiden tehokkain j\u00e4rjestelm\u00e4 ilman siirtoon.<\/p>\n<ul>\n<li>Moduulipohjainen tai itsen\u00e4inen<\/li>\n<li>Suunniteltu liitett\u00e4v\u00e4ksi my\u00f6s CliWi-vaihtajaan<\/li>\n<li>Suuri ilmavolyymi verrattuna tehovaatimuksiin<\/li>\n<li>Liitin ilmastointiletkuun, imu- ja painepuoli<\/li>\n<li>Suojaritil\u00e4 puhallus- ja imupuolella<\/li>\n<li>Kaksinopeuksinen tuuletin<\/li>\n<li>Matala paino<\/li>\n<li>Kompakti, yksinkertainen ja k\u00e4yt\u00e4nn\u00f6llinen koko<\/li>\n<li>Tehokas suorituskyky, UV-kest\u00e4v\u00e4t tuplapaksuiset polyetyleenisein\u00e4t<\/li>\n<li>IP 44<\/li>\n<\/ul>\n<\/div>\n<div class=\"unit\">\n<p><strong>CliWi exchanger<\/strong> on markkinoiden tehokkain l\u00e4mm\u00f6nvaihdin<br \/>\nnesteelle ja ilmalle. Moduulipohjainen, tehokas jopa 90 asteeseen asti.<\/p>\n<ul>\n<li>Ilmavirran tasainen jakautuminen<\/li>\n<li>Helppo liitt\u00e4\u00e4 ilmastointikanavaan jne.<\/li>\n<li>Liitin ilmastointiletkuun, imu- ja painepuoli<\/li>\n<li>Suojaritil\u00e4 imu- ja painepuolella<\/li>\n<li>Tehokas suorituskyky, UV-kest\u00e4v\u00e4t tuplapaksuiset polyetyleenisein\u00e4t<\/li>\n<li>Varustettu pikaliit\u00e4nn\u00e4ll\u00e4 suljettuun nestekiertoon<\/li>\n<li>L\u00e4mm\u00f6nvaihtimen tyhjennys ei ole tarpeen<\/li>\n<li>Yll\u00e4pitoyst\u00e4v\u00e4llinen. Helppo puhdistaa esim. painepesurilla<\/li>\n<li>Tilatermostaatti, esiasetetaan toivottuun l\u00e4mp\u00f6tilaan<\/li>\n<li>Voi liitt\u00e4\u00e4 muihin nestepohjaisiin l\u00e4mp\u00f6j\u00e4rjestelmiin sek\u00e4 HeatWorks-laitteisiin ja CliWi air systemsiin<\/li>\n<\/ul>\n<\/div>\n<\/div>\n<hr \/>\n<h3><strong>LIS\u00c4VARUSTEET<\/strong><\/h3>\n<div class=\"ingrid in-thirds\">\n<div class=\"unit\">\n<p>&nbsp;<\/p>\n<p><img loading=\"lazy\" decoding=\"async\" class=\"alignnone wp-image-35242 size-medium\" title=\"rakennusl\u00e4mp\u00f6\" src=\"https:\/\/heatwork.com\/wp-content\/uploads\/2015\/04\/Lufteslange-1-480x480.jpg\" alt=\"\" width=\"280\" height=\"269\" \/><\/p>\n<\/div>\n<div class=\"unit\"><strong>Ilmaletku<\/strong><br \/>\nCliWi-ilmaletku on joustava ja valmistettu kest\u00e4v\u00e4st\u00e4 PVC-vinyylist\u00e4. Yksinkertainen asentaa, helpottaa vaikeasti saavutettavien alueiden kuivausta. Ideaalinen p\u00f6lyn ja saastuneen ilman poiskuljettamiseen eri ty\u00f6teht\u00e4viss\u00e4.<\/div>\n<div class=\"unit\">Letku asennetaan sis\u00e4\u00e4n- ja ulospuhallukseen ilman poistamiseksi.<br \/>\nCliWi-ilmaletkuja voi liitt\u00e4\u00e4 yhteen tarvittaessa. Toimitetaan kiinteill\u00e4 renkailla ripustusta varten. Toimitetaan pussissa.<\/div>\n<\/div>\n<p>Toimitetaan 3 ja 7,5 metrin pituisina.<br \/>\n\u00d8 200 mm &#8211; CliWi air 200 ja CliWi exchanger 200<br \/>\n\u00d8 300 mm &#8211; CliWi air 300 ja CliWi exchanger 300<\/p>\n<hr \/>\n<div class=\"ingrid in-thirds\">\n<div class=\"unit\"><img loading=\"lazy\" decoding=\"async\" class=\"alignnone wp-image-35252 size-medium\" title=\"rakennusl\u00e4mp\u00f6\" src=\"https:\/\/heatwork.com\/wp-content\/uploads\/2015\/04\/st\u00f8vpose_01-480x480.jpg\" alt=\"\" width=\"280\" height=\"280\" srcset=\"https:\/\/heatwork.com\/wp-content\/uploads\/2015\/04\/st\u00f8vpose_01-480x480.jpg 480w, https:\/\/heatwork.com\/wp-content\/uploads\/2015\/04\/st\u00f8vpose_01-300x300.jpg 300w, https:\/\/heatwork.com\/wp-content\/uploads\/2015\/04\/st\u00f8vpose_01-100x100.jpg 100w, https:\/\/heatwork.com\/wp-content\/uploads\/2015\/04\/st\u00f8vpose_01-600x600.jpg 600w, https:\/\/heatwork.com\/wp-content\/uploads\/2015\/04\/st\u00f8vpose_01-290x290.jpg 290w, https:\/\/heatwork.com\/wp-content\/uploads\/2015\/04\/st\u00f8vpose_01-940x940.jpg 940w, https:\/\/heatwork.com\/wp-content\/uploads\/2015\/04\/st\u00f8vpose_01-768x768.jpg 768w, https:\/\/heatwork.com\/wp-content\/uploads\/2015\/04\/st\u00f8vpose_01-200x200.jpg 200w, https:\/\/heatwork.com\/wp-content\/uploads\/2015\/04\/st\u00f8vpose_01-400x400.jpg 400w, https:\/\/heatwork.com\/wp-content\/uploads\/2015\/04\/st\u00f8vpose_01-900x900.jpg 900w, https:\/\/heatwork.com\/wp-content\/uploads\/2015\/04\/st\u00f8vpose_01-280x280.jpg 280w, https:\/\/heatwork.com\/wp-content\/uploads\/2015\/04\/st\u00f8vpose_01-1024x1024.jpg 1024w, https:\/\/heatwork.com\/wp-content\/uploads\/2015\/04\/st\u00f8vpose_01-350x350.jpg 350w, https:\/\/heatwork.com\/wp-content\/uploads\/2015\/04\/st\u00f8vpose_01.jpg 2000w\" sizes=\"(max-width: 280px) 100vw, 280px\" \/><\/div>\n<div class=\"unit\"><strong>P\u00f6lypussi G3<\/strong><br \/>\nCliWi air systemin kuivatus- ja poistotuulettimille. Kuivatus- ja poistotuulettimille karkean p\u00f6lyn ker\u00e4\u00e4miseen. Est\u00e4\u00e4 p\u00f6lyn ja partikkelien levi\u00e4misen rakennus-, remontti- ja purkut\u00f6iss\u00e4 ym.<\/div>\n<div class=\"unit\">G3 standard EN 779:2012<br \/>\n\u00d8 305 mm L=2m<br \/>\n\u00d8 305 mm L=4m<\/div>\n<\/div>\n<p><a href=\"https:\/\/heatwork.com\/wp-content\/uploads\/2015\/04\/Cliwi-modulbasert-test.jpg\"><img loading=\"lazy\" decoding=\"async\" class=\"alignnone wp-image-29353 size-large\" src=\"https:\/\/heatwork.com\/wp-content\/uploads\/2015\/04\/Cliwi-modulbasert-test-940x444.jpg\" alt=\"Cliwi moduulipohjainen testi\" width=\"1024\" height=\"484\" \/><\/a><\/p>\n","protected":false},"excerpt":{"rendered":"<p>Luo fossiili- ja p\u00e4\u00e4st\u00f6vapaa rakennuspaikka nestel\u00e4mmityksen uusimmalla tekniikalla Rakennusten l\u00e4mmitykseen. Rakentamisen kuivuus. Tuholaistorjuntaan, in ym. CliWi on lyhenne sanoista &#8220;Climate Winner&#8221; &#8211; ilmastovoittaja, ja eritt\u00e4in ymp\u00e4rist\u00f6yst\u00e4v\u00e4llinen, j\u00e4rkev\u00e4 ja tehokas tapa energianvaihdolle, esimerkiksi nesteest\u00e4 ilmaan. Tarvitset vain CliWin ja nestekiertoisen energial\u00e4hteen, esimerkiksi kaukol\u00e4mm\u00f6n tai HeatWork-laitteen. Uuden sukupolven CliWi tuottaa korkean tehon kevyemm\u00e4ll\u00e4 painolla. Muotoilu on tarkkaan [&hellip;]<\/p>\n","protected":false},"author":8,"featured_media":45093,"parent":1666,"menu_order":8,"comment_status":"closed","ping_status":"closed","template":"","meta":{"_acf_changed":false,"footnotes":"","_links_to":"","_links_to_target":""},"class_list":["post-28742","page","type-page","status-publish","has-post-thumbnail"],"acf":[],"_links":{"self":[{"href":"https:\/\/heatwork.com\/fi\/wp-json\/wp\/v2\/pages\/28742"}],"collection":[{"href":"https:\/\/heatwork.com\/fi\/wp-json\/wp\/v2\/pages"}],"about":[{"href":"https:\/\/heatwork.com\/fi\/wp-json\/wp\/v2\/types\/page"}],"author":[{"embeddable":true,"href":"https:\/\/heatwork.com\/fi\/wp-json\/wp\/v2\/users\/8"}],"replies":[{"embeddable":true,"href":"https:\/\/heatwork.com\/fi\/wp-json\/wp\/v2\/comments?post=28742"}],"version-history":[{"count":0,"href":"https:\/\/heatwork.com\/fi\/wp-json\/wp\/v2\/pages\/28742\/revisions"}],"up":[{"embeddable":true,"href":"https:\/\/heatwork.com\/fi\/wp-json\/wp\/v2\/pages\/1666"}],"wp:featuredmedia":[{"embeddable":true,"href":"https:\/\/heatwork.com\/fi\/wp-json\/wp\/v2\/media\/45093"}],"wp:attachment":[{"href":"https:\/\/heatwork.com\/fi\/wp-json\/wp\/v2\/media?parent=28742"}],"curies":[{"name":"wp","href":"https:\/\/api.w.org\/{rel}","templated":true}]}}