{"id":30509,"date":"2015-05-21T11:36:23","date_gmt":"2015-05-21T09:36:23","guid":{"rendered":"https:\/\/heatwork.com\/tuotteet\/cliwi-nestetta-ja-lampoa\/"},"modified":"2023-01-06T10:45:55","modified_gmt":"2023-01-06T09:45:55","slug":"cliwi-nestetta-ja-lampoa","status":"publish","type":"page","link":"https:\/\/heatwork.com\/fi\/tuotteet\/cliwi-nestetta-ja-lampoa\/","title":{"rendered":"CliWi &#8211; nestett\u00e4 ja l\u00e4mp\u00f6\u00e4"},"content":{"rendered":"<div class=\"o-carousel js-carousel\"><div class=\"o-carousel__main js-carousel-main ccogs\" data-id=\"ccogs\"><img loading=\"lazy\" decoding=\"async\" src=\"https:\/\/heatwork.com\/wp-content\/uploads\/2015\/05\/IMG_5495-e1433146325527-940x627.jpg\" width=\"940\" height=\"627\" alt=\"\" \/>\n<img loading=\"lazy\" decoding=\"async\" src=\"https:\/\/heatwork.com\/wp-content\/uploads\/2015\/05\/IMG_54091-940x627.jpg\" width=\"940\" height=\"627\" alt=\"\" \/>\n<img loading=\"lazy\" decoding=\"async\" src=\"https:\/\/heatwork.com\/wp-content\/uploads\/2015\/05\/IMG_53161-e1433146553113-627x940.jpg\" width=\"627\" height=\"940\" alt=\"\" \/>\n<img loading=\"lazy\" decoding=\"async\" src=\"https:\/\/heatwork.com\/wp-content\/uploads\/2015\/05\/IMG_53211-e1433146565391-940x627.jpg\" width=\"940\" height=\"627\" alt=\"\" \/>\n<img loading=\"lazy\" decoding=\"async\" src=\"https:\/\/heatwork.com\/wp-content\/uploads\/2015\/05\/IMG_53341-e1433146578927-940x627.jpg\" width=\"940\" height=\"627\" alt=\"\" \/>\n<img loading=\"lazy\" decoding=\"async\" src=\"https:\/\/heatwork.com\/wp-content\/uploads\/2015\/05\/IMG_53451-e1433146591418-940x627.jpg\" width=\"940\" height=\"627\" alt=\"\" \/>\n<\/div><ul class=\"o-carousel__nav js-carousel-nav\"><li><img loading=\"lazy\" decoding=\"async\" src=\"https:\/\/heatwork.com\/wp-content\/uploads\/2015\/05\/IMG_5495-e1433146325527-290x290.jpg\" width=\"290\" height=\"290\" alt=\"\" \/><\/li>\n<li><img loading=\"lazy\" decoding=\"async\" src=\"https:\/\/heatwork.com\/wp-content\/uploads\/2015\/05\/IMG_54091-290x290.jpg\" width=\"290\" height=\"290\" alt=\"\" \/><\/li>\n<li><img loading=\"lazy\" decoding=\"async\" src=\"https:\/\/heatwork.com\/wp-content\/uploads\/2015\/05\/IMG_53161-e1433146553113-290x290.jpg\" width=\"290\" height=\"290\" alt=\"\" \/><\/li>\n<li><img loading=\"lazy\" decoding=\"async\" src=\"https:\/\/heatwork.com\/wp-content\/uploads\/2015\/05\/IMG_53211-e1433146565391-290x290.jpg\" width=\"290\" height=\"290\" alt=\"\" \/><\/li>\n<li><img loading=\"lazy\" decoding=\"async\" src=\"https:\/\/heatwork.com\/wp-content\/uploads\/2015\/05\/IMG_53341-e1433146578927-290x290.jpg\" width=\"290\" height=\"290\" alt=\"\" \/><\/li>\n<li><img loading=\"lazy\" decoding=\"async\" src=\"https:\/\/heatwork.com\/wp-content\/uploads\/2015\/05\/IMG_53451-e1433146591418-290x290.jpg\" width=\"290\" height=\"290\" alt=\"\" \/><\/li>\n<\/ul><\/div>\n<p>&nbsp;<\/p>\n<h2>CliWi nestett\u00e4 ja l\u00e4mp\u00f6\u00e4: Suuri kapasiteetti, joustavuus ja k\u00e4ytt\u00f6yst\u00e4v\u00e4llisyys<\/h2>\n<p><strong>.. n\u00e4m\u00e4 tekev\u00e4t CliWi exchanger 100 kW:st\u00e4 selv\u00e4n ensivalinnan kaikille l\u00e4mmint\u00e4 vett\u00e4 tarvitseville!<\/strong><\/p>\n<p>CliWi 100 kW l\u00e4mm\u00f6nvaihtaja on helppo k\u00e4ytt\u00e4\u00e4 ja sijoittaa. Helposti liikuteltavana ja suorituskykyisen\u00e4 t\u00e4m\u00e4 l\u00e4mm\u00f6nvaihdin on erinomainen ty\u00f6kalu moneen tarkoitukseen<\/p>\n<p>Laite on nopea liitt\u00e4\u00e4 esim. alikeskukseen tai rakennuksen l\u00e4mm\u00f6nvaihtimeen, ilman ett\u00e4 loppuk\u00e4ytt\u00e4j\u00e4 kokee katkosta tai laadun heikentymist\u00e4 l\u00e4mpim\u00e4n veden tai l\u00e4mmityksen toimituksessa.<\/p>\n<p><img loading=\"lazy\" decoding=\"async\" class=\"aligncenter wp-image-50466 size-full\" title=\"cliwi v\u00e6ske\" src=\"https:\/\/heatwork.com\/wp-content\/uploads\/2022\/12\/Design-uten-navn-4.png\" alt=\"\" width=\"800\" height=\"300\" srcset=\"https:\/\/heatwork.com\/wp-content\/uploads\/2022\/12\/Design-uten-navn-4.png 800w, https:\/\/heatwork.com\/wp-content\/uploads\/2022\/12\/Design-uten-navn-4-480x180.png 480w, https:\/\/heatwork.com\/wp-content\/uploads\/2022\/12\/Design-uten-navn-4-768x288.png 768w, https:\/\/heatwork.com\/wp-content\/uploads\/2022\/12\/Design-uten-navn-4-600x225.png 600w\" sizes=\"(max-width: 800px) 100vw, 800px\" \/><\/p>\n<div class=\"ingrid in-halves\">\n<div class=\"unit\">\n<p><strong>CliWi 100 kW perusominaisuudet:<\/strong><\/p>\n<ul>\n<li>100 kW<\/li>\n<li>75 kg<\/li>\n<li>K:1100 S:450 L:70<\/li>\n<li>Toisiopuoli on rakennettu ruostumattomista materiaaleista<\/li>\n<li>100 % itsetyhjentyv\u00e4, my\u00f6s pumpputila<\/li>\n<li>Siet\u00e4\u00e4 s\u00e4ilytyst\u00e4 pakkasessa<\/li>\n<li>Paisunta-astia 18 litraa<\/li>\n<li>Levyvaihdin<\/li>\n<li>Mittarit l\u00e4ht\u00f6- ja paluul\u00e4mm\u00f6lle<\/li>\n<li>N\u00e4ytt\u00e4\u00e4 j\u00e4rjestelm\u00e4paineen toisiopuolella<\/li>\n<li>Magna 1 Grundfos -pumppu<\/li>\n<\/ul>\n<\/div>\n<div class=\"unit\">\n<p><strong>Joitain k\u00e4ytt\u00f6alueita CliWi 100 kW:lle kytkettyn\u00e4 HW-laitteeseen<\/strong><\/p>\n<ul>\n<li>L\u00e4mmin k\u00e4ytt\u00f6vesi<\/li>\n<li>Keskusl\u00e4mmityksen v\u00e4liaikainen k\u00e4ytt\u00f6<\/li>\n<li>Vesikiertoisen lattial\u00e4mmityksen v\u00e4liaikainen k\u00e4ytt\u00f6<\/li>\n<li>Rakennukset pystytyksen aikana<\/li>\n<li>Remontointi<\/li>\n<li>Desinfiointi<\/li>\n<li>Valmiustila<\/li>\n<li>L\u00e4mmin vesi tilap\u00e4iseen suihkuun<\/li>\n<li>L\u00e4mminvesi k\u00e4ytett\u00e4v\u00e4ksi prosessiteollisuudessa, kalastuksessa, maataloudessa tai vastaavissa<\/li>\n<\/ul>\n<\/div>\n<\/div>\n<div class=\"wpforms-container wpforms-container-full\" id=\"wpforms-42287\"><form id=\"wpforms-form-42287\" class=\"wpforms-validate wpforms-form wpforms-ajax-form\" data-formid=\"42287\" method=\"post\" enctype=\"multipart\/form-data\" action=\"\/fi\/wp-json\/wp\/v2\/pages\/30509\" data-token=\"9937c305b1501f45be76b8f2ba5b1aea\" data-token-time=\"1775764564\"><noscript class=\"wpforms-error-noscript\">Please enable JavaScript in your browser to complete this form.<\/noscript><div class=\"wpforms-field-container\"><div id=\"wpforms-42287-field_1-container\" class=\"wpforms-field wpforms-field-text wpforms-one-half wpforms-first\" data-field-id=\"1\"><label class=\"wpforms-field-label\" for=\"wpforms-42287-field_1\">Ditt navn - Your name <span class=\"wpforms-required-label\">*<\/span><\/label><input type=\"text\" id=\"wpforms-42287-field_1\" class=\"wpforms-field-large wpforms-field-required\" name=\"wpforms[fields][1]\" required><\/div><div id=\"wpforms-42287-field_2-container\" class=\"wpforms-field wpforms-field-email wpforms-one-half\" data-field-id=\"2\"><label class=\"wpforms-field-label\" for=\"wpforms-42287-field_2\">E-mail <span class=\"wpforms-required-label\">*<\/span><\/label><input type=\"email\" id=\"wpforms-42287-field_2\" class=\"wpforms-field-large wpforms-field-required\" name=\"wpforms[fields][2]\" spellcheck=\"false\" required><\/div><div id=\"wpforms-42287-field_3-container\" class=\"wpforms-field wpforms-field-text\" data-field-id=\"3\"><label class=\"wpforms-field-label\" for=\"wpforms-42287-field_3\">Emne - Subject<\/label><input type=\"text\" id=\"wpforms-42287-field_3\" class=\"wpforms-field-large\" name=\"wpforms[fields][3]\" ><\/div><div id=\"wpforms-42287-field_4-container\" class=\"wpforms-field wpforms-field-textarea\" data-field-id=\"4\"><label class=\"wpforms-field-label\" for=\"wpforms-42287-field_4\">Melding - Message<\/label><textarea id=\"wpforms-42287-field_4\" class=\"wpforms-field-medium\" name=\"wpforms[fields][4]\" ><\/textarea><\/div><div id=\"wpforms-42287-field_5-container\" class=\"wpforms-field wpforms-field-mailchimp\" data-field-id=\"5\"><ul id=\"\" class=\"\"><li class=\"choice-0 depth-1\"><input type=\"checkbox\" id=\"wpforms-42287-field_5_0\" name=\"wpforms[fields][5]\" value=\"1\"  ><label class=\"wpforms-field-label-inline\" for=\"wpforms-42287-field_5_0\">Sign-up to our newsletter?<\/label><\/li><\/ul><\/div><div id=\"wpforms-42287-field_7-container\" class=\"wpforms-field wpforms-field-hidden\" data-field-id=\"7\"><input type=\"hidden\" id=\"wpforms-42287-field_7\" name=\"wpforms[fields][7]\"><\/div><div id=\"wpforms-42287-field_8-container\" class=\"wpforms-field wpforms-field-hidden\" data-field-id=\"8\"><input type=\"hidden\" id=\"wpforms-42287-field_8\" name=\"wpforms[fields][8]\"><\/div><div id=\"wpforms-42287-field_10-container\" class=\"wpforms-field wpforms-field-html\" data-field-id=\"10\"><div id=\"wpforms-42287-field_10\"><\/div><\/div><\/div><!-- .wpforms-field-container --><div class=\"wpforms-field wpforms-field-hp\"><label for=\"wpforms-42287-field-hp\" class=\"wpforms-field-label\">Message<\/label><input type=\"text\" name=\"wpforms[hp]\" id=\"wpforms-42287-field-hp\" class=\"wpforms-field-medium\"><\/div><div class=\"wpforms-recaptcha-container wpforms-is-hcaptcha\" ><div class=\"g-recaptcha\" data-sitekey=\"fc846523-626e-455c-bc44-9504f9e01350\"><\/div><input type=\"text\" name=\"g-recaptcha-hidden\" class=\"wpforms-recaptcha-hidden\" style=\"position:absolute!important;clip:rect(0,0,0,0)!important;height:1px!important;width:1px!important;border:0!important;overflow:hidden!important;padding:0!important;margin:0!important;\" data-rule-hcaptcha=\"1\"><\/div><div class=\"wpforms-submit-container\" ><input type=\"hidden\" name=\"wpforms[id]\" value=\"42287\"><input type=\"hidden\" name=\"page_title\" value=\"\"><input type=\"hidden\" name=\"page_url\" value=\"https:\/\/heatwork.com\/fi\/wp-json\/wp\/v2\/pages\/30509\"><button type=\"submit\" name=\"wpforms[submit]\" id=\"wpforms-submit-42287\" class=\"wpforms-submit wide\" data-alt-text=\"Sending...\" data-submit-text=\"Send\" aria-live=\"assertive\" value=\"wpforms-submit\">Send<\/button><img loading=\"lazy\" decoding=\"async\" src=\"https:\/\/heatwork.com\/wp-content\/plugins\/wpforms\/assets\/images\/submit-spin.svg\" class=\"wpforms-submit-spinner\" style=\"display: none;\" width=\"26\" height=\"26\" alt=\"Loading\"><\/div><\/form><\/div>  <!-- .wpforms-container -->\n","protected":false},"excerpt":{"rendered":"<p>&nbsp; CliWi nestett\u00e4 ja l\u00e4mp\u00f6\u00e4: Suuri kapasiteetti, joustavuus ja k\u00e4ytt\u00f6yst\u00e4v\u00e4llisyys .. n\u00e4m\u00e4 tekev\u00e4t CliWi exchanger 100 kW:st\u00e4 selv\u00e4n ensivalinnan kaikille l\u00e4mmint\u00e4 vett\u00e4 tarvitseville! CliWi 100 kW l\u00e4mm\u00f6nvaihtaja on helppo k\u00e4ytt\u00e4\u00e4 ja sijoittaa. Helposti liikuteltavana ja suorituskykyisen\u00e4 t\u00e4m\u00e4 l\u00e4mm\u00f6nvaihdin on erinomainen ty\u00f6kalu moneen tarkoitukseen Laite on nopea liitt\u00e4\u00e4 esim. alikeskukseen tai rakennuksen l\u00e4mm\u00f6nvaihtimeen, ilman ett\u00e4 loppuk\u00e4ytt\u00e4j\u00e4 [&hellip;]<\/p>\n","protected":false},"author":8,"featured_media":42317,"parent":1666,"menu_order":17,"comment_status":"closed","ping_status":"closed","template":"","meta":{"_acf_changed":false,"footnotes":"","_links_to":"","_links_to_target":""},"class_list":["post-30509","page","type-page","status-publish","has-post-thumbnail"],"acf":[],"_links":{"self":[{"href":"https:\/\/heatwork.com\/fi\/wp-json\/wp\/v2\/pages\/30509"}],"collection":[{"href":"https:\/\/heatwork.com\/fi\/wp-json\/wp\/v2\/pages"}],"about":[{"href":"https:\/\/heatwork.com\/fi\/wp-json\/wp\/v2\/types\/page"}],"author":[{"embeddable":true,"href":"https:\/\/heatwork.com\/fi\/wp-json\/wp\/v2\/users\/8"}],"replies":[{"embeddable":true,"href":"https:\/\/heatwork.com\/fi\/wp-json\/wp\/v2\/comments?post=30509"}],"version-history":[{"count":1,"href":"https:\/\/heatwork.com\/fi\/wp-json\/wp\/v2\/pages\/30509\/revisions"}],"predecessor-version":[{"id":50811,"href":"https:\/\/heatwork.com\/fi\/wp-json\/wp\/v2\/pages\/30509\/revisions\/50811"}],"up":[{"embeddable":true,"href":"https:\/\/heatwork.com\/fi\/wp-json\/wp\/v2\/pages\/1666"}],"wp:featuredmedia":[{"embeddable":true,"href":"https:\/\/heatwork.com\/fi\/wp-json\/wp\/v2\/media\/42317"}],"wp:attachment":[{"href":"https:\/\/heatwork.com\/fi\/wp-json\/wp\/v2\/media?parent=30509"}],"curies":[{"name":"wp","href":"https:\/\/api.w.org\/{rel}","templated":true}]}}