{"id":33743,"date":"2015-10-21T11:06:58","date_gmt":"2015-10-21T09:06:58","guid":{"rendered":"https:\/\/heatwork.com\/fi\/tuotteet\/bedbug-systems\/"},"modified":"2022-02-04T12:50:23","modified_gmt":"2022-02-04T11:50:23","slug":"bedbug-systems","status":"publish","type":"page","link":"https:\/\/heatwork.com\/fi\/tuotteet\/bedbug-systems\/","title":{"rendered":"Pest Systems"},"content":{"rendered":"<div class=\"o-carousel js-carousel\"><div class=\"o-carousel__main js-carousel-main syvdi\" data-id=\"syvdi\"><img loading=\"lazy\" decoding=\"async\" src=\"https:\/\/heatwork.com\/wp-content\/uploads\/2017\/11\/HW-Xtreme_HH-940x608.jpg\" width=\"940\" height=\"608\" alt=\"\" \/>\n<img loading=\"lazy\" decoding=\"async\" src=\"https:\/\/heatwork.com\/wp-content\/uploads\/2017\/11\/HW-Xtreme-open-940x705.jpg\" width=\"940\" height=\"705\" alt=\"\" \/>\n<img loading=\"lazy\" decoding=\"async\" src=\"https:\/\/heatwork.com\/wp-content\/uploads\/2022\/02\/IMG_3086-copy-940x705.jpg\" width=\"940\" height=\"705\" alt=\"\" \/>\n<img loading=\"lazy\" decoding=\"async\" src=\"https:\/\/heatwork.com\/wp-content\/uploads\/2022\/02\/HW-103-CliWi-529x940.jpg\" width=\"529\" height=\"940\" alt=\"\" \/>\n<img loading=\"lazy\" decoding=\"async\" src=\"https:\/\/heatwork.com\/wp-content\/uploads\/2022\/02\/HeatWork_CliWi_pest-705x940.jpg\" width=\"705\" height=\"940\" alt=\"\" \/>\n<img loading=\"lazy\" decoding=\"async\" src=\"https:\/\/heatwork.com\/wp-content\/uploads\/2022\/02\/Rentokil-GmbH_HeatWork-3-705x940.jpg\" width=\"705\" height=\"940\" alt=\"\" \/>\n<img loading=\"lazy\" decoding=\"async\" src=\"https:\/\/heatwork.com\/wp-content\/uploads\/2015\/04\/CliWi-HC-og-HB_web.jpg\" width=\"850\" height=\"544\" alt=\"\" \/>\n<img loading=\"lazy\" decoding=\"async\" src=\"https:\/\/heatwork.com\/wp-content\/uploads\/2018\/01\/1-done-and-its-gone_01-1-940x445.jpg\" width=\"940\" height=\"445\" alt=\"\" \/>\n<img loading=\"lazy\" decoding=\"async\" src=\"https:\/\/heatwork.com\/wp-content\/uploads\/2018\/01\/Hydronic-heat-treatment-940x392.jpg\" width=\"940\" height=\"392\" alt=\"\" \/>\n<\/div><ul class=\"o-carousel__nav js-carousel-nav\"><li><img loading=\"lazy\" decoding=\"async\" src=\"https:\/\/heatwork.com\/wp-content\/uploads\/2017\/11\/HW-Xtreme_HH-e1516096027635-290x290.jpg\" width=\"290\" height=\"290\" alt=\"\" \/><\/li>\n<li><img loading=\"lazy\" decoding=\"async\" src=\"https:\/\/heatwork.com\/wp-content\/uploads\/2017\/11\/HW-Xtreme-open-e1516095951766-290x290.jpg\" width=\"290\" height=\"290\" alt=\"\" \/><\/li>\n<li><img loading=\"lazy\" decoding=\"async\" src=\"https:\/\/heatwork.com\/wp-content\/uploads\/2022\/02\/IMG_3086-copy-290x290.jpg\" width=\"290\" height=\"290\" alt=\"\" \/><\/li>\n<li><img loading=\"lazy\" decoding=\"async\" src=\"https:\/\/heatwork.com\/wp-content\/uploads\/2022\/02\/HW-103-CliWi-290x290.jpg\" width=\"290\" height=\"290\" alt=\"\" \/><\/li>\n<li><img loading=\"lazy\" decoding=\"async\" src=\"https:\/\/heatwork.com\/wp-content\/uploads\/2022\/02\/HeatWork_CliWi_pest-290x290.jpg\" width=\"290\" height=\"290\" alt=\"\" \/><\/li>\n<li><img loading=\"lazy\" decoding=\"async\" src=\"https:\/\/heatwork.com\/wp-content\/uploads\/2022\/02\/Rentokil-GmbH_HeatWork-3-290x290.jpg\" width=\"290\" height=\"290\" alt=\"\" \/><\/li>\n<li><img loading=\"lazy\" decoding=\"async\" src=\"https:\/\/heatwork.com\/wp-content\/uploads\/2015\/04\/CliWi-HC-og-HB_web-290x290.jpg\" width=\"290\" height=\"290\" alt=\"\" \/><\/li>\n<li><img loading=\"lazy\" decoding=\"async\" src=\"https:\/\/heatwork.com\/wp-content\/uploads\/2018\/01\/1-done-and-its-gone_01-1-290x290.jpg\" width=\"290\" height=\"290\" alt=\"\" \/><\/li>\n<li><img loading=\"lazy\" decoding=\"async\" src=\"https:\/\/heatwork.com\/wp-content\/uploads\/2018\/01\/Hydronic-heat-treatment-290x290.jpg\" width=\"290\" height=\"290\" alt=\"\" \/><\/li>\n<\/ul><\/div>\n<p>&nbsp;<\/p>\n<h2>LUTIKKAUUTUUS!<br \/>\nNopea ja vihre\u00e4 l\u00e4mp\u00f6k\u00e4sittely tuholaistorjuntaan<\/h2>\n<p><img loading=\"lazy\" decoding=\"async\" class=\"alignright wp-image-48895 size-thumbnail\" title=\"veggedyr\" src=\"https:\/\/heatwork.com\/wp-content\/uploads\/2022\/02\/Design-uten-navn-16-290x290.png\" alt=\"\" width=\"290\" height=\"290\" \/>HeatWork ja CliWi bedbugs systems on monien johtavien tuholaistorjunta yritysten k\u00e4yt\u00f6ss\u00e4 Pohjoismaissa.<br \/>\nTulokset ovat eritt\u00e4in hyvi\u00e4, ja j\u00e4rjestelm\u00e4\u00e4 kuvaillaan innovatiiviseksi keksinn\u00f6ksi nopeasti kasvavaan ongelmaan, johon ei ole aiemmin l\u00f6ytynyt tehokkaita ja hyvi\u00e4 ratkaisuja. J\u00e4rjestelm\u00e4 kehitt\u00e4\u00e4 90\u00b0C l\u00e4mp\u00f6tilan, joka nostaa todellisen ilman l\u00e4mp\u00f6tilan 50-60 asteeseen. Menetelm\u00e4 on eritt\u00e4in tehokas ja ymp\u00e4rist\u00f6yst\u00e4v\u00e4llinen vaihtoehto myrkyille, s\u00e4hk\u00f6lle ja muille menetelmille.<\/p>\n<h2>Tehokas terveys- ja ymp\u00e4rist\u00f6yst\u00e4v\u00e4llinen j\u00e4rjestelm\u00e4 lutikoiden ja tuholaisten tuhoamiseen<\/h2>\n<p>HW Xtreme 103 HH on erityisesti l\u00e4mp\u00f6k\u00e4sittelyyn kehitetty kone. Laite on r\u00e4\u00e4t\u00e4l\u00f6ity tuholaistorjunta-alan vaatimuksia t\u00e4ytt\u00e4vien osien ja ratkaisujen avulla.<br \/>\nHW Xtreme 103 HH on itsen\u00e4isesti toimiva ja liikuteltava 103 kW:n kone. Erityisk\u00e4ytt\u00f6\u00f6n tarkoitettu kone tuottaa 100\u00b0C nestekiertoista l\u00e4mp\u00f6\u00e4, jonka l\u00e4mp\u00f6tekninen hy\u00f6tysuhde on kokonaiset 94%.<br \/>\nKone sopii my\u00f6s ymp\u00e4rist\u00f6yst\u00e4v\u00e4llisen bioenergian k\u00e4ytt\u00f6\u00f6n.<br \/>\nYhdess\u00e4 ainutlaatuiseen nestekiertoiseen vaihdeteknologiaan perustuvan CliWi-uutuustuotteen kanssa kyseess\u00e4 on innovatiivinen j\u00e4rjestelm\u00e4 rakennusl\u00e4mm\u00f6n, kuivauksen, vahinkosaneerauksen ja l\u00e4mp\u00f6k\u00e4sittelyn saralla.<\/p>\n<h2>Tavoitteena ymp\u00e4rist\u00f6yst\u00e4v\u00e4llisyys ja taloudellisuus<\/h2>\n<p><strong><span style=\"color: #008000;\">\u2022 Nestekiertoista l\u00e4mp\u00f6\u00e4<\/span><\/strong> 100% ymp\u00e4rist\u00f6yst\u00e4v\u00e4llinen kuivatus ja l\u00e4mmitys. S\u00e4\u00e4dett\u00e4v\u00e4 tuholaistorjuntal\u00e4mp\u00f6tila (50-60 astetta).<br \/>\n<span style=\"color: #008000;\">\u2022 <strong>Energiatehokas l\u00e4mm\u00f6nvaihto <\/strong><\/span>Korkea teho ja matala energiankulutus laskevat kustannuksia. Lyhyt k\u00e4sittelyaika.<br \/>\n<strong><span style=\"color: #008000;\">\u2022 Vihre\u00e4\u00e4 energiaa\u00a0<\/span><\/strong>Puhdas ilma, turvallinen ja myrkyt\u00f6n ty\u00f6ymp\u00e4rist\u00f6. Ei palovaaraa.<br \/>\n<strong><span style=\"color: #008000;\">\u2022 Kevyt laitteisto ja k\u00e4ytt\u00e4j\u00e4yst\u00e4v\u00e4llinen muotoilu\u00a0<\/span><\/strong>CliWi on pieni, helppok\u00e4ytt\u00f6inen ja sill\u00e4 on korkea suorituskyky.<br \/>\n<strong><span style=\"color: #008000;\">\u2022 Alhainen melutaso<\/span><\/strong><br \/>\n<span style=\"color: #008000;\"><strong>\u2022 L\u00e4mp\u00f6 ei ole koskaan n\u00e4ytt\u00e4nyt n\u00e4in hyv\u00e4lt\u00e4\u00a0<\/strong><\/span>Nykyaikainen muotoilu ja v\u00e4ri ei ole este tehokkuudelle.<\/p>\n<p>&nbsp;<\/p>\n<div class=\"ingrid in-sixths\">\n<div class=\"unit\"><img loading=\"lazy\" decoding=\"async\" class=\"alignnone wp-image-41664 size-full\" src=\"https:\/\/heatwork.com\/wp-content\/uploads\/2018\/10\/Ikon_Fi_1.jpg\" alt=\"\" width=\"200\" height=\"222\" \/><\/div>\n<div class=\"unit\"><img loading=\"lazy\" decoding=\"async\" class=\"alignnone wp-image-41665 size-full\" src=\"https:\/\/heatwork.com\/wp-content\/uploads\/2018\/10\/Ikon_Fi_6.jpg\" alt=\"\" width=\"200\" height=\"222\" \/><\/div>\n<div class=\"unit\"><img loading=\"lazy\" decoding=\"async\" class=\"alignnone wp-image-41666 size-full\" src=\"https:\/\/heatwork.com\/wp-content\/uploads\/2018\/10\/Ikon_Fi_2.jpg\" alt=\"\" width=\"200\" height=\"222\" \/><\/div>\n<div class=\"unit\"><img loading=\"lazy\" decoding=\"async\" class=\"alignnone wp-image-41667 size-full\" src=\"https:\/\/heatwork.com\/wp-content\/uploads\/2018\/10\/Ikon_Fi_3.jpg\" alt=\"\" width=\"200\" height=\"222\" \/><\/div>\n<div class=\"unit\"><img loading=\"lazy\" decoding=\"async\" class=\"alignnone wp-image-41668 size-full\" src=\"https:\/\/heatwork.com\/wp-content\/uploads\/2018\/10\/Ikon_Fi_7.jpg\" alt=\"\" width=\"200\" height=\"222\" \/><\/div>\n<div class=\"unit\"><img loading=\"lazy\" decoding=\"async\" class=\"alignnone wp-image-41669 size-full\" src=\"https:\/\/heatwork.com\/wp-content\/uploads\/2018\/10\/Ikon_Fi_9.jpg\" alt=\"\" width=\"200\" height=\"222\" \/><\/div>\n<\/div>\n<hr \/>\n<div class=\"ingrid in-thirds\">\n<div class=\"unit\">\n<h4><strong>Edist\u00e4mme vihre\u00e4\u00e4 ty\u00f6paikkaa<\/strong><\/h4>\n<ul>\n<li>Turvallinen ja hyv\u00e4 sis\u00e4-\/ty\u00f6ilmasto<br \/>\n&#8211; V\u00e4hent\u00e4\u00e4 terveyshaittojen riski\u00e4 tehokkaasti<br \/>\n&#8211; Ei polta terveydelle vaarallista p\u00f6ly\u00e4\/partikkeleja<br \/>\n&#8211; Ei tuota polttokaasuja, myrkkyj\u00e4, hajua tai kosteutta<br \/>\n&#8211; Ei tulipalon tai r\u00e4j\u00e4hdyksen vaaraa<\/li>\n<li>Suljettu nestekiertoinen vaihtoj\u00e4rjestelm\u00e4<\/li>\n<li>Joustava ja moduulipohjainen eri teht\u00e4viin<\/li>\n<li>Maks. 100 \u00b0C elementeiss\u00e4\/letkuissa<\/li>\n<li>Valmius ymp\u00e4rist\u00f6\u00e4 s\u00e4\u00e4st\u00e4v\u00e4n bioenergian k\u00e4ytt\u00f6\u00f6n<\/li>\n<\/ul>\n<\/div>\n<div class=\"unit\">\n<h4><strong>Jatkuvasti varma toiminta HeatWorkilla<\/strong><\/h4>\n<ul>\n<li>Liikuteltava, itsek\u00e4yv\u00e4 ja k\u00e4ytt\u00e4j\u00e4yst\u00e4v\u00e4llinen<\/li>\n<li>Energia &#8211; poltto\u00f6ljy tai 100 % bioenergia<\/li>\n<li>Hiljainen<\/li>\n<li>Yksinkertainen asennus<\/li>\n<li>Nopea ja tehokas l\u00e4mp\u00f6tilannosto<\/li>\n<li>Uniikki moduulipohjainen ilma- ja vaihtoj\u00e4rjestelm\u00e4, joustava<\/li>\n<li>Laatutuotteet, pitk\u00e4 elinik\u00e4 ja k\u00e4ytt\u00f6varmuus<\/li>\n<\/ul>\n<\/div>\n<div class=\"unit\">\n<h4><strong>Taloudelliset etusi<\/strong><\/h4>\n<ul>\n<li>Alhainen energiankulutus<\/li>\n<li>Aikaa s\u00e4\u00e4st\u00e4vi\u00e4 ja tehokkaita tuotteita<\/li>\n<li>Konseptin p\u00e4\u00e4tuotteiden pitk\u00e4 k\u00e4ytt\u00f6ik\u00e4<\/li>\n<li>Tarkkailu ja ohjaus GSM:n ja GPS:n avulla<\/li>\n<li>Termostaattiohjattu valvontaj\u00e4rjestelm\u00e4<\/li>\n<li>Energiank\u00e4ytt\u00f6 + k\u00e4ytt\u00f6varmuus + k\u00e4ytt\u00f6ik\u00e4 = alhaiset yhteiskulut<\/li>\n<\/ul>\n<\/div>\n<\/div>\n<hr \/>\n<h3><strong>Rentokil on ottanut HeatWorkin mullistavan l\u00e4mp\u00f6ratkaisun k\u00e4ytt\u00f6\u00f6n<\/strong><\/h3>\n<p>&nbsp;<\/p>\n<div class=\"ingrid in-thirds\">\n<div class=\"unit\">Rentokil, joka on tuholaistorjunnan asiantuntija, k\u00e4ytt\u00e4\u00e4 HeatWorkin tehokasta j\u00e4rjestelm\u00e4\u00e4 lutikkaesiintymien l\u00e4mp\u00f6k\u00e4sittelyyn, esim. asunnoissa, hotellihuoneissa ym. L\u00e4mp\u00f6 tappaa lutikat munista t\u00e4ysikasvuisiin yksil\u00f6ihin ja on t\u00e4ysin myrkyt\u00f6n menetelm\u00e4.<\/div>\n<div class=\"unit\">Menetelm\u00e4 eroaa muista, sill\u00e4 se s\u00e4\u00e4st\u00e4\u00e4 luontoa uudella tavalla, sek\u00e4 v\u00e4ltt\u00e4m\u00e4ll\u00e4 tarpeettomat p\u00e4\u00e4st\u00f6t aggregaateista ett\u00e4 ep\u00e4suotuisat aineet joita l\u00f6ytyy hy\u00f6nteismyrkkyvalmisteista. Lis\u00e4ksi j\u00e4rjestelm\u00e4 ei polta terveydelle vaarallista p\u00f6ly\u00e4 tai partikkeleita.<\/div>\n<div class=\"unit\"><img loading=\"lazy\" decoding=\"async\" class=\"alignnone wp-image-34632 size-thumbnail\" title=\"lutikka\" src=\"https:\/\/heatwork.com\/wp-content\/uploads\/2015\/10\/Rentokil-I-e1457429060202-290x290.jpg\" alt=\"Rentokil I\" width=\"210\" height=\"170\" \/><\/div>\n<\/div>\n<p>Ota yhteytt\u00e4 yhteisty\u00f6kumppaneihimme:<br \/>\n<a href=\"http:\/\/www.rentokil.no\/teknisk-ekspertise\/heatwork\/\" target=\"_blank\" rel=\"noopener\"><img loading=\"lazy\" decoding=\"async\" class=\"alignnone wp-image-34608 size-full\" title=\"lutikka\" src=\"https:\/\/heatwork.com\/wp-content\/uploads\/2016\/03\/rentokil_liten.jpg\" alt=\"rentokil_liten\" width=\"142\" height=\"45\" \/><\/a><\/p>\n<hr \/>\n<p>Muita asiakkaita, jotka k\u00e4ytt\u00e4v\u00e4t l\u00e4mp\u00f6k\u00e4sittelyratkaisuamme:<br \/>\n<a href=\"http:\/\/www.pelias.no\" target=\"_blank\" rel=\"noopener\"><img loading=\"lazy\" decoding=\"async\" class=\"alignnone wp-image-36366 size-full\" title=\"lutikka\" src=\"https:\/\/heatwork.com\/wp-content\/uploads\/2015\/10\/Pelias_logo-e1467376161972.jpg\" alt=\"\" width=\"142\" height=\"48\" \/><\/a><\/p>\n<hr \/>\n<p><a href=\"https:\/\/heatwork.com\/fi\/tuotteet\/cliwi\/\" target=\"_blank\" rel=\"noopener noreferrer\">Lue lis\u00e4\u00e4 CliWi-j\u00e4rjestelmist\u00e4 t\u00e4\u00e4lt\u00e4!<\/a><\/p>\n<h3>HeatWork valloittaa lutikoiden valtakunnan<\/h3>\n<p><iframe loading=\"lazy\" title=\"HeatWork inntar bedbugs territorium\" src=\"https:\/\/player.vimeo.com\/video\/146212852?dnt=1&amp;app_id=122963\" width=\"500\" height=\"375\" frameborder=\"0\" allow=\"autoplay; fullscreen; picture-in-picture; clipboard-write\"><\/iframe><\/p>\n","protected":false},"excerpt":{"rendered":"<p>&nbsp; LUTIKKAUUTUUS! Nopea ja vihre\u00e4 l\u00e4mp\u00f6k\u00e4sittely tuholaistorjuntaan HeatWork ja CliWi bedbugs systems on monien johtavien tuholaistorjunta yritysten k\u00e4yt\u00f6ss\u00e4 Pohjoismaissa. Tulokset ovat eritt\u00e4in hyvi\u00e4, ja j\u00e4rjestelm\u00e4\u00e4 kuvaillaan innovatiiviseksi keksinn\u00f6ksi nopeasti kasvavaan ongelmaan, johon ei ole aiemmin l\u00f6ytynyt tehokkaita ja hyvi\u00e4 ratkaisuja. J\u00e4rjestelm\u00e4 kehitt\u00e4\u00e4 90\u00b0C l\u00e4mp\u00f6tilan, joka nostaa todellisen ilman l\u00e4mp\u00f6tilan 50-60 asteeseen. Menetelm\u00e4 on eritt\u00e4in tehokas [&hellip;]<\/p>\n","protected":false},"author":8,"featured_media":42740,"parent":1666,"menu_order":16,"comment_status":"open","ping_status":"open","template":"","meta":{"_acf_changed":false,"footnotes":"","_links_to":"","_links_to_target":""},"class_list":["post-33743","page","type-page","status-publish","has-post-thumbnail"],"acf":[],"_links":{"self":[{"href":"https:\/\/heatwork.com\/fi\/wp-json\/wp\/v2\/pages\/33743"}],"collection":[{"href":"https:\/\/heatwork.com\/fi\/wp-json\/wp\/v2\/pages"}],"about":[{"href":"https:\/\/heatwork.com\/fi\/wp-json\/wp\/v2\/types\/page"}],"author":[{"embeddable":true,"href":"https:\/\/heatwork.com\/fi\/wp-json\/wp\/v2\/users\/8"}],"replies":[{"embeddable":true,"href":"https:\/\/heatwork.com\/fi\/wp-json\/wp\/v2\/comments?post=33743"}],"version-history":[{"count":3,"href":"https:\/\/heatwork.com\/fi\/wp-json\/wp\/v2\/pages\/33743\/revisions"}],"predecessor-version":[{"id":48952,"href":"https:\/\/heatwork.com\/fi\/wp-json\/wp\/v2\/pages\/33743\/revisions\/48952"}],"up":[{"embeddable":true,"href":"https:\/\/heatwork.com\/fi\/wp-json\/wp\/v2\/pages\/1666"}],"wp:featuredmedia":[{"embeddable":true,"href":"https:\/\/heatwork.com\/fi\/wp-json\/wp\/v2\/media\/42740"}],"wp:attachment":[{"href":"https:\/\/heatwork.com\/fi\/wp-json\/wp\/v2\/media?parent=33743"}],"curies":[{"name":"wp","href":"https:\/\/api.w.org\/{rel}","templated":true}]}}