{"id":33753,"date":"2015-10-21T12:50:16","date_gmt":"2015-10-21T10:50:16","guid":{"rendered":"https:\/\/heatwork.com\/fi\/tuotteet\/cliwi-led-valaisimet\/"},"modified":"2019-01-28T14:10:18","modified_gmt":"2019-01-28T13:10:18","slug":"cliwi-led-valaisimet","status":"publish","type":"page","link":"https:\/\/heatwork.com\/fi\/tuotteet\/cliwi-led-valaisimet\/","title":{"rendered":"CliWi &#8211; LED-valaisimet"},"content":{"rendered":"<p><img loading=\"lazy\" decoding=\"async\" class=\"alignnone wp-image-33069 size-large\" src=\"https:\/\/heatwork.com\/wp-content\/uploads\/2015\/10\/IMG_0027-1024x681.jpg\" alt=\"\" width=\"1024\" height=\"681\" srcset=\"https:\/\/heatwork.com\/wp-content\/uploads\/2015\/10\/IMG_0027-1024x681.jpg 1024w, https:\/\/heatwork.com\/wp-content\/uploads\/2015\/10\/IMG_0027-480x319.jpg 480w, https:\/\/heatwork.com\/wp-content\/uploads\/2015\/10\/IMG_0027-940x625.jpg 940w, https:\/\/heatwork.com\/wp-content\/uploads\/2015\/10\/IMG_0027-768x511.jpg 768w, https:\/\/heatwork.com\/wp-content\/uploads\/2015\/10\/IMG_0027-600x399.jpg 600w, https:\/\/heatwork.com\/wp-content\/uploads\/2015\/10\/IMG_0027-400x266.jpg 400w, https:\/\/heatwork.com\/wp-content\/uploads\/2015\/10\/IMG_0027-900x599.jpg 900w, https:\/\/heatwork.com\/wp-content\/uploads\/2015\/10\/IMG_0027-280x186.jpg 280w, https:\/\/heatwork.com\/wp-content\/uploads\/2015\/10\/IMG_0027-526x350.jpg 526w, https:\/\/heatwork.com\/wp-content\/uploads\/2015\/10\/IMG_0027.jpg 1200w\" sizes=\"(max-width: 1024px) 100vw, 1024px\" \/><\/p>\n<h2><span style=\"color: #ff0000;\">CliWi LED-valaisimet &#8211; UUTUUS! <\/span><\/h2>\n<p>Kest\u00e4v\u00e4t LED-valaisimet ja ladattavat ty\u00f6valaisimet, jotka kest\u00e4v\u00e4t koviakin s\u00e4\u00e4- ja ty\u00f6olosuhteita<\/p>\n<p>CliWi LED-valaisimet ovat sarja kest\u00e4vi\u00e4 LED-valaisimia, jotka valaisevat tehokkaasti ainutlaatuisella tavalla, joka sopii hyvin ty\u00f6valaistukseen. Valaisimet toimitetaan koviakin s\u00e4\u00e4olosuhteita kest\u00e4v\u00e4sti maalatuissa ja ruostek\u00e4sitellyiss\u00e4 pidikkeellisiss\u00e4 alumiinikuorissa.<\/p>\n<p>LED k\u00e4ytt\u00e4\u00e4 80 &#8211; 90 % v\u00e4hemm\u00e4n s\u00e4hk\u00f6\u00e4 \u2022 LED ei hehku l\u00e4mp\u00f6\u00e4.<\/p>\n<div class=\"ingrid in-halves\">\n<div class=\"unit\">\n<p><img loading=\"lazy\" decoding=\"async\" class=\"alignnone wp-image-42414 size-medium\" src=\"https:\/\/heatwork.com\/wp-content\/uploads\/2019\/01\/cliwi-led-lyskaster-480x299.jpg\" alt=\"\" width=\"480\" height=\"299\" srcset=\"https:\/\/heatwork.com\/wp-content\/uploads\/2019\/01\/cliwi-led-lyskaster-480x299.jpg 480w, https:\/\/heatwork.com\/wp-content\/uploads\/2019\/01\/cliwi-led-lyskaster-600x374.jpg 600w, https:\/\/heatwork.com\/wp-content\/uploads\/2019\/01\/cliwi-led-lyskaster-768x479.jpg 768w, https:\/\/heatwork.com\/wp-content\/uploads\/2019\/01\/cliwi-led-lyskaster-940x586.jpg 940w, https:\/\/heatwork.com\/wp-content\/uploads\/2019\/01\/cliwi-led-lyskaster.jpg 1200w\" sizes=\"(max-width: 480px) 100vw, 480px\" \/><\/p>\n<p><strong>LED-valonheitin<\/strong><\/p>\n<p>Hanki kest\u00e4v\u00e4 ja monik\u00e4ytt\u00f6inen LED-valonheitin, josta saat hyv\u00e4n ja voimakaan ty\u00f6valaistuksen. Itseseisova, riippuva tai sein\u00e4\u00e4nasetettu. Voi asentaa my\u00f6s jalustaan tai HeatWork-koneen mastoon.<\/p>\n<ul>\n<li>100 \u2022 150 \u2022 200 wattia<\/li>\n<li>10000 \u2022 15000 \u2022 24000 lumenia<\/li>\n<li>Energiaa s\u00e4\u00e4st\u00e4v\u00e4 hyv\u00e4ll\u00e4 teholla<\/li>\n<li>Pitk\u00e4 k\u00e4ytt\u00f6ik\u00e4 (jopa 50 000 tuntia)<\/li>\n<li>IP65<\/li>\n<\/ul>\n<p><strong>Toimitetaan pakettina:<\/strong><br \/>\n3 ja 5 metrin virtajohto ja pistoke liitettavaksi 230 V pistokkeeseen, sek\u00e4 kiinnikkeell\u00e4 sein\u00e4\u00e4n tai jalustaan\/mastoon asennusta varten<\/p>\n<\/div>\n<\/div>\n","protected":false},"excerpt":{"rendered":"<p>CliWi LED-valaisimet &#8211; UUTUUS! Kest\u00e4v\u00e4t LED-valaisimet ja ladattavat ty\u00f6valaisimet, jotka kest\u00e4v\u00e4t koviakin s\u00e4\u00e4- ja ty\u00f6olosuhteita CliWi LED-valaisimet ovat sarja kest\u00e4vi\u00e4 LED-valaisimia, jotka valaisevat tehokkaasti ainutlaatuisella tavalla, joka sopii hyvin ty\u00f6valaistukseen. Valaisimet toimitetaan koviakin s\u00e4\u00e4olosuhteita kest\u00e4v\u00e4sti maalatuissa ja ruostek\u00e4sitellyiss\u00e4 pidikkeellisiss\u00e4 alumiinikuorissa. LED k\u00e4ytt\u00e4\u00e4 80 &#8211; 90 % v\u00e4hemm\u00e4n s\u00e4hk\u00f6\u00e4 \u2022 LED ei hehku l\u00e4mp\u00f6\u00e4. LED-valonheitin Hanki [&hellip;]<\/p>\n","protected":false},"author":8,"featured_media":42396,"parent":1666,"menu_order":19,"comment_status":"closed","ping_status":"closed","template":"","meta":{"_acf_changed":false,"footnotes":"","_links_to":"","_links_to_target":""},"class_list":["post-33753","page","type-page","status-publish","has-post-thumbnail"],"acf":[],"_links":{"self":[{"href":"https:\/\/heatwork.com\/fi\/wp-json\/wp\/v2\/pages\/33753"}],"collection":[{"href":"https:\/\/heatwork.com\/fi\/wp-json\/wp\/v2\/pages"}],"about":[{"href":"https:\/\/heatwork.com\/fi\/wp-json\/wp\/v2\/types\/page"}],"author":[{"embeddable":true,"href":"https:\/\/heatwork.com\/fi\/wp-json\/wp\/v2\/users\/8"}],"replies":[{"embeddable":true,"href":"https:\/\/heatwork.com\/fi\/wp-json\/wp\/v2\/comments?post=33753"}],"version-history":[{"count":0,"href":"https:\/\/heatwork.com\/fi\/wp-json\/wp\/v2\/pages\/33753\/revisions"}],"up":[{"embeddable":true,"href":"https:\/\/heatwork.com\/fi\/wp-json\/wp\/v2\/pages\/1666"}],"wp:featuredmedia":[{"embeddable":true,"href":"https:\/\/heatwork.com\/fi\/wp-json\/wp\/v2\/media\/42396"}],"wp:attachment":[{"href":"https:\/\/heatwork.com\/fi\/wp-json\/wp\/v2\/media?parent=33753"}],"curies":[{"name":"wp","href":"https:\/\/api.w.org\/{rel}","templated":true}]}}