{"id":34391,"date":"2015-10-25T23:05:57","date_gmt":"2015-10-25T22:05:57","guid":{"rendered":"https:\/\/heatwork.com\/fi\/ympaeristoe\/"},"modified":"2016-10-11T11:02:45","modified_gmt":"2016-10-11T09:02:45","slug":"ympaeristoe","status":"publish","type":"page","link":"https:\/\/heatwork.com\/fi\/ympaeristoe\/","title":{"rendered":"Ymp\u00e4rist\u00f6"},"content":{"rendered":"<div class=\"ingrid in-fourths\">\n<div class=\"unit\"><img loading=\"lazy\" decoding=\"async\" class=\"alignnone wp-image-37377 size-full\" src=\"https:\/\/heatwork.com\/wp-content\/uploads\/2015\/10\/Ikon_EN_web.jpg\" width=\"200\" height=\"222\" \/><\/div>\n<div class=\"unit\"><img loading=\"lazy\" decoding=\"async\" class=\"alignnone wp-image-34474 size-full\" src=\"https:\/\/heatwork.com\/wp-content\/uploads\/2015\/10\/Ikon_EN_workplace_2.jpg\" alt=\"\" width=\"200\" height=\"222\" \/><\/div>\n<div class=\"unit\"><img loading=\"lazy\" decoding=\"async\" class=\"alignnone wp-image-36129 size-full\" src=\"https:\/\/heatwork.com\/wp-content\/uploads\/2015\/10\/Ikon_EN4-1.jpg\" width=\"200\" height=\"222\" \/><\/div>\n<div class=\"unit\">\n<p><img loading=\"lazy\" decoding=\"async\" class=\"wp-image-34418 size-full\" src=\"https:\/\/heatwork.com\/wp-content\/uploads\/2015\/10\/Ikon_EN_energy-heating.jpg\" alt=\"\" width=\"200\" height=\"222\" \/><\/p>\n<\/div>\n<\/div>\n<div class=\"ingrid in-fourths\">\n<div class=\"unit\"><img loading=\"lazy\" decoding=\"async\" class=\"alignnone wp-image-34425 size-full\" src=\"https:\/\/heatwork.com\/wp-content\/uploads\/2015\/10\/Ikon_EN_94-.jpg\" alt=\"\" width=\"200\" height=\"222\" \/><\/div>\n<div class=\"unit\"><img loading=\"lazy\" decoding=\"async\" class=\"alignnone wp-image-34443 size-full\" src=\"https:\/\/heatwork.com\/wp-content\/uploads\/2015\/10\/Ikon_EN_thawing.jpg\" alt=\"\" width=\"200\" height=\"222\" \/><\/div>\n<div class=\"unit\"><img loading=\"lazy\" decoding=\"async\" class=\"alignnone wp-image-34449 size-full\" src=\"https:\/\/heatwork.com\/wp-content\/uploads\/2015\/10\/Ikon_EN_Bio.jpg\" alt=\"\" width=\"200\" height=\"222\" \/><\/div>\n<div class=\"unit\"><img loading=\"lazy\" decoding=\"async\" class=\"alignnone wp-image-34455 size-full\" src=\"https:\/\/heatwork.com\/wp-content\/uploads\/2015\/10\/Ikon_EN_temperature.jpg\" alt=\"\" width=\"200\" height=\"222\" \/><\/div>\n<\/div>\n<div class=\"ingrid in-halves\">\n<div class=\"unit\">\n<p><b>Ymp\u00e4rist\u00f6visio<br \/>\n<\/b><em>HeatWork aikoo vaikuttaa tulevien sukupolvien tulevaisuuteen.<br \/>\n<\/em>Siksi olemme tietoisesti keskittyneet kest\u00e4viin ja kilpailukykyisiin tuotteiisiin asiakkaillemme.<\/p>\n<p><strong>Vaihdamme l\u00e4mp\u00f6\u00e4 yhteisty\u00f6ss\u00e4 luonnon kanssa<br \/>\n<\/strong>HeatWork toimittaa markkinoiden parhaan ymp\u00e4rist\u00f6vaihtoehdon 100 % nestekiertoisella l\u00e4mmityksell\u00e4.<\/p>\n<p><strong>Energiatehokasta l\u00e4mp\u00f6\u00e4<br \/>\n<\/strong>Meill\u00e4 tulee olla tehokasta energiank\u00e4ytt\u00f6\u00e4. HeatWork toimittaa 94 % hy\u00f6tyasteen alhaisella energiankulutuksella ja korkealla kierr\u00e4tysasteella.<\/p>\n<\/div>\n<div class=\"unit\">\n<p><b>Uudistuvaa energiaa<br \/>\n<\/b>Tavoitteenamme on tehd\u00e4 bioenergiasta asiakkaidemme suosima vaihtoehto.<\/p>\n<p><b>Vihre\u00e4\u00e4 arvonluontia<br \/>\n<\/b>Teknologiamme varmistaa asiakkaillemme parhaan kokonaistalouden. Edut saavutetaan tehokkaalla toiminnalla, monilla k\u00e4ytt\u00f6alueilla sek\u00e4 korkealla laadulla. Kaikilla tuotteillamme on pitk\u00e4 k\u00e4ytt\u00f6ik\u00e4, ja ne j\u00e4tt\u00e4v\u00e4t j\u00e4lkeens\u00e4 pienen ymp\u00e4rist\u00f6jalanj\u00e4ljen.<\/p>\n<p><b>Hyv\u00e4 ja turvallinen ty\u00f6ymp\u00e4rist\u00f6<br \/>\n<\/b>Tuotteemme parantavat ty\u00f6mukavuutta ja tarjoavat optimaalisia ratkaisuja terveys- ja ymp\u00e4rist\u00f6tietoisille k\u00e4ytt\u00e4jille. HeatWorkin tuotteet t\u00e4ytt\u00e4v\u00e4t tiukat sis\u00e4ilmavaatimukset ja edustavat k\u00e4ytt\u00e4j\u00e4yst\u00e4v\u00e4llist\u00e4 innovaatiota.<\/p>\n<\/div>\n<\/div>\n","protected":false},"excerpt":{"rendered":"<p>Ymp\u00e4rist\u00f6visio HeatWork aikoo vaikuttaa tulevien sukupolvien tulevaisuuteen. Siksi olemme tietoisesti keskittyneet kest\u00e4viin ja kilpailukykyisiin tuotteiisiin asiakkaillemme. Vaihdamme l\u00e4mp\u00f6\u00e4 yhteisty\u00f6ss\u00e4 luonnon kanssa HeatWork toimittaa markkinoiden parhaan ymp\u00e4rist\u00f6vaihtoehdon 100 % nestekiertoisella l\u00e4mmityksell\u00e4. Energiatehokasta l\u00e4mp\u00f6\u00e4 Meill\u00e4 tulee olla tehokasta energiank\u00e4ytt\u00f6\u00e4. HeatWork toimittaa 94 % hy\u00f6tyasteen alhaisella energiankulutuksella ja korkealla kierr\u00e4tysasteella. Uudistuvaa energiaa Tavoitteenamme on tehd\u00e4 bioenergiasta asiakkaidemme suosima [&hellip;]<\/p>\n","protected":false},"author":8,"featured_media":0,"parent":0,"menu_order":17,"comment_status":"closed","ping_status":"closed","template":"","meta":{"_acf_changed":false,"footnotes":"","_links_to":"","_links_to_target":""},"class_list":["post-34391","page","type-page","status-publish"],"acf":[],"_links":{"self":[{"href":"https:\/\/heatwork.com\/fi\/wp-json\/wp\/v2\/pages\/34391"}],"collection":[{"href":"https:\/\/heatwork.com\/fi\/wp-json\/wp\/v2\/pages"}],"about":[{"href":"https:\/\/heatwork.com\/fi\/wp-json\/wp\/v2\/types\/page"}],"author":[{"embeddable":true,"href":"https:\/\/heatwork.com\/fi\/wp-json\/wp\/v2\/users\/8"}],"replies":[{"embeddable":true,"href":"https:\/\/heatwork.com\/fi\/wp-json\/wp\/v2\/comments?post=34391"}],"version-history":[{"count":0,"href":"https:\/\/heatwork.com\/fi\/wp-json\/wp\/v2\/pages\/34391\/revisions"}],"wp:attachment":[{"href":"https:\/\/heatwork.com\/fi\/wp-json\/wp\/v2\/media?parent=34391"}],"curies":[{"name":"wp","href":"https:\/\/api.w.org\/{rel}","templated":true}]}}