{"id":37010,"date":"2016-09-13T13:53:53","date_gmt":"2016-09-13T11:53:53","guid":{"rendered":"https:\/\/heatwork.com\/fi\/tuotteet\/cliwi-kosteudenpoistaja\/"},"modified":"2021-12-06T12:46:21","modified_gmt":"2021-12-06T11:46:21","slug":"cliwi-kosteudenpoistaja","status":"publish","type":"page","link":"https:\/\/heatwork.com\/fi\/tuotteet\/cliwi-kosteudenpoistaja\/","title":{"rendered":"CliWi &#8211; kosteudenpoistaja"},"content":{"rendered":"<div class=\"o-carousel js-carousel\"><div class=\"o-carousel__main js-carousel-main bbchr\" data-id=\"bbchr\"><img loading=\"lazy\" decoding=\"async\" src=\"https:\/\/heatwork.com\/wp-content\/uploads\/2021\/08\/CliWi-DH85L-2-940x940.jpg\" width=\"940\" height=\"940\" alt=\"\" \/>\n<img loading=\"lazy\" decoding=\"async\" src=\"https:\/\/heatwork.com\/wp-content\/uploads\/2021\/08\/CliWi-DH85L-1-940x940.jpg\" width=\"940\" height=\"940\" alt=\"\" \/>\n<img loading=\"lazy\" decoding=\"async\" src=\"https:\/\/heatwork.com\/wp-content\/uploads\/2021\/08\/CliWi-DH85L-3-940x940.jpg\" width=\"940\" height=\"940\" alt=\"\" \/>\n<img loading=\"lazy\" decoding=\"async\" src=\"https:\/\/heatwork.com\/wp-content\/uploads\/2021\/08\/CliWi-DH85L-5-1-940x940.jpg\" width=\"940\" height=\"940\" alt=\"\" \/>\n<img loading=\"lazy\" decoding=\"async\" src=\"https:\/\/heatwork.com\/wp-content\/uploads\/2021\/08\/CliWi-DH85L-4-940x940.jpg\" width=\"940\" height=\"940\" alt=\"\" \/>\n<img loading=\"lazy\" decoding=\"async\" src=\"https:\/\/heatwork.com\/wp-content\/uploads\/2021\/08\/CliWi-DH85L-940x940.jpg\" width=\"940\" height=\"940\" alt=\"\" \/>\n<\/div><ul class=\"o-carousel__nav js-carousel-nav\"><li><img loading=\"lazy\" decoding=\"async\" src=\"https:\/\/heatwork.com\/wp-content\/uploads\/2021\/08\/CliWi-DH85L-2-290x290.jpg\" width=\"290\" height=\"290\" alt=\"\" \/><\/li>\n<li><img loading=\"lazy\" decoding=\"async\" src=\"https:\/\/heatwork.com\/wp-content\/uploads\/2021\/08\/CliWi-DH85L-1-290x290.jpg\" width=\"290\" height=\"290\" alt=\"\" \/><\/li>\n<li><img loading=\"lazy\" decoding=\"async\" src=\"https:\/\/heatwork.com\/wp-content\/uploads\/2021\/08\/CliWi-DH85L-3-290x290.jpg\" width=\"290\" height=\"290\" alt=\"\" \/><\/li>\n<li><img loading=\"lazy\" decoding=\"async\" src=\"https:\/\/heatwork.com\/wp-content\/uploads\/2021\/08\/CliWi-DH85L-5-1-290x290.jpg\" width=\"290\" height=\"290\" alt=\"\" \/><\/li>\n<li><img loading=\"lazy\" decoding=\"async\" src=\"https:\/\/heatwork.com\/wp-content\/uploads\/2021\/08\/CliWi-DH85L-4-290x290.jpg\" width=\"290\" height=\"290\" alt=\"\" \/><\/li>\n<li><img loading=\"lazy\" decoding=\"async\" src=\"https:\/\/heatwork.com\/wp-content\/uploads\/2021\/08\/CliWi-DH85L-290x290.jpg\" width=\"290\" height=\"290\" alt=\"\" \/><\/li>\n<\/ul><\/div>\n<p>&nbsp;<\/p>\n<h2>Kosteudenpoistaja UUTUUS! Modernit kosteudenpoistajat digitaalisella ohjauksella, kest\u00e4vi\u00e4 k\u00e4yt\u00f6ss\u00e4<\/h2>\n<p>Liikuteltava CLIWI DH85 -kosteudenpoistaja on helppok\u00e4ytt\u00f6inen kosteudenhallitsija. Ideaalinen rakennusalalle, vahinkoremontteihin, teollisuuteen ja kuivaukseen. Liikuteltavat CliWi-kosteudenpoistajat ovat k\u00e4ytt\u00e4j\u00e4yst\u00e4v\u00e4llisi\u00e4 ja niiss\u00e4 on digitaalinen ohjaus ja kest\u00e4v\u00e4 muotoilu.<\/p>\n<p>Digitaalinen k\u00e4ytt\u00f6paneeli mahdollistaa kosteuden ja k\u00e4ytt\u00f6tilan yksinkertaisen hallinnan. N\u00e4yt\u00f6lt\u00e4 n\u00e4kee my\u00f6s ajan ja energian k\u00e4yt\u00f6n.<\/p>\n<p>Kosteudenpoistaja on varustettu pumpulla ja pikaliit\u00e4nn\u00e4ll\u00e4 poistoletkun (7,5 m) nopeaa asennusta varten, jota k\u00e4ytet\u00e4\u00e4n vesis\u00e4ili\u00f6n sijaan. Kosteudenpoistaja pumppaa veden viem\u00e4riin, eik\u00e4 vesiastian tyhjennyst\u00e4 tarvita.<\/p>\n<p>CliWi DH85 L on varustettu kumipy\u00f6rill\u00e4 ja k\u00e4tev\u00e4ll\u00e4 k\u00e4densijalla, jonka ansiosta se on helppo siirt\u00e4\u00e4 huoneesta toiseen, sek\u00e4 portaita yl\u00f6s ja alas.<\/p>\n<p><strong>K\u00e4ytt\u00f6kohteet:<\/strong><\/p>\n<p>\u2022 Vahinkoremontit \u2022 Konevuokraamot \u2022 Kellarit \u2022 Rakennusten kuivaus \u2022 Kuivavarastot \u2022 Elintarviketeollisuus \u2022 Tuotantotilat \u2022 Teollisuustilatt<\/p>\n<div class=\"ingrid in-halves\">\n<div class=\"unit\">\n<p><strong>CLIWI kosteudenpoistaja DH85 L ominaisuudet:<\/strong><\/p>\n<ul>\n<li>Korkea suorituskyky<\/li>\n<li>Alhainen energiankulutus<\/li>\n<li>Voidaan pinota ja kuljettaa useita yksik\u00f6it\u00e4 kerrallaan<\/li>\n<li>Pieni ja kevyt, kest\u00e4v\u00e4 k\u00e4yt\u00f6ss\u00e4<\/li>\n<li>Suuri kapasiteetti<\/li>\n<li>Elektroninen n\u00e4ytt\u00f6<\/li>\n<li>Helppo puhdistaa ja huoltaa<\/li>\n<li>Kokoontaitettava kuljetusk\u00e4rry (lis\u00e4varuste)<\/li>\n<\/ul>\n<p><strong>CLIWI kosteudenpoistaja DH85 L tekniset tiedot:<\/strong><\/p>\n<ul>\n<li>Teho: 230V, 50Hz, 750 W<\/li>\n<li>Virta: 4,0 A<\/li>\n<li>Ilmavirta: 500 m3\/tunti<\/li>\n<li>Paino: 40 kg<\/li>\n<li>Koko: 54 x 55 x 89 cm<\/li>\n<li>Suorituskyky: 50L v. 27\u00b0C\/60% RF<\/li>\n<li>K\u00e4ytt\u00f6l\u00e4mp\u00f6tila: 5-38\u00b0C<\/li>\n<\/ul>\n<\/div>\n<div class=\"unit\"><\/div>\n<\/div>\n","protected":false},"excerpt":{"rendered":"<p>&nbsp; Kosteudenpoistaja UUTUUS! Modernit kosteudenpoistajat digitaalisella ohjauksella, kest\u00e4vi\u00e4 k\u00e4yt\u00f6ss\u00e4 Liikuteltava CLIWI DH85 -kosteudenpoistaja on helppok\u00e4ytt\u00f6inen kosteudenhallitsija. Ideaalinen rakennusalalle, vahinkoremontteihin, teollisuuteen ja kuivaukseen. Liikuteltavat CliWi-kosteudenpoistajat ovat k\u00e4ytt\u00e4j\u00e4yst\u00e4v\u00e4llisi\u00e4 ja niiss\u00e4 on digitaalinen ohjaus ja kest\u00e4v\u00e4 muotoilu. Digitaalinen k\u00e4ytt\u00f6paneeli mahdollistaa kosteuden ja k\u00e4ytt\u00f6tilan yksinkertaisen hallinnan. N\u00e4yt\u00f6lt\u00e4 n\u00e4kee my\u00f6s ajan ja energian k\u00e4yt\u00f6n. Kosteudenpoistaja on varustettu pumpulla ja pikaliit\u00e4nn\u00e4ll\u00e4 [&hellip;]<\/p>\n","protected":false},"author":8,"featured_media":46800,"parent":1666,"menu_order":14,"comment_status":"closed","ping_status":"closed","template":"","meta":{"_acf_changed":false,"footnotes":"","_links_to":"","_links_to_target":""},"class_list":["post-37010","page","type-page","status-publish","has-post-thumbnail"],"acf":[],"_links":{"self":[{"href":"https:\/\/heatwork.com\/fi\/wp-json\/wp\/v2\/pages\/37010"}],"collection":[{"href":"https:\/\/heatwork.com\/fi\/wp-json\/wp\/v2\/pages"}],"about":[{"href":"https:\/\/heatwork.com\/fi\/wp-json\/wp\/v2\/types\/page"}],"author":[{"embeddable":true,"href":"https:\/\/heatwork.com\/fi\/wp-json\/wp\/v2\/users\/8"}],"replies":[{"embeddable":true,"href":"https:\/\/heatwork.com\/fi\/wp-json\/wp\/v2\/comments?post=37010"}],"version-history":[{"count":3,"href":"https:\/\/heatwork.com\/fi\/wp-json\/wp\/v2\/pages\/37010\/revisions"}],"predecessor-version":[{"id":48401,"href":"https:\/\/heatwork.com\/fi\/wp-json\/wp\/v2\/pages\/37010\/revisions\/48401"}],"up":[{"embeddable":true,"href":"https:\/\/heatwork.com\/fi\/wp-json\/wp\/v2\/pages\/1666"}],"wp:featuredmedia":[{"embeddable":true,"href":"https:\/\/heatwork.com\/fi\/wp-json\/wp\/v2\/media\/46800"}],"wp:attachment":[{"href":"https:\/\/heatwork.com\/fi\/wp-json\/wp\/v2\/media?parent=37010"}],"curies":[{"name":"wp","href":"https:\/\/api.w.org\/{rel}","templated":true}]}}