{"id":37445,"date":"2015-07-09T15:14:07","date_gmt":"2015-07-09T13:14:07","guid":{"rendered":"https:\/\/heatwork.com\/fi\/esimerkkiprojektit\/"},"modified":"2016-10-25T11:30:07","modified_gmt":"2016-10-25T09:30:07","slug":"esimerkkiprojektit","status":"publish","type":"page","link":"https:\/\/heatwork.com\/fi\/tuotteet\/bedbug-systems\/suositukset\/esimerkkiprojektit\/","title":{"rendered":"Esimerkkiprojektit"},"content":{"rendered":"<hr \/>\n<h2><strong>Uimahallin enn\u00e4tysnopea torakkasaneeraus<\/strong><\/h2>\n<p>Sanotaan, ett\u00e4 torakat selvi\u00e4v\u00e4t jopa ydinsodasta, mutta nyt niiden p\u00e4iv\u00e4t ovat luetut. HeatWork-metodi torakkasaneerasi uimahallin Vester\u00e5lenissa enn\u00e4tysajassa. Tuholaistorjuntayritys Pelias suoritti saneerauksen, jossa Narvikilaisen HeatWorkin edistyksellinen l\u00e4mp\u00f6teknologia oli heti menestys.<\/p>\n<p>Torakoiden h\u00e4vitt\u00e4miseksi koko halli l\u00e4mmitettiin hyv\u00e4ll\u00e4 menestyksell\u00e4.<\/p>\n<p>HeatWork on kehitt\u00e4nyt tuotteita erityisesti tuholaistorjuntaan, miss\u00e4 tuotteiden ytimess\u00e4 on 100\u00b0C nestel\u00e4mmitys ja uudet CliWi-l\u00e4mm\u00f6nvaihtajat. N\u00e4in l\u00e4mp\u00f6k\u00e4sittelyn voi tehd\u00e4 eritt\u00e4in energiatehokkaasti ja ymp\u00e4rist\u00f6yst\u00e4v\u00e4llisesti, ilman terveysvaaroja, kuten palanutta p\u00f6ly\u00e4, partikkeleita tai myrkkyj\u00e4.<\/p>\n<p>6000 kuutiota ilmaa l\u00e4mmitettiin 60 asteeseen.<\/p>\n<p>Itse halli on yli 30 metri\u00e4 pitk\u00e4, 15 metri\u00e4 leve\u00e4 ja 9 metri\u00e4 korkea. Lis\u00e4ksi siin\u00e4 on pukuhuoneet ja suihkutilat.<\/p>\n<p>Laaja pohjapinta-ala ja haastava ty\u00f6, joka suoritettiin vain 3 p\u00e4iv\u00e4ss\u00e4.<\/p>\n<p><ta_ignore><div class=\"o-carousel js-carousel\"><div class=\"o-carousel__main js-carousel-main rysxp\" data-id=\"rysxp\"><img loading=\"lazy\" decoding=\"async\" src=\"https:\/\/heatwork.com\/wp-content\/uploads\/2016\/07\/Sv\u00f8mmehall_frontweb.jpg\" width=\"574\" height=\"380\" alt=\"\" \/>\n<img loading=\"lazy\" decoding=\"async\" src=\"https:\/\/heatwork.com\/wp-content\/uploads\/2016\/07\/Garderobe_web-529x940.jpg\" width=\"529\" height=\"940\" alt=\"\" \/>\n<img loading=\"lazy\" decoding=\"async\" src=\"https:\/\/heatwork.com\/wp-content\/uploads\/2016\/07\/Pelias-web-940x529.jpg\" width=\"940\" height=\"529\" alt=\"\" \/>\n<\/div><ul class=\"o-carousel__nav js-carousel-nav\"><li><img loading=\"lazy\" decoding=\"async\" src=\"https:\/\/heatwork.com\/wp-content\/uploads\/2016\/07\/Sv\u00f8mmehall_frontweb-290x290.jpg\" width=\"290\" height=\"290\" alt=\"\" \/><\/li>\n<li><img loading=\"lazy\" decoding=\"async\" src=\"https:\/\/heatwork.com\/wp-content\/uploads\/2016\/07\/Garderobe_web-290x290.jpg\" width=\"290\" height=\"290\" alt=\"\" \/><\/li>\n<li><img loading=\"lazy\" decoding=\"async\" src=\"https:\/\/heatwork.com\/wp-content\/uploads\/2016\/07\/Pelias-web-290x290.jpg\" width=\"290\" height=\"290\" alt=\"\" \/><\/li>\n<\/ul><\/div><\/ta_ignore><\/p>\n<hr \/>\n<h2><strong>HeatWork huipulle Pariisissa<\/strong><\/h2>\n<p class=\"p1\">Kansainv\u00e4linen yritys Rentokil Ranskasta suoritti tuholaistorjuntaa aivan Pariisin keskustassa suurella menestyksell\u00e4. HW Xtreme 103 HT on l\u00e4mp\u00f6k\u00e4sittelyyn erityissuunniteltu laite. Laiteessa on komponentteja ja ratkaisuja, jotka t\u00e4ytt\u00e4v\u00e4t tuholaistorjunta-alan vaatimukset.<\/p>\n<p class=\"p1\">Pariisilainen hotelli oli 40 metri\u00e4 korkea, 11-kerroksinen, ja muutamassa p\u00e4iv\u00e4ss\u00e4 sen yli 44 huonetta olivat vapaat sein\u00e4tuholaisista.<\/p>\n<p>T\u00e4m\u00e4 l\u00e4mp\u00f6k\u00e4sittelymetodi\u00a0<span style=\"line-height: 1.5;\">ei p\u00e4\u00e4st\u00e4 myrkkyj\u00e4, hajuja tai h\u00f6yryj\u00e4, joten se ei h\u00e4irinnyt hotellivieraita. Huoneet otettiin k\u00e4ytt\u00f6\u00f6n heti k\u00e4sittelyn j\u00e4lkeen.<\/span><\/p>\n<p>Rentokil on niin tyytyv\u00e4inen tuloksiin, ett\u00e4 he ottavat t\u00e4m\u00e4n tuholaistorjuntametodin k\u00e4ytt\u00f6\u00f6n muille tuholaisille my\u00f6s ruokatuotannossa.<\/p>\n<p>Sek\u00e4 Norjassa ett\u00e4 Ranskassa HW Xtreme 103 HT on k\u00e4yt\u00f6ss\u00e4 p\u00e4ivitt\u00e4in hotelleissa, asunnoissa, taloissa ja muualla.<\/p>\n<p><ta_ignore><div class=\"o-carousel js-carousel\"><div class=\"o-carousel__main js-carousel-main xmmld\" data-id=\"xmmld\"><img loading=\"lazy\" decoding=\"async\" src=\"https:\/\/heatwork.com\/wp-content\/uploads\/2015\/07\/Tommy-utenfor-hotellet-529x940.jpg\" width=\"529\" height=\"940\" alt=\"\" \/>\n<img loading=\"lazy\" decoding=\"async\" src=\"https:\/\/heatwork.com\/wp-content\/uploads\/2015\/07\/Gang-II-940x529.jpg\" width=\"940\" height=\"529\" alt=\"\" \/>\n<img loading=\"lazy\" decoding=\"async\" src=\"https:\/\/heatwork.com\/wp-content\/uploads\/2015\/07\/Gang-529x940.jpg\" width=\"529\" height=\"940\" alt=\"\" \/>\n<img loading=\"lazy\" decoding=\"async\" src=\"https:\/\/heatwork.com\/wp-content\/uploads\/2015\/07\/hotell-gang-529x940.jpg\" width=\"529\" height=\"940\" alt=\"\" \/>\n<img loading=\"lazy\" decoding=\"async\" src=\"https:\/\/heatwork.com\/wp-content\/uploads\/2015\/07\/hotell-rom-529x940.jpg\" width=\"529\" height=\"940\" alt=\"\" \/>\n<img loading=\"lazy\" decoding=\"async\" src=\"https:\/\/heatwork.com\/wp-content\/uploads\/2015\/07\/Hotell-529x940.jpg\" width=\"529\" height=\"940\" alt=\"\" \/>\n<img loading=\"lazy\" decoding=\"async\" src=\"https:\/\/heatwork.com\/wp-content\/uploads\/2015\/07\/Oversikt-940x529.jpg\" width=\"940\" height=\"529\" alt=\"\" \/>\n<\/div><ul class=\"o-carousel__nav js-carousel-nav\"><li><img loading=\"lazy\" decoding=\"async\" src=\"https:\/\/heatwork.com\/wp-content\/uploads\/2015\/07\/Tommy-utenfor-hotellet-290x290.jpg\" width=\"290\" height=\"290\" alt=\"\" \/><\/li>\n<li><img loading=\"lazy\" decoding=\"async\" src=\"https:\/\/heatwork.com\/wp-content\/uploads\/2015\/07\/Gang-II-290x290.jpg\" width=\"290\" height=\"290\" alt=\"\" \/><\/li>\n<li><img loading=\"lazy\" decoding=\"async\" src=\"https:\/\/heatwork.com\/wp-content\/uploads\/2015\/07\/Gang-290x290.jpg\" width=\"290\" height=\"290\" alt=\"\" \/><\/li>\n<li><img loading=\"lazy\" decoding=\"async\" src=\"https:\/\/heatwork.com\/wp-content\/uploads\/2015\/07\/hotell-gang-290x290.jpg\" width=\"290\" height=\"290\" alt=\"\" \/><\/li>\n<li><img loading=\"lazy\" decoding=\"async\" src=\"https:\/\/heatwork.com\/wp-content\/uploads\/2015\/07\/hotell-rom-290x290.jpg\" width=\"290\" height=\"290\" alt=\"\" \/><\/li>\n<li><img loading=\"lazy\" decoding=\"async\" src=\"https:\/\/heatwork.com\/wp-content\/uploads\/2015\/07\/Hotell-290x290.jpg\" width=\"290\" height=\"290\" alt=\"\" \/><\/li>\n<li><img loading=\"lazy\" decoding=\"async\" src=\"https:\/\/heatwork.com\/wp-content\/uploads\/2015\/07\/Oversikt-290x290.jpg\" width=\"290\" height=\"290\" alt=\"\" \/><\/li>\n<\/ul><\/div><\/ta_ignore><\/p>\n<p>\u00a0<\/p>\n","protected":false},"excerpt":{"rendered":"<p>Uimahallin enn\u00e4tysnopea torakkasaneeraus Sanotaan, ett\u00e4 torakat selvi\u00e4v\u00e4t jopa ydinsodasta, mutta nyt niiden p\u00e4iv\u00e4t ovat luetut. HeatWork-metodi torakkasaneerasi uimahallin Vester\u00e5lenissa enn\u00e4tysajassa. Tuholaistorjuntayritys Pelias suoritti saneerauksen, jossa Narvikilaisen HeatWorkin edistyksellinen l\u00e4mp\u00f6teknologia oli heti menestys. Torakoiden h\u00e4vitt\u00e4miseksi koko halli l\u00e4mmitettiin hyv\u00e4ll\u00e4 menestyksell\u00e4. HeatWork on kehitt\u00e4nyt tuotteita erityisesti tuholaistorjuntaan, miss\u00e4 tuotteiden ytimess\u00e4 on 100\u00b0C nestel\u00e4mmitys ja uudet CliWi-l\u00e4mm\u00f6nvaihtajat. N\u00e4in [&hellip;]<\/p>\n","protected":false},"author":8,"featured_media":0,"parent":37479,"menu_order":0,"comment_status":"closed","ping_status":"closed","template":"template-references-sub.php","meta":{"_acf_changed":false,"footnotes":"","_links_to":"","_links_to_target":""},"class_list":["post-37445","page","type-page","status-publish"],"acf":[],"_links":{"self":[{"href":"https:\/\/heatwork.com\/fi\/wp-json\/wp\/v2\/pages\/37445"}],"collection":[{"href":"https:\/\/heatwork.com\/fi\/wp-json\/wp\/v2\/pages"}],"about":[{"href":"https:\/\/heatwork.com\/fi\/wp-json\/wp\/v2\/types\/page"}],"author":[{"embeddable":true,"href":"https:\/\/heatwork.com\/fi\/wp-json\/wp\/v2\/users\/8"}],"replies":[{"embeddable":true,"href":"https:\/\/heatwork.com\/fi\/wp-json\/wp\/v2\/comments?post=37445"}],"version-history":[{"count":0,"href":"https:\/\/heatwork.com\/fi\/wp-json\/wp\/v2\/pages\/37445\/revisions"}],"up":[{"embeddable":true,"href":"https:\/\/heatwork.com\/fi\/wp-json\/wp\/v2\/pages\/37479"}],"wp:attachment":[{"href":"https:\/\/heatwork.com\/fi\/wp-json\/wp\/v2\/media?parent=37445"}],"curies":[{"name":"wp","href":"https:\/\/api.w.org\/{rel}","templated":true}]}}