{"id":39887,"date":"2017-11-09T15:01:44","date_gmt":"2017-11-09T14:01:44","guid":{"rendered":"https:\/\/heatwork.com\/tuotteet\/hw-103-hh\/"},"modified":"2022-09-19T13:25:36","modified_gmt":"2022-09-19T11:25:36","slug":"hw-103-hh","status":"publish","type":"page","link":"https:\/\/heatwork.com\/fi\/tuotteet\/hw-103-hh\/","title":{"rendered":"HW 103 HH"},"content":{"rendered":"<div class=\"o-carousel js-carousel\"><div class=\"o-carousel__main js-carousel-main ahzda\" data-id=\"ahzda\"><img loading=\"lazy\" decoding=\"async\" src=\"https:\/\/heatwork.com\/wp-content\/uploads\/2020\/05\/HW-103_HH-940x533.jpg\" width=\"940\" height=\"533\" alt=\"\" \/>\n<img loading=\"lazy\" decoding=\"async\" src=\"https:\/\/heatwork.com\/wp-content\/uploads\/2020\/05\/HW-Xtreme-\u00e5pen-1-940x705.jpg\" width=\"940\" height=\"705\" alt=\"\" \/>\n<img loading=\"lazy\" decoding=\"async\" src=\"https:\/\/heatwork.com\/wp-content\/uploads\/2022\/02\/HW-103-CliWi-529x940.jpg\" width=\"529\" height=\"940\" alt=\"\" \/>\n<\/div><ul class=\"o-carousel__nav js-carousel-nav\"><li><img loading=\"lazy\" decoding=\"async\" src=\"https:\/\/heatwork.com\/wp-content\/uploads\/2020\/05\/HW-103_HH-290x290.jpg\" width=\"290\" height=\"290\" alt=\"\" \/><\/li>\n<li><img loading=\"lazy\" decoding=\"async\" src=\"https:\/\/heatwork.com\/wp-content\/uploads\/2020\/05\/HW-Xtreme-\u00e5pen-1-290x290.jpg\" width=\"290\" height=\"290\" alt=\"\" \/><\/li>\n<li><img loading=\"lazy\" decoding=\"async\" src=\"https:\/\/heatwork.com\/wp-content\/uploads\/2022\/02\/HW-103-CliWi-290x290.jpg\" width=\"290\" height=\"290\" alt=\"\" \/><\/li>\n<\/ul><\/div>\n<p>&nbsp;<\/p>\n<h2>HW 103 HH on erityiskehitetty laite rakennusten l\u00e4mmitykseen, kuivaamiseen, remontointiin, betonit\u00f6ihin, l\u00e4mp\u00f6k\u00e4sittelyyn, tuholaistorjuntaan&#8230;<\/h2>\n<p><strong>HW 103 HH on erityiskehitetty laite, jolla on suuri kapasiteetti, alhainen paino ja joka sopeutuu hyvin pieniin ja suuriin l\u00e4mp\u00f6teht\u00e4viin eri aloilla. Se on rakennettu tuottamaan suuren m\u00e4\u00e4r\u00e4n energiaa CliWi-tuotteiden avulla rakennuksiin, joissa on v\u00e4liaikainen l\u00e4mm\u00f6ntarve.<\/strong><\/p>\n<p>Laite kuuluvine lis\u00e4laitteineen on tarkoitettu rakennust\u00f6ihin, kuivaukseen, remontteihin, betonit\u00f6ihin ja tuholaistorjuntaan. Lis\u00e4laitteisiin kuuluu l\u00e4mm\u00f6nvaihtimet, tuulettimet, letkut, eristysmatot ym.<\/p>\n<p>HeatWork -laitteet k\u00e4ytt\u00e4v\u00e4t dieseli\u00e4 tai 2. sukupolven biodieseli\u00e4 kierr\u00e4tett\u00e4v\u00e4n l\u00e4mp\u00f6nesteen l\u00e4mmitykseen sek\u00e4 s\u00e4hk\u00f6\u00e4 pumppujen ja ohjausj\u00e4rjestelm\u00e4n k\u00e4ytt\u00f6\u00f6n.<br \/>\nNesteen l\u00e4mm\u00f6n portaaton s\u00e4\u00e4t\u00f6 tarjoaa taloudellisen ja joustavan k\u00e4yt\u00f6n. Yksinkertainen kuljetus, kytkent\u00e4 ja langaton ohjaus tekev\u00e4t t\u00e4st\u00e4 laitteesta ainutlaatuisen.<\/p>\n<div class=\"ingrid in-halves\">\n<div class=\"unit\">\n<p class=\"p1\"><span style=\"color: #ff0000;\"><br \/>\n<span style=\"color: #339966;\"><strong>Miksi HW 103 HH on ainutlaatuinen?<\/strong><\/span><\/span><\/p>\n<ol>\n<li class=\"p1\">Neste kiert\u00e4\u00e4 suljetussa j\u00e4rjestelm\u00e4ss\u00e4<\/li>\n<li class=\"p1\">Kierr\u00e4tyspumpun automaattinen pys\u00e4ytystoiminto<\/li>\n<li class=\"p1\">Alhainen paino \u2013alkaen 1150 kg<\/li>\n<li class=\"p1\">Langaton k\u00e4ynnistys\/pys\u00e4ytys<\/li>\n<li class=\"p1\">L\u00e4ht\u00f6- ja paluul\u00e4mm\u00f6n digitaalinen n\u00e4ytt\u00f6<\/li>\n<li class=\"p1\">Vuotamattomat liit\u00e4nn\u00e4t<\/li>\n<li class=\"p1\">Suuri pumppukapasiteetti<\/li>\n<li class=\"p1\">Nostokorkeus maks. 60 m<\/li>\n<\/ol>\n<\/div>\n<div class=\"unit\">\n<p class=\"p1\"><span style=\"color: #ff0000;\"><br \/>\n<span style=\"color: #339966;\"><strong>Esimerkkej\u00e4 k\u00e4ytt\u00f6alueista<\/strong><\/span><\/span><\/p>\n<ul>\n<li class=\"p1\">Rakennusl\u00e4mmitys\/-kuivaus<\/li>\n<li class=\"p1\">Rakennustilojen ja esineiden l\u00e4mp\u00f6k\u00e4sittely<\/li>\n<li class=\"p1\">Tuholaistorjunta<\/li>\n<li class=\"p1\">Betonity\u00f6t<\/li>\n<li class=\"p1\">Vahinkoremontit<\/li>\n<\/ul>\n<\/div>\n<\/div>\n<hr \/>\n<div class=\"ingrid in-fourths\">\n<div class=\"unit\">\n<p><b>K\u00e4yt\u00e4nn\u00f6llinen letkuk\u00e4rry<\/b><\/p>\n<p class=\"p1\">CliWi W90<br \/>\nLaitteessa on tilaa kahdelle letkuk\u00e4rrylle. 92 metrin 5\/8&#8243; letkulle tai 40 metrin 1\u201d letkulle.<\/p>\n<\/div>\n<div class=\"unit\">\n<p><img loading=\"lazy\" decoding=\"async\" class=\"alignnone wp-image-39393 size-full\" title=\"HW 103 HH\" src=\"https:\/\/heatwork.com\/wp-content\/uploads\/2017\/11\/CliWi-slangevogn.jpg\" alt=\"\" width=\"158\" height=\"158\" srcset=\"https:\/\/heatwork.com\/wp-content\/uploads\/2017\/11\/CliWi-slangevogn.jpg 158w, https:\/\/heatwork.com\/wp-content\/uploads\/2017\/11\/CliWi-slangevogn-100x100.jpg 100w\" sizes=\"(max-width: 158px) 100vw, 158px\" \/><\/p>\n<\/div>\n<div class=\"unit\">\n<p><b>CliWi<\/b><\/p>\n<p class=\"p1\">CliWi on lyhennys sanoista &#8220;Climate Winner&#8221; &#8211; ymp\u00e4rist\u00f6voittaja, ja se on eritt\u00e4in ymp\u00e4rist\u00f6yst\u00e4v\u00e4llinen, \u00e4lyk\u00e4s ja tehokas tapa vaihtaa l\u00e4mp\u00f6\u00e4.<\/p>\n<\/div>\n<div class=\"unit\">\n<p><img loading=\"lazy\" decoding=\"async\" class=\"alignnone wp-image-39392 size-full\" title=\"HW 103 HH\" src=\"https:\/\/heatwork.com\/wp-content\/uploads\/2017\/11\/CliWi-produkter.jpg\" alt=\"\" width=\"158\" height=\"158\" srcset=\"https:\/\/heatwork.com\/wp-content\/uploads\/2017\/11\/CliWi-produkter.jpg 158w, https:\/\/heatwork.com\/wp-content\/uploads\/2017\/11\/CliWi-produkter-100x100.jpg 100w\" sizes=\"(max-width: 158px) 100vw, 158px\" \/><\/p>\n<\/div>\n<\/div>\n<hr \/>\n<p><b>Luo fossiili- ja p\u00e4\u00e4st\u00f6vapaa rakennuspaikka nestel\u00e4mmityksen uusimmalla tekniikalla<\/b><br \/>\n<a href=\"https:\/\/heatwork.com\/fi\/tuotteet\/cliwi\/\">CliWi &#8211; uusi patentoitu vaihdinteknologia &#8211; nestel\u00e4mmitys<\/a><\/p>\n","protected":false},"excerpt":{"rendered":"<p>&nbsp; HW 103 HH on erityiskehitetty laite rakennusten l\u00e4mmitykseen, kuivaamiseen, remontointiin, betonit\u00f6ihin, l\u00e4mp\u00f6k\u00e4sittelyyn, tuholaistorjuntaan&#8230; HW 103 HH on erityiskehitetty laite, jolla on suuri kapasiteetti, alhainen paino ja joka sopeutuu hyvin pieniin ja suuriin l\u00e4mp\u00f6teht\u00e4viin eri aloilla. Se on rakennettu tuottamaan suuren m\u00e4\u00e4r\u00e4n energiaa CliWi-tuotteiden avulla rakennuksiin, joissa on v\u00e4liaikainen l\u00e4mm\u00f6ntarve. Laite kuuluvine lis\u00e4laitteineen on tarkoitettu [&hellip;]<\/p>\n","protected":false},"author":8,"featured_media":39829,"parent":1666,"menu_order":4,"comment_status":"closed","ping_status":"closed","template":"","meta":{"_acf_changed":false,"footnotes":"","_links_to":"","_links_to_target":""},"class_list":["post-39887","page","type-page","status-publish","has-post-thumbnail"],"acf":[],"_links":{"self":[{"href":"https:\/\/heatwork.com\/fi\/wp-json\/wp\/v2\/pages\/39887"}],"collection":[{"href":"https:\/\/heatwork.com\/fi\/wp-json\/wp\/v2\/pages"}],"about":[{"href":"https:\/\/heatwork.com\/fi\/wp-json\/wp\/v2\/types\/page"}],"author":[{"embeddable":true,"href":"https:\/\/heatwork.com\/fi\/wp-json\/wp\/v2\/users\/8"}],"replies":[{"embeddable":true,"href":"https:\/\/heatwork.com\/fi\/wp-json\/wp\/v2\/comments?post=39887"}],"version-history":[{"count":2,"href":"https:\/\/heatwork.com\/fi\/wp-json\/wp\/v2\/pages\/39887\/revisions"}],"predecessor-version":[{"id":48961,"href":"https:\/\/heatwork.com\/fi\/wp-json\/wp\/v2\/pages\/39887\/revisions\/48961"}],"up":[{"embeddable":true,"href":"https:\/\/heatwork.com\/fi\/wp-json\/wp\/v2\/pages\/1666"}],"wp:featuredmedia":[{"embeddable":true,"href":"https:\/\/heatwork.com\/fi\/wp-json\/wp\/v2\/media\/39829"}],"wp:attachment":[{"href":"https:\/\/heatwork.com\/fi\/wp-json\/wp\/v2\/media?parent=39887"}],"curies":[{"name":"wp","href":"https:\/\/api.w.org\/{rel}","templated":true}]}}