{"id":39890,"date":"2017-11-08T08:32:19","date_gmt":"2017-11-08T07:32:19","guid":{"rendered":"https:\/\/heatwork.com\/kayttokohteet\/roudan-sulatus\/"},"modified":"2019-01-28T09:58:02","modified_gmt":"2019-01-28T08:58:02","slug":"roudan-sulatus","status":"publish","type":"page","link":"https:\/\/heatwork.com\/fi\/kayttokohteet\/roudan-sulatus\/","title":{"rendered":"Roudan sulatus"},"content":{"rendered":"<p><br \/>\n<\/p>\n<h2>HeatWork roudansulattaja roudan sulatukseen ja pakkassuojaukseen<\/h2>\n<p>Kokovuotinen k\u00e4ytt\u00f6 &#8211; suuri potentiaali<br \/>\nTalvella roudan ja lumen sulatus ovat t\u00e4rkeimm\u00e4t alueet, mutta HeatWorki\u00e4 k\u00e4ytet\u00e4\u00e4n paljon my\u00f6s l\u00e4mmitykseen, kuivaukseen ja betonin kontrolloituun kovetukseen. T\u00e4ll\u00e4 laitteella on paljon potentiaalia. Kes\u00e4kaudella on my\u00f6s mahdollisuuksia, joita ei aina ajattele, kuten veden l\u00e4mmitys, l\u00e4mm\u00f6nvaihdin rakennuksilla, tilaisuudet ja muut v\u00e4liaikaiset teht\u00e4v\u00e4t. T\u00e4ydellinen rakennusten\/hallien kuivaamiseen tai l\u00e4mmitt\u00e4miseen.<\/p>\n<ul>\n<li class=\"p1\">Lis\u00e4tuotteillamme saat suuret mahdollisuudet HeatWorkin k\u00e4ytt\u00f6\u00f6n vuoden ymp\u00e4ri!<\/li>\n<li class=\"p1\">Uutuus! CliWi rakennusl\u00e4mmitykseen ja nestekiertoisen lattial\u00e4mmityksen v\u00e4liaikaiseen k\u00e4ytt\u00f6\u00f6n.<\/li>\n<\/ul>\n<p class=\"p1\"><strong>Esimerkkej\u00e4 k\u00e4ytt\u00f6alueista<\/strong><\/span><\/p>\n<ul>\n<li class=\"p1\">Roudan, j\u00e4\u00e4n ja lumen sulatus<\/li>\n<li class=\"p1\">L\u00e4mm\u00f6n kontrolloitu lis\u00e4ys betonin kovettumiseen<\/li>\n<li class=\"p1\">Rakennusten\/autotallien\/ty\u00f6pajojen l\u00e4mmitys<\/li>\n<li class=\"p1\">Betonin esil\u00e4mmitys ennen eristeiden laittoa<\/li>\n<li class=\"p1\">Perustojen, kylttien, siltarumpujen ym. paikallinen sulatus<\/li>\n<li class=\"p1\">Materiaalien ja perustusten pakkassuojaus<\/li>\n<li class=\"p1\">Esil\u00e4mmitys talvivaluissa<\/li>\n<li class=\"p1\">Katon sulatus ennen katon pinnoitusta<\/li>\n<\/ul>\n<p><strong>Meilt\u00e4 saat roudansulatusvarusteet, taitavat ty\u00f6ntekij\u00e4si hoitavat homman!<\/strong><br \/>\nMitk\u00e4 tarpeesi ovat? Ota yhteytt\u00e4 ja pyyd\u00e4 sitomaton tarjous:<\/p>\n<div class=\"ingrid in-fourths\">\n<div class=\"unit\">\n<img loading=\"lazy\" decoding=\"async\" class=\"alignnone wp-image-35868 size-thumbnail\" title=\"roudansulattaja\" src=\"https:\/\/heatwork.com\/wp-content\/uploads\/2010\/11\/Tommy-290x290.jpg\" alt=\"\" width=\"210\" height=\"170\" srcset=\"https:\/\/heatwork.com\/wp-content\/uploads\/2010\/11\/Tommy-600x486.jpg 600w, https:\/\/heatwork.com\/wp-content\/uploads\/2010\/11\/Tommy-480x389.jpg 480w, https:\/\/heatwork.com\/wp-content\/uploads\/2010\/11\/Tommy-940x761.jpg 940w, https:\/\/heatwork.com\/wp-content\/uploads\/2010\/11\/Tommy-768x622.jpg 768w, https:\/\/heatwork.com\/wp-content\/uploads\/2010\/11\/Tommy-400x324.jpg 400w, https:\/\/heatwork.com\/wp-content\/uploads\/2010\/11\/Tommy-900x728.jpg 900w, https:\/\/heatwork.com\/wp-content\/uploads\/2010\/11\/Tommy-210x170.jpg 210w, https:\/\/heatwork.com\/wp-content\/uploads\/2010\/11\/Tommy-280x227.jpg 280w, https:\/\/heatwork.com\/wp-content\/uploads\/2010\/11\/Tommy-432x350.jpg 432w, https:\/\/heatwork.com\/wp-content\/uploads\/2010\/11\/Tommy.jpg 981w\" sizes=\"(max-width: 210px) 100vw, 210px\" \/><br \/>\n<strong>Myyntip\u00e4\u00e4llikk\u00f6<\/strong><br \/>\nTommy Larsen<br \/>\nPuh +47 909 25 048<br \/>\n<a href=\"mailto:tommy@heatwork.com\"><br \/>\ntommy@heatwork.com<\/a><\/div>\n<div class=\"unit\">\n<img loading=\"lazy\" decoding=\"async\" class=\"alignnone wp-image-35875 size-thumbnail\" title=\"roudansulattaja\" src=\"https:\/\/heatwork.com\/wp-content\/uploads\/2010\/11\/Rolf_Eirik-290x290.jpg\" alt=\"\" width=\"210\" height=\"170\" srcset=\"https:\/\/heatwork.com\/wp-content\/uploads\/2010\/11\/Rolf_Eirik-600x486.jpg 600w, https:\/\/heatwork.com\/wp-content\/uploads\/2010\/11\/Rolf_Eirik-480x389.jpg 480w, https:\/\/heatwork.com\/wp-content\/uploads\/2010\/11\/Rolf_Eirik-940x761.jpg 940w, https:\/\/heatwork.com\/wp-content\/uploads\/2010\/11\/Rolf_Eirik-768x622.jpg 768w, https:\/\/heatwork.com\/wp-content\/uploads\/2010\/11\/Rolf_Eirik-400x324.jpg 400w, https:\/\/heatwork.com\/wp-content\/uploads\/2010\/11\/Rolf_Eirik-900x729.jpg 900w, https:\/\/heatwork.com\/wp-content\/uploads\/2010\/11\/Rolf_Eirik-210x170.jpg 210w, https:\/\/heatwork.com\/wp-content\/uploads\/2010\/11\/Rolf_Eirik-280x227.jpg 280w, https:\/\/heatwork.com\/wp-content\/uploads\/2010\/11\/Rolf_Eirik-432x350.jpg 432w, https:\/\/heatwork.com\/wp-content\/uploads\/2010\/11\/Rolf_Eirik.jpg 1000w\" sizes=\"(max-width: 210px) 100vw, 210px\" \/><br \/>\n<strong>Pohjois-Norja<\/strong><br \/>\nRolf-Eirik Ivarsson<br \/>\nPuh +47 911 02 251<br \/>\n<a href=\"mailto:rolf-eirik@heatwork.com\"><br \/>\nrolf-eirik@heatwork.com<\/a><\/div>\n<div class=\"unit\">\n<img loading=\"lazy\" decoding=\"async\" class=\"alignnone wp-image-41891 size-thumbnail\" title=\"roudansulattaja\" src=\"https:\/\/heatwork.com\/wp-content\/uploads\/2010\/11\/Torstein-Bergli-HeatWork_web-290x290.jpg\" alt=\"\" width=\"210\" height=\"170\" srcset=\"https:\/\/heatwork.com\/wp-content\/uploads\/2010\/11\/Torstein-Bergli-HeatWork_web-600x485.jpg 600w, https:\/\/heatwork.com\/wp-content\/uploads\/2010\/11\/Torstein-Bergli-HeatWork_web-480x388.jpg 480w, https:\/\/heatwork.com\/wp-content\/uploads\/2010\/11\/Torstein-Bergli-HeatWork_web-768x621.jpg 768w, https:\/\/heatwork.com\/wp-content\/uploads\/2010\/11\/Torstein-Bergli-HeatWork_web-400x324.jpg 400w, https:\/\/heatwork.com\/wp-content\/uploads\/2010\/11\/Torstein-Bergli-HeatWork_web-210x170.jpg 210w, https:\/\/heatwork.com\/wp-content\/uploads\/2010\/11\/Torstein-Bergli-HeatWork_web-280x226.jpg 280w, https:\/\/heatwork.com\/wp-content\/uploads\/2010\/11\/Torstein-Bergli-HeatWork_web-433x350.jpg 433w, https:\/\/heatwork.com\/wp-content\/uploads\/2010\/11\/Torstein-Bergli-HeatWork_web.jpg 874w\" sizes=\"(max-width: 210px) 100vw, 210px\" \/><br \/>\n<strong>Etel\u00e4-Norja<\/strong><br \/>\nTorstein Bergli<br \/>\nPuh +47 482\u00a080 958<br \/>\n<a href=\"mailto:torstein@heatwork.com\"><br \/>\ntorstein@heatwork.com<\/a><\/div>\n<\/div>\n<p><strong>Ota yhteytt\u00e4 ja pyyd\u00e4 sitomaton tarjous<\/a><\/strong><br \/>\n<div class=\"wpforms-container wpforms-container-full\" id=\"wpforms-42287\"><form id=\"wpforms-form-42287\" class=\"wpforms-validate wpforms-form wpforms-ajax-form\" data-formid=\"42287\" method=\"post\" enctype=\"multipart\/form-data\" action=\"\/fi\/wp-json\/wp\/v2\/pages\/39890\" data-token=\"c9fa91599dd4324592b81568f927b44f\" data-token-time=\"1776588565\"><noscript class=\"wpforms-error-noscript\">Please enable JavaScript in your browser to complete this form.<\/noscript><div class=\"wpforms-field-container\"><div id=\"wpforms-42287-field_1-container\" class=\"wpforms-field wpforms-field-text wpforms-one-half wpforms-first\" data-field-id=\"1\"><label class=\"wpforms-field-label\" for=\"wpforms-42287-field_1\">Ditt navn - Your name <span class=\"wpforms-required-label\">*<\/span><\/label><input type=\"text\" id=\"wpforms-42287-field_1\" class=\"wpforms-field-large wpforms-field-required\" name=\"wpforms[fields][1]\" required><\/div><div id=\"wpforms-42287-field_2-container\" class=\"wpforms-field wpforms-field-email wpforms-one-half\" data-field-id=\"2\"><label class=\"wpforms-field-label\" for=\"wpforms-42287-field_2\">E-mail <span class=\"wpforms-required-label\">*<\/span><\/label><input type=\"email\" id=\"wpforms-42287-field_2\" class=\"wpforms-field-large wpforms-field-required\" name=\"wpforms[fields][2]\" spellcheck=\"false\" required><\/div><div id=\"wpforms-42287-field_3-container\" class=\"wpforms-field wpforms-field-text\" data-field-id=\"3\"><label class=\"wpforms-field-label\" for=\"wpforms-42287-field_3\">Emne - Subject<\/label><input type=\"text\" id=\"wpforms-42287-field_3\" class=\"wpforms-field-large\" name=\"wpforms[fields][3]\" ><\/div><div id=\"wpforms-42287-field_4-container\" class=\"wpforms-field wpforms-field-textarea\" data-field-id=\"4\"><label class=\"wpforms-field-label\" for=\"wpforms-42287-field_4\">Melding - Message<\/label><textarea id=\"wpforms-42287-field_4\" class=\"wpforms-field-medium\" name=\"wpforms[fields][4]\" ><\/textarea><\/div><div id=\"wpforms-42287-field_5-container\" class=\"wpforms-field wpforms-field-mailchimp\" data-field-id=\"5\"><ul id=\"\" class=\"\"><li class=\"choice-0 depth-1\"><input type=\"checkbox\" id=\"wpforms-42287-field_5_0\" name=\"wpforms[fields][5]\" value=\"1\"  ><label class=\"wpforms-field-label-inline\" for=\"wpforms-42287-field_5_0\">Sign-up to our newsletter?<\/label><\/li><\/ul><\/div><div id=\"wpforms-42287-field_7-container\" class=\"wpforms-field wpforms-field-hidden\" data-field-id=\"7\"><input type=\"hidden\" id=\"wpforms-42287-field_7\" name=\"wpforms[fields][7]\"><\/div><div id=\"wpforms-42287-field_8-container\" class=\"wpforms-field wpforms-field-hidden\" data-field-id=\"8\"><input type=\"hidden\" id=\"wpforms-42287-field_8\" name=\"wpforms[fields][8]\"><\/div><div id=\"wpforms-42287-field_10-container\" class=\"wpforms-field wpforms-field-html\" data-field-id=\"10\"><div id=\"wpforms-42287-field_10\"><\/div><\/div><\/div><!-- .wpforms-field-container --><div class=\"wpforms-field wpforms-field-hp\"><label for=\"wpforms-42287-field-hp\" class=\"wpforms-field-label\">Website<\/label><input type=\"text\" name=\"wpforms[hp]\" id=\"wpforms-42287-field-hp\" class=\"wpforms-field-medium\"><\/div><div class=\"wpforms-recaptcha-container wpforms-is-hcaptcha\" ><div class=\"g-recaptcha\" data-sitekey=\"fc846523-626e-455c-bc44-9504f9e01350\"><\/div><input type=\"text\" name=\"g-recaptcha-hidden\" class=\"wpforms-recaptcha-hidden\" style=\"position:absolute!important;clip:rect(0,0,0,0)!important;height:1px!important;width:1px!important;border:0!important;overflow:hidden!important;padding:0!important;margin:0!important;\" data-rule-hcaptcha=\"1\"><\/div><div class=\"wpforms-submit-container\" ><input type=\"hidden\" name=\"wpforms[id]\" value=\"42287\"><input type=\"hidden\" name=\"page_title\" value=\"\"><input type=\"hidden\" name=\"page_url\" value=\"https:\/\/heatwork.com\/fi\/wp-json\/wp\/v2\/pages\/39890\"><button type=\"submit\" name=\"wpforms[submit]\" id=\"wpforms-submit-42287\" class=\"wpforms-submit wide\" data-alt-text=\"Sending...\" data-submit-text=\"Send\" aria-live=\"assertive\" value=\"wpforms-submit\">Send<\/button><img loading=\"lazy\" decoding=\"async\" src=\"https:\/\/heatwork.com\/wp-content\/plugins\/wpforms\/assets\/images\/submit-spin.svg\" class=\"wpforms-submit-spinner\" style=\"display: none;\" width=\"26\" height=\"26\" alt=\"Loading\"><\/div><\/form><\/div>  <!-- .wpforms-container --><\/p>\n","protected":false},"excerpt":{"rendered":"<p>HeatWork roudansulattaja roudan sulatukseen ja pakkassuojaukseen Kokovuotinen k\u00e4ytt\u00f6 &#8211; suuri potentiaali Talvella roudan ja lumen sulatus ovat t\u00e4rkeimm\u00e4t alueet, mutta HeatWorki\u00e4 k\u00e4ytet\u00e4\u00e4n paljon my\u00f6s l\u00e4mmitykseen, kuivaukseen ja betonin kontrolloituun kovetukseen. T\u00e4ll\u00e4 laitteella on paljon potentiaalia. Kes\u00e4kaudella on my\u00f6s mahdollisuuksia, joita ei aina ajattele, kuten veden l\u00e4mmitys, l\u00e4mm\u00f6nvaihdin rakennuksilla, tilaisuudet ja muut v\u00e4liaikaiset teht\u00e4v\u00e4t. T\u00e4ydellinen rakennusten\/hallien [&hellip;]<\/p>\n","protected":false},"author":8,"featured_media":0,"parent":1771,"menu_order":10,"comment_status":"closed","ping_status":"closed","template":"","meta":{"_acf_changed":false,"footnotes":"","_links_to":"","_links_to_target":""},"class_list":["post-39890","page","type-page","status-publish"],"acf":[],"_links":{"self":[{"href":"https:\/\/heatwork.com\/fi\/wp-json\/wp\/v2\/pages\/39890"}],"collection":[{"href":"https:\/\/heatwork.com\/fi\/wp-json\/wp\/v2\/pages"}],"about":[{"href":"https:\/\/heatwork.com\/fi\/wp-json\/wp\/v2\/types\/page"}],"author":[{"embeddable":true,"href":"https:\/\/heatwork.com\/fi\/wp-json\/wp\/v2\/users\/8"}],"replies":[{"embeddable":true,"href":"https:\/\/heatwork.com\/fi\/wp-json\/wp\/v2\/comments?post=39890"}],"version-history":[{"count":0,"href":"https:\/\/heatwork.com\/fi\/wp-json\/wp\/v2\/pages\/39890\/revisions"}],"up":[{"embeddable":true,"href":"https:\/\/heatwork.com\/fi\/wp-json\/wp\/v2\/pages\/1771"}],"wp:attachment":[{"href":"https:\/\/heatwork.com\/fi\/wp-json\/wp\/v2\/media?parent=39890"}],"curies":[{"name":"wp","href":"https:\/\/api.w.org\/{rel}","templated":true}]}}