{"id":39893,"date":"2017-11-07T14:33:27","date_gmt":"2017-11-07T13:33:27","guid":{"rendered":"https:\/\/heatwork.com\/tuotteet\/roudan-sulatus\/"},"modified":"2022-09-21T13:00:56","modified_gmt":"2022-09-21T11:00:56","slug":"roudan-sulatus","status":"publish","type":"page","link":"https:\/\/heatwork.com\/fi\/tuotteet\/roudan-sulatus\/","title":{"rendered":"Roudansulatus"},"content":{"rendered":"<p><img loading=\"lazy\" decoding=\"async\" class=\"alignnone wp-image-39250 size-large\" title=\"Roudansulatus HeatWorkill\u00e4\" src=\"https:\/\/heatwork.com\/wp-content\/uploads\/2017\/11\/Teletining-med-HeatWork-940x205.jpg\" alt=\"roudansulatus\" width=\"940\" height=\"205\" srcset=\"https:\/\/heatwork.com\/wp-content\/uploads\/2017\/11\/Teletining-med-HeatWork-940x205.jpg 940w, https:\/\/heatwork.com\/wp-content\/uploads\/2017\/11\/Teletining-med-HeatWork-480x105.jpg 480w, https:\/\/heatwork.com\/wp-content\/uploads\/2017\/11\/Teletining-med-HeatWork-768x168.jpg 768w, https:\/\/heatwork.com\/wp-content\/uploads\/2017\/11\/Teletining-med-HeatWork-1536x336.jpg 1536w, https:\/\/heatwork.com\/wp-content\/uploads\/2017\/11\/Teletining-med-HeatWork-1500x328.jpg 1500w, https:\/\/heatwork.com\/wp-content\/uploads\/2017\/11\/Teletining-med-HeatWork-600x131.jpg 600w, https:\/\/heatwork.com\/wp-content\/uploads\/2017\/11\/Teletining-med-HeatWork-400x87.jpg 400w, https:\/\/heatwork.com\/wp-content\/uploads\/2017\/11\/Teletining-med-HeatWork-900x197.jpg 900w, https:\/\/heatwork.com\/wp-content\/uploads\/2017\/11\/Teletining-med-HeatWork-280x61.jpg 280w, https:\/\/heatwork.com\/wp-content\/uploads\/2017\/11\/Teletining-med-HeatWork-1024x224.jpg 1024w, https:\/\/heatwork.com\/wp-content\/uploads\/2017\/11\/Teletining-med-HeatWork.jpg 2000w\" sizes=\"(max-width: 940px) 100vw, 940px\" \/><\/p>\n<h2>Roudansulatus HeatWorkill\u00e4 on yksinkertaista, tehokasta ja taloudellista<\/h2>\n<p>Talvi on ollut perinteisesti &#8220;odotusaikaa&#8221; rakennus- ja laitosalalla, eiv\u00e4tk\u00e4 kaikki yhdist\u00e4 talvea ja pakkasta perustust\u00f6ihin, kaivamiseen tai kivetysten tekoon. Nestekiertoinen teknologiamme mahdollistaa roudan yksinkertaisen sulattamisen, tai miss\u00e4 tarpeellista, mahdollistaa toiminnan yll\u00e4pit\u00e4misen talven l\u00e4pi.<\/p>\n<p><strong>Tied\u00e4mme, ett\u00e4 pys\u00e4ytykset maksavat sinulle paljon<\/strong><br \/>\nK\u00e4ytt\u00e4m\u00e4ll\u00e4 HeatWorkin roudansulattajaa saat kilpailuedun ja voit ty\u00f6skennell\u00e4 l\u00e4pi koko vuoden, riippumatta tuulesta ja tuiskusta. Roudan, lumen ja j\u00e4\u00e4n sulatus ei ole en\u00e4\u00e4 haaste alalla. Asiakkaamme v\u00e4ltt\u00e4v\u00e4t tuotantopys\u00e4ytykset ja ty\u00f6ntekij\u00f6iden lomautukset.<\/p>\n<hr \/>\n<h3>Miten HeatWork sulattaa tuplasti nopeammin?<\/h3>\n<p>Siihen on useita syit\u00e4. Ensinn\u00e4kin vain HeatWork tuottaa 100\u00b0C uusilla laitteilla. Kattilakapasiteettimme on jopa 103 kW. Lis\u00e4ksi laite toimitetaan suuremmalla pumppukapasiteetilla, kuin muut markkinoilla olijat. Siten voit sulattaa 40-80 cm vuorokaudessa HeatWorkin roudansulattajalla. Laitteistomme mahdollistaa 200 m2 alueen sulattamisen (400 m2 lis\u00e4rummulla) vuorokaudessa.<\/p>\n<p><a href=\"https:\/\/heatwork.com\/fi\/2016\/02\/bk-anlegg-kokeili-heatworkiae-kilpailijaa-vastaan\/\"><strong>BK Anlegg testasi HeatWorki\u00e4 kilpailijaa vastaan<\/strong><\/a><\/p>\n<p><img loading=\"lazy\" decoding=\"async\" class=\"alignnone wp-image-41710 size-large\" title=\"Roudansulatus\" src=\"https:\/\/heatwork.com\/wp-content\/uploads\/2017\/11\/100-koneissamme-heatwork-FI-2-940x248.jpg\" alt=\"\" width=\"940\" height=\"248\" srcset=\"https:\/\/heatwork.com\/wp-content\/uploads\/2017\/11\/100-koneissamme-heatwork-FI-2-940x248.jpg 940w, https:\/\/heatwork.com\/wp-content\/uploads\/2017\/11\/100-koneissamme-heatwork-FI-2-480x127.jpg 480w, https:\/\/heatwork.com\/wp-content\/uploads\/2017\/11\/100-koneissamme-heatwork-FI-2-768x202.jpg 768w, https:\/\/heatwork.com\/wp-content\/uploads\/2017\/11\/100-koneissamme-heatwork-FI-2-600x158.jpg 600w, https:\/\/heatwork.com\/wp-content\/uploads\/2017\/11\/100-koneissamme-heatwork-FI-2.jpg 1434w\" sizes=\"(max-width: 940px) 100vw, 940px\" \/><\/p>\n<hr \/>\n<h3>Miten roudansulatus toimii HeatWorkill\u00e4?<\/h3>\n<ol>\n<li>Joustavat l\u00e4mp\u00f6letkut levitet\u00e4\u00e4n alueelle, joka sulatetaan, kovetetaan tai suojataan pakkaselta.<\/li>\n<li>HeatWorkin nestekiertoinen l\u00e4mp\u00f6 kiert\u00e4\u00e4 suljetussa j\u00e4rjestelm\u00e4ss\u00e4 ja l\u00e4mmitt\u00e4\u00e4 maata suoraan.<\/li>\n<li>Letkut peitet\u00e4\u00e4n HeatWorksin heijastavilla eristysmatoilla l\u00e4mm\u00f6nsiirron maksimoimiseksi ja l\u00e4mp\u00f6h\u00e4vikin v\u00e4ltt\u00e4miseksi.<\/li>\n<li>Maamassan kosteus l\u00e4mpi\u00e4\u00e4 ja sulattaa maaper\u00e4\u00e4 nopeasti ja tehokkaasti, 40 &#8211; 80 cm vuorokaudessa, riippuen maaper\u00e4n olosuhteista.<\/li>\n<li>HeatWorkiss\u00e4 on korkea tehoaste ja se on eritt\u00e4in energiatehokas. T\u00e4m\u00e4 johtuu muun muassa korkeasta l\u00e4ht\u00f6-\/paluul\u00e4mm\u00f6st\u00e4, letkupiirist\u00e4 ja voimakkaasta pumpusta.<\/li>\n<li>Laite toimii miehitt\u00e4m\u00e4tt\u00f6m\u00e4n\u00e4, kunnes sulatus on valmis. Sis\u00e4lt\u00e4\u00e4 GPS ja GSM -ohjausyksik\u00f6n, joka varoittaa mahdollisista vikatilanteista.<\/li>\n<\/ol>\n<p>&nbsp;<\/p>\n<p><img loading=\"lazy\" decoding=\"async\" class=\"alignnone wp-image-14667\" title=\"Roudansulatus\" src=\"https:\/\/heatwork.com\/wp-content\/uploads\/2010\/11\/slanger-matte-webversjon1.gif\" alt=\"teletiner-slanger-matte-webversjon\" width=\"1277\" height=\"400\" \/><\/p>\n<hr \/>\n<div class=\"ingrid in-thirds\">\n<div class=\"unit\">\n<h4>Testikuvaus ja perustelut:<\/h4>\n<ol>\n<li>Roudansulattaja FrostHeater\u00a0100\u00b0C &#8211; vastaan vastaava laite markkinoilla &#8211; 80\u00b0C<\/li>\n<li>Tohtoristipendiaatti Svein-Erik Sveen Narvikin korkeakoulusta on suorittanut useita kokeita. &#8220;Maaper\u00e4n roudan tutkimisen problematiikka&#8221;<\/li>\n<li>HW-eristysmatot<\/li>\n<li>Suurempi pumppukapasiteetti<\/li>\n<li>Lyhyemm\u00e4t letkukierrot<\/li>\n<\/ol>\n<\/div>\n<div class=\"unit\" style=\"text-align: left;\">\n<h4>K\u00e4ytt\u00f6 arvo asiakkaille:<\/h4>\n<ol>\n<li>Suuremmat taloudelliset voitot suhteessa suunnitteluun ja aikaan<\/li>\n<li>Ty\u00f6 valmistuu suunnitelmien mukaan ja laskutetaan<\/li>\n<li>Tyytyv\u00e4iset asiakkaat ja k\u00e4ytt\u00e4j\u00e4t<\/li>\n<li>Markkinoiden ymp\u00e4rist\u00f6yst\u00e4v\u00e4llisin ja tuottavin sulatus- ja l\u00e4mmitysvaihtoehto.<\/li>\n<li>0-100 \u00b0C<\/li>\n<li>Paino alle 2000 kg<\/li>\n<li>Norjalaista muotoilua ja laatua<\/li>\n<li>Samaa laitteistoa voi k\u00e4ytt\u00e4\u00e4 koko vuoden eri teht\u00e4viin<\/li>\n<\/ol>\n<\/div>\n<div class=\"unit\" style=\"text-align: left;\">\n<h4>HeatWork sulattaa kaksi kertaa nopeammin:<\/h4>\n<p><img loading=\"lazy\" decoding=\"async\" class=\"alignleft wp-image-31673 size-medium\" title=\"Roudansulatus HeatWorkill\u00e4\" src=\"https:\/\/heatwork.com\/wp-content\/uploads\/2010\/11\/test-362x480.jpg\" alt=\"Sulattaa tuplasti nopeammin.\" width=\"249\" height=\"280\" \/><\/p>\n<\/div>\n<\/div>\n<hr \/>\n<p><a style=\"color: #ff0000;\" href=\"https:\/\/heatwork.com\/2016\/10\/leie-eie-teletiner-spor-heatwork\/\"><br \/>\n<\/a><strong><a href=\"https:\/\/heatwork.com\/fi\/2016\/10\/omistaa-vai-vuokrata-kysy-heatworkiae\/\">Aiotko vuokrata tai ostaa roudansulattajan, katso tarkistuslista T\u00c4ST\u00c4<\/a><\/strong><\/p>\n<p><strong>Meill\u00e4 on laitteistot, taitavat ty\u00f6ntekij\u00e4si hoitavat hommat!<\/strong><br \/>\nJos sinulla on kysymyksi\u00e4 roudansulatuksesta, ota yhteytt\u00e4:<\/p>\n<div class=\"ingrid in-fourths\">\n<div class=\"unit\"><img loading=\"lazy\" decoding=\"async\" class=\"alignnone wp-image-35854\" src=\"https:\/\/heatwork.com\/wp-content\/uploads\/2010\/11\/Jens-copy-290x290.jpg\" alt=\"\" width=\"210\" height=\"170\" srcset=\"https:\/\/heatwork.com\/wp-content\/uploads\/2010\/11\/Jens-copy-600x486.jpg 600w, https:\/\/heatwork.com\/wp-content\/uploads\/2010\/11\/Jens-copy-480x389.jpg 480w, https:\/\/heatwork.com\/wp-content\/uploads\/2010\/11\/Jens-copy-940x761.jpg 940w, https:\/\/heatwork.com\/wp-content\/uploads\/2010\/11\/Jens-copy-768x622.jpg 768w, https:\/\/heatwork.com\/wp-content\/uploads\/2010\/11\/Jens-copy-400x324.jpg 400w, https:\/\/heatwork.com\/wp-content\/uploads\/2010\/11\/Jens-copy-900x729.jpg 900w, https:\/\/heatwork.com\/wp-content\/uploads\/2010\/11\/Jens-copy-210x170.jpg 210w, https:\/\/heatwork.com\/wp-content\/uploads\/2010\/11\/Jens-copy-280x227.jpg 280w, https:\/\/heatwork.com\/wp-content\/uploads\/2010\/11\/Jens-copy-1024x829.jpg 1024w, https:\/\/heatwork.com\/wp-content\/uploads\/2010\/11\/Jens-copy-432x350.jpg 432w, https:\/\/heatwork.com\/wp-content\/uploads\/2010\/11\/Jens-copy.jpg 1134w\" sizes=\"(max-width: 210px) 100vw, 210px\" \/><br \/>\n<strong>SUOMI<\/strong><br \/>\nJens Heinonen<br \/>\ntlf: +358 40 735 6669<br \/>\n<a href=\"mailto:jens@heatwork.com\">jens@heatwork.com<\/a><\/div>\n<div class=\"unit\"><\/div>\n<\/div>\n<div class=\"wpforms-container wpforms-container-full\" id=\"wpforms-42287\"><form id=\"wpforms-form-42287\" class=\"wpforms-validate wpforms-form wpforms-ajax-form\" data-formid=\"42287\" method=\"post\" enctype=\"multipart\/form-data\" action=\"\/fi\/wp-json\/wp\/v2\/pages\/39893\" data-token=\"0917f1488e3197d55d114829c343debc\" data-token-time=\"1775821449\"><noscript class=\"wpforms-error-noscript\">Please enable JavaScript in your browser to complete this form.<\/noscript><div class=\"wpforms-field-container\"><div id=\"wpforms-42287-field_1-container\" class=\"wpforms-field wpforms-field-text wpforms-one-half wpforms-first\" data-field-id=\"1\"><label class=\"wpforms-field-label\" for=\"wpforms-42287-field_1\">Ditt navn - Your name <span class=\"wpforms-required-label\">*<\/span><\/label><input type=\"text\" id=\"wpforms-42287-field_1\" class=\"wpforms-field-large wpforms-field-required\" name=\"wpforms[fields][1]\" required><\/div><div id=\"wpforms-42287-field_2-container\" class=\"wpforms-field wpforms-field-email wpforms-one-half\" data-field-id=\"2\"><label class=\"wpforms-field-label\" for=\"wpforms-42287-field_2\">E-mail <span class=\"wpforms-required-label\">*<\/span><\/label><input type=\"email\" id=\"wpforms-42287-field_2\" class=\"wpforms-field-large wpforms-field-required\" name=\"wpforms[fields][2]\" spellcheck=\"false\" required><\/div><div id=\"wpforms-42287-field_3-container\" class=\"wpforms-field wpforms-field-text\" data-field-id=\"3\"><label class=\"wpforms-field-label\" for=\"wpforms-42287-field_3\">Emne - Subject<\/label><input type=\"text\" id=\"wpforms-42287-field_3\" class=\"wpforms-field-large\" name=\"wpforms[fields][3]\" ><\/div><div id=\"wpforms-42287-field_4-container\" class=\"wpforms-field wpforms-field-textarea\" data-field-id=\"4\"><label class=\"wpforms-field-label\" for=\"wpforms-42287-field_4\">Melding - Message<\/label><textarea id=\"wpforms-42287-field_4\" class=\"wpforms-field-medium\" name=\"wpforms[fields][4]\" ><\/textarea><\/div><div id=\"wpforms-42287-field_5-container\" class=\"wpforms-field wpforms-field-mailchimp\" data-field-id=\"5\"><ul id=\"\" class=\"\"><li class=\"choice-0 depth-1\"><input type=\"checkbox\" id=\"wpforms-42287-field_5_0\" name=\"wpforms[fields][5]\" value=\"1\"  ><label class=\"wpforms-field-label-inline\" for=\"wpforms-42287-field_5_0\">Sign-up to our newsletter?<\/label><\/li><\/ul><\/div><div id=\"wpforms-42287-field_7-container\" class=\"wpforms-field wpforms-field-hidden\" data-field-id=\"7\"><input type=\"hidden\" id=\"wpforms-42287-field_7\" name=\"wpforms[fields][7]\"><\/div><div id=\"wpforms-42287-field_8-container\" class=\"wpforms-field wpforms-field-hidden\" data-field-id=\"8\"><input type=\"hidden\" id=\"wpforms-42287-field_8\" name=\"wpforms[fields][8]\"><\/div><div id=\"wpforms-42287-field_10-container\" class=\"wpforms-field wpforms-field-html\" data-field-id=\"10\"><div id=\"wpforms-42287-field_10\"><\/div><\/div><\/div><!-- .wpforms-field-container --><div class=\"wpforms-field wpforms-field-hp\"><label for=\"wpforms-42287-field-hp\" class=\"wpforms-field-label\">Message<\/label><input type=\"text\" name=\"wpforms[hp]\" id=\"wpforms-42287-field-hp\" class=\"wpforms-field-medium\"><\/div><div class=\"wpforms-recaptcha-container wpforms-is-hcaptcha\" ><div class=\"g-recaptcha\" data-sitekey=\"fc846523-626e-455c-bc44-9504f9e01350\"><\/div><input type=\"text\" name=\"g-recaptcha-hidden\" class=\"wpforms-recaptcha-hidden\" style=\"position:absolute!important;clip:rect(0,0,0,0)!important;height:1px!important;width:1px!important;border:0!important;overflow:hidden!important;padding:0!important;margin:0!important;\" data-rule-hcaptcha=\"1\"><\/div><div class=\"wpforms-submit-container\" ><input type=\"hidden\" name=\"wpforms[id]\" value=\"42287\"><input type=\"hidden\" name=\"page_title\" value=\"\"><input type=\"hidden\" name=\"page_url\" value=\"https:\/\/heatwork.com\/fi\/wp-json\/wp\/v2\/pages\/39893\"><button type=\"submit\" name=\"wpforms[submit]\" id=\"wpforms-submit-42287\" class=\"wpforms-submit wide\" data-alt-text=\"Sending...\" data-submit-text=\"Send\" aria-live=\"assertive\" value=\"wpforms-submit\">Send<\/button><img loading=\"lazy\" decoding=\"async\" src=\"https:\/\/heatwork.com\/wp-content\/plugins\/wpforms\/assets\/images\/submit-spin.svg\" class=\"wpforms-submit-spinner\" style=\"display: none;\" width=\"26\" height=\"26\" alt=\"Loading\"><\/div><\/form><\/div>  <!-- .wpforms-container -->\n","protected":false},"excerpt":{"rendered":"<p>Roudansulatus HeatWorkill\u00e4 on yksinkertaista, tehokasta ja taloudellista Talvi on ollut perinteisesti &#8220;odotusaikaa&#8221; rakennus- ja laitosalalla, eiv\u00e4tk\u00e4 kaikki yhdist\u00e4 talvea ja pakkasta perustust\u00f6ihin, kaivamiseen tai kivetysten tekoon. Nestekiertoinen teknologiamme mahdollistaa roudan yksinkertaisen sulattamisen, tai miss\u00e4 tarpeellista, mahdollistaa toiminnan yll\u00e4pit\u00e4misen talven l\u00e4pi. Tied\u00e4mme, ett\u00e4 pys\u00e4ytykset maksavat sinulle paljon K\u00e4ytt\u00e4m\u00e4ll\u00e4 HeatWorkin roudansulattajaa saat kilpailuedun ja voit ty\u00f6skennell\u00e4 l\u00e4pi [&hellip;]<\/p>\n","protected":false},"author":8,"featured_media":48824,"parent":1666,"menu_order":10,"comment_status":"closed","ping_status":"closed","template":"","meta":{"_acf_changed":false,"footnotes":"","_links_to":"","_links_to_target":""},"class_list":["post-39893","page","type-page","status-publish","has-post-thumbnail"],"acf":[],"_links":{"self":[{"href":"https:\/\/heatwork.com\/fi\/wp-json\/wp\/v2\/pages\/39893"}],"collection":[{"href":"https:\/\/heatwork.com\/fi\/wp-json\/wp\/v2\/pages"}],"about":[{"href":"https:\/\/heatwork.com\/fi\/wp-json\/wp\/v2\/types\/page"}],"author":[{"embeddable":true,"href":"https:\/\/heatwork.com\/fi\/wp-json\/wp\/v2\/users\/8"}],"replies":[{"embeddable":true,"href":"https:\/\/heatwork.com\/fi\/wp-json\/wp\/v2\/comments?post=39893"}],"version-history":[{"count":3,"href":"https:\/\/heatwork.com\/fi\/wp-json\/wp\/v2\/pages\/39893\/revisions"}],"predecessor-version":[{"id":49759,"href":"https:\/\/heatwork.com\/fi\/wp-json\/wp\/v2\/pages\/39893\/revisions\/49759"}],"up":[{"embeddable":true,"href":"https:\/\/heatwork.com\/fi\/wp-json\/wp\/v2\/pages\/1666"}],"wp:featuredmedia":[{"embeddable":true,"href":"https:\/\/heatwork.com\/fi\/wp-json\/wp\/v2\/media\/48824"}],"wp:attachment":[{"href":"https:\/\/heatwork.com\/fi\/wp-json\/wp\/v2\/media?parent=39893"}],"curies":[{"name":"wp","href":"https:\/\/api.w.org\/{rel}","templated":true}]}}