{"id":40041,"date":"2017-11-10T10:50:54","date_gmt":"2017-11-10T09:50:54","guid":{"rendered":"https:\/\/heatwork.com\/?page_id=40041"},"modified":"2018-10-08T12:56:06","modified_gmt":"2018-10-08T10:56:06","slug":"tekniset-tiedot","status":"publish","type":"page","link":"https:\/\/heatwork.com\/fi\/tuotteet\/hw-103-hh\/tekniset-tiedot\/","title":{"rendered":"Tekniset tiedot"},"content":{"rendered":"<p>HW 103 HH &#8211; hydronic heating<br \/>\n\n<table id=\"tablepress-58\" class=\"tablepress tablepress-id-58\">\n<thead>\n<tr class=\"row-1 odd\">\n\t<th class=\"column-1\">Tekninen erittely<\/th><th class=\"column-2\">HW 103 HH<\/th>\n<\/tr>\n<\/thead>\n<tbody>\n<tr class=\"row-2 even\">\n\t<td class=\"column-1\">Paino ilman polttoainetta ja aggregaattia<\/td><td class=\"column-2\">1150 kg<\/td>\n<\/tr>\n<tr class=\"row-3 odd\">\n\t<td class=\"column-1\">Paino sis. polttoaineen ja aggregaatin<\/td><td class=\"column-2\">1600 kg<\/td>\n<\/tr>\n<tr class=\"row-4 even\">\n\t<td class=\"column-1\">Pumpun kapasiteetti, vaihtoehto 1<br \/>\nPumpun kapasiteetti, vaihtoehto 2<\/td><td class=\"column-2\">6000 v\/3,2 bar<br \/>\n9600 v\/3,2 bar<\/td>\n<\/tr>\n<tr class=\"row-5 odd\">\n\t<td class=\"column-1\">J\u00e4rjestelm\u00e4paine normaalik\u00e4yt\u00f6ss\u00e4<\/td><td class=\"column-2\">K\u00e4ynnist\u00e4ess\u00e4 2-6 bar. Ajon aikana 2-6 bar<\/td>\n<\/tr>\n<tr class=\"row-6 even\">\n\t<td class=\"column-1\">Maksimil\u00e4mp\u00f6teho<\/td><td class=\"column-2\">103 kW<\/td>\n<\/tr>\n<tr class=\"row-7 odd\">\n\t<td class=\"column-1\">Polttimen tyyppi<\/td><td class=\"column-2\">1-tehoinen<\/td>\n<\/tr>\n<tr class=\"row-8 even\">\n\t<td class=\"column-1\">L\u00e4mp\u00f6tekninen tehoaste<\/td><td class=\"column-2\">94% <\/td>\n<\/tr>\n<tr class=\"row-9 odd\">\n\t<td class=\"column-1\">Nesteen l\u00e4mp\u00f6tila<\/td><td class=\"column-2\">S\u00e4\u00e4dett\u00e4viss\u00e4 0-105\u00b0C (Flow temperatur)<\/td>\n<\/tr>\n<tr class=\"row-10 even\">\n\t<td class=\"column-1\">Polttoaineenkulutus<\/td><td class=\"column-2\">Korkeintaan 9,0 litraa\/h polttimen jatkuvassa k\u00e4yt\u00f6ss\u00e4<\/td>\n<\/tr>\n<tr class=\"row-11 odd\">\n\t<td class=\"column-1\">Diesel<\/td><td class=\"column-2\">Talvidiesel, arktinen 2-luokka \/ EN 15940 \/ Biodiesel BFO2G<\/td>\n<\/tr>\n<tr class=\"row-12 even\">\n\t<td class=\"column-1\">Diesels\u00e4ili\u00f6n tilavuus<\/td><td class=\"column-2\">320 litraa<\/td>\n<\/tr>\n<tr class=\"row-13 odd\">\n\t<td class=\"column-1\">HW HTF - neste<\/td><td class=\"column-2\">HW HTF<\/td>\n<\/tr>\n<tr class=\"row-14 even\">\n\t<td class=\"column-1\">HW HTF-s\u00e4ili\u00f6n tilavuus<\/td><td class=\"column-2\">Noin 50 litraa<\/td>\n<\/tr>\n<tr class=\"row-15 odd\">\n\t<td class=\"column-1\">Teollinen HW-letku <\/td><td class=\"column-2\">Lujitettu l\u00e4mmitysletku. L\u00e4mp\u00f6tila max. 120\u00b0C. Enimm\u00e4ispaine 30 bar<\/td>\n<\/tr>\n<tr class=\"row-16 even\">\n\t<td class=\"column-1\">S\u00e4hk\u00f6liit\u00e4nt\u00e4 \/ s\u00e4hk\u00f6n kulutus<\/td><td class=\"column-2\">230V\/16A<\/td>\n<\/tr>\n<tr class=\"row-17 odd\">\n\t<td class=\"column-1\">Ulkoinen liit\u00e4nt\u00e4 diesels\u00e4ili\u00f6\u00f6n<\/td><td class=\"column-2\">Sis\u00e4ltyy<\/td>\n<\/tr>\n<tr class=\"row-18 even\">\n\t<td class=\"column-1\">Huoltoluukut<\/td><td class=\"column-2\">4 ovea huollon helpottamiseksi<\/td>\n<\/tr>\n<tr class=\"row-19 odd\">\n\t<td class=\"column-1\"><b>Asennuksen lis\u00e4varusteet:<\/b><\/td><td class=\"column-2\"><\/td>\n<\/tr>\n<tr class=\"row-20 even\">\n\t<td class=\"column-1\">\u2022 GSM-valvonta<\/td><td class=\"column-2\">Varoittaa tekstiviestill\u00e4 h\u00e4iri\u00f6tilanteissa<\/td>\n<\/tr>\n<tr class=\"row-21 odd\">\n\t<td class=\"column-1\">\u2022 GPS Track Unit<\/td><td class=\"column-2\">GPS-paikannus ja k\u00e4ytt\u00f6historia (tilauksesta)<\/td>\n<\/tr>\n<tr class=\"row-22 even\">\n\t<td class=\"column-1\">\u00c4\u00e4nieristetty generaattori<\/td><td class=\"column-2\">Cummins 4,8 kW, nestej\u00e4\u00e4hdytteinen, 2-sylinterinen moottori<\/td>\n<\/tr>\n<tr class=\"row-23 odd\">\n\t<td class=\"column-1\">\u2022 Autostart-aggregaatti<\/td><td class=\"column-2\">Aggregaatti k\u00e4ynnistyy automaattisesti verkkovirran loppuessa<\/td>\n<\/tr>\n<tr class=\"row-24 even\">\n\t<td class=\"column-1\">\u2022 Ylij\u00e4nnitesuoja<\/td><td class=\"column-2\">Suojaa s\u00e4hk\u00f6piikeilt\u00e4<\/td>\n<\/tr>\n<tr class=\"row-25 odd\">\n\t<td class=\"column-1\">\u2022 Automaattinen ilmaus<\/td><td class=\"column-2\">Polttimen automaattinen ilmaus<\/td>\n<\/tr>\n<tr class=\"row-26 even\">\n\t<td class=\"column-1\">\u2022 Ylim\u00e4\u00e4r\u00e4inen pistorasia<\/td><td class=\"column-2\">16 A pistorasia s\u00e4hk\u00f6aggregaatissa<\/td>\n<\/tr>\n<tr class=\"row-27 odd\">\n\t<td class=\"column-1\">\u2022 LED-valomasto<\/td><td class=\"column-2\">LED-valonheitin - K\u00e4yt\u00e4nn\u00f6llinen ja vankkarakenteinen valonheitin. Kiinnitet\u00e4\u00e4n koneeseen<\/td>\n<\/tr>\n<\/tbody>\n<\/table>\n<\/p>\n","protected":false},"excerpt":{"rendered":"<p>HW 103 HH &#8211; hydronic heating<\/p>\n","protected":false},"author":8,"featured_media":0,"parent":39887,"menu_order":0,"comment_status":"closed","ping_status":"closed","template":"","meta":{"_acf_changed":false,"footnotes":"","_links_to":"","_links_to_target":""},"class_list":["post-40041","page","type-page","status-publish"],"acf":[],"_links":{"self":[{"href":"https:\/\/heatwork.com\/fi\/wp-json\/wp\/v2\/pages\/40041"}],"collection":[{"href":"https:\/\/heatwork.com\/fi\/wp-json\/wp\/v2\/pages"}],"about":[{"href":"https:\/\/heatwork.com\/fi\/wp-json\/wp\/v2\/types\/page"}],"author":[{"embeddable":true,"href":"https:\/\/heatwork.com\/fi\/wp-json\/wp\/v2\/users\/8"}],"replies":[{"embeddable":true,"href":"https:\/\/heatwork.com\/fi\/wp-json\/wp\/v2\/comments?post=40041"}],"version-history":[{"count":0,"href":"https:\/\/heatwork.com\/fi\/wp-json\/wp\/v2\/pages\/40041\/revisions"}],"up":[{"embeddable":true,"href":"https:\/\/heatwork.com\/fi\/wp-json\/wp\/v2\/pages\/39887"}],"wp:attachment":[{"href":"https:\/\/heatwork.com\/fi\/wp-json\/wp\/v2\/media?parent=40041"}],"curies":[{"name":"wp","href":"https:\/\/api.w.org\/{rel}","templated":true}]}}