{"id":41359,"date":"2018-05-22T10:26:46","date_gmt":"2018-05-22T08:26:46","guid":{"rendered":"https:\/\/heatwork.com\/?page_id=41359"},"modified":"2018-06-11T09:12:07","modified_gmt":"2018-06-11T07:12:07","slug":"heatworkin-henkilosuoja","status":"publish","type":"page","link":"https:\/\/heatwork.com\/fi\/heatworkin-henkilosuoja\/","title":{"rendered":"HeatWorkin henkil\u00f6suoja"},"content":{"rendered":"<h2>HeatWorkin henkil\u00f6suoja<\/h2>\n<p>Meille on HeatWorkissa t\u00e4rke\u00e4\u00e4 suojata henkil\u00f6tietojasi. T\u00e4ss\u00e4 tiedotteessa kerromme, miten ker\u00e4\u00e4mme tietoja. Ty\u00f6skentelemme jatkuvasti tarjotaksemme sinulle k\u00e4ytt\u00e4j\u00e4n\u00e4 hyvi\u00e4 kokemuksia osoitteessa heatwork.com. Onnistuaksemme siin\u00e4 ker\u00e4\u00e4mme talteen tietoja k\u00e4ytt\u00e4j\u00e4malleista sek\u00e4 henkil\u00f6tietoja. T\u00e4lt\u00e4 sivulta l\u00f6yd\u00e4t kattavat tiedot siit\u00e4, miten n\u00e4it\u00e4 tietoja k\u00e4sitell\u00e4\u00e4n, sek\u00e4 miten voit k\u00e4ytt\u00e4j\u00e4n\u00e4 p\u00e4\u00e4st\u00e4 k\u00e4siksi itse\u00e4si koskeviin tietoihin, muuttaa niit\u00e4 tai poistaa ne.<\/p>\n<p>T\u00e4m\u00e4 henkil\u00f6suojatiedote kertoo, mit\u00e4 tietoja HeatWork ker\u00e4\u00e4 asiakkaistaan, miten ja miksi tietoja ker\u00e4t\u00e4\u00e4n ja k\u00e4ytet\u00e4\u00e4n sek\u00e4 miten otamme huomioon asiakkaiden oikeudet ja henkil\u00f6suojalains\u00e4\u00e4d\u00e4nn\u00f6n m\u00e4\u00e4r\u00e4ykset. HeatWork AS on tietojen k\u00e4sittelij\u00e4n ominaisuudessa vastuussa kaikista meille rekister\u00f6innin kautta annetuista tiedoista.<\/p>\n<p>Henkil\u00f6tietojen ker\u00e4yst\u00e4, tallennusta, kokoamista, luovutusta ja muuta k\u00e4sittely\u00e4 s\u00e4\u00e4dell\u00e4\u00e4n henkil\u00f6tietolaissa. Laki asettaa muun muassa tiukat vaatimukset salassapidon ja turvallisuuden osalta henkil\u00f6tietojen k\u00e4sittelyn yhteydess\u00e4. HeatWork AS noudattaa lains\u00e4\u00e4d\u00e4nt\u00f6\u00e4 ja vaatii vastaavasti markkinoinnin yms. parissa toimivilta yhteisty\u00f6kumppaneitaan samaa. Kansallinen tietosuojavaltuutettu valvoo lain noudattamista. \u02baHenkil\u00f6tiedot\u02ba ovat fyysiseen henkil\u00f6\u00f6n kytkett\u00e4vi\u00e4 tietoja ja arvioita, kuten nimi, katuosoite tai s\u00e4hk\u00f6postiosoite.<\/p>\n<p><strong>Miten tietoja ker\u00e4t\u00e4\u00e4n?<\/strong><br \/>\nHeatWork hankkii yhteystiedot olemalla suoraan yhteydess\u00e4 asiakkaisiin sek\u00e4 mahdollisilla messuilla, konferensseissa, seminaareissa sek\u00e4 uutiskirjeiden tilauksen ja myyntitilauksen rekister\u00f6innin yhteydess\u00e4.<\/p>\n<h3>Mink\u00e4laisia henkil\u00f6tietoja tallennamme?<\/h3>\n<p>HeatWork ei ker\u00e4\u00e4 sellaisia henkil\u00f6tietoja kuin syntym\u00e4aika tai henkil\u00f6numero tai tietoja henkil\u00f6kohtaisista maksukorteista.<br \/>\nEsimerkkej\u00e4 ker\u00e4tt\u00e4vist\u00e4 tiedoista:<\/p>\n<ul>\n<li>Etu- ja sukunimi<\/li>\n<li>Yrityksen osoite<\/li>\n<li>Puhelinnumero<\/li>\n<li>S\u00e4hk\u00f6postiosoite<\/li>\n<li>Hyv\u00e4ksynt\u00e4si tiedon k\u00e4ytt\u00e4miseen markkinointiin s\u00e4hk\u00f6postin ja\/tai matkapuhelimen v\u00e4lityksell\u00e4<\/li>\n<li>Yhteydenpito- ja ostohistoria esimerkiksi myyntitilauksista, tarjouksista ja suorasta yhteydenpidosta myyntiedustajiemme kanssa<\/li>\n<li>Tietoa siit\u00e4, miten k\u00e4yt\u00e4t verkkosivua esimerkiksi tarkasteltujen alasivujen, selailuohjelman asetusten ja IP-osoitteen muodossa<\/li>\n<\/ul>\n<p>Ker\u00e4tt\u00e4v\u00e4n tiedon tarkoituksena voi olla:<\/p>\n<ul>\n<li>Palvelujemme parantaminen<\/li>\n<li>Tuotteidemme ja palvelujemme tuominen saataville<\/li>\n<li>T\u00e4rke\u00e4n tiedon l\u00e4hett\u00e4minen<\/li>\n<li>Yhteydenottomahdollisuus ja tuotteidemme ja palvelujemme tarjoaminen<\/li>\n<\/ul>\n<p><strong>Ev\u00e4steet (cookies)<\/strong><br \/>\nHeatWorkin verkkosivusto ja suurin osa verkkosivustoista k\u00e4ytt\u00e4\u00e4 niin sanottuja ev\u00e4steit\u00e4 eli cookies-dataa k\u00e4ytt\u00f6kokemuksen parantamiseen. Ev\u00e4ste on pieni tekstitiedosto, joka tallentuu tietokoneellesi vieraillessasi verkkosivustolla tai ollessasi vuorovaikutuksessa sen kanssa. HeatWork k\u00e4ytt\u00e4\u00e4 n\u00e4it\u00e4 ev\u00e4steit\u00e4 k\u00e4ytt\u00f6kokemuksen parantamiseen verkkosivustolla sek\u00e4 ker\u00e4\u00e4m\u00e4\u00e4n tilastotietoa, jota k\u00e4yt\u00e4mme verkkosivustomme optimointiin. K\u00e4ytt\u00e4m\u00e4ll\u00e4 HeatWorkin verkkosivustoa hyv\u00e4ksyt ev\u00e4steiden tallentamisen selailuohjelmaasi.<\/p>\n<p><strong>Miten tiedot poistetaan?<\/strong><br \/>\nTiedot poistetaan pyynn\u00f6st\u00e4 ottamalla meihin yhteytt\u00e4 osoitteessa: post@heatwork.com<\/p>\n<p><strong>Tiedon luovutus kolmannelle osapuolelle?<\/strong><br \/>\nHenkil\u00f6tietoja ei luovuteta ulkopuolisille kolmansille osapuolille, mutta HeatWork voi k\u00e4ytt\u00e4\u00e4 alihankkijoita koko verkkosivuston toimittamiseen tai osaan siit\u00e4. Kyseiset alihankkijat voivat k\u00e4sitell\u00e4 henkil\u00f6tietoja HeatWorkin puolesta.<\/p>\n<p><strong>Oikeudet<\/strong><br \/>\nVerkkosivustomme k\u00e4ytt\u00e4j\u00e4n\u00e4 sinulla on oikeus vaatia tarkasteltavaksi itse\u00e4si koskevat ja k\u00e4sittelem\u00e4mme henkil\u00f6tiedot sek\u00e4 niiden k\u00e4sittelymenetelm\u00e4. Voit my\u00f6s vaatia k\u00e4siteltyjen henkil\u00f6tietojen korjausta, poistamista sek\u00e4 rajoittamista henkil\u00f6tietolain nojalla. Kun henkil\u00f6tietojen k\u00e4sittely perustuu hyv\u00e4ksynt\u00e4\u00e4n, voit milloin tahansa perua hyv\u00e4ksynn\u00e4n. Mik\u00e4li katsot, ettei HeatWork AS ole pit\u00e4nyt kiinni oikeuksistasi henkil\u00f6tietolain suhteen, voit valittaa asiasta asianomaiselle valvontaviranomaiselle.<\/p>\n","protected":false},"excerpt":{"rendered":"<p>HeatWorkin henkil\u00f6suoja Meille on HeatWorkissa t\u00e4rke\u00e4\u00e4 suojata henkil\u00f6tietojasi. T\u00e4ss\u00e4 tiedotteessa kerromme, miten ker\u00e4\u00e4mme tietoja. Ty\u00f6skentelemme jatkuvasti tarjotaksemme sinulle k\u00e4ytt\u00e4j\u00e4n\u00e4 hyvi\u00e4 kokemuksia osoitteessa heatwork.com. Onnistuaksemme siin\u00e4 ker\u00e4\u00e4mme talteen tietoja k\u00e4ytt\u00e4j\u00e4malleista sek\u00e4 henkil\u00f6tietoja. T\u00e4lt\u00e4 sivulta l\u00f6yd\u00e4t kattavat tiedot siit\u00e4, miten n\u00e4it\u00e4 tietoja k\u00e4sitell\u00e4\u00e4n, sek\u00e4 miten voit k\u00e4ytt\u00e4j\u00e4n\u00e4 p\u00e4\u00e4st\u00e4 k\u00e4siksi itse\u00e4si koskeviin tietoihin, muuttaa niit\u00e4 tai poistaa ne. [&hellip;]<\/p>\n","protected":false},"author":8,"featured_media":0,"parent":0,"menu_order":1,"comment_status":"closed","ping_status":"closed","template":"","meta":{"_acf_changed":false,"footnotes":"","_links_to":"","_links_to_target":""},"class_list":["post-41359","page","type-page","status-publish"],"acf":[],"_links":{"self":[{"href":"https:\/\/heatwork.com\/fi\/wp-json\/wp\/v2\/pages\/41359"}],"collection":[{"href":"https:\/\/heatwork.com\/fi\/wp-json\/wp\/v2\/pages"}],"about":[{"href":"https:\/\/heatwork.com\/fi\/wp-json\/wp\/v2\/types\/page"}],"author":[{"embeddable":true,"href":"https:\/\/heatwork.com\/fi\/wp-json\/wp\/v2\/users\/8"}],"replies":[{"embeddable":true,"href":"https:\/\/heatwork.com\/fi\/wp-json\/wp\/v2\/comments?post=41359"}],"version-history":[{"count":0,"href":"https:\/\/heatwork.com\/fi\/wp-json\/wp\/v2\/pages\/41359\/revisions"}],"wp:attachment":[{"href":"https:\/\/heatwork.com\/fi\/wp-json\/wp\/v2\/media?parent=41359"}],"curies":[{"name":"wp","href":"https:\/\/api.w.org\/{rel}","templated":true}]}}