{"id":45032,"date":"2020-07-15T10:43:17","date_gmt":"2020-07-15T08:43:17","guid":{"rendered":"https:\/\/heatwork.com\/?page_id=45032"},"modified":"2024-01-08T12:53:18","modified_gmt":"2024-01-08T11:53:18","slug":"45032-2","status":"publish","type":"page","link":"https:\/\/heatwork.com\/fi\/tuotteet\/45032-2\/","title":{"rendered":"HW X2"},"content":{"rendered":"<div class=\"o-carousel js-carousel\"><div class=\"o-carousel__main js-carousel-main bcjcl\" data-id=\"bcjcl\"><img loading=\"lazy\" decoding=\"async\" src=\"https:\/\/heatwork.com\/wp-content\/uploads\/2020\/08\/20200821_141301-wide-1-940x504.jpg\" width=\"940\" height=\"504\" alt=\"\" \/>\n<img loading=\"lazy\" decoding=\"async\" src=\"https:\/\/heatwork.com\/wp-content\/uploads\/2020\/08\/20200821_141421-wide-1-940x513.jpg\" width=\"940\" height=\"513\" alt=\"\" \/>\n<img loading=\"lazy\" decoding=\"async\" src=\"https:\/\/heatwork.com\/wp-content\/uploads\/2020\/08\/20200821_133506-copy-1-940x705.jpg\" width=\"940\" height=\"705\" alt=\"\" \/>\n<img loading=\"lazy\" decoding=\"async\" src=\"https:\/\/heatwork.com\/wp-content\/uploads\/2020\/08\/20200821_133513-copy-1-940x705.jpg\" width=\"940\" height=\"705\" alt=\"\" \/>\n<img loading=\"lazy\" decoding=\"async\" src=\"https:\/\/heatwork.com\/wp-content\/uploads\/2020\/08\/20200825_124235-copy-940x705.jpg\" width=\"940\" height=\"705\" alt=\"\" \/>\n<img loading=\"lazy\" decoding=\"async\" src=\"https:\/\/heatwork.com\/wp-content\/uploads\/2020\/08\/20200821_141430-copy-1-940x705.jpg\" width=\"940\" height=\"705\" alt=\"\" \/>\n<img loading=\"lazy\" decoding=\"async\" src=\"https:\/\/heatwork.com\/wp-content\/uploads\/2020\/09\/HeatWork-X2-Narvik10-791x940.jpg\" width=\"791\" height=\"940\" alt=\"\" \/>\n<img loading=\"lazy\" decoding=\"async\" src=\"https:\/\/heatwork.com\/wp-content\/uploads\/2020\/08\/20200821_132315-square-1-940x918.jpg\" width=\"940\" height=\"918\" alt=\"\" \/>\n<img loading=\"lazy\" decoding=\"async\" src=\"https:\/\/heatwork.com\/wp-content\/uploads\/2020\/08\/20200825_093336-copy-1-940x705.jpg\" width=\"940\" height=\"705\" alt=\"\" \/>\n<\/div><ul class=\"o-carousel__nav js-carousel-nav\"><li><img loading=\"lazy\" decoding=\"async\" src=\"https:\/\/heatwork.com\/wp-content\/uploads\/2020\/08\/20200821_141301-wide-1-290x290.jpg\" width=\"290\" height=\"290\" alt=\"\" \/><\/li>\n<li><img loading=\"lazy\" decoding=\"async\" src=\"https:\/\/heatwork.com\/wp-content\/uploads\/2020\/08\/20200821_141421-wide-1-290x290.jpg\" width=\"290\" height=\"290\" alt=\"\" \/><\/li>\n<li><img loading=\"lazy\" decoding=\"async\" src=\"https:\/\/heatwork.com\/wp-content\/uploads\/2020\/08\/20200821_133506-copy-1-290x290.jpg\" width=\"290\" height=\"290\" alt=\"\" \/><\/li>\n<li><img loading=\"lazy\" decoding=\"async\" src=\"https:\/\/heatwork.com\/wp-content\/uploads\/2020\/08\/20200821_133513-copy-1-290x290.jpg\" width=\"290\" height=\"290\" alt=\"\" \/><\/li>\n<li><img loading=\"lazy\" decoding=\"async\" src=\"https:\/\/heatwork.com\/wp-content\/uploads\/2020\/08\/20200825_124235-copy-290x290.jpg\" width=\"290\" height=\"290\" alt=\"\" \/><\/li>\n<li><img loading=\"lazy\" decoding=\"async\" src=\"https:\/\/heatwork.com\/wp-content\/uploads\/2020\/08\/20200821_141430-copy-1-290x290.jpg\" width=\"290\" height=\"290\" alt=\"\" \/><\/li>\n<li><img loading=\"lazy\" decoding=\"async\" src=\"https:\/\/heatwork.com\/wp-content\/uploads\/2020\/09\/HeatWork-X2-Narvik10-290x290.jpg\" width=\"290\" height=\"290\" alt=\"\" \/><\/li>\n<li><img loading=\"lazy\" decoding=\"async\" src=\"https:\/\/heatwork.com\/wp-content\/uploads\/2020\/08\/20200821_132315-square-1-290x290.jpg\" width=\"290\" height=\"290\" alt=\"\" \/><\/li>\n<li><img loading=\"lazy\" decoding=\"async\" src=\"https:\/\/heatwork.com\/wp-content\/uploads\/2020\/08\/20200825_093336-copy-1-290x290.jpg\" width=\"290\" height=\"290\" alt=\"\" \/><\/li>\n<\/ul><\/div>\n<h2>NEW HW X2 &#8211; Double Power rakennusten l\u00e4mmitykseen, betonit\u00f6ihin, kuivaukseen, korjausrakentamiseen ja tuholaisten torjuntaan.<\/h2>\n<p><strong>HW X2 on uusi liikkuva vesikiertoinen yli 200 kW:n l\u00e4mmitysyksikk\u00f6. Sen kaksinkertainen suorituskyky <a href=\"https:\/\/heatwork.com\/fi\/tuotteet\/hw-103-hh\/\">HW 103HH<\/a> -laitteeseen verrattuna mahdollistaa tehokkaamman ty\u00f6skentelyn ja useiden ty\u00f6teht\u00e4vien yhdist\u00e4misen. <\/strong><br \/>\n<strong>Sen korkea teho, kevyt paino ja lukuisat n\u00e4pp\u00e4r\u00e4t s\u00e4\u00e4d\u00f6t tekev\u00e4t siit\u00e4 ihanteellisen niin pienemmiss\u00e4 kuin suuremmissa l\u00e4mmitykseen liittyviss\u00e4 teht\u00e4viss\u00e4 useilla eri aloilla. Laite on rakennettu tuottamaan suuria m\u00e4\u00e4ri\u00e4 energiaa tilap\u00e4ist\u00e4 l\u00e4mmityst\u00e4 kaipaaviin rakennuksiin <a href=\"https:\/\/heatwork.com\/fi\/tuotteet\/cliwi\/\">CliWi<\/a>-tuotteiden avulla.<\/strong><\/p>\n<p>HW X2 on automatisoitu ja liikkuva. Se tuottaa jopa 100\u00b0C vesikiertoista l\u00e4mp\u00f6\u00e4 94%:n hy\u00f6tyasteella.<br \/>\nYhdess\u00e4 lis\u00e4varusteidensa kanssa laite on omiaan ty\u00f6skentelyyn rakentamisen, kuivauksen, korjausrakentamisen, betonit\u00f6iden ja tuholaisten torjunnan parissa. Lis\u00e4varusteisiin kuuluvat muun muassa l\u00e4mm\u00f6nvaihtimet, tuulettimet, letkut, eristepeitteet ja kelat.<\/p>\n<p>HeatWorkin koneet k\u00e4ytt\u00e4v\u00e4t dieseli\u00e4 tai toisen sukupolven biopolttoaineita l\u00e4mmitt\u00e4m\u00e4\u00e4n kiert\u00e4v\u00e4n l\u00e4mmitysnesteen, sek\u00e4 s\u00e4hk\u00f6\u00e4 pumppujen ja valvontaj\u00e4rjestelm\u00e4n toimintaan. Nesteen l\u00e4mp\u00f6tilan s\u00e4\u00e4t\u00f6mahdollisuus ty\u00f6n kuluessa takaa joustavan ja taloudellisen toiminnan. Helppo kuljetus, liit\u00e4nt\u00e4 ja et\u00e4valvonta tekev\u00e4t laitteesta ainutlaatuisen.<\/p>\n<div class=\"ingrid in-halves\">\n<div class=\"unit\">\n<p class=\"p1\"><span style=\"color: #41ad49;\"><strong>Mik\u00e4 tekee HW X2:sta ainutlaatuisen??<\/strong><\/span><\/p>\n<ul>\n<li class=\"p1\">Laitteen kaksi erillist\u00e4 sis\u00e4ist\u00e4 j\u00e4rjestelm\u00e4\u00e4 mahdollistavat usean ty\u00f6n suorittamisen samanaikaisesti<\/li>\n<li class=\"p1\">Kaksi erillist\u00e4 l\u00e4mp\u00f6tilavy\u00f6hykett\u00e4 tekee laitteesta \u00e4\u00e4rimm\u00e4isen joustavan<\/li>\n<li class=\"p1\">Korkea pumpputeho \u2013 tehokkampi kierto<\/li>\n<li class=\"p1\">K\u00e4ytt\u00e4j\u00e4yst\u00e4v\u00e4llinen \u2013 kaikki ohjaimet yhdess\u00e4 paikassa<\/li>\n<li class=\"p1\">Laitetta toimitetaan vesi- ja glykolij\u00e4rjestelm\u00e4ll\u00e4<\/li>\n<\/ul>\n<\/div>\n<div class=\"unit\">\n<p class=\"p1\"><span style=\"color: #41ad49;\"><strong>K\u00e4ytt\u00f6kohteet:<\/strong><\/span><\/p>\n<ul>\n<li>Rakennusten l\u00e4mmitys\/kuivaus<\/li>\n<li>Rakennusalueiden ja esineiden l\u00e4mp\u00f6k\u00e4sittely<\/li>\n<li>Betonity\u00f6t<\/li>\n<li>Korjausrakentaminen<\/li>\n<\/ul>\n<\/div>\n<p>&nbsp;<\/p>\n<\/div>\n<hr \/>\n<div class=\"ingrid in-fourths\">\n<div class=\"unit\">\n<p><b>K\u00e4yt\u00e4nn\u00f6llinen letkuk\u00e4rry<\/b><\/p>\n<p class=\"p1\">CliWi W90<br \/>\nLaitteessa on tilaa kahdelle letkuk\u00e4rrylle. 92 metrin 5\/8&#8243; letkulle tai 40 metrin 1\u201d letkulle.<\/p>\n<\/div>\n<div class=\"unit\">\n<p><img loading=\"lazy\" decoding=\"async\" class=\"alignnone wp-image-39393 size-full\" title=\"HW 103 HH\" src=\"https:\/\/heatwork.com\/wp-content\/uploads\/2017\/11\/CliWi-slangevogn.jpg\" alt=\"\" width=\"158\" height=\"158\" srcset=\"https:\/\/heatwork.com\/wp-content\/uploads\/2017\/11\/CliWi-slangevogn.jpg 158w, https:\/\/heatwork.com\/wp-content\/uploads\/2017\/11\/CliWi-slangevogn-100x100.jpg 100w\" sizes=\"(max-width: 158px) 100vw, 158px\" \/><\/p>\n<\/div>\n<div class=\"unit\">\n<p><b>CliWi<\/b><\/p>\n<p class=\"p1\">CliWi on lyhennys sanoista &#8220;Climate Winner&#8221; &#8211; ymp\u00e4rist\u00f6voittaja, ja se on eritt\u00e4in ymp\u00e4rist\u00f6yst\u00e4v\u00e4llinen, \u00e4lyk\u00e4s ja tehokas tapa vaihtaa l\u00e4mp\u00f6\u00e4.<\/p>\n<\/div>\n<div class=\"unit\">\n<p><img loading=\"lazy\" decoding=\"async\" class=\"alignnone wp-image-39392 size-full\" title=\"HW 103 HH\" src=\"https:\/\/heatwork.com\/wp-content\/uploads\/2017\/11\/CliWi-produkter.jpg\" alt=\"\" width=\"158\" height=\"158\" srcset=\"https:\/\/heatwork.com\/wp-content\/uploads\/2017\/11\/CliWi-produkter.jpg 158w, https:\/\/heatwork.com\/wp-content\/uploads\/2017\/11\/CliWi-produkter-100x100.jpg 100w\" sizes=\"(max-width: 158px) 100vw, 158px\" \/><\/p>\n<\/div>\n<\/div>\n<hr \/>\n<p><b>Luo fossiili- ja p\u00e4\u00e4st\u00f6vapaa rakennuspaikka nestel\u00e4mmityksen uusimmalla tekniikalla<\/b><br \/>\n<a href=\"https:\/\/heatwork.com\/fi\/tuotteet\/cliwi\/\">CliWi &#8211; uusi patentoitu vaihdinteknologia &#8211; nestel\u00e4mmitys<\/a><\/p>\n","protected":false},"excerpt":{"rendered":"<p>NEW HW X2 &#8211; Double Power rakennusten l\u00e4mmitykseen, betonit\u00f6ihin, kuivaukseen, korjausrakentamiseen ja tuholaisten torjuntaan. HW X2 on uusi liikkuva vesikiertoinen yli 200 kW:n l\u00e4mmitysyksikk\u00f6. Sen kaksinkertainen suorituskyky HW 103HH -laitteeseen verrattuna mahdollistaa tehokkaamman ty\u00f6skentelyn ja useiden ty\u00f6teht\u00e4vien yhdist\u00e4misen. Sen korkea teho, kevyt paino ja lukuisat n\u00e4pp\u00e4r\u00e4t s\u00e4\u00e4d\u00f6t tekev\u00e4t siit\u00e4 ihanteellisen niin pienemmiss\u00e4 kuin suuremmissa l\u00e4mmitykseen [&hellip;]<\/p>\n","protected":false},"author":8,"featured_media":44883,"parent":1666,"menu_order":2,"comment_status":"closed","ping_status":"closed","template":"","meta":{"_acf_changed":false,"footnotes":"","_links_to":"","_links_to_target":""},"class_list":["post-45032","page","type-page","status-publish","has-post-thumbnail"],"acf":[],"_links":{"self":[{"href":"https:\/\/heatwork.com\/fi\/wp-json\/wp\/v2\/pages\/45032"}],"collection":[{"href":"https:\/\/heatwork.com\/fi\/wp-json\/wp\/v2\/pages"}],"about":[{"href":"https:\/\/heatwork.com\/fi\/wp-json\/wp\/v2\/types\/page"}],"author":[{"embeddable":true,"href":"https:\/\/heatwork.com\/fi\/wp-json\/wp\/v2\/users\/8"}],"replies":[{"embeddable":true,"href":"https:\/\/heatwork.com\/fi\/wp-json\/wp\/v2\/comments?post=45032"}],"version-history":[{"count":3,"href":"https:\/\/heatwork.com\/fi\/wp-json\/wp\/v2\/pages\/45032\/revisions"}],"predecessor-version":[{"id":52467,"href":"https:\/\/heatwork.com\/fi\/wp-json\/wp\/v2\/pages\/45032\/revisions\/52467"}],"up":[{"embeddable":true,"href":"https:\/\/heatwork.com\/fi\/wp-json\/wp\/v2\/pages\/1666"}],"wp:featuredmedia":[{"embeddable":true,"href":"https:\/\/heatwork.com\/fi\/wp-json\/wp\/v2\/media\/44883"}],"wp:attachment":[{"href":"https:\/\/heatwork.com\/fi\/wp-json\/wp\/v2\/media?parent=45032"}],"curies":[{"name":"wp","href":"https:\/\/api.w.org\/{rel}","templated":true}]}}