{"id":45160,"date":"2020-11-25T10:26:10","date_gmt":"2020-11-25T09:26:10","guid":{"rendered":"https:\/\/heatwork.com\/?page_id=45160"},"modified":"2021-12-06T15:10:56","modified_gmt":"2021-12-06T14:10:56","slug":"cliwi-elektrisk","status":"publish","type":"page","link":"https:\/\/heatwork.com\/fi\/tuotteet\/cliwi-elektrisk\/","title":{"rendered":"CliWi &#8211; Elektrisk"},"content":{"rendered":"<div class=\"o-carousel js-carousel\"><div class=\"o-carousel__main js-carousel-main wuigy\" data-id=\"wuigy\"><img loading=\"lazy\" decoding=\"async\" src=\"https:\/\/heatwork.com\/wp-content\/uploads\/2020\/11\/CliWi-Elektrisk-940x529.jpg\" width=\"940\" height=\"529\" alt=\"\" \/>\n<img loading=\"lazy\" decoding=\"async\" src=\"https:\/\/heatwork.com\/wp-content\/uploads\/2020\/11\/CliWi-Elektrisk-2_update-705x940.jpg\" width=\"705\" height=\"940\" alt=\"\" \/>\n<img loading=\"lazy\" decoding=\"async\" src=\"https:\/\/heatwork.com\/wp-content\/uploads\/2020\/11\/CliWi-Elektrisk-3-940x940.jpg\" width=\"940\" height=\"940\" alt=\"\" \/>\n<img loading=\"lazy\" decoding=\"async\" src=\"https:\/\/heatwork.com\/wp-content\/uploads\/2021\/12\/CliWi-HB-300-wheels-603x940.jpg\" width=\"603\" height=\"940\" alt=\"\" \/>\n<img loading=\"lazy\" decoding=\"async\" src=\"https:\/\/heatwork.com\/wp-content\/uploads\/2021\/12\/CliWi-HB-300_filter_DSC04738-white-671x940.jpg\" width=\"671\" height=\"940\" alt=\"\" \/>\n<\/div><ul class=\"o-carousel__nav js-carousel-nav\"><li><img loading=\"lazy\" decoding=\"async\" src=\"https:\/\/heatwork.com\/wp-content\/uploads\/2020\/11\/CliWi-Elektrisk-290x290.jpg\" width=\"290\" height=\"290\" alt=\"\" \/><\/li>\n<li><img loading=\"lazy\" decoding=\"async\" src=\"https:\/\/heatwork.com\/wp-content\/uploads\/2020\/11\/CliWi-Elektrisk-2_update-290x290.jpg\" width=\"290\" height=\"290\" alt=\"\" \/><\/li>\n<li><img loading=\"lazy\" decoding=\"async\" src=\"https:\/\/heatwork.com\/wp-content\/uploads\/2020\/11\/CliWi-Elektrisk-3-290x290.jpg\" width=\"290\" height=\"290\" alt=\"\" \/><\/li>\n<li><img loading=\"lazy\" decoding=\"async\" src=\"https:\/\/heatwork.com\/wp-content\/uploads\/2021\/12\/CliWi-HB-300-wheels-290x290.jpg\" width=\"290\" height=\"290\" alt=\"\" \/><\/li>\n<li><img loading=\"lazy\" decoding=\"async\" src=\"https:\/\/heatwork.com\/wp-content\/uploads\/2021\/12\/CliWi-HB-300_filter_DSC04738-white-290x290.jpg\" width=\"290\" height=\"290\" alt=\"\" \/><\/li>\n<\/ul><\/div>\n<h1>CliWi on nyt my\u00f6s 100% <strong>S\u00c4HK\u00d6K\u00c4YTT\u00d6INEN!<\/strong><\/h1>\n<p><strong>Testitulokset ovat aivan timanttisia!<\/strong><br \/>\n<strong>Jopa 30% korkeammat l\u00e4mp\u00f6tilanousut kuin vastaavilla tuotteilla markkinoilla<\/strong>.<\/p>\n<p>Fossiili- ja p\u00e4\u00e4st\u00f6vapaat rakennusty\u00f6maat Rakennusten s\u00e4hk\u00f6inen l\u00e4mmitys\/kuivaus!<\/p>\n<p>HeatWorkin s\u00e4hk\u00f6inen uutuus on suunniteltu mahdollisimman energiatehokkaaksi, ja siin\u00e4 on huippumoderni k\u00e4ytt\u00f6liittym\u00e4. Olemme ty\u00f6skennelleet l\u00e4mm\u00f6n parissa reilun 15 vuoden ajan, ja kerrytt\u00e4neet vankan kokemuksen alalla. Palkintoja niitt\u00e4nyt CliWi on nyt s\u00e4hk\u00f6k\u00e4ytt\u00f6inen, ja autamme mielell\u00e4\u00e4n l\u00e4mp\u00f6tarpeidesi toteuttamisessa.<\/p>\n<p>CliWi yhdist\u00e4\u00e4 \u00e4lykk\u00e4\u00e4sti hiljaisen ja voimakkaan kanavatuulettimen l\u00e4mmityslaitteiden py\u00f6re\u00e4\u00e4n muotoiluun. Ilma kulkee siten tasaisesti kaikkien l\u00e4mmityslaitteiden l\u00e4pi ilman sis\u00e4isi\u00e4 esteit\u00e4. Tuloksena on optimaalinen l\u00e4mp\u00f6tilan nousu ja ilman levi\u00e4minen.<\/p>\n<p>CliWi: ss\u00e4 on useita tehoasteita 18 kW saakka.<br \/>\nTuote on vankka ja k\u00e4tev\u00e4 kevyen painonsa ja puuterilakatun alumiinin ansiosta.<br \/>\nCliWin\u00a0 varusteisiin kuuluu itse kehittelem\u00e4mme tekstiilijakaja, \u00a0joka levitt\u00e4\u00e4 ilmaa 360 astetta ja pystyy yll\u00e4pit\u00e4m\u00e4\u00e4n l\u00e4mm\u00f6n noin \u00a0400m\u00b2 suuruisessa tilassa<\/p>\n<ul>\n<li>Norjalainen muotoilu<\/li>\n<li>Tuulettimen ja l\u00e4mmityslaitteiden py\u00f6re\u00e4t muodot takaavat l\u00e4mp\u00f6tilan optimaalisen nousun<\/li>\n<li>Kaksi suodatinta tekee ilmavirrasta tasaisemman ja paremman \u2013 pident\u00e4en samalla vaihtov\u00e4li\u00e4<\/li>\n<li>Suodattimia eri luokissa &#8211; F7 tai G4<\/li>\n<li>Ilman tekstiilijakaja, joka antaa 360 asteen levityksen ja optimaalisen heittopituuden<\/li>\n<li>Korkea delta-T ja korkeat ilmavirrat varmistavat energiatehokkaan j\u00e4rjestelm\u00e4n<\/li>\n<li>Kevyt paino ja 4 suurta py\u00f6r\u00e4\u00e4 helpottaa laitteen nostoa, siirtoa ja kuljetusta<\/li>\n<li>Digitaalinen termostaatti huoneen l\u00e4mp\u00f6tilan s\u00e4\u00e4t\u00f6\u00f6n<\/li>\n<\/ul>\n<p>&nbsp;<\/p>\n<p><img loading=\"lazy\" decoding=\"async\" class=\"alignnone wp-image-46541 size-large\" src=\"https:\/\/heatwork.com\/wp-content\/uploads\/2021\/06\/CliWi-EL-technical-data_FI-940x436.png\" alt=\"\" width=\"940\" height=\"436\" srcset=\"https:\/\/heatwork.com\/wp-content\/uploads\/2021\/06\/CliWi-EL-technical-data_FI-940x436.png 940w, https:\/\/heatwork.com\/wp-content\/uploads\/2021\/06\/CliWi-EL-technical-data_FI-600x279.png 600w, https:\/\/heatwork.com\/wp-content\/uploads\/2021\/06\/CliWi-EL-technical-data_FI-480x223.png 480w, https:\/\/heatwork.com\/wp-content\/uploads\/2021\/06\/CliWi-EL-technical-data_FI-768x357.png 768w, https:\/\/heatwork.com\/wp-content\/uploads\/2021\/06\/CliWi-EL-technical-data_FI.png 1247w\" sizes=\"(max-width: 940px) 100vw, 940px\" \/><\/p>\n","protected":false},"excerpt":{"rendered":"<p>CliWi on nyt my\u00f6s 100% S\u00c4HK\u00d6K\u00c4YTT\u00d6INEN! Testitulokset ovat aivan timanttisia! Jopa 30% korkeammat l\u00e4mp\u00f6tilanousut kuin vastaavilla tuotteilla markkinoilla. Fossiili- ja p\u00e4\u00e4st\u00f6vapaat rakennusty\u00f6maat Rakennusten s\u00e4hk\u00f6inen l\u00e4mmitys\/kuivaus! HeatWorkin s\u00e4hk\u00f6inen uutuus on suunniteltu mahdollisimman energiatehokkaaksi, ja siin\u00e4 on huippumoderni k\u00e4ytt\u00f6liittym\u00e4. Olemme ty\u00f6skennelleet l\u00e4mm\u00f6n parissa reilun 15 vuoden ajan, ja kerrytt\u00e4neet vankan kokemuksen alalla. Palkintoja niitt\u00e4nyt CliWi on nyt [&hellip;]<\/p>\n","protected":false},"author":11,"featured_media":45121,"parent":1666,"menu_order":9,"comment_status":"closed","ping_status":"closed","template":"","meta":{"_acf_changed":false,"footnotes":"","_links_to":"","_links_to_target":""},"class_list":["post-45160","page","type-page","status-publish","has-post-thumbnail"],"acf":[],"_links":{"self":[{"href":"https:\/\/heatwork.com\/fi\/wp-json\/wp\/v2\/pages\/45160"}],"collection":[{"href":"https:\/\/heatwork.com\/fi\/wp-json\/wp\/v2\/pages"}],"about":[{"href":"https:\/\/heatwork.com\/fi\/wp-json\/wp\/v2\/types\/page"}],"author":[{"embeddable":true,"href":"https:\/\/heatwork.com\/fi\/wp-json\/wp\/v2\/users\/11"}],"replies":[{"embeddable":true,"href":"https:\/\/heatwork.com\/fi\/wp-json\/wp\/v2\/comments?post=45160"}],"version-history":[{"count":2,"href":"https:\/\/heatwork.com\/fi\/wp-json\/wp\/v2\/pages\/45160\/revisions"}],"predecessor-version":[{"id":48433,"href":"https:\/\/heatwork.com\/fi\/wp-json\/wp\/v2\/pages\/45160\/revisions\/48433"}],"up":[{"embeddable":true,"href":"https:\/\/heatwork.com\/fi\/wp-json\/wp\/v2\/pages\/1666"}],"wp:featuredmedia":[{"embeddable":true,"href":"https:\/\/heatwork.com\/fi\/wp-json\/wp\/v2\/media\/45121"}],"wp:attachment":[{"href":"https:\/\/heatwork.com\/fi\/wp-json\/wp\/v2\/media?parent=45160"}],"curies":[{"name":"wp","href":"https:\/\/api.w.org\/{rel}","templated":true}]}}