{"id":48404,"date":"2021-08-25T14:18:31","date_gmt":"2021-08-25T12:18:31","guid":{"rendered":"https:\/\/heatwork.com\/?page_id=48404"},"modified":"2023-09-11T18:51:28","modified_gmt":"2023-09-11T16:51:28","slug":"cliwi-400kw-alikeskus","status":"publish","type":"page","link":"https:\/\/heatwork.com\/fi\/tuotteet\/cliwi-400kw-alikeskus\/","title":{"rendered":"CliWi 400kW &#8211; alikeskus"},"content":{"rendered":"<p><img loading=\"lazy\" decoding=\"async\" class=\"size-medium wp-image-46817 alignleft\" src=\"https:\/\/heatwork.com\/wp-content\/uploads\/2021\/08\/CliWi-undersentral-400kW_3-copy-401x480.jpg\" alt=\"\" width=\"401\" height=\"480\" srcset=\"https:\/\/heatwork.com\/wp-content\/uploads\/2021\/08\/CliWi-undersentral-400kW_3-copy-401x480.jpg 401w, https:\/\/heatwork.com\/wp-content\/uploads\/2021\/08\/CliWi-undersentral-400kW_3-copy-scaled-600x718.jpg 600w, https:\/\/heatwork.com\/wp-content\/uploads\/2021\/08\/CliWi-undersentral-400kW_3-copy-786x940.jpg 786w, https:\/\/heatwork.com\/wp-content\/uploads\/2021\/08\/CliWi-undersentral-400kW_3-copy-768x919.jpg 768w, https:\/\/heatwork.com\/wp-content\/uploads\/2021\/08\/CliWi-undersentral-400kW_3-copy-1284x1536.jpg 1284w, https:\/\/heatwork.com\/wp-content\/uploads\/2021\/08\/CliWi-undersentral-400kW_3-copy-1712x2048.jpg 1712w\" sizes=\"(max-width: 401px) 100vw, 401px\" \/><img loading=\"lazy\" decoding=\"async\" class=\"size-medium wp-image-46823 alignnone\" src=\"https:\/\/heatwork.com\/wp-content\/uploads\/2021\/08\/CliWi-undersentral-400kW_4-copy-350x480.jpg\" alt=\"\" width=\"350\" height=\"480\" srcset=\"https:\/\/heatwork.com\/wp-content\/uploads\/2021\/08\/CliWi-undersentral-400kW_4-copy-350x480.jpg 350w, https:\/\/heatwork.com\/wp-content\/uploads\/2021\/08\/CliWi-undersentral-400kW_4-copy-scaled-600x822.jpg 600w, https:\/\/heatwork.com\/wp-content\/uploads\/2021\/08\/CliWi-undersentral-400kW_4-copy-686x940.jpg 686w, https:\/\/heatwork.com\/wp-content\/uploads\/2021\/08\/CliWi-undersentral-400kW_4-copy-768x1052.jpg 768w, https:\/\/heatwork.com\/wp-content\/uploads\/2021\/08\/CliWi-undersentral-400kW_4-copy-1121x1536.jpg 1121w, https:\/\/heatwork.com\/wp-content\/uploads\/2021\/08\/CliWi-undersentral-400kW_4-copy-1495x2048.jpg 1495w, https:\/\/heatwork.com\/wp-content\/uploads\/2021\/08\/CliWi-undersentral-400kW_4-copy-scaled.jpg 1868w\" sizes=\"(max-width: 350px) 100vw, 350px\" \/><\/p>\n<h1>Uusi CliWi 400kW l\u00e4mm\u00f6njakokeskus kaukol\u00e4mm\u00f6n k\u00e4ytt\u00f6\u00f6n rakennusvaiheessa<\/h1>\n<p>Lujarakenteinen siirrett\u00e4v\u00e4 l\u00e4mm\u00f6njakokeskus. Toimitetaan py\u00f6rill\u00e4 siirtelyn helpottamiseksi tai kontissa. Ensi\u00f6puoli liitet\u00e4\u00e4n laipoilla. Toisiopuoli on varustettu yksinkertaisilla ja r\u00e4\u00e4t\u00e4l\u00f6it\u00e4vill\u00e4 Plug and play -liit\u00e4nn\u00f6ill\u00e4.<\/p>\n<p>Ainutlaatuinen toisiopuoli:<\/p>\n<p>\u2022 Suuri pumppauskapasiteetti<br \/>\n\u2022 Taajuusohjattu pumppu, jossa s\u00e4\u00e4dett\u00e4v\u00e4 ulosmenev\u00e4 virtaus ja eropaine<\/p>\n<p>\u2022 Glykolipohjainen toisiopuoli \u2013 routasuojaus ja korroosionesto<br \/>\n\u2022 Ainutlaatuinen pumppumme mahdollistaa pienikokoisten letkujen k\u00e4yt\u00f6n<br \/>\n\u2022 Esit\u00e4ytetyt letkut<br \/>\n\u2022 Tipattomat pikaliittimet<br \/>\n\u2022 Kaikissa letkuissa Plug &amp; play sek\u00e4 CliWi-liit\u00e4nt\u00e4<br \/>\n\u2022 Helppo asennus ja yksinkertainen liit\u00e4nt\u00e4 lis\u00e4varusteisiin tarpeen vaatiessa<\/p>\n<p>\u2022 Mahdollisuus kauko-ohjaukseen ja useiden mitta-arvojen et\u00e4lukuun<br \/>\n\u2022 Matalan ja korkean paineen h\u00e4lytys<br \/>\n\u2022 Vakiol\u00e4mp\u00f6tila-asetuksen s\u00e4\u00e4t\u00f6 ulosmenev\u00e4lle ja sis\u00e4\u00e4ntulevalle virtaukselle<\/p>\n<p><img loading=\"lazy\" decoding=\"async\" class=\"size-medium wp-image-46837 alignleft\" src=\"https:\/\/heatwork.com\/wp-content\/uploads\/2021\/08\/Undersentral-no-sky-480x462.jpg\" alt=\"\" width=\"480\" height=\"462\" srcset=\"https:\/\/heatwork.com\/wp-content\/uploads\/2021\/08\/Undersentral-no-sky-480x462.jpg 480w, https:\/\/heatwork.com\/wp-content\/uploads\/2021\/08\/Undersentral-no-sky-600x578.jpg 600w, https:\/\/heatwork.com\/wp-content\/uploads\/2021\/08\/Undersentral-no-sky-940x905.jpg 940w, https:\/\/heatwork.com\/wp-content\/uploads\/2021\/08\/Undersentral-no-sky-768x739.jpg 768w, https:\/\/heatwork.com\/wp-content\/uploads\/2021\/08\/Undersentral-no-sky-1536x1479.jpg 1536w, https:\/\/heatwork.com\/wp-content\/uploads\/2021\/08\/Undersentral-no-sky-2048x1972.jpg 2048w\" sizes=\"(max-width: 480px) 100vw, 480px\" \/><\/p>\n<p>&nbsp;<\/p>\n<p>L\u00e4mm\u00f6njakokeskus l\u00e4mm\u00f6n tilap\u00e4iseen k\u00e4ytt\u00f6\u00f6n rakennusurakoissa<br \/>\nRoudansulatus<br \/>\nLumen sulatus ja routasuojaus<br \/>\nBetonin kovetus ja valun l\u00e4mmitys<br \/>\nRakennusten l\u00e4mmitys ja kuivaus<br \/>\nLattial\u00e4mm\u00f6n k\u00e4ytt\u00f6<\/p>\n<p><img loading=\"lazy\" decoding=\"async\" class=\"alignnone wp-image-48405 size-large\" src=\"https:\/\/heatwork.com\/wp-content\/uploads\/2021\/12\/Teknisk-data-Undersentra-400kW_FI-940x439.png\" alt=\"\" width=\"940\" height=\"439\" srcset=\"https:\/\/heatwork.com\/wp-content\/uploads\/2021\/12\/Teknisk-data-Undersentra-400kW_FI-940x439.png 940w, https:\/\/heatwork.com\/wp-content\/uploads\/2021\/12\/Teknisk-data-Undersentra-400kW_FI-600x280.png 600w, https:\/\/heatwork.com\/wp-content\/uploads\/2021\/12\/Teknisk-data-Undersentra-400kW_FI-480x224.png 480w, https:\/\/heatwork.com\/wp-content\/uploads\/2021\/12\/Teknisk-data-Undersentra-400kW_FI-768x359.png 768w, https:\/\/heatwork.com\/wp-content\/uploads\/2021\/12\/Teknisk-data-Undersentra-400kW_FI.png 1347w\" sizes=\"(max-width: 940px) 100vw, 940px\" \/><\/p>\n","protected":false},"excerpt":{"rendered":"<p>Uusi CliWi 400kW l\u00e4mm\u00f6njakokeskus kaukol\u00e4mm\u00f6n k\u00e4ytt\u00f6\u00f6n rakennusvaiheessa Lujarakenteinen siirrett\u00e4v\u00e4 l\u00e4mm\u00f6njakokeskus. Toimitetaan py\u00f6rill\u00e4 siirtelyn helpottamiseksi tai kontissa. Ensi\u00f6puoli liitet\u00e4\u00e4n laipoilla. Toisiopuoli on varustettu yksinkertaisilla ja r\u00e4\u00e4t\u00e4l\u00f6it\u00e4vill\u00e4 Plug and play -liit\u00e4nn\u00f6ill\u00e4. Ainutlaatuinen toisiopuoli: \u2022 Suuri pumppauskapasiteetti \u2022 Taajuusohjattu pumppu, jossa s\u00e4\u00e4dett\u00e4v\u00e4 ulosmenev\u00e4 virtaus ja eropaine \u2022 Glykolipohjainen toisiopuoli \u2013 routasuojaus ja korroosionesto \u2022 Ainutlaatuinen pumppumme mahdollistaa pienikokoisten [&hellip;]<\/p>\n","protected":false},"author":11,"featured_media":46827,"parent":1666,"menu_order":7,"comment_status":"closed","ping_status":"closed","template":"","meta":{"_acf_changed":false,"footnotes":"","_links_to":"","_links_to_target":""},"class_list":["post-48404","page","type-page","status-publish","has-post-thumbnail"],"acf":[],"_links":{"self":[{"href":"https:\/\/heatwork.com\/fi\/wp-json\/wp\/v2\/pages\/48404"}],"collection":[{"href":"https:\/\/heatwork.com\/fi\/wp-json\/wp\/v2\/pages"}],"about":[{"href":"https:\/\/heatwork.com\/fi\/wp-json\/wp\/v2\/types\/page"}],"author":[{"embeddable":true,"href":"https:\/\/heatwork.com\/fi\/wp-json\/wp\/v2\/users\/11"}],"replies":[{"embeddable":true,"href":"https:\/\/heatwork.com\/fi\/wp-json\/wp\/v2\/comments?post=48404"}],"version-history":[{"count":6,"href":"https:\/\/heatwork.com\/fi\/wp-json\/wp\/v2\/pages\/48404\/revisions"}],"predecessor-version":[{"id":48417,"href":"https:\/\/heatwork.com\/fi\/wp-json\/wp\/v2\/pages\/48404\/revisions\/48417"}],"up":[{"embeddable":true,"href":"https:\/\/heatwork.com\/fi\/wp-json\/wp\/v2\/pages\/1666"}],"wp:featuredmedia":[{"embeddable":true,"href":"https:\/\/heatwork.com\/fi\/wp-json\/wp\/v2\/media\/46827"}],"wp:attachment":[{"href":"https:\/\/heatwork.com\/fi\/wp-json\/wp\/v2\/media?parent=48404"}],"curies":[{"name":"wp","href":"https:\/\/api.w.org\/{rel}","templated":true}]}}