{"id":50813,"date":"2022-09-13T14:37:07","date_gmt":"2022-09-13T12:37:07","guid":{"rendered":"https:\/\/heatwork.com\/tuotteet\/miniheater-my9\/"},"modified":"2023-09-11T11:17:11","modified_gmt":"2023-09-11T09:17:11","slug":"miniheater-my9","status":"publish","type":"page","link":"https:\/\/heatwork.com\/fi\/tuotteet\/miniheater-my9\/","title":{"rendered":"MiniHeater MY9"},"content":{"rendered":"<div class=\"o-carousel js-carousel\"><div class=\"o-carousel__main js-carousel-main khvys\" data-id=\"khvys\"><img loading=\"lazy\" decoding=\"async\" src=\"https:\/\/heatwork.com\/wp-content\/uploads\/2023\/02\/IMG_5652-940x705.jpeg\" width=\"940\" height=\"705\" alt=\"\" \/>\n<img loading=\"lazy\" decoding=\"async\" src=\"https:\/\/heatwork.com\/wp-content\/uploads\/2023\/02\/IMG_5635-940x705.jpg\" width=\"940\" height=\"705\" alt=\"\" \/>\n<\/div><ul class=\"o-carousel__nav js-carousel-nav\"><li><img loading=\"lazy\" decoding=\"async\" src=\"https:\/\/heatwork.com\/wp-content\/uploads\/2023\/02\/IMG_5652-290x290.jpeg\" width=\"290\" height=\"290\" alt=\"\" \/><\/li>\n<li><img loading=\"lazy\" decoding=\"async\" src=\"https:\/\/heatwork.com\/wp-content\/uploads\/2023\/02\/IMG_5635-290x290.jpg\" width=\"290\" height=\"290\" alt=\"\" \/><\/li>\n<\/ul><\/div>\n<h1>Uutuuksia!<\/h1>\n<h1>100 % s\u00e4hk\u00f6k\u00e4ytt\u00f6inen MiniHeater MY9<\/h1>\n<p>S\u00e4hk\u00f6k\u00e4ytt\u00f6inen MiniHeater \u2013 ainutlaatuinen laite pienempiin t\u00f6ihin!<\/p>\n<p>Laitteen suljettu j\u00e4rjestelm\u00e4 tekee siit\u00e4 eritt\u00e4in energiatehokkaan. Laitteessa on 50 metri\u00e4 esit\u00e4ytettyj\u00e4 letkuja sek\u00e4 vuotamattomat pikaliittimet, jotka takaavat helpon kokoamisen ja liit\u00e4nn\u00e4n. Pieni, tehokas ja luotettava laite, joka on kevyt kantaa \u2013 toimitukseen sis\u00e4ltyy nostoapuv\u00e4line.<\/p>\n<p>MY9 toimii 400 voltin virtaliit\u00e4nn\u00e4ll\u00e4.<br \/>\n<img loading=\"lazy\" decoding=\"async\" class=\"wp-image-49863 size-medium alignright\" src=\"https:\/\/heatwork.com\/wp-content\/uploads\/2022\/10\/70-cm-480x480.png\" alt=\"\" width=\"480\" height=\"469\" \/><\/p>\n<p><strong>Tekniset mitat:<\/strong><\/p>\n<ul>\n<li>9kW<\/li>\n<li>400V &#8211; 16A<\/li>\n<li>0 &#8211; 95 \u00b0C<\/li>\n<li>50m 5\/8&#8221; letkua<\/li>\n<li>Paino noin 100kg<\/li>\n<li>Pumppauskapasiteetti 1700 l \/h<\/li>\n<li>S\u00e4hk\u00f6kattila 14l<\/li>\n<\/ul>\n<p><strong>K\u00e4ytt\u00f6kohteet:<\/strong><\/p>\n<ul>\n<li>Roudansulatus\/pakkassuojaus<\/li>\n<li>Vesireitit<\/li>\n<li>J\u00e4\u00e4tyneen materiaalin sulatus<\/li>\n<li>Hautausmaat<\/li>\n<li>T\u00e4sm\u00e4sulatus<\/li>\n<li>Kourut<\/li>\n<li><span class=\"Y2IQFc\" lang=\"fi\"><span class=\"Y2IQFc\" lang=\"fi\">Valmiutta<\/span><\/span><\/li>\n<li>Lattial\u00e4mmityksen toiminta<\/li>\n<li>Betonin kovettuminen<\/li>\n<li>V\u00e4liaikainen l\u00e4mmitys jne<\/li>\n<\/ul>\n<p>&nbsp;<\/p>\n<h1 id=\"tw-target-text\" class=\"tw-data-text tw-text-large tw-ta\" dir=\"ltr\" data-placeholder=\"Translation\"><span class=\"Y2IQFc\" lang=\"fi\">Biodiesel\/dieselvariantti pian markkinoille!<\/span><\/h1>\n<h1><a href=\"https:\/\/heatwork.com\/fi\/yhteystiedot\/\"><strong>Ota yhteytt\u00e4 t\u00e4st\u00e4<\/strong><\/a><\/h1>\n","protected":false},"excerpt":{"rendered":"<p>Uutuuksia! 100 % s\u00e4hk\u00f6k\u00e4ytt\u00f6inen MiniHeater MY9 S\u00e4hk\u00f6k\u00e4ytt\u00f6inen MiniHeater \u2013 ainutlaatuinen laite pienempiin t\u00f6ihin! Laitteen suljettu j\u00e4rjestelm\u00e4 tekee siit\u00e4 eritt\u00e4in energiatehokkaan. Laitteessa on 50 metri\u00e4 esit\u00e4ytettyj\u00e4 letkuja sek\u00e4 vuotamattomat pikaliittimet, jotka takaavat helpon kokoamisen ja liit\u00e4nn\u00e4n. Pieni, tehokas ja luotettava laite, joka on kevyt kantaa \u2013 toimitukseen sis\u00e4ltyy nostoapuv\u00e4line. MY9 toimii 400 voltin virtaliit\u00e4nn\u00e4ll\u00e4. Tekniset mitat: [&hellip;]<\/p>\n","protected":false},"author":11,"featured_media":51911,"parent":1666,"menu_order":6,"comment_status":"closed","ping_status":"closed","template":"","meta":{"_acf_changed":false,"footnotes":"","_links_to":"","_links_to_target":""},"class_list":["post-50813","page","type-page","status-publish","has-post-thumbnail"],"acf":[],"_links":{"self":[{"href":"https:\/\/heatwork.com\/fi\/wp-json\/wp\/v2\/pages\/50813"}],"collection":[{"href":"https:\/\/heatwork.com\/fi\/wp-json\/wp\/v2\/pages"}],"about":[{"href":"https:\/\/heatwork.com\/fi\/wp-json\/wp\/v2\/types\/page"}],"author":[{"embeddable":true,"href":"https:\/\/heatwork.com\/fi\/wp-json\/wp\/v2\/users\/11"}],"replies":[{"embeddable":true,"href":"https:\/\/heatwork.com\/fi\/wp-json\/wp\/v2\/comments?post=50813"}],"version-history":[{"count":15,"href":"https:\/\/heatwork.com\/fi\/wp-json\/wp\/v2\/pages\/50813\/revisions"}],"predecessor-version":[{"id":51925,"href":"https:\/\/heatwork.com\/fi\/wp-json\/wp\/v2\/pages\/50813\/revisions\/51925"}],"up":[{"embeddable":true,"href":"https:\/\/heatwork.com\/fi\/wp-json\/wp\/v2\/pages\/1666"}],"wp:featuredmedia":[{"embeddable":true,"href":"https:\/\/heatwork.com\/fi\/wp-json\/wp\/v2\/media\/51911"}],"wp:attachment":[{"href":"https:\/\/heatwork.com\/fi\/wp-json\/wp\/v2\/media?parent=50813"}],"curies":[{"name":"wp","href":"https:\/\/api.w.org\/{rel}","templated":true}]}}