{"id":51207,"date":"2023-02-08T13:18:29","date_gmt":"2023-02-08T12:18:29","guid":{"rendered":"https:\/\/heatwork.com\/?page_id=51207"},"modified":"2023-03-15T09:56:33","modified_gmt":"2023-03-15T08:56:33","slug":"hw-6000e","status":"publish","type":"page","link":"https:\/\/heatwork.com\/fi\/tuotteet\/hw-6000e\/","title":{"rendered":"HW 6000e"},"content":{"rendered":"<div class=\"o-carousel js-carousel\"><div class=\"o-carousel__main js-carousel-main quxkq\" data-id=\"quxkq\"><img loading=\"lazy\" decoding=\"async\" src=\"https:\/\/heatwork.com\/wp-content\/uploads\/2023\/02\/X-el_6000e-940x659.jpg\" width=\"940\" height=\"659\" alt=\"\" \/>\n<img loading=\"lazy\" decoding=\"async\" src=\"https:\/\/heatwork.com\/wp-content\/uploads\/2023\/03\/8-705x940.jpg\" width=\"705\" height=\"940\" alt=\"\" \/>\n<img loading=\"lazy\" decoding=\"async\" src=\"https:\/\/heatwork.com\/wp-content\/uploads\/2023\/03\/9-705x940.jpg\" width=\"705\" height=\"940\" alt=\"\" \/>\n<img loading=\"lazy\" decoding=\"async\" src=\"https:\/\/heatwork.com\/wp-content\/uploads\/2023\/03\/5-940x705.jpg\" width=\"940\" height=\"705\" alt=\"\" \/>\n<img loading=\"lazy\" decoding=\"async\" src=\"https:\/\/heatwork.com\/wp-content\/uploads\/2023\/02\/1-705x940.jpg\" width=\"705\" height=\"940\" alt=\"\" \/>\n<img loading=\"lazy\" decoding=\"async\" src=\"https:\/\/heatwork.com\/wp-content\/uploads\/2023\/02\/2-705x940.jpg\" width=\"705\" height=\"940\" alt=\"\" \/>\n<img loading=\"lazy\" decoding=\"async\" src=\"https:\/\/heatwork.com\/wp-content\/uploads\/2023\/02\/3-705x940.jpg\" width=\"705\" height=\"940\" alt=\"\" \/>\n<\/div><ul class=\"o-carousel__nav js-carousel-nav\"><li><img loading=\"lazy\" decoding=\"async\" src=\"https:\/\/heatwork.com\/wp-content\/uploads\/2023\/02\/X-el_6000e-290x290.jpg\" width=\"290\" height=\"290\" alt=\"\" \/><\/li>\n<li><img loading=\"lazy\" decoding=\"async\" src=\"https:\/\/heatwork.com\/wp-content\/uploads\/2023\/03\/8-290x290.jpg\" width=\"290\" height=\"290\" alt=\"\" \/><\/li>\n<li><img loading=\"lazy\" decoding=\"async\" src=\"https:\/\/heatwork.com\/wp-content\/uploads\/2023\/03\/9-290x290.jpg\" width=\"290\" height=\"290\" alt=\"\" \/><\/li>\n<li><img loading=\"lazy\" decoding=\"async\" src=\"https:\/\/heatwork.com\/wp-content\/uploads\/2023\/03\/5-290x290.jpg\" width=\"290\" height=\"290\" alt=\"\" \/><\/li>\n<li><img loading=\"lazy\" decoding=\"async\" src=\"https:\/\/heatwork.com\/wp-content\/uploads\/2023\/02\/1-290x290.jpg\" width=\"290\" height=\"290\" alt=\"\" \/><\/li>\n<li><img loading=\"lazy\" decoding=\"async\" src=\"https:\/\/heatwork.com\/wp-content\/uploads\/2023\/02\/2-290x290.jpg\" width=\"290\" height=\"290\" alt=\"\" \/><\/li>\n<li><img loading=\"lazy\" decoding=\"async\" src=\"https:\/\/heatwork.com\/wp-content\/uploads\/2023\/02\/3-290x290.jpg\" width=\"290\" height=\"290\" alt=\"\" \/><\/li>\n<\/ul><\/div>\n<h1><strong>Uutuus<\/strong><\/h1>\n<h1><strong>100 % s\u00e4hk\u00f6k\u00e4ytt\u00f6inen ja p\u00e4\u00e4st\u00f6t\u00f6n laite<\/strong><\/h1>\n<p>HW 6000e on 100 % s\u00e4hk\u00f6k\u00e4ytt\u00f6inen ja p\u00e4\u00e4st\u00f6t\u00f6n laite.<\/p>\n<p>Laitteessa riitt\u00e4\u00e4 runsaasti kapasiteettia kaikentyyppisiin l\u00e4mmityst\u00f6ihin.<\/p>\n<p>Se koostuu kolmesta piirist\u00e4, joista jokaisen teho on 36 kW ja jotka voidaan liitt\u00e4\u00e4 tarpeen mukaan. T\u00e4m\u00e4n ansiosta laitetta voi k\u00e4ytt\u00e4\u00e4 my\u00f6s projekteissa, joissa virran saatavuus on rajallista. Kun kaikki piirit on liitetty, laitteen l\u00e4mp\u00f6teho on kokonaiset 108\u00a0kW.<\/p>\n<p>Laite tuottaa jopa 100-asteista nestekiertoista l\u00e4mp\u00f6\u00e4, ja sen pumpun kapasiteetti on 6\u00a0000 litraa tunnissa. Kyseess\u00e4 on markkinoiden ainoa s\u00e4hk\u00f6k\u00e4ytt\u00f6inen laite, jonka teho on yli 100 kW. Se on toisin sanoen s\u00e4hk\u00f6k\u00e4ytt\u00f6inen tehopakkaus p\u00e4\u00e4st\u00f6tt\u00f6miin rakennusurakoihin.<\/p>\n<p>Laitteessa on suljettu nestekiertoinen j\u00e4rjestelm\u00e4, jossa on yhteens\u00e4 630 metri\u00e4 esit\u00e4ytetty\u00e4 letkua 3 joustavak\u00e4ytt\u00f6isess\u00e4 letkupiiriss\u00e4.<\/p>\n<p>L\u00e4mp\u00f6tila on s\u00e4\u00e4dett\u00e4viss\u00e4 0\u2013100 asteeseen.<br \/>\nHW6000e-uutuusmallissa on lis\u00e4ksi joustava digitaalinen ohjaus, jonka ansiosta sit\u00e4 on helppoa ohjata ja s\u00e4\u00e4t\u00e4\u00e4 kaikilta digialustoilta.<\/p>\n<h2><a href=\"https:\/\/heatwork.com\/fi\/tuotteet\/hw-6000e\/tekniset-tiedot\/\">Tekniset tiedot<\/a><\/p>\n<p><img loading=\"lazy\" decoding=\"async\" class=\"alignnone size-medium wp-image-51333\" src=\"https:\/\/heatwork.com\/wp-content\/uploads\/2023\/03\/HeatWork_gronn_Narvikhavn-480x360.jpg\" alt=\"\" width=\"480\" height=\"360\" srcset=\"https:\/\/heatwork.com\/wp-content\/uploads\/2023\/03\/HeatWork_gronn_Narvikhavn-480x360.jpg 480w, https:\/\/heatwork.com\/wp-content\/uploads\/2023\/03\/HeatWork_gronn_Narvikhavn-940x705.jpg 940w, https:\/\/heatwork.com\/wp-content\/uploads\/2023\/03\/HeatWork_gronn_Narvikhavn-768x576.jpg 768w, https:\/\/heatwork.com\/wp-content\/uploads\/2023\/03\/HeatWork_gronn_Narvikhavn-1536x1152.jpg 1536w, https:\/\/heatwork.com\/wp-content\/uploads\/2023\/03\/HeatWork_gronn_Narvikhavn-2048x1536.jpg 2048w, https:\/\/heatwork.com\/wp-content\/uploads\/2023\/03\/HeatWork_gronn_Narvikhavn-1500x1125.jpg 1500w, https:\/\/heatwork.com\/wp-content\/uploads\/2023\/03\/HeatWork_gronn_Narvikhavn-600x450.jpg 600w\" sizes=\"(max-width: 480px) 100vw, 480px\" \/><\/h2>\n<hr \/>\n<ul>\n<li>Roudansulatus\u00a0&amp; l\u00e4mmittimet<\/li>\n<li>Sulatus ennen tamppausta<\/li>\n<li>Perusteiden, viem\u00e4r\u00f6intien ja kylttien sulatus<\/li>\n<li>T\u00e4ytt\u00f6massojen pakkassuojaus<\/li>\n<li>Perusteiden pakkassuojaus<\/li>\n<li>Rakennusten ja autotallien l\u00e4mmitys<\/li>\n<li>Ty\u00f6pajojen ja ty\u00f6telttojen l\u00e4mmitys<\/li>\n<li>Betonin kovetus<\/li>\n<li>S\u00e4hk\u00f6ntuotto<\/li>\n<li>Vuokrakoneet<\/li>\n<\/ul>\n<hr \/>\n","protected":false},"excerpt":{"rendered":"<p>Uutuus 100 % s\u00e4hk\u00f6k\u00e4ytt\u00f6inen ja p\u00e4\u00e4st\u00f6t\u00f6n laite HW 6000e on 100 % s\u00e4hk\u00f6k\u00e4ytt\u00f6inen ja p\u00e4\u00e4st\u00f6t\u00f6n laite. Laitteessa riitt\u00e4\u00e4 runsaasti kapasiteettia kaikentyyppisiin l\u00e4mmityst\u00f6ihin. Se koostuu kolmesta piirist\u00e4, joista jokaisen teho on 36 kW ja jotka voidaan liitt\u00e4\u00e4 tarpeen mukaan. T\u00e4m\u00e4n ansiosta laitetta voi k\u00e4ytt\u00e4\u00e4 my\u00f6s projekteissa, joissa virran saatavuus on rajallista. Kun kaikki piirit on liitetty, [&hellip;]<\/p>\n","protected":false},"author":11,"featured_media":50995,"parent":1666,"menu_order":2,"comment_status":"closed","ping_status":"closed","template":"","meta":{"_acf_changed":false,"footnotes":"","_links_to":"","_links_to_target":""},"class_list":["post-51207","page","type-page","status-publish","has-post-thumbnail"],"acf":[],"_links":{"self":[{"href":"https:\/\/heatwork.com\/fi\/wp-json\/wp\/v2\/pages\/51207"}],"collection":[{"href":"https:\/\/heatwork.com\/fi\/wp-json\/wp\/v2\/pages"}],"about":[{"href":"https:\/\/heatwork.com\/fi\/wp-json\/wp\/v2\/types\/page"}],"author":[{"embeddable":true,"href":"https:\/\/heatwork.com\/fi\/wp-json\/wp\/v2\/users\/11"}],"replies":[{"embeddable":true,"href":"https:\/\/heatwork.com\/fi\/wp-json\/wp\/v2\/comments?post=51207"}],"version-history":[{"count":7,"href":"https:\/\/heatwork.com\/fi\/wp-json\/wp\/v2\/pages\/51207\/revisions"}],"predecessor-version":[{"id":51346,"href":"https:\/\/heatwork.com\/fi\/wp-json\/wp\/v2\/pages\/51207\/revisions\/51346"}],"up":[{"embeddable":true,"href":"https:\/\/heatwork.com\/fi\/wp-json\/wp\/v2\/pages\/1666"}],"wp:featuredmedia":[{"embeddable":true,"href":"https:\/\/heatwork.com\/fi\/wp-json\/wp\/v2\/media\/50995"}],"wp:attachment":[{"href":"https:\/\/heatwork.com\/fi\/wp-json\/wp\/v2\/media?parent=51207"}],"curies":[{"name":"wp","href":"https:\/\/api.w.org\/{rel}","templated":true}]}}