{"id":51220,"date":"2023-02-08T14:30:05","date_gmt":"2023-02-08T13:30:05","guid":{"rendered":"https:\/\/heatwork.com\/?page_id=51220"},"modified":"2023-02-20T14:53:19","modified_gmt":"2023-02-20T13:53:19","slug":"tekniset-tiedot","status":"publish","type":"page","link":"https:\/\/heatwork.com\/fi\/tuotteet\/hw-6000e\/tekniset-tiedot\/","title":{"rendered":"Tekniset tiedot"},"content":{"rendered":"\n<table id=\"tablepress-65\" class=\"tablepress tablepress-id-65\">\n<thead>\n<tr class=\"row-1 odd\">\n\t<th class=\"column-1\">Tekniset tiedot<\/th><th class=\"column-2\">HW 6000e<\/th>\n<\/tr>\n<\/thead>\n<tbody>\n<tr class=\"row-2 even\">\n\t<td class=\"column-1\">Paino<\/td><td class=\"column-2\">1568 kg<\/td>\n<\/tr>\n<tr class=\"row-3 odd\">\n\t<td class=\"column-1\">Pumppauskapasiteetti<\/td><td class=\"column-2\">6000 l\/t<\/td>\n<\/tr>\n<tr class=\"row-4 even\">\n\t<td class=\"column-1\">Maksimil\u00e4mp\u00f6teho<\/td><td class=\"column-2\">108 kW<\/td>\n<\/tr>\n<tr class=\"row-5 odd\">\n\t<td class=\"column-1\">Nesteen l\u00e4mp\u00f6tila<\/td><td class=\"column-2\">S\u00e4\u00e4dett\u00e4viss\u00e4 0-100\u00b0C <\/td>\n<\/tr>\n<tr class=\"row-6 even\">\n\t<td class=\"column-1\">S\u00e4hk\u00f6liit\u00e4nt\u00e4 \/ s\u00e4hk\u00f6n kulutus<\/td><td class=\"column-2\">3stk 63A. 3~400V<\/td>\n<\/tr>\n<tr class=\"row-7 odd\">\n\t<td class=\"column-1\">L\u00e4mp\u00f6teho: 1 piiri\/63 A<\/td><td class=\"column-2\">36kW<\/td>\n<\/tr>\n<tr class=\"row-8 even\">\n\t<td class=\"column-1\">L\u00e4mp\u00f6teho: 2 piiri\/63 A<\/td><td class=\"column-2\">72kW<\/td>\n<\/tr>\n<tr class=\"row-9 odd\">\n\t<td class=\"column-1\">L\u00e4mp\u00f6teho: 3 piiri\/63 A<\/td><td class=\"column-2\">108kW<\/td>\n<\/tr>\n<tr class=\"row-10 even\">\n\t<td class=\"column-1\">HTF-neste<\/td><td class=\"column-2\">HW HTF-neste<\/td>\n<\/tr>\n<tr class=\"row-11 odd\">\n\t<td class=\"column-1\">HTF-s\u00e4ili\u00f6n tilavuus<\/td><td class=\"column-2\">noin 75 litraa<\/td>\n<\/tr>\n<tr class=\"row-12 even\">\n\t<td class=\"column-1\">S\u00e4hk\u00f6kattilan tilavuus<\/td><td class=\"column-2\">noin 75 litraa<\/td>\n<\/tr>\n<tr class=\"row-13 odd\">\n\t<td class=\"column-1\">Teollinen HW-letku<\/td><td class=\"column-2\">Lujitettu l\u00e4mmitysletku<br \/>\nEnimm\u00e4ispaine 30 bar<br \/>\n<\/td>\n<\/tr>\n<tr class=\"row-14 even\">\n\t<td class=\"column-1\">L\u00e4mmitysletkujen nestetilavuus<\/td><td class=\"column-2\">0,2 litraa\/metri<\/td>\n<\/tr>\n<tr class=\"row-15 odd\">\n\t<td class=\"column-1\">L\u00e4mmitysletkujen pituus yhteens\u00e4<\/td><td class=\"column-2\">630 m<\/td>\n<\/tr>\n<tr class=\"row-16 even\">\n\t<td class=\"column-1\">Yksitt\u00e4isten letkujen pituus per letkupiiri<\/td><td class=\"column-2\">210 m<\/td>\n<\/tr>\n<tr class=\"row-17 odd\">\n\t<td class=\"column-1\">Letkupiirien m\u00e4\u00e4r\u00e4<\/td><td class=\"column-2\">3<\/td>\n<\/tr>\n<tr class=\"row-18 even\">\n\t<td class=\"column-1\">Huoltoluukut<\/td><td class=\"column-2\">4 luukkua huollon helpottamiseksi<\/td>\n<\/tr>\n<\/tbody>\n<\/table>\n<!-- #tablepress-65 from cache -->\n","protected":false},"excerpt":{"rendered":"","protected":false},"author":11,"featured_media":0,"parent":51207,"menu_order":0,"comment_status":"closed","ping_status":"closed","template":"","meta":{"_acf_changed":false,"footnotes":"","_links_to":"","_links_to_target":""},"class_list":["post-51220","page","type-page","status-publish"],"acf":[],"_links":{"self":[{"href":"https:\/\/heatwork.com\/fi\/wp-json\/wp\/v2\/pages\/51220"}],"collection":[{"href":"https:\/\/heatwork.com\/fi\/wp-json\/wp\/v2\/pages"}],"about":[{"href":"https:\/\/heatwork.com\/fi\/wp-json\/wp\/v2\/types\/page"}],"author":[{"embeddable":true,"href":"https:\/\/heatwork.com\/fi\/wp-json\/wp\/v2\/users\/11"}],"replies":[{"embeddable":true,"href":"https:\/\/heatwork.com\/fi\/wp-json\/wp\/v2\/comments?post=51220"}],"version-history":[{"count":2,"href":"https:\/\/heatwork.com\/fi\/wp-json\/wp\/v2\/pages\/51220\/revisions"}],"predecessor-version":[{"id":51222,"href":"https:\/\/heatwork.com\/fi\/wp-json\/wp\/v2\/pages\/51220\/revisions\/51222"}],"up":[{"embeddable":true,"href":"https:\/\/heatwork.com\/fi\/wp-json\/wp\/v2\/pages\/51207"}],"wp:attachment":[{"href":"https:\/\/heatwork.com\/fi\/wp-json\/wp\/v2\/media?parent=51220"}],"curies":[{"name":"wp","href":"https:\/\/api.w.org\/{rel}","templated":true}]}}