{"id":51259,"date":"2022-12-06T08:53:48","date_gmt":"2022-12-06T07:53:48","guid":{"rendered":"https:\/\/heatwork.com\/?page_id=51259"},"modified":"2023-03-29T09:11:39","modified_gmt":"2023-03-29T07:11:39","slug":"heatwork-control","status":"publish","type":"page","link":"https:\/\/heatwork.com\/fi\/heatwork-control\/","title":{"rendered":"HeatWork Control"},"content":{"rendered":"<h1 style=\"text-align: center;\">Hallitse ja ohjaa laitteitasi et\u00e4n\u00e4!<\/h1>\n<p style=\"text-align: center;\">HeatWork Control on sovelluksen tai verkkosivuston kautta k\u00e4ytett\u00e4v\u00e4 digitaalinen alusta, jonka avulla voit tarkastella ja hallinnoida HeatWork-laitteitasi miss\u00e4 ikin\u00e4 oletkin! Sen avulla saat p\u00e4\u00e4syn digitaaliseen ohjaukseen, tietoihin, GPS-paikannukseen, virhe- ja k\u00e4ytt\u00f6ilmoituksiin, huoltovaroituksiin ym. suoraan sovelluksessa tai verkkosivustolla. Tietojen avulla sinulla on aina mahdollisuus tehd\u00e4 urakoidesi sujumisen varmistamiseksi tarvittavia ripeit\u00e4 p\u00e4\u00e4t\u00f6ksi\u00e4!<\/p>\n<h4 style=\"text-align: center;\"><\/h4>\n<ul>\n<li style=\"list-style-type: none;\"><\/li>\n<\/ul>\n<p>&nbsp;<\/p>\n<div class=\"ingrid in-fourths\">\n<div class=\"unit\"><img loading=\"lazy\" decoding=\"async\" class=\"alignnone size-medium wp-image-50396\" src=\"https:\/\/heatwork.com\/wp-content\/uploads\/2022\/12\/1st-screen_beskjaert-248x480.png\" alt=\"\" width=\"248\" height=\"480\" srcset=\"https:\/\/heatwork.com\/wp-content\/uploads\/2022\/12\/1st-screen_beskjaert-248x480.png 248w, https:\/\/heatwork.com\/wp-content\/uploads\/2022\/12\/1st-screen_beskjaert.png 483w\" sizes=\"(max-width: 248px) 100vw, 248px\" \/><\/div>\n<div class=\"unit\"><img loading=\"lazy\" decoding=\"async\" class=\"alignnone size-medium wp-image-50408\" src=\"https:\/\/heatwork.com\/wp-content\/uploads\/2022\/12\/utsryr_beskjaert-244x480.png\" alt=\"\" width=\"244\" height=\"480\" srcset=\"https:\/\/heatwork.com\/wp-content\/uploads\/2022\/12\/utsryr_beskjaert-244x480.png 244w, https:\/\/heatwork.com\/wp-content\/uploads\/2022\/12\/utsryr_beskjaert.png 459w\" sizes=\"(max-width: 244px) 100vw, 244px\" \/><\/div>\n<div class=\"unit\"><img loading=\"lazy\" decoding=\"async\" class=\"alignnone wp-image-50836 size-medium\" src=\"https:\/\/heatwork.com\/wp-content\/uploads\/2023\/01\/Kontroll_beskjaert_rev-1-275x480.png\" alt=\"\" width=\"275\" height=\"480\" srcset=\"https:\/\/heatwork.com\/wp-content\/uploads\/2023\/01\/Kontroll_beskjaert_rev-1-275x480.png 275w, https:\/\/heatwork.com\/wp-content\/uploads\/2023\/01\/Kontroll_beskjaert_rev-1.png 523w\" sizes=\"(max-width: 275px) 100vw, 275px\" \/><\/div>\n<div class=\"unit\"><img loading=\"lazy\" decoding=\"async\" class=\"alignnone size-medium wp-image-50448\" src=\"https:\/\/heatwork.com\/wp-content\/uploads\/2022\/12\/support_beskjaert-246x480.png\" alt=\"\" width=\"246\" height=\"480\" srcset=\"https:\/\/heatwork.com\/wp-content\/uploads\/2022\/12\/support_beskjaert-246x480.png 246w, https:\/\/heatwork.com\/wp-content\/uploads\/2022\/12\/support_beskjaert.png 457w\" sizes=\"(max-width: 246px) 100vw, 246px\" \/><\/div>\n<\/div>\n<p>&nbsp;<\/p>\n<h2 style=\"text-align: left;\">Jotta laitteen digitaalinen ohjaus HeatWork Controlin avulla onnistuu:<\/h2>\n<ol>\n<li style=\"list-style-type: none;\">\n<ol>\n<li style=\"text-align: left;\">Muista tilata uuteen HeatWork-laitteeseesi PLS-ohjaus. PLS-ohjaus voidaan my\u00f6s asentaa j\u00e4lkeenp\u00e4in vuonna 2012 julkaistuihin ja sit\u00e4 uudempiin malleihin.<\/li>\n<li>\u00a0Valitse yksi seuraavassa kuvatuista kolmesta tilausvaihtoehdosta.<\/li>\n<\/ol>\n<\/li>\n<\/ol>\n<p>* PLS-ohjaus on t\u00e4ll\u00e4 hetkell\u00e4 saatavana ainoastaan HW 3600- ja CliWi 400kW:n alikeskuksiin<\/p>\n<div class=\"ingrid in-halves\">\n<div class=\"unit\">\n<h2>Valitse kolmesta tilausvaihtoehdosta:<\/h2>\n<p><img loading=\"lazy\" decoding=\"async\" class=\"alignnone wp-image-51438 size-large\" src=\"https:\/\/heatwork.com\/wp-content\/uploads\/2023\/03\/Abonnement-illustrasjon_FI-03-940x747.jpg\" alt=\"\" width=\"940\" height=\"747\" srcset=\"https:\/\/heatwork.com\/wp-content\/uploads\/2023\/03\/Abonnement-illustrasjon_FI-03-940x747.jpg 940w, https:\/\/heatwork.com\/wp-content\/uploads\/2023\/03\/Abonnement-illustrasjon_FI-03-480x381.jpg 480w, https:\/\/heatwork.com\/wp-content\/uploads\/2023\/03\/Abonnement-illustrasjon_FI-03-768x610.jpg 768w, https:\/\/heatwork.com\/wp-content\/uploads\/2023\/03\/Abonnement-illustrasjon_FI-03-1536x1220.jpg 1536w, https:\/\/heatwork.com\/wp-content\/uploads\/2023\/03\/Abonnement-illustrasjon_FI-03-2048x1627.jpg 2048w, https:\/\/heatwork.com\/wp-content\/uploads\/2023\/03\/Abonnement-illustrasjon_FI-03-1500x1191.jpg 1500w, https:\/\/heatwork.com\/wp-content\/uploads\/2023\/03\/Abonnement-illustrasjon_FI-03-600x477.jpg 600w\" sizes=\"(max-width: 940px) 100vw, 940px\" \/>\n<\/div>\n<div class=\"unit\">\n<h2>Web \/app:<\/h2>\n<p>&nbsp;<\/p>\n<div class=\"ingrid in-halves\"><a href=\"https:\/\/control.heatwork.com\/accounts\/login\/?next=\/dashboard\/\" target=\"_blank\" rel=\"noopener\"><img loading=\"lazy\" decoding=\"async\" class=\"alignnone wp-image-50773\" src=\"https:\/\/heatwork.com\/wp-content\/uploads\/2023\/01\/Webportal-480x160.png\" alt=\"\" width=\"300\" height=\"100\" srcset=\"https:\/\/heatwork.com\/wp-content\/uploads\/2023\/01\/Webportal-480x160.png 480w, https:\/\/heatwork.com\/wp-content\/uploads\/2023\/01\/Webportal-940x314.png 940w, https:\/\/heatwork.com\/wp-content\/uploads\/2023\/01\/Webportal-768x256.png 768w, https:\/\/heatwork.com\/wp-content\/uploads\/2023\/01\/Webportal-600x200.png 600w, https:\/\/heatwork.com\/wp-content\/uploads\/2023\/01\/Webportal.png 1250w\" sizes=\"(max-width: 300px) 100vw, 300px\" \/><\/a><\/div>\n<div class=\"ingrid in-halves\"><a href=\"https:\/\/apps.apple.com\/no\/app\/heatwork\/id6444307465?itsct=apps_box_link&amp;itscg=30200\" target=\"_blank\" rel=\"noopener\"><img loading=\"lazy\" decoding=\"async\" class=\"alignnone wp-image-50749\" src=\"https:\/\/heatwork.com\/wp-content\/uploads\/2023\/01\/Download_on_the_App_Store_Badge_NO_blk_100317-480x161.png\" alt=\"\" width=\"300\" height=\"100\" srcset=\"https:\/\/heatwork.com\/wp-content\/uploads\/2023\/01\/Download_on_the_App_Store_Badge_NO_blk_100317-480x161.png 480w, https:\/\/heatwork.com\/wp-content\/uploads\/2023\/01\/Download_on_the_App_Store_Badge_NO_blk_100317-768x257.png 768w, https:\/\/heatwork.com\/wp-content\/uploads\/2023\/01\/Download_on_the_App_Store_Badge_NO_blk_100317-600x201.png 600w, https:\/\/heatwork.com\/wp-content\/uploads\/2023\/01\/Download_on_the_App_Store_Badge_NO_blk_100317.png 878w\" sizes=\"(max-width: 300px) 100vw, 300px\" \/><\/a><\/div>\n<h2 class=\"unit\"><a href=\"https:\/\/play.google.com\/store\/apps\/details?id=com.heatwork\" target=\"_blank\" rel=\"noopener\"><img loading=\"lazy\" decoding=\"async\" class=\"alignnone wp-image-50761\" src=\"https:\/\/heatwork.com\/wp-content\/uploads\/2023\/01\/google-play-badge-1-480x186.png\" alt=\"\" width=\"300\" height=\"116\" srcset=\"https:\/\/heatwork.com\/wp-content\/uploads\/2023\/01\/google-play-badge-1-480x186.png 480w, https:\/\/heatwork.com\/wp-content\/uploads\/2023\/01\/google-play-badge-1-600x232.png 600w, https:\/\/heatwork.com\/wp-content\/uploads\/2023\/01\/google-play-badge-1.png 646w\" sizes=\"(max-width: 300px) 100vw, 300px\" \/><\/a><\/h2>\n<\/div>\n<\/div>\n","protected":false},"excerpt":{"rendered":"<p>Hallitse ja ohjaa laitteitasi et\u00e4n\u00e4! HeatWork Control on sovelluksen tai verkkosivuston kautta k\u00e4ytett\u00e4v\u00e4 digitaalinen alusta, jonka avulla voit tarkastella ja hallinnoida HeatWork-laitteitasi miss\u00e4 ikin\u00e4 oletkin! Sen avulla saat p\u00e4\u00e4syn digitaaliseen ohjaukseen, tietoihin, GPS-paikannukseen, virhe- ja k\u00e4ytt\u00f6ilmoituksiin, huoltovaroituksiin ym. suoraan sovelluksessa tai verkkosivustolla. Tietojen avulla sinulla on aina mahdollisuus tehd\u00e4 urakoidesi sujumisen varmistamiseksi tarvittavia ripeit\u00e4 p\u00e4\u00e4t\u00f6ksi\u00e4! [&hellip;]<\/p>\n","protected":false},"author":34,"featured_media":0,"parent":0,"menu_order":0,"comment_status":"closed","ping_status":"closed","template":"","meta":{"_acf_changed":false,"footnotes":"","_links_to":"","_links_to_target":""},"class_list":["post-51259","page","type-page","status-publish"],"acf":[],"_links":{"self":[{"href":"https:\/\/heatwork.com\/fi\/wp-json\/wp\/v2\/pages\/51259"}],"collection":[{"href":"https:\/\/heatwork.com\/fi\/wp-json\/wp\/v2\/pages"}],"about":[{"href":"https:\/\/heatwork.com\/fi\/wp-json\/wp\/v2\/types\/page"}],"author":[{"embeddable":true,"href":"https:\/\/heatwork.com\/fi\/wp-json\/wp\/v2\/users\/34"}],"replies":[{"embeddable":true,"href":"https:\/\/heatwork.com\/fi\/wp-json\/wp\/v2\/comments?post=51259"}],"version-history":[{"count":8,"href":"https:\/\/heatwork.com\/fi\/wp-json\/wp\/v2\/pages\/51259\/revisions"}],"predecessor-version":[{"id":51446,"href":"https:\/\/heatwork.com\/fi\/wp-json\/wp\/v2\/pages\/51259\/revisions\/51446"}],"wp:attachment":[{"href":"https:\/\/heatwork.com\/fi\/wp-json\/wp\/v2\/media?parent=51259"}],"curies":[{"name":"wp","href":"https:\/\/api.w.org\/{rel}","templated":true}]}}