{"id":51939,"date":"2023-09-07T16:01:12","date_gmt":"2023-09-07T14:01:12","guid":{"rendered":"https:\/\/heatwork.com\/tuotteet\/miniheater-my15\/"},"modified":"2023-09-11T18:47:56","modified_gmt":"2023-09-11T16:47:56","slug":"miniheater-my15","status":"publish","type":"page","link":"https:\/\/heatwork.com\/fi\/tuotteet\/miniheater-my15\/","title":{"rendered":"MiniHeater MY15"},"content":{"rendered":"<p>&nbsp;<\/p>\n<div class=\"o-carousel js-carousel\"><div class=\"o-carousel__main js-carousel-main tdeix\" data-id=\"tdeix\"><img loading=\"lazy\" decoding=\"async\" src=\"https:\/\/heatwork.com\/wp-content\/uploads\/2023\/09\/IMG_2226-705x940.jpg\" width=\"705\" height=\"940\" alt=\"\" \/>\n<img loading=\"lazy\" decoding=\"async\" src=\"https:\/\/heatwork.com\/wp-content\/uploads\/2023\/09\/IMG_2220-705x940.jpg\" width=\"705\" height=\"940\" alt=\"\" \/>\n<img loading=\"lazy\" decoding=\"async\" src=\"https:\/\/heatwork.com\/wp-content\/uploads\/2023\/09\/20230316_133009-1-940x705.jpg\" width=\"940\" height=\"705\" alt=\"\" \/>\n<img loading=\"lazy\" decoding=\"async\" src=\"https:\/\/heatwork.com\/wp-content\/uploads\/2023\/09\/20230406_193827-705x940.jpg\" width=\"705\" height=\"940\" alt=\"\" \/>\n<\/div><ul class=\"o-carousel__nav js-carousel-nav\"><li><img loading=\"lazy\" decoding=\"async\" src=\"https:\/\/heatwork.com\/wp-content\/uploads\/2023\/09\/IMG_2226-290x290.jpg\" width=\"290\" height=\"290\" alt=\"\" \/><\/li>\n<li><img loading=\"lazy\" decoding=\"async\" src=\"https:\/\/heatwork.com\/wp-content\/uploads\/2023\/09\/IMG_2220-290x290.jpg\" width=\"290\" height=\"290\" alt=\"\" \/><\/li>\n<li><img loading=\"lazy\" decoding=\"async\" src=\"https:\/\/heatwork.com\/wp-content\/uploads\/2023\/09\/20230316_133009-1-290x290.jpg\" width=\"290\" height=\"290\" alt=\"\" \/><\/li>\n<li><img loading=\"lazy\" decoding=\"async\" src=\"https:\/\/heatwork.com\/wp-content\/uploads\/2023\/09\/20230406_193827-290x290.jpg\" width=\"290\" height=\"290\" alt=\"\" \/><\/li>\n<\/ul><\/div>\n<h1>MiniHeater MY15 &#8211; biodiesel\/diesel<\/h1>\n<p>Pieni ja n\u00e4pp\u00e4r\u00e4 kone! 2 piiri\u00e4 tekev\u00e4t koneen k\u00e4yt\u00f6st\u00e4 eritt\u00e4in joustavaa. Kaikki yhdess\u00e4 laitteessa.<\/p>\n<p>Laitteen suljettu j\u00e4rjestelm\u00e4 tekee siit\u00e4 eritt\u00e4in energiatehokkaan.<br \/>\nLaitteessa on 50 metri\u00e4 esit\u00e4ytettyj\u00e4 letkuja, mutta se toimii my\u00f6s muilla letkunpituuksilla. MY15 voi toimia jopa 200 metrin letkulla jaettuna 2 piiriin. Vuotamattomat pikaliittimet takaavat helpon kokoamisen ja liit\u00e4nn\u00e4n. Tehokas ja luotettava kone \u2013 helppo kuljettaa, nostoapuv\u00e4line sis\u00e4ltyy. <\/p>\n<p><strong>Tekniset tiedot:<\/strong><\/p>\n<ul>\n<li>15kW<\/li>\n<li>2 piiri\u00e4 &#8211; kaksoisliit\u00e4nt\u00e4<\/li>\n<li>S\u00e4hk\u00f6liit\u00e4nt\u00e4 230V &#8211; 5,4A<\/li>\n<li>85 \u00b0C<\/li>\n<li>50m 5\/8&#8221; letkua<\/li>\n<li>Paino noin 100kg<\/li>\n<li>Pumppauskapasiteetti 3000 l \/h<\/li>\n<\/ul>\n<p><strong>K\u00e4ytt\u00f6kohteet:<\/strong><\/p>\n<ul>\n<li>>Roudansulatus\/pakkassuojaus<\/li>\n<li>Vesireitit<\/li>\n<li>J\u00e4\u00e4tyneen materiaalin sulatus<\/li>\n<li>Hautausmaat<\/li>\n<li>T\u00e4sm\u00e4sulatus<\/li>\n<li>Kourut<\/li>\n<li><span class=\"Y2IQFc\" lang=\"fi\"><span class=\"Y2IQFc\" lang=\"fi\">Valmiutta<\/span><\/span><\/li>\n<li>V\u00e4liaikainen l\u00e4mmitys jne<\/li>\n<p>\u2003<\/p>\n","protected":false},"excerpt":{"rendered":"<p>&nbsp; MiniHeater MY15 &#8211; biodiesel\/diesel Pieni ja n\u00e4pp\u00e4r\u00e4 kone! 2 piiri\u00e4 tekev\u00e4t koneen k\u00e4yt\u00f6st\u00e4 eritt\u00e4in joustavaa. Kaikki yhdess\u00e4 laitteessa. Laitteen suljettu j\u00e4rjestelm\u00e4 tekee siit\u00e4 eritt\u00e4in energiatehokkaan. Laitteessa on 50 metri\u00e4 esit\u00e4ytettyj\u00e4 letkuja, mutta se toimii my\u00f6s muilla letkunpituuksilla. MY15 voi toimia jopa 200 metrin letkulla jaettuna 2 piiriin. Vuotamattomat pikaliittimet takaavat helpon kokoamisen ja liit\u00e4nn\u00e4n. [&hellip;]<\/p>\n","protected":false},"author":11,"featured_media":51905,"parent":1666,"menu_order":7,"comment_status":"closed","ping_status":"closed","template":"","meta":{"_acf_changed":false,"footnotes":"","_links_to":"","_links_to_target":""},"class_list":["post-51939","page","type-page","status-publish","has-post-thumbnail"],"acf":[],"_links":{"self":[{"href":"https:\/\/heatwork.com\/fi\/wp-json\/wp\/v2\/pages\/51939"}],"collection":[{"href":"https:\/\/heatwork.com\/fi\/wp-json\/wp\/v2\/pages"}],"about":[{"href":"https:\/\/heatwork.com\/fi\/wp-json\/wp\/v2\/types\/page"}],"author":[{"embeddable":true,"href":"https:\/\/heatwork.com\/fi\/wp-json\/wp\/v2\/users\/11"}],"replies":[{"embeddable":true,"href":"https:\/\/heatwork.com\/fi\/wp-json\/wp\/v2\/comments?post=51939"}],"version-history":[{"count":4,"href":"https:\/\/heatwork.com\/fi\/wp-json\/wp\/v2\/pages\/51939\/revisions"}],"predecessor-version":[{"id":51943,"href":"https:\/\/heatwork.com\/fi\/wp-json\/wp\/v2\/pages\/51939\/revisions\/51943"}],"up":[{"embeddable":true,"href":"https:\/\/heatwork.com\/fi\/wp-json\/wp\/v2\/pages\/1666"}],"wp:featuredmedia":[{"embeddable":true,"href":"https:\/\/heatwork.com\/fi\/wp-json\/wp\/v2\/media\/51905"}],"wp:attachment":[{"href":"https:\/\/heatwork.com\/fi\/wp-json\/wp\/v2\/media?parent=51939"}],"curies":[{"name":"wp","href":"https:\/\/api.w.org\/{rel}","templated":true}]}}