{"id":53295,"date":"2024-08-19T22:35:11","date_gmt":"2024-08-19T20:35:11","guid":{"rendered":"https:\/\/heatwork.com\/?page_id=53295"},"modified":"2024-10-29T11:12:42","modified_gmt":"2024-10-29T10:12:42","slug":"miniheater-my40","status":"publish","type":"page","link":"https:\/\/heatwork.com\/fi\/tuotteet\/miniheater-my40\/","title":{"rendered":"MiniHeater MY40"},"content":{"rendered":"<div class=\"o-carousel js-carousel\"><div class=\"o-carousel__main js-carousel-main pqpme\" data-id=\"pqpme\"><img loading=\"lazy\" decoding=\"async\" src=\"https:\/\/heatwork.com\/wp-content\/uploads\/2024\/08\/HeatWork_MY40-2-705x940.jpg\" width=\"705\" height=\"940\" alt=\"\" \/>\n<img loading=\"lazy\" decoding=\"async\" src=\"https:\/\/heatwork.com\/wp-content\/uploads\/2024\/08\/HeatWork_MY40-8-705x940.jpg\" width=\"705\" height=\"940\" alt=\"\" \/>\n<img loading=\"lazy\" decoding=\"async\" src=\"https:\/\/heatwork.com\/wp-content\/uploads\/2024\/08\/HeatWork_MY40-1-705x940.jpg\" width=\"705\" height=\"940\" alt=\"\" \/>\n<img loading=\"lazy\" decoding=\"async\" src=\"https:\/\/heatwork.com\/wp-content\/uploads\/2024\/08\/HeatWork_MY40-3-705x940.jpg\" width=\"705\" height=\"940\" alt=\"\" \/>\n<\/div><ul class=\"o-carousel__nav js-carousel-nav\"><li><img loading=\"lazy\" decoding=\"async\" src=\"https:\/\/heatwork.com\/wp-content\/uploads\/2024\/08\/HeatWork_MY40-2-290x290.jpg\" width=\"290\" height=\"290\" alt=\"\" \/><\/li>\n<li><img loading=\"lazy\" decoding=\"async\" src=\"https:\/\/heatwork.com\/wp-content\/uploads\/2024\/08\/HeatWork_MY40-8-290x290.jpg\" width=\"290\" height=\"290\" alt=\"\" \/><\/li>\n<li><img loading=\"lazy\" decoding=\"async\" src=\"https:\/\/heatwork.com\/wp-content\/uploads\/2024\/08\/HeatWork_MY40-1-290x290.jpg\" width=\"290\" height=\"290\" alt=\"\" \/><\/li>\n<li><img loading=\"lazy\" decoding=\"async\" src=\"https:\/\/heatwork.com\/wp-content\/uploads\/2024\/08\/HeatWork_MY40-3-290x290.jpg\" width=\"290\" height=\"290\" alt=\"\" \/><\/li>\n<\/ul><\/div>\n<h1>MY40 &#8211; T\u00e4yss\u00e4hk\u00f6inen liikkuva l\u00e4mp\u00f6keskus minimuodossa<\/h1>\n<p>Tuomme markkinoille innovaatioita, jotka perustuvat 20 vuoden kokemukseen nestem\u00e4isen l\u00e4mm\u00f6n ja teknologian alalla!<br \/>\nTavoitteemme on tarjota sinulle asiakkaana enemm\u00e4n arvoa ja joustavuutta matkalla kohti kest\u00e4v\u00e4mp\u00e4\u00e4 arkea.<\/p>\n<p>MY40 on RAW-ratkaisu, joka voi tehd\u00e4 kaikista HeatWork-koneista hybridin yksinkertaisella liit\u00e4nn\u00e4ll\u00e4! Lis\u00e4ksi t\u00e4m\u00e4 toimii erillisen\u00e4 j\u00e4rjestelm\u00e4n\u00e4.<\/p>\n<p><strong>Technical:<\/strong><\/p>\n<ul>\n<li>40kW s\u00e4hk\u00f6inen<\/li>\n<li>Valinnainen l\u00e4mmitystehoste\n<ul>\n<li>8kW \/16kW \/ 40kW<\/li>\n<\/ul>\n<\/li>\n<li>400V &#8211; 16A \/ 32A \/63A<\/li>\n<li>Pumppauskapasiteetti 3000 l\/h<\/li>\n<li>Digitaalinen ohjaus<\/li>\n<\/ul>\n<p>Tee HeatWork-konehybridist\u00e4 yksinkertaisella liit\u00e4nn\u00e4ll\u00e4:<br \/>\n<img loading=\"lazy\" decoding=\"async\" src=\"https:\/\/heatwork.com\/wp-content\/uploads\/2024\/09\/40kW-Hybrid-tilkobling-480x329.png\" alt=\"\" width=\"480\" height=\"329\" class=\"alignnone size-medium wp-image-53192\" srcset=\"https:\/\/heatwork.com\/wp-content\/uploads\/2024\/09\/40kW-Hybrid-tilkobling-480x329.png 480w, https:\/\/heatwork.com\/wp-content\/uploads\/2024\/09\/40kW-Hybrid-tilkobling-940x644.png 940w, https:\/\/heatwork.com\/wp-content\/uploads\/2024\/09\/40kW-Hybrid-tilkobling-768x526.png 768w, https:\/\/heatwork.com\/wp-content\/uploads\/2024\/09\/40kW-Hybrid-tilkobling-1500x1028.png 1500w, https:\/\/heatwork.com\/wp-content\/uploads\/2024\/09\/40kW-Hybrid-tilkobling-600x411.png 600w, https:\/\/heatwork.com\/wp-content\/uploads\/2024\/09\/40kW-Hybrid-tilkobling.png 1519w\" sizes=\"(max-width: 480px) 100vw, 480px\" \/><\/p>\n","protected":false},"excerpt":{"rendered":"<p>MY40 &#8211; T\u00e4yss\u00e4hk\u00f6inen liikkuva l\u00e4mp\u00f6keskus minimuodossa Tuomme markkinoille innovaatioita, jotka perustuvat 20 vuoden kokemukseen nestem\u00e4isen l\u00e4mm\u00f6n ja teknologian alalla! Tavoitteemme on tarjota sinulle asiakkaana enemm\u00e4n arvoa ja joustavuutta matkalla kohti kest\u00e4v\u00e4mp\u00e4\u00e4 arkea. MY40 on RAW-ratkaisu, joka voi tehd\u00e4 kaikista HeatWork-koneista hybridin yksinkertaisella liit\u00e4nn\u00e4ll\u00e4! Lis\u00e4ksi t\u00e4m\u00e4 toimii erillisen\u00e4 j\u00e4rjestelm\u00e4n\u00e4. Technical: 40kW s\u00e4hk\u00f6inen Valinnainen l\u00e4mmitystehoste 8kW \/16kW [&hellip;]<\/p>\n","protected":false},"author":11,"featured_media":53186,"parent":1666,"menu_order":7,"comment_status":"closed","ping_status":"closed","template":"","meta":{"_acf_changed":false,"footnotes":"","_links_to":"","_links_to_target":""},"class_list":["post-53295","page","type-page","status-publish","has-post-thumbnail"],"acf":[],"_links":{"self":[{"href":"https:\/\/heatwork.com\/fi\/wp-json\/wp\/v2\/pages\/53295"}],"collection":[{"href":"https:\/\/heatwork.com\/fi\/wp-json\/wp\/v2\/pages"}],"about":[{"href":"https:\/\/heatwork.com\/fi\/wp-json\/wp\/v2\/types\/page"}],"author":[{"embeddable":true,"href":"https:\/\/heatwork.com\/fi\/wp-json\/wp\/v2\/users\/11"}],"replies":[{"embeddable":true,"href":"https:\/\/heatwork.com\/fi\/wp-json\/wp\/v2\/comments?post=53295"}],"version-history":[{"count":6,"href":"https:\/\/heatwork.com\/fi\/wp-json\/wp\/v2\/pages\/53295\/revisions"}],"predecessor-version":[{"id":53352,"href":"https:\/\/heatwork.com\/fi\/wp-json\/wp\/v2\/pages\/53295\/revisions\/53352"}],"up":[{"embeddable":true,"href":"https:\/\/heatwork.com\/fi\/wp-json\/wp\/v2\/pages\/1666"}],"wp:featuredmedia":[{"embeddable":true,"href":"https:\/\/heatwork.com\/fi\/wp-json\/wp\/v2\/media\/53186"}],"wp:attachment":[{"href":"https:\/\/heatwork.com\/fi\/wp-json\/wp\/v2\/media?parent=53295"}],"curies":[{"name":"wp","href":"https:\/\/api.w.org\/{rel}","templated":true}]}}