{"id":53298,"date":"2024-09-26T14:33:39","date_gmt":"2024-09-26T12:33:39","guid":{"rendered":"https:\/\/heatwork.com\/?page_id=53298"},"modified":"2024-10-29T11:00:03","modified_gmt":"2024-10-29T10:00:03","slug":"hw-3600-hybrid-40","status":"publish","type":"page","link":"https:\/\/heatwork.com\/fi\/tuotteet\/hw-3600-hybrid-40\/","title":{"rendered":"HW 3600 Hybrid 40"},"content":{"rendered":"<div class=\"o-carousel js-carousel\"><div class=\"o-carousel__main js-carousel-main vantm\" data-id=\"vantm\"><img loading=\"lazy\" decoding=\"async\" src=\"https:\/\/heatwork.com\/wp-content\/uploads\/2024\/09\/HW3600-Hybrid40-705x940.jpg\" width=\"705\" height=\"940\" alt=\"\" \/>\n<img loading=\"lazy\" decoding=\"async\" src=\"https:\/\/heatwork.com\/wp-content\/uploads\/2024\/09\/IMG_6215-705x940.jpg\" width=\"705\" height=\"940\" alt=\"\" \/>\n<img loading=\"lazy\" decoding=\"async\" src=\"https:\/\/heatwork.com\/wp-content\/uploads\/2024\/09\/IMG_6218-705x940.jpg\" width=\"705\" height=\"940\" alt=\"\" \/>\n<img loading=\"lazy\" decoding=\"async\" src=\"https:\/\/heatwork.com\/wp-content\/uploads\/2024\/09\/IMG_6227-705x940.jpg\" width=\"705\" height=\"940\" alt=\"\" \/>\n<\/div><ul class=\"o-carousel__nav js-carousel-nav\"><li><img loading=\"lazy\" decoding=\"async\" src=\"https:\/\/heatwork.com\/wp-content\/uploads\/2024\/09\/HW3600-Hybrid40-290x290.jpg\" width=\"290\" height=\"290\" alt=\"\" \/><\/li>\n<li><img loading=\"lazy\" decoding=\"async\" src=\"https:\/\/heatwork.com\/wp-content\/uploads\/2024\/09\/IMG_6215-290x290.jpg\" width=\"290\" height=\"290\" alt=\"\" \/><\/li>\n<li><img loading=\"lazy\" decoding=\"async\" src=\"https:\/\/heatwork.com\/wp-content\/uploads\/2024\/09\/IMG_6218-290x290.jpg\" width=\"290\" height=\"290\" alt=\"\" \/><\/li>\n<li><img loading=\"lazy\" decoding=\"async\" src=\"https:\/\/heatwork.com\/wp-content\/uploads\/2024\/09\/IMG_6227-290x290.jpg\" width=\"290\" height=\"290\" alt=\"\" \/><\/li>\n<\/ul><\/div>\n<h1>HW 3600 Hybrid 40<br \/>\nT\u00e4ydellinen hybridiratkaisu, kahden eri maailman parhaat puolet!<\/h1>\n<p>Sama tuttu 103 kW teho suosikkimallista HW 3600 \u2013 nyt sis\u00e4\u00e4nrakennetulla 40 kW s\u00e4hk\u00f6voimapaketilla.<\/p>\n<p>Voidaan k\u00e4ytt\u00e4\u00e4 erikseen tai yhdistettyn\u00e4 &#8211; n\u00e4in saat jopa 143 kW tehon.<\/p>\n<p>T\u00e4m\u00e4 hybridikone on ratkaisu tulevaisuuden ymp\u00e4rist\u00f6vaatimuksiin, ja antaa sinulle lis\u00e4arvoa ja joustavuutta koneen omistajana tulevaisuutta ajatellen.<\/p>\n<p>Mahdollisuus liitt\u00e4\u00e4 lis\u00e4ksi viel\u00e4 s\u00e4hk\u00f6inen MY40 s\u00e4hk\u00f6tehon lis\u00e4\u00e4miseksi &#8211; <a href=\"https:\/\/heatwork.com\/fi\/tuotteet\/miniheater-my40\/\">Lue lis\u00e4\u00e4 MY 40:st\u00e4 t\u00e4\u00e4lt\u00e4<\/a>.<\/p>\n<ul>\n<li>Kokonais 143 kW<\/li>\n<li>103 kW diesel\/biodiesel<\/li>\n<li>40 kW s\u00e4hk\u00f6inen<\/li>\n<li>Jopa 100\u00b0C<\/li>\n<li>Pumppauskapasiteetti 3000 l\/t<\/li>\n<li>Paine 6 bar\n<\/ul>\n<p>Digitaalinen ohjaus tarjoaa t\u00e4yden ohjauksen ja valvonnan.<br \/>\nNyt voit optimoida energian k\u00e4yt\u00f6n ja vastaanottaa toimintailmoituksia miss\u00e4 tahansa.<\/p>\n<p>Kun kytket s\u00e4hk\u00f6n yhdistettyn\u00e4 dieselk\u00e4ytt\u00f6\u00f6n, se pystyy tarjoamaan:<br \/>\n10kW \u2013 ca 26,5 L\/tuntia<br \/>\n20kW \u2013 ca 53 L\/tuntia<br \/>\n40 kW \u2013 ca 106L\/tuntia<\/p>\n<h2>Mahdollista k\u00e4ytt\u00e4\u00e4 pelk\u00e4st\u00e4\u00e4n s\u00e4hk\u00f6ll\u00e4 &#8211; 100 % p\u00e4\u00e4st\u00f6t\u00f6n<\/h2>\n<p>Mahdollisuus lukita poltto\u00f6ljyn sy\u00f6t\u00f6n polttimeen ja yksikk\u00f6\u00f6n. T\u00e4m\u00e4 mahdollistaa pelk\u00e4st\u00e4\u00e4n s\u00e4hk\u00f6n k\u00e4yt\u00f6n.<\/p>\n","protected":false},"excerpt":{"rendered":"<p>HW 3600 Hybrid 40 T\u00e4ydellinen hybridiratkaisu, kahden eri maailman parhaat puolet! Sama tuttu 103 kW teho suosikkimallista HW 3600 \u2013 nyt sis\u00e4\u00e4nrakennetulla 40 kW s\u00e4hk\u00f6voimapaketilla. Voidaan k\u00e4ytt\u00e4\u00e4 erikseen tai yhdistettyn\u00e4 &#8211; n\u00e4in saat jopa 143 kW tehon. T\u00e4m\u00e4 hybridikone on ratkaisu tulevaisuuden ymp\u00e4rist\u00f6vaatimuksiin, ja antaa sinulle lis\u00e4arvoa ja joustavuutta koneen omistajana tulevaisuutta ajatellen. Mahdollisuus liitt\u00e4\u00e4 [&hellip;]<\/p>\n","protected":false},"author":11,"featured_media":53231,"parent":1666,"menu_order":3,"comment_status":"closed","ping_status":"closed","template":"","meta":{"_acf_changed":false,"footnotes":"","_links_to":"","_links_to_target":""},"class_list":["post-53298","page","type-page","status-publish","has-post-thumbnail"],"acf":[],"_links":{"self":[{"href":"https:\/\/heatwork.com\/fi\/wp-json\/wp\/v2\/pages\/53298"}],"collection":[{"href":"https:\/\/heatwork.com\/fi\/wp-json\/wp\/v2\/pages"}],"about":[{"href":"https:\/\/heatwork.com\/fi\/wp-json\/wp\/v2\/types\/page"}],"author":[{"embeddable":true,"href":"https:\/\/heatwork.com\/fi\/wp-json\/wp\/v2\/users\/11"}],"replies":[{"embeddable":true,"href":"https:\/\/heatwork.com\/fi\/wp-json\/wp\/v2\/comments?post=53298"}],"version-history":[{"count":7,"href":"https:\/\/heatwork.com\/fi\/wp-json\/wp\/v2\/pages\/53298\/revisions"}],"predecessor-version":[{"id":53349,"href":"https:\/\/heatwork.com\/fi\/wp-json\/wp\/v2\/pages\/53298\/revisions\/53349"}],"up":[{"embeddable":true,"href":"https:\/\/heatwork.com\/fi\/wp-json\/wp\/v2\/pages\/1666"}],"wp:featuredmedia":[{"embeddable":true,"href":"https:\/\/heatwork.com\/fi\/wp-json\/wp\/v2\/media\/53231"}],"wp:attachment":[{"href":"https:\/\/heatwork.com\/fi\/wp-json\/wp\/v2\/media?parent=53298"}],"curies":[{"name":"wp","href":"https:\/\/api.w.org\/{rel}","templated":true}]}}