{"id":6773,"date":"2013-06-10T09:12:42","date_gmt":"2013-06-10T07:12:42","guid":{"rendered":"https:\/\/heatwork.com\/?page_id=6773"},"modified":"2016-12-08T14:51:38","modified_gmt":"2016-12-08T13:51:38","slug":"tekniset-tiedot","status":"publish","type":"page","link":"https:\/\/heatwork.com\/fi\/tuotteet\/frostheater\/tekniset-tiedot\/","title":{"rendered":"Tekniset tiedot"},"content":{"rendered":"<p>FrostHeater HW 3600 \/\u00a0HW 1800 \u2013 per\u00e4k\u00e4rry<\/p>\n\n<table id=\"tablepress-19\" class=\"tablepress tablepress-id-19\">\n<thead>\n<tr class=\"row-1 odd\">\n\t<th class=\"column-1\">Tekninen erittely<\/th><th class=\"column-2\">HW 3600<\/th><th class=\"column-3\">HW 1800<\/th>\n<\/tr>\n<\/thead>\n<tbody>\n<tr class=\"row-2 even\">\n\t<td class=\"column-1\">Paino <\/td><td class=\"column-2\">1860 kg <\/td><td class=\"column-3\">1680 kg <\/td>\n<\/tr>\n<tr class=\"row-3 odd\">\n\t<td class=\"column-1\">Pumpun tuotto<\/td><td class=\"column-2\">3000 l\/h<\/td><td class=\"column-3\">2100 l\/h<\/td>\n<\/tr>\n<tr class=\"row-4 even\">\n\t<td class=\"column-1\">Pumppujen m\u00e4\u00e4r\u00e4<\/td><td class=\"column-2\">1 x 3900<\/td><td class=\"column-3\">1 x 2100<\/td>\n<\/tr>\n<tr class=\"row-5 odd\">\n\t<td class=\"column-1\">J\u00e4rjestelm\u00e4paine normaalik\u00e4yt\u00f6ss\u00e4<\/td><td class=\"column-2\">2-6 bar<\/td><td class=\"column-3\">2-6 bar<\/td>\n<\/tr>\n<tr class=\"row-6 even\">\n\t<td class=\"column-1\">Maksimil\u00e4mp\u00f6teho<\/td><td class=\"column-2\">103 kW<\/td><td class=\"column-3\">70 kW<\/td>\n<\/tr>\n<tr class=\"row-7 odd\">\n\t<td class=\"column-1\">Polttimen tyyppi<\/td><td class=\"column-2\">1-tehoinen<\/td><td class=\"column-3\">1-tehoinen<\/td>\n<\/tr>\n<tr class=\"row-8 even\">\n\t<td class=\"column-1\">L\u00e4mp\u00f6tekninen tehoaste<\/td><td class=\"column-2\">94%<\/td><td class=\"column-3\">94% <\/td>\n<\/tr>\n<tr class=\"row-9 odd\">\n\t<td class=\"column-1\">Nesteen l\u00e4mp\u00f6tila<\/td><td class=\"column-2\">0\u2012100\u00b0C<\/td><td class=\"column-3\">0\u2012100\u00b0C <\/td>\n<\/tr>\n<tr class=\"row-10 even\">\n\t<td class=\"column-1\">Polttoaineenkulutus<\/td><td class=\"column-2\">Keskim\u00e4\u00e4r\u00e4inen kulutus 3,5 litraa\/h sulatettaessa 200 m2. Korkeintaan 9,0 litraa\/h polttimen jatkuvassa k\u00e4yt\u00f6ss\u00e4.<\/td><td class=\"column-3\">Keskim\u00e4\u00e4r\u00e4inen kulutus 3,5 litraa\/h sulatettaessa 200 m2. Korkeintaan 7,0 litraa\/h polttimen jatkuvassa k\u00e4yt\u00f6ss\u00e4.<\/td>\n<\/tr>\n<tr class=\"row-11 odd\">\n\t<td class=\"column-1\">Diesel<\/td><td class=\"column-2\">Talvidiesel, arktinen 2-luokka \/ Biodiesel BFO2G<\/td><td class=\"column-3\">Talvidiesel, arktinen 2-luokka \/ Biodiesel BFO2G<\/td>\n<\/tr>\n<tr class=\"row-12 even\">\n\t<td class=\"column-1\">Ty\u00f6skentelyaikav\u00e4li (suuntaa-antava, t\u00e4ydell\u00e4 s\u00e4ili\u00f6ll\u00e4))<\/td><td class=\"column-2\">3,3 vuorokautta (keskivertok\u00e4yt\u00f6ss\u00e4)<\/td><td class=\"column-3\">3,3 vuorokautta (keskivertok\u00e4yt\u00f6ss\u00e4)<\/td>\n<\/tr>\n<tr class=\"row-13 odd\">\n\t<td class=\"column-1\">Diesels\u00e4ili\u00f6n tilavuus<\/td><td class=\"column-2\">320 litraa<\/td><td class=\"column-3\">320 litraa<\/td>\n<\/tr>\n<tr class=\"row-14 even\">\n\t<td class=\"column-1\">HTF-neste<\/td><td class=\"column-2\">HW HTF-neste<\/td><td class=\"column-3\">HW HTF-neste<\/td>\n<\/tr>\n<tr class=\"row-15 odd\">\n\t<td class=\"column-1\">HTF-s\u00e4ili\u00f6n tilavuus<\/td><td class=\"column-2\">Noin 50 litraa<\/td><td class=\"column-3\">Noin 50 litraa<\/td>\n<\/tr>\n<tr class=\"row-16 even\">\n\t<td class=\"column-1\">Nesteen m\u00e4\u00e4r\u00e4 l\u00e4mmitysletkuissa nesteen tilavuus<\/td><td class=\"column-2\">0,25 litraa\/metri<\/td><td class=\"column-3\">0,25 litraa\/metri<\/td>\n<\/tr>\n<tr class=\"row-17 odd\">\n\t<td class=\"column-1\">Teollinen HW-letku<\/td><td class=\"column-2\">Lujitettu l\u00e4mmitysletku. Enimm\u00e4ispaine 30 bar<\/td><td class=\"column-3\">Lujitettu l\u00e4mmitysletku. Enimm\u00e4ispaine 30 bar<\/td>\n<\/tr>\n<tr class=\"row-18 even\">\n\t<td class=\"column-1\">L\u00e4mmitysletkujen pituus yhteens\u00e4<\/td><td class=\"column-2\">630 m<\/td><td class=\"column-3\">630 m<\/td>\n<\/tr>\n<tr class=\"row-19 odd\">\n\t<td class=\"column-1\">Yksitt\u00e4isten letkujen pituus lenkki\u00e4 kohden<\/td><td class=\"column-2\">210 m<\/td><td class=\"column-3\">315 m<\/td>\n<\/tr>\n<tr class=\"row-20 even\">\n\t<td class=\"column-1\">Letkupiirien m\u00e4\u00e4r\u00e4<\/td><td class=\"column-2\">3<\/td><td class=\"column-3\">3<\/td>\n<\/tr>\n<tr class=\"row-21 odd\">\n\t<td class=\"column-1\">S\u00e4hk\u00f6liit\u00e4nt\u00e4 \/ s\u00e4hk\u00f6n kulutus<\/td><td class=\"column-2\">230V\/2600W<\/td><td class=\"column-3\">230V\/1000W<\/td>\n<\/tr>\n<tr class=\"row-22 even\">\n\t<td class=\"column-1\">Ulkoinen liit\u00e4nt\u00e4 diesels\u00e4ili\u00f6\u00f6n<\/td><td class=\"column-2\">Sis\u00e4ltyy<\/td><td class=\"column-3\">Sis\u00e4ltyy<\/td>\n<\/tr>\n<tr class=\"row-23 odd\">\n\t<td class=\"column-1\">Huoltoluukut<\/td><td class=\"column-2\">4 ovea huollon helpottamiseksi<\/td><td class=\"column-3\">4 ovea huollon helpottamiseksi<\/td>\n<\/tr>\n<tr class=\"row-24 even\">\n\t<td class=\"column-1\"><b>Asennuksen lis\u00e4varusteet:<\/b><\/td><td class=\"column-2\"><\/td><td class=\"column-3\"><\/td>\n<\/tr>\n<tr class=\"row-25 odd\">\n\t<td class=\"column-1\">\u2022 GSM-valvonta<\/td><td class=\"column-2\">Varoittaa tekstiviestein h\u00e4iri\u00f6tilanteissa<\/td><td class=\"column-3\">Varoittaa tekstiviestein h\u00e4iri\u00f6tilanteissa<\/td>\n<\/tr>\n<tr class=\"row-26 even\">\n\t<td class=\"column-1\">\u2022 GPS Track Unit<\/td><td class=\"column-2\">GPS-paikannus ja k\u00e4ytt\u00f6historia (tilauksesta)<\/td><td class=\"column-3\">GPS-paikannus ja k\u00e4ytt\u00f6historia (tilauksesta)<\/td>\n<\/tr>\n<tr class=\"row-27 odd\">\n\t<td class=\"column-1\">\u2022 \u00c4\u00e4nieristetty generaattori<\/td><td class=\"column-2\">Aggregaatti k\u00e4ynnistyy automaattisesti verkkovirran kadotessa<\/td><td class=\"column-3\">Aggregaatti k\u00e4ynnistyy automaattisesti verkkovirran kadotessa<\/td>\n<\/tr>\n<tr class=\"row-28 even\">\n\t<td class=\"column-1\">\u2022 Autostart-aggregaatti<\/td><td class=\"column-2\">Aggregaatti k\u00e4ynnistyy automaattisesti verkkovirran kadotessa<\/td><td class=\"column-3\">Aggregaatti k\u00e4ynnistyy automaattisesti verkkovirran kadotessa<\/td>\n<\/tr>\n<tr class=\"row-29 odd\">\n\t<td class=\"column-1\">\u2022 Ylim\u00e4\u00e4r\u00e4inen pistorasia<\/td><td class=\"column-2\">16 A pistorasia s\u00e4hk\u00f6aggregaatissa<\/td><td class=\"column-3\">16 A pistorasia s\u00e4hk\u00f6aggregaatissa<\/td>\n<\/tr>\n<tr class=\"row-30 even\">\n\t<td class=\"column-1\">\u2022 LED-valomasto<\/td><td class=\"column-2\">LED-valonheitin - K\u00e4yt\u00e4nn\u00f6llinen ja vankkarakenteinen valonheitin.<br \/>\nKiinnitet\u00e4\u00e4n koneeseen<\/td><td class=\"column-3\">LED-valonheitin - K\u00e4yt\u00e4nn\u00f6llinen ja vankkarakenteinen valonheitin.<br \/>\nKiinnitet\u00e4\u00e4n koneeseen<\/td>\n<\/tr>\n<\/tbody>\n<\/table>\n<!-- #tablepress-19 from cache -->\n<div class=\"unit\"><\/div>\n","protected":false},"excerpt":{"rendered":"<p>FrostHeater HW 3600 \/\u00a0HW 1800 \u2013 per\u00e4k\u00e4rry<\/p>\n","protected":false},"author":2,"featured_media":0,"parent":1913,"menu_order":2,"comment_status":"closed","ping_status":"closed","template":"","meta":{"_acf_changed":false,"footnotes":"","_links_to":"","_links_to_target":""},"class_list":["post-6773","page","type-page","status-publish"],"acf":[],"_links":{"self":[{"href":"https:\/\/heatwork.com\/fi\/wp-json\/wp\/v2\/pages\/6773"}],"collection":[{"href":"https:\/\/heatwork.com\/fi\/wp-json\/wp\/v2\/pages"}],"about":[{"href":"https:\/\/heatwork.com\/fi\/wp-json\/wp\/v2\/types\/page"}],"author":[{"embeddable":true,"href":"https:\/\/heatwork.com\/fi\/wp-json\/wp\/v2\/users\/2"}],"replies":[{"embeddable":true,"href":"https:\/\/heatwork.com\/fi\/wp-json\/wp\/v2\/comments?post=6773"}],"version-history":[{"count":0,"href":"https:\/\/heatwork.com\/fi\/wp-json\/wp\/v2\/pages\/6773\/revisions"}],"up":[{"embeddable":true,"href":"https:\/\/heatwork.com\/fi\/wp-json\/wp\/v2\/pages\/1913"}],"wp:attachment":[{"href":"https:\/\/heatwork.com\/fi\/wp-json\/wp\/v2\/media?parent=6773"}],"curies":[{"name":"wp","href":"https:\/\/api.w.org\/{rel}","templated":true}]}}