{"id":6775,"date":"2013-06-10T08:47:05","date_gmt":"2013-06-10T06:47:05","guid":{"rendered":"https:\/\/heatwork.com\/?page_id=6775"},"modified":"2014-06-25T12:41:40","modified_gmt":"2014-06-25T10:41:40","slug":"tekniset-tiedot","status":"publish","type":"page","link":"https:\/\/heatwork.com\/fi\/tuotteet\/hydroheater\/tekniset-tiedot\/","title":{"rendered":"Tekniset tiedot"},"content":{"rendered":"\n<table id=\"tablepress-8\" class=\"tablepress tablepress-id-8\">\n<thead>\n<tr class=\"row-1 odd\">\n\t<th class=\"column-1\">Kninen erittely<\/th><th class=\"column-2\">HydroHeater - HW 3600<\/th>\n<\/tr>\n<\/thead>\n<tbody>\n<tr class=\"row-2 even\">\n\t<td class=\"column-1\">Paino<\/td><td class=\"column-2\">1860 kg<\/td>\n<\/tr>\n<tr class=\"row-3 odd\">\n\t<td class=\"column-1\">Pumpun teho<\/td><td class=\"column-2\">3900 l\/t prim\u00e4\u00e4ripuolella. 6000 l\/t sekund\u00e4\u00e4ripuolella<\/td>\n<\/tr>\n<tr class=\"row-4 even\">\n\t<td class=\"column-1\">Pumppujen m\u00e4\u00e4r\u00e4<\/td><td class=\"column-2\">1kpl prim\u00e4\u00e4ripuolella. 1 kpl sekund\u00e4\u00e4ripuolella<\/td>\n<\/tr>\n<tr class=\"row-5 odd\">\n\t<td class=\"column-1\">J\u00e4rjestelm\u00e4paine<\/td><td class=\"column-2\">2-6 bar prim\u00e4\u00e4ripuolella. 0-6 bar sekund\u00e4\u00e4ripuolella<\/td>\n<\/tr>\n<tr class=\"row-6 even\">\n\t<td class=\"column-1\">Maksimil\u00e4mp\u00f6teho<\/td><td class=\"column-2\">103 kW<\/td>\n<\/tr>\n<tr class=\"row-7 odd\">\n\t<td class=\"column-1\">Polttimen tyyppi<\/td><td class=\"column-2\">1-tehoinen<\/td>\n<\/tr>\n<tr class=\"row-8 even\">\n\t<td class=\"column-1\">L\u00e4mp\u00f6tekninen tehoaste<\/td><td class=\"column-2\">94%<\/td>\n<\/tr>\n<tr class=\"row-9 odd\">\n\t<td class=\"column-1\">Nesteen l\u00e4mp\u00f6tila<\/td><td class=\"column-2\">S\u00e4\u00e4dett\u00e4v\u00e4 0 -1000C (menol\u00e4mp\u00f6tila)<\/td>\n<\/tr>\n<tr class=\"row-10 even\">\n\t<td class=\"column-1\">Polttoaineen kulutus<\/td><td class=\"column-2\">Max 110 l\/h polttimen jatkuvassa k\u00e4yt\u00f6ss\u00e4<\/td>\n<\/tr>\n<tr class=\"row-11 odd\">\n\t<td class=\"column-1\">Polttoaine\/Diesel<\/td><td class=\"column-2\">Talvidiesel, arktinen 2-luokka. Biodiesel<\/td>\n<\/tr>\n<tr class=\"row-12 even\">\n\t<td class=\"column-1\">Tilavuus<\/td><td class=\"column-2\">320 litraa diesels\u00e4ili\u00f6ss\u00e4. 100 litraa vesis\u00e4ili\u00f6ss\u00e4<\/td>\n<\/tr>\n<tr class=\"row-13 odd\">\n\t<td class=\"column-1\">HTF*-l\u00e4mp\u00f6\u00e4 johtava neste<\/td><td class=\"column-2\">HW HTF*-neste. *HTF= l\u00e4mp\u00f6\u00e4 johtava neste<\/td>\n<\/tr>\n<tr class=\"row-14 even\">\n\t<td class=\"column-1\">HTF*-s\u00e4ili\u00f6n tilavuus<\/td><td class=\"column-2\">Noin 50 litraa<\/td>\n<\/tr>\n<tr class=\"row-15 odd\">\n\t<td class=\"column-1\">Letkulenkkien m\u00e4\u00e4r\u00e4<\/td><td class=\"column-2\">4 x 10m<\/td>\n<\/tr>\n<tr class=\"row-16 even\">\n\t<td class=\"column-1\">S\u00e4hk\u00f6liit\u00e4nt\u00e4 \/s\u00e4hk\u00f6nkulutus<\/td><td class=\"column-2\">230V - 2600W<\/td>\n<\/tr>\n<tr class=\"row-17 odd\">\n\t<td class=\"column-1\">Liit\u00e4nt\u00e4 ulkoiseen diesels\u00e4ili\u00f6\u00f6n<\/td><td class=\"column-2\">Sis\u00e4ltyy<\/td>\n<\/tr>\n<tr class=\"row-18 even\">\n\t<td class=\"column-1\">Huoltoluukut<\/td><td class=\"column-2\">4 ovea huollon helpottamiseksi<\/td>\n<\/tr>\n<tr class=\"row-19 odd\">\n\t<td class=\"column-1\"><b>Laitteen lis\u00e4varusteet:<\/b><\/td><td class=\"column-2\"><\/td>\n<\/tr>\n<tr class=\"row-20 even\">\n\t<td class=\"column-1\">\u2022 GSM-valvonta<\/td><td class=\"column-2\">Varoittaa tekstiviestein h\u00e4iri\u00f6tilanteissa<\/td>\n<\/tr>\n<tr class=\"row-21 odd\">\n\t<td class=\"column-1\">\u2022 GPS Track Unit<\/td><td class=\"column-2\">GPS-paikannus ja k\u00e4ytt\u00f6historia (tilauksesta)<\/td>\n<\/tr>\n<tr class=\"row-22 even\">\n\t<td class=\"column-1\">\u2022 \u00c4\u00e4nieristetty generaattori<\/td><td class=\"column-2\">Aggregaatti k\u00e4ynnistyy automaattisesti verkkovirran kadotessa<\/td>\n<\/tr>\n<tr class=\"row-23 odd\">\n\t<td class=\"column-1\">\u2022 Autostart-aggregaatti<\/td><td class=\"column-2\">Aggregaatti k\u00e4ynnistyy automaattisesti verkkovirran kadotessa<\/td>\n<\/tr>\n<tr class=\"row-24 even\">\n\t<td class=\"column-1\">\u2022 Ylim\u00e4\u00e4r\u00e4inen pistorasia<\/td><td class=\"column-2\">16A pistorasia s\u00e4hk\u00f6aggregaatissa<\/td>\n<\/tr>\n<tr class=\"row-25 odd\">\n\t<td class=\"column-1\">\u2022 LED-valomasto<\/td><td class=\"column-2\">LED-valonheitin - K\u00e4yt\u00e4nn\u00f6llinen ja vankkarakenteinen valonheitin.<br \/>\nKiinnitet\u00e4\u00e4n koneeseen<\/td>\n<\/tr>\n<\/tbody>\n<\/table>\n<!-- #tablepress-8 from cache -->\n<p><strong>Kapasiteetti, l\u00e4mmin vesi<\/strong><br \/>\n\n<table id=\"tablepress-9\" class=\"tablepress tablepress-id-9\">\n<thead>\n<tr class=\"row-1 odd\">\n\t<th class=\"column-1\">L\u00e4mp\u00f6tila (celciusastetta)<\/th><th class=\"column-2\">Litraa tunnissa<\/th><th class=\"column-3\"><\/th><th class=\"column-4\">L\u00e4mp\u00f6tila (celciusastetta)<\/th><th class=\"column-5\">Litraa tunnissa<\/th>\n<\/tr>\n<\/thead>\n<tbody>\n<tr class=\"row-2 even\">\n\t<td class=\"column-1\">0-12\u00b0C<\/td><td class=\"column-2\">6000<\/td><td class=\"column-3\"><\/td><td class=\"column-4\">20-32\u00b0C<\/td><td class=\"column-5\">6000<\/td>\n<\/tr>\n<tr class=\"row-3 odd\">\n\t<td class=\"column-1\">0-30\u00b0C<\/td><td class=\"column-2\">2589<\/td><td rowspan=\"3\" class=\"column-3\"><\/td><td class=\"column-4\">20-37\u00b0C<\/td><td class=\"column-5\">4500<\/td>\n<\/tr>\n<tr class=\"row-4 even\">\n\t<td class=\"column-1\">0-60\u00b0C<\/td><td class=\"column-2\">1316<\/td><td class=\"column-4\">20-60\u00b0C<\/td><td class=\"column-5\">1950<\/td>\n<\/tr>\n<tr class=\"row-5 odd\">\n\t<td class=\"column-1\">0-100\u00b0C<\/td><td class=\"column-2\">861<\/td><td class=\"column-4\">20-100\u00b0C<\/td><td class=\"column-5\">1084<\/td>\n<\/tr>\n<\/tbody>\n<\/table>\n<!-- #tablepress-9 from cache --><\/p>\n","protected":false},"excerpt":{"rendered":"<p>Kapasiteetti, l\u00e4mmin vesi<\/p>\n","protected":false},"author":2,"featured_media":0,"parent":1597,"menu_order":2,"comment_status":"closed","ping_status":"closed","template":"","meta":{"_acf_changed":false,"footnotes":"","_links_to":"","_links_to_target":""},"class_list":["post-6775","page","type-page","status-publish"],"acf":[],"_links":{"self":[{"href":"https:\/\/heatwork.com\/fi\/wp-json\/wp\/v2\/pages\/6775"}],"collection":[{"href":"https:\/\/heatwork.com\/fi\/wp-json\/wp\/v2\/pages"}],"about":[{"href":"https:\/\/heatwork.com\/fi\/wp-json\/wp\/v2\/types\/page"}],"author":[{"embeddable":true,"href":"https:\/\/heatwork.com\/fi\/wp-json\/wp\/v2\/users\/2"}],"replies":[{"embeddable":true,"href":"https:\/\/heatwork.com\/fi\/wp-json\/wp\/v2\/comments?post=6775"}],"version-history":[{"count":0,"href":"https:\/\/heatwork.com\/fi\/wp-json\/wp\/v2\/pages\/6775\/revisions"}],"up":[{"embeddable":true,"href":"https:\/\/heatwork.com\/fi\/wp-json\/wp\/v2\/pages\/1597"}],"wp:attachment":[{"href":"https:\/\/heatwork.com\/fi\/wp-json\/wp\/v2\/media?parent=6775"}],"curies":[{"name":"wp","href":"https:\/\/api.w.org\/{rel}","templated":true}]}}