{"id":6778,"date":"2013-06-04T08:25:42","date_gmt":"2013-06-04T06:25:42","guid":{"rendered":"https:\/\/heatwork.com\/?page_id=6778"},"modified":"2022-07-06T11:15:04","modified_gmt":"2022-07-06T09:15:04","slug":"esitteet","status":"publish","type":"page","link":"https:\/\/heatwork.com\/fi\/esitteet\/","title":{"rendered":"Esitteet"},"content":{"rendered":"<h2>Suomi<\/h2>\n<div class=\"ingrid in-fourths\">\n<div class=\"unit\">\n<h6>Tuoteluettelo<\/h6>\n<p><a href=\"https:\/\/issuu.com\/heatwork\/docs\/produktkatalog_07_2022_fi\" target=\"_blank\" rel=\"noopener\"><img loading=\"lazy\" decoding=\"async\" class=\"alignnone wp-image-49523\" src=\"https:\/\/heatwork.com\/wp-content\/uploads\/2022\/06\/Bilde_web_FI-339x480.jpg\" alt=\"\" width=\"150\" height=\"212\" srcset=\"https:\/\/heatwork.com\/wp-content\/uploads\/2022\/06\/Bilde_web_FI-339x480.jpg 339w, https:\/\/heatwork.com\/wp-content\/uploads\/2022\/06\/Bilde_web_FI-600x850.jpg 600w, https:\/\/heatwork.com\/wp-content\/uploads\/2022\/06\/Bilde_web_FI-664x940.jpg 664w, https:\/\/heatwork.com\/wp-content\/uploads\/2022\/06\/Bilde_web_FI-768x1088.jpg 768w, https:\/\/heatwork.com\/wp-content\/uploads\/2022\/06\/Bilde_web_FI-1085x1536.jpg 1085w, https:\/\/heatwork.com\/wp-content\/uploads\/2022\/06\/Bilde_web_FI.jpg 1370w\" sizes=\"(max-width: 150px) 100vw, 150px\" \/><\/a><br \/>\n<a href=\"https:\/\/issuu.com\/heatwork\/docs\/produktkatalog_07_2022_fi\" target=\"_blank\" rel=\"noopener\">Download product brochure<\/a><\/p>\n<\/div>\n<div class=\"unit\">\n<h6>Konseptiesite t\u00e4st\u00e4<\/h6>\n<h2><a href=\"https:\/\/issuu.com\/heatwork\/docs\/100610_-_brosjyre_konsept__en_2c529f7ae7ec3f\" target=\"_blank\" rel=\"noopener\"><img loading=\"lazy\" decoding=\"async\" class=\"alignnone wp-image-41406 size-full\" src=\"https:\/\/heatwork.com\/wp-content\/uploads\/2018\/08\/HeatWork_konsept.jpg\" alt=\"\" width=\"150\" height=\"212\" \/><\/a><\/h2>\n<p><a href=\"https:\/\/heatwork.com\/wp-content\/uploads\/2018\/08\/HeatWork_konsept_low.pdf\">Download Concept brochure<\/a><\/p>\n<\/div>\n<div class=\"unit\">\n<h6>FrostHeater HW 3600<\/h6>\n<h2><a href=\"https:\/\/issuu.com\/heatwork\/docs\/110927_-_brosjyre_hw3600__fi\" target=\"_blank\" rel=\"noopener\"><img loading=\"lazy\" decoding=\"async\" class=\"alignnone wp-image-43128 size-full\" src=\"https:\/\/heatwork.com\/wp-content\/uploads\/2019\/05\/HW-3600_FI.jpg\" alt=\"\" width=\"150\" height=\"212\" \/><\/a><\/h2>\n<p><a href=\"https:\/\/heatwork.com\/wp-content\/uploads\/2019\/05\/HW-3600_FI.pdf\">Lataa HW 3600 -esite t\u00e4st\u00e4<\/a><\/p>\n<\/div>\n<div class=\"unit\">\n<h6>FrostHeater HW 1800<\/h6>\n<h2><a href=\"http:\/\/issuu.com\/heatwork\/docs\/110927_-_brosjyre_hw1800__fi\" target=\"_blank\" rel=\"noopener noreferrer\"><img loading=\"lazy\" decoding=\"async\" class=\"alignnone wp-image-37628 size-full\" src=\"https:\/\/heatwork.com\/wp-content\/uploads\/2013\/06\/HW-1800_FI_web.jpg\" width=\"150\" height=\"212\" \/><\/a><\/h2>\n<p><a href=\"https:\/\/heatwork.com\/wp-content\/uploads\/2013\/06\/HW-1800_FI_lav-1.pdf\">Lataa HW 1800 esite t\u00e4st\u00e4<\/a><\/p>\n<\/div>\n<\/div>\n<div class=\"ingrid in-fourths\">\n<div class=\"unit\">\n<h6>MiniHeater HW MY35<\/h6>\n<h2><a href=\"http:\/\/issuu.com\/heatwork\/docs\/hw_my35_fi\" target=\"_blank\" rel=\"noopener noreferrer\"><img loading=\"lazy\" decoding=\"async\" class=\"alignnone wp-image-11404 size-full\" src=\"https:\/\/heatwork.com\/wp-content\/uploads\/2013\/06\/Forsidebilde-MY35-FI.jpg\" alt=\"\" width=\"150\" height=\"212\" \/><\/a><\/h2>\n<p><a href=\"https:\/\/heatwork.com\/wp-content\/uploads\/2014\/06\/HW-MY35_FI.pdf\">Lataa esite t\u00e4st\u00e4<\/a><\/p>\n<\/div>\n<div class=\"unit\">\n<h6>HW Winter Insulation<\/h6>\n<h2><a href=\"http:\/\/issuu.com\/heatwork\/docs\/winter_insulation_fi_issue\" target=\"_blank\" rel=\"noopener noreferrer\"><img loading=\"lazy\" decoding=\"async\" class=\"alignnone wp-image-28171 size-full\" src=\"https:\/\/heatwork.com\/wp-content\/uploads\/2013\/06\/Winter-Insulation_FI_front.jpg\" alt=\"\" width=\"150\" height=\"212\" \/><\/a><\/h2>\n<p><a href=\"https:\/\/heatwork.com\/wp-content\/uploads\/2013\/06\/Winter-Insulation_FI-low.pdf\">Lataa esite t\u00e4st\u00e4<\/a><\/p>\n<\/div>\n<div class=\"unit\">\n<h6>HeatWork HW 103 HH<\/h6>\n<h2><a href=\"https:\/\/issuu.com\/heatwork\/docs\/hw_103_hh_issue\" target=\"_blank\" rel=\"noopener\"><img loading=\"lazy\" decoding=\"async\" class=\"alignnone wp-image-41743 size-full\" src=\"https:\/\/heatwork.com\/wp-content\/uploads\/2018\/10\/HW-103-HH-FI.jpg\" alt=\"\" width=\"150\" height=\"212\" \/><\/a><\/h2>\n<p><a href=\"https:\/\/heatwork.com\/wp-content\/uploads\/2018\/10\/HW-103-HH-web.pdf\">Lataa esite t\u00e4st\u00e4<\/a><\/p>\n<\/div>\n<div class=\"unit\">\n<h6>CliWi nestekiertoinen l\u00e4mmitys<\/h6>\n<h2><img loading=\"lazy\" decoding=\"async\" class=\"alignnone wp-image-45479 size-full\" src=\"https:\/\/heatwork.com\/wp-content\/uploads\/2021\/01\/CliWi-Building-Heating-EN-copy.jpg\" alt=\"\" width=\"150\" height=\"212\" \/><\/h2>\n<p><a href=\"https:\/\/heatwork.com\/wp-content\/uploads\/2021\/01\/CliWi-Byggvarme-FI-Jens.pdf\">CliWi nestekiertoinen la\u0308mmitys<\/a><\/p>\n<\/div>\n<\/div>\n<div class=\"ingrid in-fourths\">\n<div class=\"unit\">\n<h6>L\u00e4mp\u00f6k\u00e4sittely<\/h6>\n<h2><a href=\"https:\/\/issuu.com\/heatwork\/docs\/varmebehandling_issue_fi\" target=\"_blank\" rel=\"noopener\"><img loading=\"lazy\" decoding=\"async\" class=\"alignnone wp-image-41723 size-full\" src=\"https:\/\/heatwork.com\/wp-content\/uploads\/2018\/10\/HeatWork-Lampokasittely-web.jpg\" alt=\"\" width=\"150\" height=\"212\" \/><\/a><\/h2>\n<p><a href=\"https:\/\/heatwork.com\/wp-content\/uploads\/2018\/10\/HeatWork-La\u0308mpo\u0308ka\u0308sittely-web-1.pdf\">La\u0308mpo\u0308ka\u0308sittely tuholaisten torjuntaan<\/a><\/p>\n<\/div>\n<div class=\"unit\">\n<h6>HW Concrete Systems<\/h6>\n<h2><a href=\"http:\/\/issuu.com\/heatwork\/docs\/hw_concrete_systems_fi_issue\" target=\"_blank\" rel=\"noopener noreferrer\"><img loading=\"lazy\" decoding=\"async\" class=\"alignnone wp-image-16758 size-full\" src=\"https:\/\/heatwork.com\/wp-content\/uploads\/2014\/06\/HW-Concrete-Systems_FI1.jpg\" alt=\"\" width=\"150\" height=\"212\" \/><\/a><\/h2>\n<p><a href=\"https:\/\/heatwork.com\/wp-content\/uploads\/2013\/06\/Winter-Insulation_FI-low.pdf\">Lataa esite t\u00e4st\u00e4<\/a><\/p>\n<\/div>\n<div class=\"unit\">\n<h6>HW HydroHeater<\/h6>\n<h2><a href=\"http:\/\/issuu.com\/heatwork\/docs\/120423_-_brosjyre_hydroheater__fi\" target=\"_blank\" rel=\"noopener\"><img loading=\"lazy\" decoding=\"async\" class=\"alignnone wp-image-38273 size-full\" src=\"https:\/\/heatwork.com\/wp-content\/uploads\/2013\/06\/HydroHeater-FI-web.jpg\" width=\"150\" height=\"212\" \/><\/a><\/h2>\n<p><a href=\"https:\/\/heatwork.com\/wp-content\/uploads\/2021\/01\/HydroHeater_FI.pdf\">Lataa HydroHeater esite t\u00e4st\u00e4<\/a><\/p>\n<\/div>\n<div class=\"unit\">\n<h6>CliWi &#8211; Elektrisk<\/h6>\n<h2><img loading=\"lazy\" decoding=\"async\" class=\"alignnone wp-image-46591 size-full\" src=\"https:\/\/heatwork.com\/wp-content\/uploads\/2021\/06\/CliWi-el_FI_brosjyre-thumbnail.jpg\" alt=\"\" width=\"150\" height=\"212\" \/><\/h2>\n<p><a href=\"https:\/\/heatwork.com\/wp-content\/uploads\/2021\/06\/CliWi-electric-FI_rev.pdf\">Lataa esite t\u00e4st\u00e4<\/a><\/p>\n<\/div>\n<\/div>\n<div class=\"ingrid in-fourths\">\n<div class=\"unit\">\n<h6>HW X2 &#8211; Building Heating &amp; Concrete Work<\/h6>\n<h2><img loading=\"lazy\" decoding=\"async\" class=\"alignnone wp-image-46653 size-full\" src=\"https:\/\/heatwork.com\/wp-content\/uploads\/2021\/06\/X2-byggvarmeconcrete_brosjyre-thumbnail.jpg\" alt=\"\" width=\"150\" height=\"212\" \/><\/h2>\n<p><a href=\"https:\/\/heatwork.com\/wp-content\/uploads\/2021\/06\/X2-ByggvarmeConcrete-FI.pdf\">Lataa esite t\u00e4st\u00e4<\/a><\/p>\n<\/div>\n<div class=\"unit\">\n<h6>HW X2 &#8211; Pest Control<\/h6>\n<h2><img loading=\"lazy\" decoding=\"async\" class=\"alignnone wp-image-46659 size-full\" src=\"https:\/\/heatwork.com\/wp-content\/uploads\/2021\/06\/X2-pest_brosjyre-thumbnail.jpg\" alt=\"\" width=\"150\" height=\"212\" \/><\/h2>\n<p><a href=\"https:\/\/heatwork.com\/wp-content\/uploads\/2021\/06\/X2-Pest-Control-FI.pdf\">Lataa esite t\u00e4st\u00e4<\/a><\/p>\n<\/div>\n","protected":false},"excerpt":{"rendered":"<p>Suomi Tuoteluettelo Download product brochure Konseptiesite t\u00e4st\u00e4 Download Concept brochure FrostHeater HW 3600 Lataa HW 3600 -esite t\u00e4st\u00e4 FrostHeater HW 1800 Lataa HW 1800 esite t\u00e4st\u00e4 MiniHeater HW MY35 Lataa esite t\u00e4st\u00e4 HW Winter Insulation Lataa esite t\u00e4st\u00e4 HeatWork HW 103 HH Lataa esite t\u00e4st\u00e4 CliWi nestekiertoinen l\u00e4mmitys CliWi nestekiertoinen la\u0308mmitys L\u00e4mp\u00f6k\u00e4sittely La\u0308mpo\u0308ka\u0308sittely tuholaisten torjuntaan [&hellip;]<\/p>\n","protected":false},"author":2,"featured_media":0,"parent":0,"menu_order":15,"comment_status":"closed","ping_status":"closed","template":"","meta":{"_acf_changed":false,"footnotes":"","_links_to":"","_links_to_target":""},"class_list":["post-6778","page","type-page","status-publish"],"acf":[],"_links":{"self":[{"href":"https:\/\/heatwork.com\/fi\/wp-json\/wp\/v2\/pages\/6778"}],"collection":[{"href":"https:\/\/heatwork.com\/fi\/wp-json\/wp\/v2\/pages"}],"about":[{"href":"https:\/\/heatwork.com\/fi\/wp-json\/wp\/v2\/types\/page"}],"author":[{"embeddable":true,"href":"https:\/\/heatwork.com\/fi\/wp-json\/wp\/v2\/users\/2"}],"replies":[{"embeddable":true,"href":"https:\/\/heatwork.com\/fi\/wp-json\/wp\/v2\/comments?post=6778"}],"version-history":[{"count":5,"href":"https:\/\/heatwork.com\/fi\/wp-json\/wp\/v2\/pages\/6778\/revisions"}],"predecessor-version":[{"id":49547,"href":"https:\/\/heatwork.com\/fi\/wp-json\/wp\/v2\/pages\/6778\/revisions\/49547"}],"wp:attachment":[{"href":"https:\/\/heatwork.com\/fi\/wp-json\/wp\/v2\/media?parent=6778"}],"curies":[{"name":"wp","href":"https:\/\/api.w.org\/{rel}","templated":true}]}}