{"id":8789,"date":"2013-08-22T11:25:46","date_gmt":"2013-08-22T09:25:46","guid":{"rendered":"https:\/\/heatwork.com\/?page_id=8789"},"modified":"2023-09-13T12:24:49","modified_gmt":"2023-09-13T10:24:49","slug":"miniheater","status":"publish","type":"page","link":"https:\/\/heatwork.com\/fi\/tuotteet\/miniheater\/","title":{"rendered":"MiniHeater"},"content":{"rendered":"<div class=\"o-carousel js-carousel\"><div class=\"o-carousel__main js-carousel-main qfujd\" data-id=\"qfujd\"><img loading=\"lazy\" decoding=\"async\" src=\"https:\/\/heatwork.com\/wp-content\/uploads\/2013\/08\/MiniHeater-I.jpg\" width=\"552\" height=\"368\" alt=\"\" \/>\n<img loading=\"lazy\" decoding=\"async\" src=\"https:\/\/heatwork.com\/wp-content\/uploads\/2013\/08\/MiniHeater.jpg\" width=\"552\" height=\"368\" alt=\"\" \/>\n<img loading=\"lazy\" decoding=\"async\" src=\"https:\/\/heatwork.com\/wp-content\/uploads\/2013\/08\/IMG_07701-e1433145456846-940x627.jpg\" width=\"940\" height=\"627\" alt=\"\" \/>\n<img loading=\"lazy\" decoding=\"async\" src=\"https:\/\/heatwork.com\/wp-content\/uploads\/2013\/08\/IMG_07761-e1433145511622-940x627.jpg\" width=\"940\" height=\"627\" alt=\"\" \/>\n<img loading=\"lazy\" decoding=\"async\" src=\"https:\/\/heatwork.com\/wp-content\/uploads\/2013\/08\/IMG_0780-e1433145533358-627x940.jpg\" width=\"627\" height=\"940\" alt=\"\" \/>\n<img loading=\"lazy\" decoding=\"async\" src=\"https:\/\/heatwork.com\/wp-content\/uploads\/2013\/08\/HW_MY35_traktor.jpg\" width=\"600\" height=\"401\" alt=\"\" \/>\n<img loading=\"lazy\" decoding=\"async\" src=\"https:\/\/heatwork.com\/wp-content\/uploads\/2013\/10\/MY35-helikopter.jpg\" width=\"552\" height=\"367\" alt=\"\" \/>\n<img loading=\"lazy\" decoding=\"async\" src=\"https:\/\/heatwork.com\/wp-content\/uploads\/2013\/10\/MY35-helikopter-02.jpg\" width=\"552\" height=\"830\" alt=\"\" \/>\n<img loading=\"lazy\" decoding=\"async\" src=\"https:\/\/heatwork.com\/wp-content\/uploads\/2013\/10\/MY35-helikopter-04.jpg\" width=\"552\" height=\"827\" alt=\"\" \/>\n<\/div><ul class=\"o-carousel__nav js-carousel-nav\"><li><img loading=\"lazy\" decoding=\"async\" src=\"https:\/\/heatwork.com\/wp-content\/uploads\/2013\/08\/MiniHeater-I-290x290.jpg\" width=\"290\" height=\"290\" alt=\"\" \/><\/li>\n<li><img loading=\"lazy\" decoding=\"async\" src=\"https:\/\/heatwork.com\/wp-content\/uploads\/2013\/08\/MiniHeater-290x290.jpg\" width=\"290\" height=\"290\" alt=\"\" \/><\/li>\n<li><img loading=\"lazy\" decoding=\"async\" src=\"https:\/\/heatwork.com\/wp-content\/uploads\/2013\/08\/IMG_07701-e1433145456846-290x290.jpg\" width=\"290\" height=\"290\" alt=\"\" \/><\/li>\n<li><img loading=\"lazy\" decoding=\"async\" src=\"https:\/\/heatwork.com\/wp-content\/uploads\/2013\/08\/IMG_07761-e1433145511622-290x290.jpg\" width=\"290\" height=\"290\" alt=\"\" \/><\/li>\n<li><img loading=\"lazy\" decoding=\"async\" src=\"https:\/\/heatwork.com\/wp-content\/uploads\/2013\/08\/IMG_0780-e1433145533358-290x290.jpg\" width=\"290\" height=\"290\" alt=\"\" \/><\/li>\n<li><img loading=\"lazy\" decoding=\"async\" src=\"https:\/\/heatwork.com\/wp-content\/uploads\/2013\/08\/HW_MY35_traktor-290x290.jpg\" width=\"290\" height=\"290\" alt=\"\" \/><\/li>\n<li><img loading=\"lazy\" decoding=\"async\" src=\"https:\/\/heatwork.com\/wp-content\/uploads\/2013\/10\/MY35-helikopter-290x290.jpg\" width=\"290\" height=\"290\" alt=\"\" \/><\/li>\n<li><img loading=\"lazy\" decoding=\"async\" src=\"https:\/\/heatwork.com\/wp-content\/uploads\/2013\/10\/MY35-helikopter-02-290x290.jpg\" width=\"290\" height=\"290\" alt=\"\" \/><\/li>\n<li><img loading=\"lazy\" decoding=\"async\" src=\"https:\/\/heatwork.com\/wp-content\/uploads\/2013\/10\/MY35-helikopter-04-290x290.jpg\" width=\"290\" height=\"290\" alt=\"\" \/><\/li>\n<\/ul><\/div>\n<p>&nbsp;<\/p>\n<h2>MiniHeater: Markkinoiden kompaktein roudansulattaja<\/h2>\n<p>Palkintoja voittanut teollinen muotoilumme sek\u00e4 patentoitu l\u00e4mp\u00f6teknologiamme jatkuu uuden sukupolven l\u00e4mp\u00f6tuotteissa.<\/p>\n<p>HW MY35:n etuina ovat sen pieni koko ja keveys, jolloin sit\u00e4 on helppo kuljettaa helikopterilla, autolla, traktorilla ja muilla kulkuneuvoilla. Urakoitsijoille, joilla on urakoita vaikeasti saavutettavissa paikoissa, autaa laite ratkaisemaan ongelmat, joita alhaiset l\u00e4mp\u00f6tilat aiheuttavat esimerkiksi betonin valamisen, veden l\u00e4mmityksen t\u00e4ytt\u00f6massojen sulatuksen ja parakkien l\u00e4mmityksen kanssa. HW MY35:n sis\u00e4\u00e4nrakennettu aggregaatti tuottaa s\u00e4hk\u00f6\u00e4 my\u00f6s muihin tarkoituksiin.<\/p>\n<p>K\u00e4ytt\u00f6alueet ovat monet, ja teht\u00e4v\u00e4t, kuten l\u00e4mmitys, lumensulatus, j\u00e4\u00e4nsulatus ja roudansulatus, ovat hyvinkin ajankohtaisia pienille ja keskisuurille yrityksille, maatiloille ja yksityisille k\u00e4ytt\u00e4jille. MY35 antaa mahdollisuuden my\u00f6s pienempien budjettien t\u00f6ille ottaa ratkaisumme k\u00e4ytt\u00f6\u00f6n.<\/p>\n<p><strong>Katso lis\u00e4\u00e4 k\u00e4ytt\u00f6alueita <a href=\"https:\/\/heatwork.com\/fi\/kayttokohteet\/pienyrityksetmaatilatitserakentajat\/maanviljely\/\" target=\"_blank\" rel=\"noopener\">t\u00e4st\u00e4<\/a><\/strong><\/p>\n<h4><em>N\u00e4in routa sulatetaan MiniHeaterilla<\/em><\/h4>\n<ol>\n<li>Joustavat l\u00e4mp\u00f6letkut levitet\u00e4\u00e4n alueelle, joka sulatetaan, kovetetaan tai suojataan pakkaselta.<\/li>\n<li>HW-l\u00e4mm\u00f6nsiirtoneste (HTF) kiert\u00e4\u00e4 suljetussa j\u00e4rjestelm\u00e4ss\u00e4 ja l\u00e4mmitt\u00e4\u00e4 maan suoraan.<\/li>\n<li>L\u00e4mm\u00f6nsiirron maksimoinniksi ja l\u00e4mp\u00f6h\u00e4vi\u00f6n v\u00e4ltt\u00e4miseksi letkut peitet\u00e4\u00e4n heijastavilla HW-eristysmatoilla<\/li>\n<li>Massoissa oleva kosteus l\u00e4mpe\u00e4\u00e4 ja sulattaa nopeasti ja tehokkaasti syvemm\u00e4lle maahan, 30-80 cm vuorokaudessa, riippuen olosuhteista.<\/li>\n<li>Laite toimii miehitt\u00e4m\u00e4tt\u00f6m\u00e4n\u00e4, kunnes sulatus on valmis. GSM-ohjausyksikk\u00f6 varoittaa mahdollisista ongelmista.<\/li>\n<\/ol>\n<p><a href=\"https:\/\/heatwork.com\/wp-content\/uploads\/2010\/11\/slanger-matte-webversjon1.gif\"><img loading=\"lazy\" decoding=\"async\" class=\"alignnone wp-image-14667\" src=\"https:\/\/heatwork.com\/wp-content\/uploads\/2010\/11\/slanger-matte-webversjon1.gif\" alt=\"roudansulattaja\" width=\"1277\" height=\"400\" \/><\/a><\/p>\n","protected":false},"excerpt":{"rendered":"<p>&nbsp; MiniHeater: Markkinoiden kompaktein roudansulattaja Palkintoja voittanut teollinen muotoilumme sek\u00e4 patentoitu l\u00e4mp\u00f6teknologiamme jatkuu uuden sukupolven l\u00e4mp\u00f6tuotteissa. HW MY35:n etuina ovat sen pieni koko ja keveys, jolloin sit\u00e4 on helppo kuljettaa helikopterilla, autolla, traktorilla ja muilla kulkuneuvoilla. Urakoitsijoille, joilla on urakoita vaikeasti saavutettavissa paikoissa, autaa laite ratkaisemaan ongelmat, joita alhaiset l\u00e4mp\u00f6tilat aiheuttavat esimerkiksi betonin valamisen, veden [&hellip;]<\/p>\n","protected":false},"author":8,"featured_media":42202,"parent":1666,"menu_order":4,"comment_status":"closed","ping_status":"closed","template":"","meta":{"_acf_changed":false,"footnotes":"","_links_to":"","_links_to_target":""},"class_list":["post-8789","page","type-page","status-publish","has-post-thumbnail"],"acf":[],"_links":{"self":[{"href":"https:\/\/heatwork.com\/fi\/wp-json\/wp\/v2\/pages\/8789"}],"collection":[{"href":"https:\/\/heatwork.com\/fi\/wp-json\/wp\/v2\/pages"}],"about":[{"href":"https:\/\/heatwork.com\/fi\/wp-json\/wp\/v2\/types\/page"}],"author":[{"embeddable":true,"href":"https:\/\/heatwork.com\/fi\/wp-json\/wp\/v2\/users\/8"}],"replies":[{"embeddable":true,"href":"https:\/\/heatwork.com\/fi\/wp-json\/wp\/v2\/comments?post=8789"}],"version-history":[{"count":3,"href":"https:\/\/heatwork.com\/fi\/wp-json\/wp\/v2\/pages\/8789\/revisions"}],"predecessor-version":[{"id":51788,"href":"https:\/\/heatwork.com\/fi\/wp-json\/wp\/v2\/pages\/8789\/revisions\/51788"}],"up":[{"embeddable":true,"href":"https:\/\/heatwork.com\/fi\/wp-json\/wp\/v2\/pages\/1666"}],"wp:featuredmedia":[{"embeddable":true,"href":"https:\/\/heatwork.com\/fi\/wp-json\/wp\/v2\/media\/42202"}],"wp:attachment":[{"href":"https:\/\/heatwork.com\/fi\/wp-json\/wp\/v2\/media?parent=8789"}],"curies":[{"name":"wp","href":"https:\/\/api.w.org\/{rel}","templated":true}]}}