{"id":16889,"date":"2013-06-04T08:25:42","date_gmt":"2013-06-04T06:25:42","guid":{"rendered":"https:\/\/heatwork.com\/?page_id=16889"},"modified":"2026-02-05T15:23:18","modified_gmt":"2026-02-05T14:23:18","slug":"broschyrer","status":"publish","type":"page","link":"https:\/\/heatwork.com\/sv\/broschyrer\/","title":{"rendered":"Broschyrer"},"content":{"rendered":"<h2>Svenska<\/h2>\n<div class=\"ingrid in-fourths\">\n<div class=\"unit\">\n<h6>Produktkatalog<\/h6>\n<p><a href=\"https:\/\/issuu.com\/heatwork\/docs\/produktkatalog_07_2022_se\" target=\"_blank\" rel=\"noopener\"><img loading=\"lazy\" decoding=\"async\" class=\"alignnone wp-image-49534\" src=\"https:\/\/heatwork.com\/wp-content\/uploads\/2022\/07\/Bilde_web-339x480.jpg\" alt=\"\" width=\"150\" height=\"212\" \/><\/a><\/p>\n<p><a href=\"https:\/\/heatwork.com\/wp-content\/uploads\/2022\/08\/Produktkatalog_072022_SE_WEB.pdf\">Ladda ner produktkatalog<\/a><\/p>\n<\/div>\n<div class=\"unit\">\n<h6>FrostHeater HW 3600<\/h6>\n<h2><a href=\"http:\/\/issuu.com\/heatwork\/docs\/130122_-_brosjyre_hw_3600_se\" target=\"_blank\" rel=\"noopener noreferrer\"><img loading=\"lazy\" decoding=\"async\" class=\"alignnone wp-image-43065 size-full\" src=\"https:\/\/heatwork.com\/wp-content\/uploads\/2019\/05\/HW-3600_SE.jpg\" alt=\"\" width=\"150\" height=\"212\" \/><\/a><\/h2>\n<p><a href=\"https:\/\/heatwork.com\/wp-content\/uploads\/2026\/02\/HW-3600-1.pdf\">Ladda ner HW 3600<\/a><\/p>\n<\/div>\n<div class=\"unit\">\n<h6>FrostHeater HW 1800<\/h6>\n<h2><a href=\"http:\/\/issuu.com\/heatwork\/docs\/120126_-_brosjyre_hw1800__se\" target=\"_blank\" rel=\"noopener noreferrer\"><img loading=\"lazy\" decoding=\"async\" class=\"alignnone wp-image-37601 size-full\" src=\"https:\/\/heatwork.com\/wp-content\/uploads\/2013\/06\/HW-1800_SE_web.jpg\" width=\"150\" height=\"212\" \/><\/a><\/h2>\n<p><a href=\"https:\/\/heatwork.com\/wp-content\/uploads\/2013\/06\/HW-1800_SE.pdf\">Ladda ner HW 1800<\/a><\/p>\n<\/div>\n<\/div>\n<div class=\"ingrid in-fourths\">\n<div class=\"unit\">\n<h6>MiniHeater HW MY35<\/h6>\n<h2><img loading=\"lazy\" decoding=\"async\" class=\"alignnone wp-image-49599\" src=\"https:\/\/heatwork.com\/wp-content\/uploads\/2022\/08\/Skjermbilde-2022-08-10-kl.-10.08.46-1-340x480.png\" alt=\"\" width=\"150\" height=\"212\" srcset=\"https:\/\/heatwork.com\/wp-content\/uploads\/2022\/08\/Skjermbilde-2022-08-10-kl.-10.08.46-1-340x480.png 340w, https:\/\/heatwork.com\/wp-content\/uploads\/2022\/08\/Skjermbilde-2022-08-10-kl.-10.08.46-1-600x847.png 600w, https:\/\/heatwork.com\/wp-content\/uploads\/2022\/08\/Skjermbilde-2022-08-10-kl.-10.08.46-1-666x940.png 666w, https:\/\/heatwork.com\/wp-content\/uploads\/2022\/08\/Skjermbilde-2022-08-10-kl.-10.08.46-1-768x1084.png 768w, https:\/\/heatwork.com\/wp-content\/uploads\/2022\/08\/Skjermbilde-2022-08-10-kl.-10.08.46-1-1089x1536.png 1089w, https:\/\/heatwork.com\/wp-content\/uploads\/2022\/08\/Skjermbilde-2022-08-10-kl.-10.08.46-1.png 1212w\" sizes=\"(max-width: 150px) 100vw, 150px\" \/><\/h2>\n<p><a href=\"https:\/\/heatwork.com\/wp-content\/uploads\/2022\/08\/MiniHeater-MY35_SE_082022_web.pdf\">Ladda ner MY35<\/a><\/p>\n<\/div>\n<div class=\"unit\">\n<h6>HW Winter Insulation<\/h6>\n<h2><a href=\"http:\/\/issuu.com\/heatwork\/docs\/110410_-_brosjyre_winter-insulation_de9e5b4d07fb9d?e=9066520\/4496283\" target=\"_blank\" rel=\"noopener noreferrer\"><img loading=\"lazy\" decoding=\"async\" class=\"alignnone wp-image-28054 size-full\" src=\"https:\/\/heatwork.com\/wp-content\/uploads\/2013\/06\/Winter-Insulation_SE_forside.jpg\" alt=\"\" width=\"150\" height=\"212\" \/><\/a><\/h2>\n<p><a href=\"https:\/\/heatwork.com\/wp-content\/uploads\/2013\/06\/Winter-Insulation_SE_low.pdf\">Ladda ner broschyren h\u00e4r<\/a><\/p>\n<\/div>\n<div class=\"unit\">\n<h6>HW 103 HH<\/h6>\n<h2><a href=\"https:\/\/issuu.com\/heatwork\/docs\/hw_xtreme_se_issue\" target=\"_blank\" rel=\"noopener\"><img loading=\"lazy\" decoding=\"async\" class=\"alignnone wp-image-40359 size-full\" src=\"https:\/\/heatwork.com\/wp-content\/uploads\/2018\/01\/HW-103-HH-web-1-1.jpg\" alt=\"\" width=\"150\" height=\"212\" \/><\/a><\/h2>\n<p><a href=\"https:\/\/heatwork.com\/wp-content\/uploads\/2018\/01\/HW-103-HH_SE-lav-1.pdf\">Ladda ner HW 103 HH<\/a><\/p>\n<\/div>\n<div class=\"unit\">\n<h6>CliWi v\u00e4tskeburen v\u00e4rme<\/h6>\n<h2><img loading=\"lazy\" decoding=\"async\" class=\"alignnone wp-image-45483 size-full\" src=\"https:\/\/heatwork.com\/wp-content\/uploads\/2021\/01\/CliWi-Building-Heating-EN-copy.jpg\" alt=\"\" width=\"150\" height=\"212\" \/><\/h2>\n<p><a href=\"https:\/\/heatwork.com\/wp-content\/uploads\/2021\/01\/CliWi-Byggvarme-SE-Jesper.pdf\">Ladda ner CliWi DM<\/a><\/p>\n<\/div>\n<\/div>\n<div class=\"ingrid in-fourths\">\n<div class=\"unit\">\n<h6>V\u00e4rmebehandling &#8211; skadedjur<\/h6>\n<h2><a href=\"https:\/\/issuu.com\/heatwork\/docs\/skadedyr_issue_fb0bd4de164dc8\" target=\"_blank\" rel=\"noopener\"><img loading=\"lazy\" decoding=\"async\" class=\"alignnone wp-image-41551 size-full\" src=\"https:\/\/heatwork.com\/wp-content\/uploads\/2018\/09\/Skadedjur_SE-web.jpg\" alt=\"\" width=\"150\" height=\"210\" \/><\/a><\/h2>\n<p><a href=\"https:\/\/heatwork.com\/wp-content\/uploads\/2018\/10\/HeatWork-va\u0308rmebehandling-skadedjur-web.pdf\">Ladda ner va\u0308rmebehandling skadedjur<\/a><\/p>\n<\/div>\n<div class=\"unit\">\n<h6>HW Concrete Systems<\/h6>\n<h2><a href=\"http:\/\/issuu.com\/heatwork\/docs\/hw_concrete_systems_issue_db797913b95307\/0\" target=\"_blank\" rel=\"noopener noreferrer\"><img loading=\"lazy\" decoding=\"async\" class=\"alignnone wp-image-21998 size-full\" src=\"https:\/\/heatwork.com\/wp-content\/uploads\/2014\/07\/HW-Concrete-Systems_SE.jpg\" alt=\"\" width=\"150\" height=\"212\" \/><\/a><\/h2>\n<p><a href=\"https:\/\/heatwork.com\/wp-content\/uploads\/2014\/07\/HW-Concrete-Systems_SE.pdf\">Ladda ner Concrete Systems<\/a><\/p>\n<\/div>\n<div class=\"unit\">\n<h6>HW Ice Guard Systems<\/h6>\n<h2><a href=\"https:\/\/issuu.com\/heatwork\/docs\/hw_ice_guard_systems_issue\" target=\"_blank\" rel=\"noopener\"><img loading=\"lazy\" decoding=\"async\" class=\"alignnone wp-image-41554 size-full\" src=\"https:\/\/heatwork.com\/wp-content\/uploads\/2018\/09\/HW-Ice-Guard-Systems.jpg\" alt=\"\" width=\"150\" height=\"212\" \/><\/a><\/h2>\n<p><a href=\"https:\/\/heatwork.com\/wp-content\/uploads\/2021\/01\/HW-Ice-Guard-Systems.pdf\">Ladda ner Ice Guard Systems<\/a><\/p>\n<\/div>\n<div class=\"unit\">\n<h6>HW HydroHeater<\/h6>\n<h2><a href=\"http:\/\/issuu.com\/heatwork\/docs\/120514_-_brosjyre_hydroheater__se\" target=\"_blank\" rel=\"noopener noreferrer\"><img loading=\"lazy\" decoding=\"async\" class=\"alignnone wp-image-41556 size-full\" src=\"https:\/\/heatwork.com\/wp-content\/uploads\/2018\/09\/HydroHeater.jpg\" alt=\"\" width=\"150\" height=\"212\" \/><\/a><\/h2>\n<p><a href=\"https:\/\/heatwork.com\/wp-content\/uploads\/2021\/01\/HW-HydroHeater_SE.pdf\">Ladda ner HW HydroHeater<\/a><\/p>\n<\/div>\n<\/div>\n<div class=\"ingrid in-fourths\">\n<div class=\"unit\">\n<h6>CliWi &#8211; Elektrisk<\/h6>\n<h2><img loading=\"lazy\" decoding=\"async\" class=\"alignnone wp-image-46600 size-full\" src=\"https:\/\/heatwork.com\/wp-content\/uploads\/2021\/06\/CliWi-el_NO_brosjyre-thumbnail.jpg\" alt=\"\" width=\"150\" height=\"212\" \/><\/h2>\n<p><a href=\"https:\/\/heatwork.com\/wp-content\/uploads\/2021\/06\/CliWi-electric-SE_rev.pdf\">Ladda ner CliWi &#8211; Elektrisk DM<\/a><\/p>\n<\/div>\n<div class=\"unit\">\n<h6>HW X2 &#8211; byggv\u00e4rmare &amp; betongarbete<\/h6>\n<h2><img loading=\"lazy\" decoding=\"async\" class=\"alignnone wp-image-46653 size-full\" src=\"https:\/\/heatwork.com\/wp-content\/uploads\/2021\/06\/X2-byggvarmeconcrete_brosjyre-thumbnail.jpg\" alt=\"\" width=\"150\" height=\"212\" \/><\/h2>\n<p><a href=\"https:\/\/heatwork.com\/wp-content\/uploads\/2021\/06\/HW-X2-byggvarmebetong-SE.pdf\">Ladda ner<\/a><\/p>\n<\/div>\n<div class=\"unit\">\n<h6>HW X2 &#8211; Skadedjursbek\u00e4mpning<\/h6>\n<h2><img loading=\"lazy\" decoding=\"async\" class=\"alignnone wp-image-46659 size-full\" src=\"https:\/\/heatwork.com\/wp-content\/uploads\/2021\/06\/X2-pest_brosjyre-thumbnail.jpg\" alt=\"\" width=\"150\" height=\"212\" \/><\/h2>\n<p><a href=\"https:\/\/heatwork.com\/wp-content\/uploads\/2021\/06\/HW-X2-Pest-Control-SE.pdf\">Ladda ner<\/a><\/p>\n<\/div>\n<\/div>\n","protected":false},"excerpt":{"rendered":"<p>Svenska Produktkatalog Ladda ner produktkatalog FrostHeater HW 3600 Ladda ner HW 3600 FrostHeater HW 1800 Ladda ner HW 1800 MiniHeater HW MY35 Ladda ner MY35 HW Winter Insulation Ladda ner broschyren h\u00e4r HW 103 HH Ladda ner HW 103 HH CliWi v\u00e4tskeburen v\u00e4rme Ladda ner CliWi DM V\u00e4rmebehandling &#8211; skadedjur Ladda ner va\u0308rmebehandling skadedjur HW [&hellip;]<\/p>\n","protected":false},"author":8,"featured_media":0,"parent":0,"menu_order":15,"comment_status":"closed","ping_status":"closed","template":"","meta":{"_acf_changed":false,"footnotes":"","_links_to":"","_links_to_target":""},"class_list":["post-16889","page","type-page","status-publish"],"acf":[],"_links":{"self":[{"href":"https:\/\/heatwork.com\/sv\/wp-json\/wp\/v2\/pages\/16889"}],"collection":[{"href":"https:\/\/heatwork.com\/sv\/wp-json\/wp\/v2\/pages"}],"about":[{"href":"https:\/\/heatwork.com\/sv\/wp-json\/wp\/v2\/types\/page"}],"author":[{"embeddable":true,"href":"https:\/\/heatwork.com\/sv\/wp-json\/wp\/v2\/users\/8"}],"replies":[{"embeddable":true,"href":"https:\/\/heatwork.com\/sv\/wp-json\/wp\/v2\/comments?post=16889"}],"version-history":[{"count":13,"href":"https:\/\/heatwork.com\/sv\/wp-json\/wp\/v2\/pages\/16889\/revisions"}],"predecessor-version":[{"id":53647,"href":"https:\/\/heatwork.com\/sv\/wp-json\/wp\/v2\/pages\/16889\/revisions\/53647"}],"wp:attachment":[{"href":"https:\/\/heatwork.com\/sv\/wp-json\/wp\/v2\/media?parent=16889"}],"curies":[{"name":"wp","href":"https:\/\/api.w.org\/{rel}","templated":true}]}}