{"id":17075,"date":"2013-09-19T14:58:54","date_gmt":"2013-09-19T12:58:54","guid":{"rendered":"https:\/\/heatwork.com\/teknisk-information\/"},"modified":"2016-12-08T15:46:48","modified_gmt":"2016-12-08T14:46:48","slug":"teknisk-information","status":"publish","type":"page","link":"https:\/\/heatwork.com\/sv\/produkter\/miniheater\/teknisk-information\/","title":{"rendered":"Teknisk information"},"content":{"rendered":"<p>FrostHeater HW MY35<br \/>\n\n<table id=\"tablepress-2\" class=\"tablepress tablepress-id-2\">\n<thead>\n<tr class=\"row-1 odd\">\n\t<th class=\"column-1\">Tekniske Spesifikasjoner<\/th><th class=\"column-2\">HW MY35<\/th>\n<\/tr>\n<\/thead>\n<tbody>\n<tr class=\"row-2 even\">\n\t<td class=\"column-1\">Vikt <\/td><td class=\"column-2\">fr\u00e5n 850 kg<\/td>\n<\/tr>\n<tr class=\"row-3 odd\">\n\t<td class=\"column-1\">Dimensioner BxHxD mm<\/td><td class=\"column-2\">3200 x 1800 x 1900<\/td>\n<\/tr>\n<tr class=\"row-4 even\">\n\t<td class=\"column-1\">Pumpkapacitet<\/td><td class=\"column-2\">2100 l\/t<\/td>\n<\/tr>\n<tr class=\"row-5 odd\">\n\t<td class=\"column-1\">Antal pumpar<\/td><td class=\"column-2\">1 x 2100<\/td>\n<\/tr>\n<tr class=\"row-6 even\">\n\t<td class=\"column-1\">Systemtryck normal drift<\/td><td class=\"column-2\">2-6 bar<\/td>\n<\/tr>\n<tr class=\"row-7 odd\">\n\t<td class=\"column-1\">Maximal v\u00e4rmeeffekt<\/td><td class=\"column-2\">35 kW<\/td>\n<\/tr>\n<tr class=\"row-8 even\">\n\t<td class=\"column-1\">Typ av br\u00e4nnare<\/td><td class=\"column-2\">1-trinns<\/td>\n<\/tr>\n<tr class=\"row-9 odd\">\n\t<td class=\"column-1\">Eldningsteknisk verkningsgrad<\/td><td class=\"column-2\">94% <\/td>\n<\/tr>\n<tr class=\"row-10 even\">\n\t<td class=\"column-1\">V\u00e4tsketemperatur<\/td><td class=\"column-2\">0-100\u00b0C<\/td>\n<\/tr>\n<tr class=\"row-11 odd\">\n\t<td class=\"column-1\">Br\u00e4nslef\u00f6rbrukning<\/td><td class=\"column-2\">Genomsnittlig f\u00f6rbrukning 1,7 liter\/t vid tining. Max 3,0 liter\/t vid konstant br\u00e4nnardrift<\/td>\n<\/tr>\n<tr class=\"row-12 even\">\n\t<td class=\"column-1\">Diesel<\/td><td class=\"column-2\">Vinterdiesel, arktisk klasse 2<\/td>\n<\/tr>\n<tr class=\"row-13 odd\">\n\t<td class=\"column-1\">Arbetsintervall (v\u00e4gledande m\/full tank)<\/td><td class=\"column-2\">ca 58 timmar (baserat p\u00e5 genomsnittlig f\u00f6rbrukning)<\/td>\n<\/tr>\n<tr class=\"row-14 even\">\n\t<td class=\"column-1\">Kapacitet dieseltank<\/td><td class=\"column-2\">100 liter<\/td>\n<\/tr>\n<tr class=\"row-15 odd\">\n\t<td class=\"column-1\">HTF \u2013 v\u00e4tska<\/td><td class=\"column-2\">HW HTF-v\u00e4tska (HTF = v\u00e4rmetransportande v\u00e4tska)<\/td>\n<\/tr>\n<tr class=\"row-16 even\">\n\t<td class=\"column-1\">HTF \u2013 tankvolym<\/td><td class=\"column-2\">ca 30liter<\/td>\n<\/tr>\n<tr class=\"row-17 odd\">\n\t<td class=\"column-1\">V\u00e4tskevolym v\u00e4rmeslangar<\/td><td class=\"column-2\">0,2 liter\/meter<\/td>\n<\/tr>\n<tr class=\"row-18 even\">\n\t<td class=\"column-1\">Industriell HW-Slange<\/td><td class=\"column-2\">Armerad v\u00e4rmeslang. Max tryck 30 bar<\/td>\n<\/tr>\n<tr class=\"row-19 odd\">\n\t<td class=\"column-1\">L\u00e4ngd v\u00e4rmeslangar totalt<\/td><td class=\"column-2\">210 m<\/td>\n<\/tr>\n<tr class=\"row-20 even\">\n\t<td class=\"column-1\">Antal slangkretsar<\/td><td class=\"column-2\">1<\/td>\n<\/tr>\n<tr class=\"row-21 odd\">\n\t<td class=\"column-1\">Elektrisk anslutning\/energif\u00f6rbrukning<\/td><td class=\"column-2\">230V\/1100W<\/td>\n<\/tr>\n<tr class=\"row-22 even\">\n\t<td class=\"column-1\">Anslutning till extern dieseltank<\/td><td class=\"column-2\">Inkluderad<\/td>\n<\/tr>\n<tr class=\"row-23 odd\">\n\t<td class=\"column-1\">Serviced\u00f6rrar<\/td><td class=\"column-2\">2 d\u00f6rrar f\u00f6r l\u00e4ttare service\u00e5tkomst<\/td>\n<\/tr>\n<tr class=\"row-24 even\">\n\t<td class=\"column-1\"><b>Till\u00e4ggsutrustning f\u00f6r montering:<\/b><\/td><td class=\"column-2\"><\/td>\n<\/tr>\n<tr class=\"row-25 odd\">\n\t<td class=\"column-1\">\u2022 GSM-kontroll\u00f6vervakning<\/td><td class=\"column-2\">Varnar via SMS vid oregelbundenheter<\/td>\n<\/tr>\n<tr class=\"row-26 even\">\n\t<td class=\"column-1\">\u2022 GPS Track Unit<\/td><td class=\"column-2\">GPS position och driftshistoria (prenumeration)<\/td>\n<\/tr>\n<tr class=\"row-27 odd\">\n\t<td class=\"column-1\">\u2022 Aggregat, ljudisolerat<\/td><td class=\"column-2\">Cummins 4,8 kW, v\u00e4tskekyld 2 cylindermotor<\/td>\n<\/tr>\n<tr class=\"row-28 even\">\n\t<td class=\"column-1\">\u2022 Autostart aggregat<\/td><td class=\"column-2\">Aggregate startar automatiskt vid str\u00f6mavbrott<\/td>\n<\/tr>\n<tr class=\"row-29 odd\">\n\t<td class=\"column-1\">\u2022 Extra str\u00f6muttag<\/td><td class=\"column-2\">10A uttag p\u00e5 str\u00f6maggregat<\/td>\n<\/tr>\n<tr class=\"row-30 even\">\n\t<td class=\"column-1\">\u2022 CliWi LED ljusmast<\/td><td class=\"column-2\">LED str\u00e5lkastare. Praktisk\/robust str\u00e5lkastare, f\u00e4stas p\u00e5 maskin<\/td>\n<\/tr>\n<\/tbody>\n<\/table>\n<\/p>\n","protected":false},"excerpt":{"rendered":"<p>FrostHeater HW MY35<\/p>\n","protected":false},"author":1,"featured_media":0,"parent":17124,"menu_order":3,"comment_status":"closed","ping_status":"closed","template":"","meta":{"_acf_changed":false,"footnotes":"","_links_to":"","_links_to_target":""},"class_list":["post-17075","page","type-page","status-publish"],"acf":[],"_links":{"self":[{"href":"https:\/\/heatwork.com\/sv\/wp-json\/wp\/v2\/pages\/17075"}],"collection":[{"href":"https:\/\/heatwork.com\/sv\/wp-json\/wp\/v2\/pages"}],"about":[{"href":"https:\/\/heatwork.com\/sv\/wp-json\/wp\/v2\/types\/page"}],"author":[{"embeddable":true,"href":"https:\/\/heatwork.com\/sv\/wp-json\/wp\/v2\/users\/1"}],"replies":[{"embeddable":true,"href":"https:\/\/heatwork.com\/sv\/wp-json\/wp\/v2\/comments?post=17075"}],"version-history":[{"count":0,"href":"https:\/\/heatwork.com\/sv\/wp-json\/wp\/v2\/pages\/17075\/revisions"}],"up":[{"embeddable":true,"href":"https:\/\/heatwork.com\/sv\/wp-json\/wp\/v2\/pages\/17124"}],"wp:attachment":[{"href":"https:\/\/heatwork.com\/sv\/wp-json\/wp\/v2\/media?parent=17075"}],"curies":[{"name":"wp","href":"https:\/\/api.w.org\/{rel}","templated":true}]}}