{"id":17090,"date":"2013-09-24T16:29:27","date_gmt":"2013-09-24T14:29:27","guid":{"rendered":"https:\/\/heatwork.com\/sma-foretagjordbruksjalvbyggare\/jordbruk\/"},"modified":"2018-01-29T15:10:08","modified_gmt":"2018-01-29T14:10:08","slug":"jordbruk","status":"publish","type":"page","link":"https:\/\/heatwork.com\/sv\/anvandningsomraden\/smaforetag-jordbruk-sjalvbyggare\/jordbruk\/","title":{"rendered":"Jordbruk"},"content":{"rendered":"<p><div class=\"o-carousel js-carousel\"><div class=\"o-carousel__main js-carousel-main vnrjz\" data-id=\"vnrjz\"><img loading=\"lazy\" decoding=\"async\" src=\"https:\/\/heatwork.com\/wp-content\/uploads\/2013\/09\/HW_070414_10-e1433156745138-940x627.jpg\" width=\"940\" height=\"627\" alt=\"\" \/>\n<img loading=\"lazy\" decoding=\"async\" src=\"https:\/\/heatwork.com\/wp-content\/uploads\/2013\/09\/HW_070414_02-e1433156758228-628x940.jpg\" width=\"628\" height=\"940\" alt=\"\" \/>\n<img loading=\"lazy\" decoding=\"async\" src=\"https:\/\/heatwork.com\/wp-content\/uploads\/2013\/09\/HW_070414_20-e1433156771426-628x940.jpg\" width=\"628\" height=\"940\" alt=\"\" \/>\n<img loading=\"lazy\" decoding=\"async\" src=\"https:\/\/heatwork.com\/wp-content\/uploads\/2013\/09\/WP_000738-940x705.jpg\" width=\"940\" height=\"705\" alt=\"\" \/>\n<img loading=\"lazy\" decoding=\"async\" src=\"https:\/\/heatwork.com\/wp-content\/uploads\/2013\/09\/WP_000740-940x705.jpg\" width=\"940\" height=\"705\" alt=\"\" \/>\n<\/div><ul class=\"o-carousel__nav js-carousel-nav\"><li><img loading=\"lazy\" decoding=\"async\" src=\"https:\/\/heatwork.com\/wp-content\/uploads\/2013\/09\/HW_070414_10-e1433156745138-290x290.jpg\" width=\"290\" height=\"290\" alt=\"\" \/><\/li>\n<li><img loading=\"lazy\" decoding=\"async\" src=\"https:\/\/heatwork.com\/wp-content\/uploads\/2013\/09\/HW_070414_02-e1433156758228-290x290.jpg\" width=\"290\" height=\"290\" alt=\"\" \/><\/li>\n<li><img loading=\"lazy\" decoding=\"async\" src=\"https:\/\/heatwork.com\/wp-content\/uploads\/2013\/09\/HW_070414_20-e1433156771426-290x290.jpg\" width=\"290\" height=\"290\" alt=\"\" \/><\/li>\n<li><img loading=\"lazy\" decoding=\"async\" src=\"https:\/\/heatwork.com\/wp-content\/uploads\/2013\/09\/WP_000738-290x290.jpg\" width=\"290\" height=\"290\" alt=\"\" \/><\/li>\n<li><img loading=\"lazy\" decoding=\"async\" src=\"https:\/\/heatwork.com\/wp-content\/uploads\/2013\/09\/WP_000740-290x290.jpg\" width=\"290\" height=\"290\" alt=\"\" \/><\/li>\n<\/ul><\/div><br \/>\n<\/p>\n<div class=\"ingrid in-thirds\">\n<div class=\"unit span-two\">\nHeatWorks l\u00e4tta, m\u00e5ngsidiga och mobila v\u00e4rmeteknik inneb\u00e4r att v\u00e5ra produkter garanterat \u00e4r vinnarna p\u00e5 marknaden f\u00f6r jordbruksv\u00e4rme. Oavsett om du vill anv\u00e4nda utrustningen f\u00f6r uppv\u00e4rmning, frostskydd, upptining eller till och med som str\u00f6mf\u00f6rs\u00f6rjning, kan du vara s\u00e4ker p\u00e5 att HeatWork kommer att uppfylla dina behov.<\/div>\n<div class=\"unit\">\n<ul>\n<li><a href=\"https:\/\/heatwork.com\/sv\/byggindustri\/\">Uppv\u00e4rmning av byggnader\/garage\/verkst\u00e4der<\/a><\/li>\n<li>Frostskydd f\u00f6r vatten\/brunnar<\/li>\n<li>Frostskydd av material\/konstruktionsgrund<\/li>\n<li>Frostskydd\/h\u00e4rdning vid gjutning av betong vintertid<\/li>\n<li>Tina upp frost, is och sn\u00f6<\/li>\n<li>Tina upp innerg\u00e5rdar\/entr\u00e9er\/trappor<\/li>\n<li>Tina upp vattenkanaler\/diken\/vattendrag<\/li>\n<li>Tina upp rundbalar<\/li>\n<li>Torka h\u00f6\/majs\/torv<\/li>\n<li>Varmvatten f\u00f6r duschar\/badtunnor\/jacuzzis<\/li>\n<li>Str\u00f6mf\u00f6rs\u00f6rjning<\/li>\n<li>Fj\u00e4llg\u00e5rdar sommartid\/bondg\u00e5rdsturism<\/li>\n<li>Maskiner f\u00f6r uthyrning\/evenemang<\/li>\n<\/ul>\n<\/div>\n<\/div>\n","protected":false},"excerpt":{"rendered":"<p>HeatWorks l\u00e4tta, m\u00e5ngsidiga och mobila v\u00e4rmeteknik inneb\u00e4r att v\u00e5ra produkter garanterat \u00e4r vinnarna p\u00e5 marknaden f\u00f6r jordbruksv\u00e4rme. Oavsett om du vill anv\u00e4nda utrustningen f\u00f6r uppv\u00e4rmning, frostskydd, upptining eller till och med som str\u00f6mf\u00f6rs\u00f6rjning, kan du vara s\u00e4ker p\u00e5 att HeatWork kommer att uppfylla dina behov. Uppv\u00e4rmning av byggnader\/garage\/verkst\u00e4der Frostskydd f\u00f6r vatten\/brunnar Frostskydd av material\/konstruktionsgrund Frostskydd\/h\u00e4rdning [&hellip;]<\/p>\n","protected":false},"author":1,"featured_media":0,"parent":17087,"menu_order":0,"comment_status":"closed","ping_status":"closed","template":"","meta":{"_acf_changed":false,"footnotes":"","_links_to":"","_links_to_target":""},"class_list":["post-17090","page","type-page","status-publish"],"acf":[],"_links":{"self":[{"href":"https:\/\/heatwork.com\/sv\/wp-json\/wp\/v2\/pages\/17090"}],"collection":[{"href":"https:\/\/heatwork.com\/sv\/wp-json\/wp\/v2\/pages"}],"about":[{"href":"https:\/\/heatwork.com\/sv\/wp-json\/wp\/v2\/types\/page"}],"author":[{"embeddable":true,"href":"https:\/\/heatwork.com\/sv\/wp-json\/wp\/v2\/users\/1"}],"replies":[{"embeddable":true,"href":"https:\/\/heatwork.com\/sv\/wp-json\/wp\/v2\/comments?post=17090"}],"version-history":[{"count":0,"href":"https:\/\/heatwork.com\/sv\/wp-json\/wp\/v2\/pages\/17090\/revisions"}],"up":[{"embeddable":true,"href":"https:\/\/heatwork.com\/sv\/wp-json\/wp\/v2\/pages\/17087"}],"wp:attachment":[{"href":"https:\/\/heatwork.com\/sv\/wp-json\/wp\/v2\/media?parent=17090"}],"curies":[{"name":"wp","href":"https:\/\/api.w.org\/{rel}","templated":true}]}}