{"id":17092,"date":"2010-11-18T12:45:10","date_gmt":"2010-11-18T11:45:10","guid":{"rendered":"https:\/\/heatwork.com\/om-heatwork-2\/"},"modified":"2023-05-09T13:29:15","modified_gmt":"2023-05-09T11:29:15","slug":"om-heatwork-2","status":"publish","type":"page","link":"https:\/\/heatwork.com\/sv\/om-heatwork-2\/","title":{"rendered":"Om Heatwork"},"content":{"rendered":"<p>HeatWork AS har utvecklat sitt koncept f\u00f6r uppv\u00e4rmning\/upptining, och \u00e4r det enda f\u00f6retag i Europa som tillverkar sina system. F\u00f6retaget fokuserar starkt p\u00e5 service, kvalitet och n\u00e4ra kommunikation med v\u00e5ra kunder. Maskinerna som tillverkas i enlighet med europeisk standard och normer \u00e4r mobila kraftverk speciellt utformade f\u00f6r m\u00e5nga olika anv\u00e4ndningsomr\u00e5den: tina upp frusen mark, h\u00e4rda betong, frostskydd, v\u00e4rma upp byggnader, tillhandah\u00e5lla varmvatten till fj\u00e4rrv\u00e4rmesystem, och m\u00e5nga fler.<\/p>\n<p>HeatWorks huvudkontor och fabrik finns i Narvik och f\u00f6retaget har nyligen flyttat in i en 3,300 m2 stor ultra-modern fabrik. HeatWorks kunder \u00e4r fr\u00e4mst maskinentrepren\u00f6rer, bensinbolag, fj\u00e4rrv\u00e4rmebolag, landskapsarkitekter, uthyrningsfirmor, kraftbolag, myndigheter och f\u00f6retag involverade i byggbranchen. HeatWork finns representerat i ett flertal olika l\u00e4nder.<\/p>\n<div class=\"o-carousel js-carousel\"><div class=\"o-carousel__main js-carousel-main qyhmc\" data-id=\"qyhmc\"><img loading=\"lazy\" decoding=\"async\" src=\"https:\/\/heatwork.com\/wp-content\/uploads\/2010\/11\/Fasade-dagtid-900x426.jpg\" width=\"900\" height=\"426\" alt=\"\" \/>\n<img loading=\"lazy\" decoding=\"async\" src=\"https:\/\/heatwork.com\/wp-content\/uploads\/2010\/11\/Inngang-900x675.jpg\" width=\"900\" height=\"675\" alt=\"\" \/>\n<img loading=\"lazy\" decoding=\"async\" src=\"https:\/\/heatwork.com\/wp-content\/uploads\/2010\/11\/Administrasjon-900x601.jpg\" width=\"900\" height=\"601\" alt=\"\" \/>\n<img loading=\"lazy\" decoding=\"async\" src=\"https:\/\/heatwork.com\/wp-content\/uploads\/2010\/11\/Kantine-900x601.jpg\" width=\"900\" height=\"601\" alt=\"\" \/>\n<img loading=\"lazy\" decoding=\"async\" src=\"https:\/\/heatwork.com\/wp-content\/uploads\/2010\/11\/Salg-og-markedstorg-900x485.jpg\" width=\"900\" height=\"485\" alt=\"\" \/>\n<img loading=\"lazy\" decoding=\"async\" src=\"https:\/\/heatwork.com\/wp-content\/uploads\/2010\/11\/Produksjon_02-900x601.jpg\" width=\"900\" height=\"601\" alt=\"\" \/>\n<img loading=\"lazy\" decoding=\"async\" src=\"https:\/\/heatwork.com\/wp-content\/uploads\/2010\/11\/Produksjon_06-900x599.jpg\" width=\"900\" height=\"599\" alt=\"\" \/>\n<img loading=\"lazy\" decoding=\"async\" src=\"https:\/\/heatwork.com\/wp-content\/uploads\/2010\/11\/Produksjon.jpg\" width=\"600\" height=\"899\" alt=\"\" \/>\n<img loading=\"lazy\" decoding=\"async\" src=\"https:\/\/heatwork.com\/wp-content\/uploads\/2010\/11\/Produksjon_04.jpg\" width=\"600\" height=\"899\" alt=\"\" \/>\n<img loading=\"lazy\" decoding=\"async\" src=\"https:\/\/heatwork.com\/wp-content\/uploads\/2010\/11\/Produksjon_01-900x637.jpg\" width=\"900\" height=\"637\" alt=\"\" \/>\n<img loading=\"lazy\" decoding=\"async\" src=\"https:\/\/heatwork.com\/wp-content\/uploads\/2010\/11\/Produksjon_03.jpg\" width=\"600\" height=\"899\" alt=\"\" \/>\n<img loading=\"lazy\" decoding=\"async\" src=\"https:\/\/heatwork.com\/wp-content\/uploads\/2010\/11\/Produksjon_05-626x940.jpg\" width=\"626\" height=\"940\" alt=\"\" \/>\n<img loading=\"lazy\" decoding=\"async\" src=\"https:\/\/heatwork.com\/wp-content\/uploads\/2010\/11\/lager-01-900x643.jpg\" width=\"900\" height=\"643\" alt=\"\" \/>\n<img loading=\"lazy\" decoding=\"async\" src=\"https:\/\/heatwork.com\/wp-content\/uploads\/2010\/11\/lager-02.jpg\" width=\"600\" height=\"899\" alt=\"\" \/>\n<img loading=\"lazy\" decoding=\"async\" src=\"https:\/\/heatwork.com\/wp-content\/uploads\/2010\/11\/lager-531x940.jpg\" width=\"531\" height=\"940\" alt=\"\" \/>\n<img loading=\"lazy\" decoding=\"async\" src=\"https:\/\/heatwork.com\/wp-content\/uploads\/2010\/11\/HW_Team-900x506.jpg\" width=\"900\" height=\"506\" alt=\"\" \/>\n<img loading=\"lazy\" decoding=\"async\" src=\"https:\/\/heatwork.com\/wp-content\/uploads\/2010\/11\/Fasade-kveld-900x509.jpg\" width=\"900\" height=\"509\" alt=\"\" \/>\n<img loading=\"lazy\" decoding=\"async\" src=\"https:\/\/heatwork.com\/wp-content\/uploads\/2010\/11\/Fasade-kveld-bakside-900x506.jpg\" width=\"900\" height=\"506\" alt=\"\" \/>\n<\/div><ul class=\"o-carousel__nav js-carousel-nav\"><li><img loading=\"lazy\" decoding=\"async\" src=\"https:\/\/heatwork.com\/wp-content\/uploads\/2010\/11\/Fasade-dagtid-290x290.jpg\" width=\"290\" height=\"290\" alt=\"\" \/><\/li>\n<li><img loading=\"lazy\" decoding=\"async\" src=\"https:\/\/heatwork.com\/wp-content\/uploads\/2010\/11\/Inngang-290x290.jpg\" width=\"290\" height=\"290\" alt=\"\" \/><\/li>\n<li><img loading=\"lazy\" decoding=\"async\" src=\"https:\/\/heatwork.com\/wp-content\/uploads\/2010\/11\/Administrasjon-290x290.jpg\" width=\"290\" height=\"290\" alt=\"\" \/><\/li>\n<li><img loading=\"lazy\" decoding=\"async\" src=\"https:\/\/heatwork.com\/wp-content\/uploads\/2010\/11\/Kantine-290x290.jpg\" width=\"290\" height=\"290\" alt=\"\" \/><\/li>\n<li><img loading=\"lazy\" decoding=\"async\" src=\"https:\/\/heatwork.com\/wp-content\/uploads\/2010\/11\/Salg-og-markedstorg-290x290.jpg\" width=\"290\" height=\"290\" alt=\"\" \/><\/li>\n<li><img loading=\"lazy\" decoding=\"async\" src=\"https:\/\/heatwork.com\/wp-content\/uploads\/2010\/11\/Produksjon_02-290x290.jpg\" width=\"290\" height=\"290\" alt=\"\" \/><\/li>\n<li><img loading=\"lazy\" decoding=\"async\" src=\"https:\/\/heatwork.com\/wp-content\/uploads\/2010\/11\/Produksjon_06-290x290.jpg\" width=\"290\" height=\"290\" alt=\"\" \/><\/li>\n<li><img loading=\"lazy\" decoding=\"async\" src=\"https:\/\/heatwork.com\/wp-content\/uploads\/2010\/11\/Produksjon-290x290.jpg\" width=\"290\" height=\"290\" alt=\"\" \/><\/li>\n<li><img loading=\"lazy\" decoding=\"async\" src=\"https:\/\/heatwork.com\/wp-content\/uploads\/2010\/11\/Produksjon_04-290x290.jpg\" width=\"290\" height=\"290\" alt=\"\" \/><\/li>\n<li><img loading=\"lazy\" decoding=\"async\" src=\"https:\/\/heatwork.com\/wp-content\/uploads\/2010\/11\/Produksjon_01-290x290.jpg\" width=\"290\" height=\"290\" alt=\"\" \/><\/li>\n<li><img loading=\"lazy\" decoding=\"async\" src=\"https:\/\/heatwork.com\/wp-content\/uploads\/2010\/11\/Produksjon_03-290x290.jpg\" width=\"290\" height=\"290\" alt=\"\" \/><\/li>\n<li><img loading=\"lazy\" decoding=\"async\" src=\"https:\/\/heatwork.com\/wp-content\/uploads\/2010\/11\/Produksjon_05-290x290.jpg\" width=\"290\" height=\"290\" alt=\"\" \/><\/li>\n<li><img loading=\"lazy\" decoding=\"async\" src=\"https:\/\/heatwork.com\/wp-content\/uploads\/2010\/11\/lager-01-290x290.jpg\" width=\"290\" height=\"290\" alt=\"\" \/><\/li>\n<li><img loading=\"lazy\" decoding=\"async\" src=\"https:\/\/heatwork.com\/wp-content\/uploads\/2010\/11\/lager-02-290x290.jpg\" width=\"290\" height=\"290\" alt=\"\" \/><\/li>\n<li><img loading=\"lazy\" decoding=\"async\" src=\"https:\/\/heatwork.com\/wp-content\/uploads\/2010\/11\/lager-290x290.jpg\" width=\"290\" height=\"290\" alt=\"\" \/><\/li>\n<li><img loading=\"lazy\" decoding=\"async\" src=\"https:\/\/heatwork.com\/wp-content\/uploads\/2010\/11\/HW_Team-290x290.jpg\" width=\"290\" height=\"290\" alt=\"\" \/><\/li>\n<li><img loading=\"lazy\" decoding=\"async\" src=\"https:\/\/heatwork.com\/wp-content\/uploads\/2010\/11\/Fasade-kveld-290x290.jpg\" width=\"290\" height=\"290\" alt=\"\" \/><\/li>\n<li><img loading=\"lazy\" decoding=\"async\" src=\"https:\/\/heatwork.com\/wp-content\/uploads\/2010\/11\/Fasade-kveld-bakside-290x290.jpg\" width=\"290\" height=\"290\" alt=\"\" \/><\/li>\n<\/ul><\/div>\n<h2>Fakta om HeatWork AS<\/h2>\n<p><strong>Huvudkontor och fabrik: Narvik, Norge<\/strong><\/p>\n<p><em>Norge<\/em><br \/>\nF\u00f6rs\u00e4ljning och service: HeatWork AS<\/p>\n<p><em>Finland<\/em><br \/>\nF\u00f6rs\u00e4ljning och service: HeatWork Finland OY<\/p>\n<p><em>Sverige<\/em><br \/>\nF\u00f6rs\u00e4ljning och service: HeatWork AB<\/p>\n<h2>Organisation<\/h2>\n<p><em>HeatWorks ledningsgrupp<\/em><\/p>\n<p>VD:\u00a0Reidar J. Schille<br \/>\nE-post: reidar@heatwork.com<\/p>\n<p>Produktion: Rune Flygel<br \/>\nE-post: rune@heatwork.com<\/p>\n<p>Marknadsf\u00f6ring\/F\u00f6rs\u00e4ljning:\u00a0Kristin Markussen<br \/>\nE-post: kristin@heatwork.com<\/p>\n<p><em><a href=\"https:\/\/www.sdiptech.se\/\" target=\"_blank\" rel=\"noopener\">Sdiptech AB<\/a> owns a majority share in HeatWork since April 2023.<br \/>\nSdiptech is a technology group that acquires and develops companies within the infrastructure sector<br \/>\nwith solutions that contributes to more sustainable, efficient and safe societies.<\/em><\/p>\n<p><em>Read more about <\/em><a href=\"http:\/\/www.sdiptech.com\" target=\"_blank\" rel=\"noopener\"><em>Sdiptech AB<\/em><\/a><br \/>\n<img loading=\"lazy\" decoding=\"async\" class=\"alignnone wp-image-51576 \" src=\"https:\/\/heatwork.com\/wp-content\/uploads\/2023\/05\/Sdiptech-Logo-Dark-1-480x148.png\" alt=\"\" width=\"250\" height=\"77\" srcset=\"https:\/\/heatwork.com\/wp-content\/uploads\/2023\/05\/Sdiptech-Logo-Dark-1-480x148.png 480w, https:\/\/heatwork.com\/wp-content\/uploads\/2023\/05\/Sdiptech-Logo-Dark-1-940x289.png 940w, https:\/\/heatwork.com\/wp-content\/uploads\/2023\/05\/Sdiptech-Logo-Dark-1-768x236.png 768w, https:\/\/heatwork.com\/wp-content\/uploads\/2023\/05\/Sdiptech-Logo-Dark-1-1536x472.png 1536w, https:\/\/heatwork.com\/wp-content\/uploads\/2023\/05\/Sdiptech-Logo-Dark-1-1500x461.png 1500w, https:\/\/heatwork.com\/wp-content\/uploads\/2023\/05\/Sdiptech-Logo-Dark-1-600x184.png 600w, https:\/\/heatwork.com\/wp-content\/uploads\/2023\/05\/Sdiptech-Logo-Dark-1.png 1588w\" sizes=\"(max-width: 250px) 100vw, 250px\" \/><\/p>\n","protected":false},"excerpt":{"rendered":"<p><a style=\"color:#04B431\"><\/p>\n<h1>MED HEATWORK \u00c4R DU EN MILJ\u00d6VINNER!<\/h1>\n<p><a style=\"color:#2E2E2E\"><\/p>\n<h1>Ren luft \u2022 b\u00e4ttre arbetsmilj\u00f6 och inomhusklimat \u2022 h\u00f6g verkningsgrad 94% \u2022 l\u00e5g energif\u00f6rbrukning \u2022 inga avgaser, lukter eller fukt<\/h1>\n<h2>V\u00e4tskeburen v\u00e4rme &#8211; det b\u00e4sta milj\u00f6alternativet! <\/p>\n","protected":false},"author":1,"featured_media":0,"parent":0,"menu_order":4,"comment_status":"closed","ping_status":"closed","template":"","meta":{"_acf_changed":false,"footnotes":"","_links_to":"","_links_to_target":""},"class_list":["post-17092","page","type-page","status-publish"],"acf":[],"_links":{"self":[{"href":"https:\/\/heatwork.com\/sv\/wp-json\/wp\/v2\/pages\/17092"}],"collection":[{"href":"https:\/\/heatwork.com\/sv\/wp-json\/wp\/v2\/pages"}],"about":[{"href":"https:\/\/heatwork.com\/sv\/wp-json\/wp\/v2\/types\/page"}],"author":[{"embeddable":true,"href":"https:\/\/heatwork.com\/sv\/wp-json\/wp\/v2\/users\/1"}],"replies":[{"embeddable":true,"href":"https:\/\/heatwork.com\/sv\/wp-json\/wp\/v2\/comments?post=17092"}],"version-history":[{"count":4,"href":"https:\/\/heatwork.com\/sv\/wp-json\/wp\/v2\/pages\/17092\/revisions"}],"predecessor-version":[{"id":51585,"href":"https:\/\/heatwork.com\/sv\/wp-json\/wp\/v2\/pages\/17092\/revisions\/51585"}],"wp:attachment":[{"href":"https:\/\/heatwork.com\/sv\/wp-json\/wp\/v2\/media?parent=17092"}],"curies":[{"name":"wp","href":"https:\/\/api.w.org\/{rel}","templated":true}]}}