{"id":17093,"date":"2010-11-25T08:25:51","date_gmt":"2010-11-25T07:25:51","guid":{"rendered":"https:\/\/heatwork.com\/frostheater\/"},"modified":"2023-08-02T12:04:23","modified_gmt":"2023-08-02T10:04:23","slug":"frostheater","status":"publish","type":"page","link":"https:\/\/heatwork.com\/sv\/produkter\/frostheater\/","title":{"rendered":"FrostHeater"},"content":{"rendered":"<div class=\"o-carousel js-carousel\"><div class=\"o-carousel__main js-carousel-main vwgmn\" data-id=\"vwgmn\"><img loading=\"lazy\" decoding=\"async\" src=\"https:\/\/heatwork.com\/wp-content\/uploads\/2022\/04\/HeatWork-_Narvik-940x636.jpg\" width=\"940\" height=\"636\" alt=\"\" \/>\n<img loading=\"lazy\" decoding=\"async\" src=\"https:\/\/heatwork.com\/wp-content\/uploads\/2010\/11\/HeatWork-med-Narvik-skilt-e1510062186510.jpg\" width=\"450\" height=\"400\" alt=\"\" \/>\n<img loading=\"lazy\" decoding=\"async\" src=\"https:\/\/heatwork.com\/wp-content\/uploads\/2010\/11\/Teletiner_frostsikre_tjaltiner_FrostHeater_HW-3600_roudan-sulatus-940x565.jpg\" width=\"940\" height=\"565\" alt=\"\" \/>\n<img loading=\"lazy\" decoding=\"async\" src=\"https:\/\/heatwork.com\/wp-content\/uploads\/2010\/11\/MY35_roudan-sulatus_-lammittimet_tjaltiner_teletiner.jpg\" width=\"600\" height=\"400\" alt=\"\" \/>\n<img loading=\"lazy\" decoding=\"async\" src=\"https:\/\/heatwork.com\/wp-content\/uploads\/2013\/08\/hw-1800-bak-2.jpg\" width=\"280\" height=\"380\" alt=\"\" \/>\n<img loading=\"lazy\" decoding=\"async\" src=\"https:\/\/heatwork.com\/wp-content\/uploads\/2010\/11\/Teletining-frostsikring-betongarbeid_skadesanering-1-940x626.jpg\" width=\"940\" height=\"626\" alt=\"\" \/>\n<\/div><ul class=\"o-carousel__nav js-carousel-nav\"><li><img loading=\"lazy\" decoding=\"async\" src=\"https:\/\/heatwork.com\/wp-content\/uploads\/2022\/04\/HeatWork-_Narvik-290x290.jpg\" width=\"290\" height=\"290\" alt=\"\" \/><\/li>\n<li><img loading=\"lazy\" decoding=\"async\" src=\"https:\/\/heatwork.com\/wp-content\/uploads\/2010\/11\/HeatWork-med-Narvik-skilt-e1510062186510-290x290.jpg\" width=\"290\" height=\"290\" alt=\"\" \/><\/li>\n<li><img loading=\"lazy\" decoding=\"async\" src=\"https:\/\/heatwork.com\/wp-content\/uploads\/2010\/11\/Teletiner_frostsikre_tjaltiner_FrostHeater_HW-3600_roudan-sulatus-290x290.jpg\" width=\"290\" height=\"290\" alt=\"\" \/><\/li>\n<li><img loading=\"lazy\" decoding=\"async\" src=\"https:\/\/heatwork.com\/wp-content\/uploads\/2010\/11\/MY35_roudan-sulatus_-lammittimet_tjaltiner_teletiner-290x290.jpg\" width=\"290\" height=\"290\" alt=\"\" \/><\/li>\n<li><img loading=\"lazy\" decoding=\"async\" src=\"https:\/\/heatwork.com\/wp-content\/uploads\/2013\/08\/hw-1800-bak-2-280x290.jpg\" width=\"280\" height=\"290\" alt=\"\" \/><\/li>\n<li><img loading=\"lazy\" decoding=\"async\" src=\"https:\/\/heatwork.com\/wp-content\/uploads\/2010\/11\/Teletining-frostsikring-betongarbeid_skadesanering-1-290x290.jpg\" width=\"290\" height=\"290\" alt=\"\" \/><\/li>\n<\/ul><\/div>\n<p>&nbsp;<\/p>\n<h2>Tj\u00e4ltinare fr\u00e5n HeatWork: FrostHeater &#8211; mobilt v\u00e4rmeverk som levererar 100\u00b0C.<br \/>\nEffektiv f\u00f6r tj\u00e4ltining, frosts\u00e4kring, uppv\u00e4rmning, betongarbete, skadesanering m.m<\/h2>\n<p><strong>Hj\u00e4rtat i v\u00e5ra l\u00f6sningar \u00e4r HeatWorks mobil v\u00e4tskeburen v\u00e4rmeteknik. Genom att anv\u00e4nda patenterad teknik som energib\u00e4rare i ett slutet system l\u00f6ses de flesta arbetsuppgifter hela \u00e5ret.<\/strong><\/p>\n<p>HeatWorks mobila v\u00e4rmeverk har en extremt h\u00f6g effektivitet, upp till 94%. Genom att endast leverera den energi som kr\u00e4vs, uppn\u00e5r du h\u00f6g energieffektivitet och minimerar milj\u00f6p\u00e5verkan.<br \/>\nDet slutna systemet levererar inte vatten eller fukt, vilket ger utm\u00e4rkta resultat, b\u00e5de genom kontaktv\u00e4rme och uppv\u00e4rming av luft. Dessutom kan systemet fungera p\u00e5 2.generationen biodiesel.<\/p>\n<p>Temperaturen kan st\u00e4llas in mellan 0-100 grader, vilket g\u00f6r v\u00e5r teknik unik.<br \/>\nL\u00e5g vikt och h\u00f6g grad av mobilitet g\u00f6r att utrustningen l\u00e4tt kan transporteras med b\u00e5de personbilar, byggmaskiner, helikoptrar etc.<\/p>\n<p><em>I mer \u00e4n 15 \u00e5r har vi som tillverkare t\u00e4nkt p\u00e5 utveckling, produktion och kvalitet f\u00f6r dig som kund!<\/em><\/p>\n<hr \/>\n<div class=\"ingrid in-thirds\">\n<div class=\"unit\"><strong>Upptining och frostskydd:<\/strong><br \/>\n\u2022 Vatten- och avloppsanl\u00e4ggningar<br \/>\n\u2022 Kabeldiken<br \/>\n\u2022 Schakt, socklar och golvytor<br \/>\n\u2022 Tak och bel\u00e4ggningar<br \/>\n\u2022 R\u00f6jning av is och sn\u00f6<br \/>\n\u2022 Bel\u00e4ggningsytor<br \/>\n\u2022 Sandmassor, fogsand<br \/>\n\u2022 Utfyllnadsmassor<br \/>\n\u2022 R\u00f6rgator<\/div>\n<div class=\"unit\"><strong>Uppv\u00e4rmning\/uttorkning:<\/strong><br \/>\n\u2022 Bygg under uppf\u00f6ring\/renovering<br \/>\n\u2022 Lager- och brukshallar<br \/>\n\u2022 Fuktskador<br \/>\n\u2022 Arbetst\u00e4lt<\/div>\n<div class=\"unit\"><strong>H\u00e4rdning av betong\/f\u00f6rv\u00e4rmning<\/strong><br \/>\n\u2022 Markomr\u00e5den innan gjutning<br \/>\n\u2022 Tillf\u00f6rsel av v\u00e4rme genom h\u00e4rdning av betong<br \/>\n\u2022 F\u00f6rskalningar och betongarbeten<br \/>\n\u2022 H\u00e5ld\u00e4ckselement<br \/>\n\u2022 Berg och berggrund vid f\u00f6rankringsarbeten<\/div>\n<\/div>\n<hr \/>\n<h5><strong>FrostHeater tj\u00e4ltinare har\u00a03 modeller<\/strong><\/h5>\n<div class=\"ingrid in-thirds\">\n<div class=\"unit\"><strong>HW 3600<\/strong><br \/>\n\u2022 100\u00b0C<br \/>\n\u2022 103 kW<br \/>\n\u2022 1860 kg<\/div>\n<div class=\"unit\"><strong>HW 1800<\/strong><br \/>\n\u2022 100\u00b0C<br \/>\n\u2022 70 kW<br \/>\n\u2022 1680 kg<\/div>\n<div class=\"unit\"><strong>MY35<\/strong><br \/>\n\u2022 100\u00b0C<br \/>\n\u2022 35 kW<br \/>\n\u2022 fr\u00e5n 910 kg<\/div>\n<\/div>\n<hr \/>\n<p><strong>TILL\u00c4GGSPRODUKTER INOM TJ\u00c4LTINARE:<\/strong><\/p>\n<ul>\n<li><strong>CliWi<\/strong> f\u00f6r byggv\u00e4rme, byggtork, v\u00e4rmebehandling, skadedjursbek\u00e4mpning, skadesanering<\/li>\n<li><strong>HW vintermattor<\/strong> f\u00f6r tj\u00e4ltining, frostskydd och isolering<\/li>\n<li><strong>HW presenning<\/strong> f\u00f6r att optimera tineprocessen<\/li>\n<li><strong>HW extra trumma<\/strong> f\u00f6r st\u00f6rre tineareal<\/li>\n<li><strong>HW Ice Guard Systems<\/strong> f\u00f6r snabb, enkel och s\u00e4ker \u00f6ppning av frusna vattenv\u00e4gar och is i diken<\/li>\n<\/ul>\n<p>Med v\u00e5ra ytterligare produkter har du stora m\u00f6jligheter att anv\u00e4nda HeatWork hela \u00e5ret. Det g\u00f6r dig vinnare i konkurrens med andra akt\u00f6rer p\u00e5 marknaden!<\/p>\n<hr \/>\n<div class=\"ingrid in-thirds\">\n<div class=\"unit\">\n<h4 class=\"p1\"><strong>Tj\u00e4ltinare fr\u00e5n HeatWork tinar dubbelt s\u00e5 snabbt &#8211; se <a href=\"https:\/\/heatwork.com\/sv\/produkter\/tjaltining\/\">H\u00c4R<\/a>!<\/strong><\/h4>\n<\/div>\n<div class=\"unit\">\n<h4><strong>Smarta tips n\u00e4r du ska arbeta med tj\u00e4ltining &#8211; se\u00a0<a href=\"https:\/\/heatwork.com\/sv\/2019\/10\/tina-upp-vatskeburen-varme\/\">H\u00c4R!<\/a><\/strong><\/h4>\n<\/div>\n<\/div>\n<hr \/>\n<p><a href=\"https:\/\/heatwork.com\/kontaktinformasjon\/\"><strong>Kontakt oss her for et uforpliktende tilbud<\/strong><\/a><\/p>\n<div class=\"wpforms-container wpforms-container-full\" id=\"wpforms-42287\"><form id=\"wpforms-form-42287\" class=\"wpforms-validate wpforms-form wpforms-ajax-form\" data-formid=\"42287\" method=\"post\" enctype=\"multipart\/form-data\" action=\"\/sv\/wp-json\/wp\/v2\/pages\/17093\" data-token=\"71bb346d78c4927fbea406fffafb803d\" data-token-time=\"1776008281\"><noscript class=\"wpforms-error-noscript\">Please enable JavaScript in your browser to complete this form.<\/noscript><div class=\"wpforms-field-container\"><div id=\"wpforms-42287-field_1-container\" class=\"wpforms-field wpforms-field-text wpforms-one-half wpforms-first\" data-field-id=\"1\"><label class=\"wpforms-field-label\" for=\"wpforms-42287-field_1\">Ditt navn - Your name <span class=\"wpforms-required-label\">*<\/span><\/label><input type=\"text\" id=\"wpforms-42287-field_1\" class=\"wpforms-field-large wpforms-field-required\" name=\"wpforms[fields][1]\" required><\/div><div id=\"wpforms-42287-field_2-container\" class=\"wpforms-field wpforms-field-email wpforms-one-half\" data-field-id=\"2\"><label class=\"wpforms-field-label\" for=\"wpforms-42287-field_2\">E-mail <span class=\"wpforms-required-label\">*<\/span><\/label><input type=\"email\" id=\"wpforms-42287-field_2\" class=\"wpforms-field-large wpforms-field-required\" name=\"wpforms[fields][2]\" spellcheck=\"false\" required><\/div><div id=\"wpforms-42287-field_3-container\" class=\"wpforms-field wpforms-field-text\" data-field-id=\"3\"><label class=\"wpforms-field-label\" for=\"wpforms-42287-field_3\">Emne - Subject<\/label><input type=\"text\" id=\"wpforms-42287-field_3\" class=\"wpforms-field-large\" name=\"wpforms[fields][3]\" ><\/div><div id=\"wpforms-42287-field_4-container\" class=\"wpforms-field wpforms-field-textarea\" data-field-id=\"4\"><label class=\"wpforms-field-label\" for=\"wpforms-42287-field_4\">Melding - Message<\/label><textarea id=\"wpforms-42287-field_4\" class=\"wpforms-field-medium\" name=\"wpforms[fields][4]\" ><\/textarea><\/div><div id=\"wpforms-42287-field_5-container\" class=\"wpforms-field wpforms-field-mailchimp\" data-field-id=\"5\"><ul id=\"\" class=\"\"><li class=\"choice-0 depth-1\"><input type=\"checkbox\" id=\"wpforms-42287-field_5_0\" name=\"wpforms[fields][5]\" value=\"1\"  ><label class=\"wpforms-field-label-inline\" for=\"wpforms-42287-field_5_0\">Sign-up to our newsletter?<\/label><\/li><\/ul><\/div><div id=\"wpforms-42287-field_7-container\" class=\"wpforms-field wpforms-field-hidden\" data-field-id=\"7\"><input type=\"hidden\" id=\"wpforms-42287-field_7\" name=\"wpforms[fields][7]\"><\/div><div id=\"wpforms-42287-field_8-container\" class=\"wpforms-field wpforms-field-hidden\" data-field-id=\"8\"><input type=\"hidden\" id=\"wpforms-42287-field_8\" name=\"wpforms[fields][8]\"><\/div><div id=\"wpforms-42287-field_10-container\" class=\"wpforms-field wpforms-field-html\" data-field-id=\"10\"><div id=\"wpforms-42287-field_10\"><\/div><\/div><\/div><!-- .wpforms-field-container --><div class=\"wpforms-field wpforms-field-hp\"><label for=\"wpforms-42287-field-hp\" class=\"wpforms-field-label\">Website<\/label><input type=\"text\" name=\"wpforms[hp]\" id=\"wpforms-42287-field-hp\" class=\"wpforms-field-medium\"><\/div><div class=\"wpforms-recaptcha-container wpforms-is-hcaptcha\" ><div class=\"g-recaptcha\" data-sitekey=\"fc846523-626e-455c-bc44-9504f9e01350\"><\/div><input type=\"text\" name=\"g-recaptcha-hidden\" class=\"wpforms-recaptcha-hidden\" style=\"position:absolute!important;clip:rect(0,0,0,0)!important;height:1px!important;width:1px!important;border:0!important;overflow:hidden!important;padding:0!important;margin:0!important;\" data-rule-hcaptcha=\"1\"><\/div><div class=\"wpforms-submit-container\" ><input type=\"hidden\" name=\"wpforms[id]\" value=\"42287\"><input type=\"hidden\" name=\"page_title\" value=\"\"><input type=\"hidden\" name=\"page_url\" value=\"https:\/\/heatwork.com\/sv\/wp-json\/wp\/v2\/pages\/17093\"><button type=\"submit\" name=\"wpforms[submit]\" id=\"wpforms-submit-42287\" class=\"wpforms-submit wide\" data-alt-text=\"Sending...\" data-submit-text=\"Send\" aria-live=\"assertive\" value=\"wpforms-submit\">Send<\/button><img loading=\"lazy\" decoding=\"async\" src=\"https:\/\/heatwork.com\/wp-content\/plugins\/wpforms\/assets\/images\/submit-spin.svg\" class=\"wpforms-submit-spinner\" style=\"display: none;\" width=\"26\" height=\"26\" alt=\"Loading\"><\/div><\/form><\/div>  <!-- .wpforms-container -->\n","protected":false},"excerpt":{"rendered":"<p>&nbsp; Tj\u00e4ltinare fr\u00e5n HeatWork: FrostHeater &#8211; mobilt v\u00e4rmeverk som levererar 100\u00b0C. Effektiv f\u00f6r tj\u00e4ltining, frosts\u00e4kring, uppv\u00e4rmning, betongarbete, skadesanering m.m Hj\u00e4rtat i v\u00e5ra l\u00f6sningar \u00e4r HeatWorks mobil v\u00e4tskeburen v\u00e4rmeteknik. Genom att anv\u00e4nda patenterad teknik som energib\u00e4rare i ett slutet system l\u00f6ses de flesta arbetsuppgifter hela \u00e5ret. HeatWorks mobila v\u00e4rmeverk har en extremt h\u00f6g effektivitet, upp till [&hellip;]<\/p>\n","protected":false},"author":2,"featured_media":42301,"parent":21810,"menu_order":0,"comment_status":"closed","ping_status":"closed","template":"","meta":{"_acf_changed":false,"footnotes":"","_links_to":"","_links_to_target":""},"class_list":["post-17093","page","type-page","status-publish","has-post-thumbnail"],"acf":[],"_links":{"self":[{"href":"https:\/\/heatwork.com\/sv\/wp-json\/wp\/v2\/pages\/17093"}],"collection":[{"href":"https:\/\/heatwork.com\/sv\/wp-json\/wp\/v2\/pages"}],"about":[{"href":"https:\/\/heatwork.com\/sv\/wp-json\/wp\/v2\/types\/page"}],"author":[{"embeddable":true,"href":"https:\/\/heatwork.com\/sv\/wp-json\/wp\/v2\/users\/2"}],"replies":[{"embeddable":true,"href":"https:\/\/heatwork.com\/sv\/wp-json\/wp\/v2\/comments?post=17093"}],"version-history":[{"count":3,"href":"https:\/\/heatwork.com\/sv\/wp-json\/wp\/v2\/pages\/17093\/revisions"}],"predecessor-version":[{"id":51794,"href":"https:\/\/heatwork.com\/sv\/wp-json\/wp\/v2\/pages\/17093\/revisions\/51794"}],"up":[{"embeddable":true,"href":"https:\/\/heatwork.com\/sv\/wp-json\/wp\/v2\/pages\/21810"}],"wp:featuredmedia":[{"embeddable":true,"href":"https:\/\/heatwork.com\/sv\/wp-json\/wp\/v2\/media\/42301"}],"wp:attachment":[{"href":"https:\/\/heatwork.com\/sv\/wp-json\/wp\/v2\/media?parent=17093"}],"curies":[{"name":"wp","href":"https:\/\/api.w.org\/{rel}","templated":true}]}}