{"id":17096,"date":"2010-12-07T14:48:56","date_gmt":"2010-12-07T13:48:56","guid":{"rendered":"https:\/\/heatwork.com\/petroheater\/"},"modified":"2018-01-16T10:30:10","modified_gmt":"2018-01-16T09:30:10","slug":"petroheater","status":"publish","type":"page","link":"https:\/\/heatwork.com\/sv\/produkter\/petroheater\/","title":{"rendered":"PetroHeater"},"content":{"rendered":"<div class=\"o-carousel js-carousel\"><div class=\"o-carousel__main js-carousel-main apnhx\" data-id=\"apnhx\"><img loading=\"lazy\" decoding=\"async\" src=\"https:\/\/heatwork.com\/wp-content\/uploads\/2013\/06\/dsc0104.jpg\" width=\"800\" height=\"516\" alt=\"\" \/>\n<img loading=\"lazy\" decoding=\"async\" src=\"https:\/\/heatwork.com\/wp-content\/uploads\/2013\/06\/dsc0100.jpg\" width=\"800\" height=\"515\" alt=\"\" \/>\n<img loading=\"lazy\" decoding=\"async\" src=\"https:\/\/heatwork.com\/wp-content\/uploads\/2013\/06\/dsc0093.jpg\" width=\"582\" height=\"600\" alt=\"\" \/>\n<img loading=\"lazy\" decoding=\"async\" src=\"https:\/\/heatwork.com\/wp-content\/uploads\/2013\/06\/dsc0099.jpg\" width=\"399\" height=\"600\" alt=\"\" \/>\n<img loading=\"lazy\" decoding=\"async\" src=\"https:\/\/heatwork.com\/wp-content\/uploads\/2013\/06\/dsc0114.jpg\" width=\"800\" height=\"532\" alt=\"\" \/>\n<img loading=\"lazy\" decoding=\"async\" src=\"https:\/\/heatwork.com\/wp-content\/uploads\/2013\/06\/dsc0121.jpg\" width=\"800\" height=\"579\" alt=\"\" \/>\n<\/div><ul class=\"o-carousel__nav js-carousel-nav\"><li><img loading=\"lazy\" decoding=\"async\" src=\"https:\/\/heatwork.com\/wp-content\/uploads\/2013\/06\/dsc0104-290x290.jpg\" width=\"290\" height=\"290\" alt=\"\" \/><\/li>\n<li><img loading=\"lazy\" decoding=\"async\" src=\"https:\/\/heatwork.com\/wp-content\/uploads\/2013\/06\/dsc0100-290x290.jpg\" width=\"290\" height=\"290\" alt=\"\" \/><\/li>\n<li><img loading=\"lazy\" decoding=\"async\" src=\"https:\/\/heatwork.com\/wp-content\/uploads\/2013\/06\/dsc0093-290x290.jpg\" width=\"290\" height=\"290\" alt=\"\" \/><\/li>\n<li><img loading=\"lazy\" decoding=\"async\" src=\"https:\/\/heatwork.com\/wp-content\/uploads\/2013\/06\/dsc0099-290x290.jpg\" width=\"290\" height=\"290\" alt=\"\" \/><\/li>\n<li><img loading=\"lazy\" decoding=\"async\" src=\"https:\/\/heatwork.com\/wp-content\/uploads\/2013\/06\/dsc0114-290x290.jpg\" width=\"290\" height=\"290\" alt=\"\" \/><\/li>\n<li><img loading=\"lazy\" decoding=\"async\" src=\"https:\/\/heatwork.com\/wp-content\/uploads\/2013\/06\/dsc0121-290x290.jpg\" width=\"290\" height=\"290\" alt=\"\" \/><\/li>\n<\/ul><\/div>\n<p>&nbsp;<\/p>\n<h2>PetroHeater: Speciellt framtagen f\u00f6r uppv\u00e4rmning inom oljeindustrin<\/h2>\n<p><strong>HW PetroHeater \u00e4r utrustad med komponenter och system som inneb\u00e4r att maskinen kan arbeta p\u00e5 olje- och gasanl\u00e4ggningar in enlighet med de s\u00e4kerhets\u00e5tg\u00e4rder som kr\u00e4vs d\u00e4r.<\/strong><\/p>\n<p>Tekniken har redan anv\u00e4nts av oljebolag och ISO-leverant\u00f6rer i Norge och utomlands, f\u00f6r ytbehanlingar i milj\u00f6er d\u00e4r brand- eller explosionsrisk f\u00f6religger. V\u00e5r v\u00e4tskeburen teknologi inneb\u00e4r att vi kan transportera upp till 103 kW energi till omr\u00e5den s\u00e5som arbetst\u00e4lt, och med hj\u00e4lp av v\u00e4rma och torka luften inne i t\u00e4lten.<br \/>\nSt\u00f6rre konstruktioner kan ocks\u00e5 effektivt v\u00e4rmas upp med hj\u00e4lp av kontaktv\u00e4rme fr\u00e5n de slangar som inneh\u00e5ller cirkulerande v\u00e4tska p\u00e5 temperaturer upp till 100\u00b0C.<\/p>\n<p>Maskinerna har ocks\u00e5 visat sig vara mycket anv\u00e4ndbara f\u00f6r frostskydd och f\u00f6r att sm\u00e4lta bort sn\u00f6 och is fr\u00e5n processanl\u00e4ggningar.<\/p>\n<p><strong>F\u00f6rdelar<\/strong><br \/>\nF\u00f6r oljebolag inneb\u00e4r detta kontinuitet vid ytbehandlingar utan att beh\u00f6va kompromissa med kvaliteten.<br \/>\nProblem med logistik och boende undviks eftersom en mindre arbetsstyrka kan arbeta \u00e5ret runt, snarare \u00e4n stora arbetslag \u00f6ver sommaren som \u00f6verbelastar anl\u00e4ggningar.<br \/>\nGenom att f\u00f6rl\u00e4nga s\u00e4songen f\u00f6r ytarbeten, blir det \u00e4ven enklare f\u00f6r ISO-leverant\u00f6rer att h\u00e5lla tidsscheman.<\/p>\n<p><strong>Exempel p\u00e5 anv\u00e4ndningar<\/strong><\/p>\n<ul>\n<li>Overflatebehandling hele \u00e5ret ved hjelp av CliWi eller kontaktvarme<\/li>\n<li>V\u00e4rma upp tankanl\u00e4ggningar<\/li>\n<li>Betongarbeten i arktiska regioner<\/li>\n<li>Tina upp och frostskydda komponenter i processanl\u00e4ggningar<\/li>\n<li>H\u00e4rdning\/frostskydd f\u00f6r betonggjutning vintertid<\/li>\n<li>Frostskydd i docka<\/li>\n<li>Varmvatten f\u00f6r konsumtion<\/li>\n<li>V\u00e4rma upp rum<\/li>\n<\/ul>\n<p><strong>HeatWork \u00e4r godk\u00e4nt av Achilles JQS<br \/>\n<\/strong><img loading=\"lazy\" decoding=\"async\" class=\"noframe alignleft wp-image-506\" title=\"petroheater\" src=\"https:\/\/heatwork.com\/wp-content\/uploads\/2010\/12\/JQS_over.gif\" alt=\"\" width=\"92\" height=\"23\" \/><\/p>\n","protected":false},"excerpt":{"rendered":"<p>&nbsp; PetroHeater: Speciellt framtagen f\u00f6r uppv\u00e4rmning inom oljeindustrin HW PetroHeater \u00e4r utrustad med komponenter och system som inneb\u00e4r att maskinen kan arbeta p\u00e5 olje- och gasanl\u00e4ggningar in enlighet med de s\u00e4kerhets\u00e5tg\u00e4rder som kr\u00e4vs d\u00e4r. Tekniken har redan anv\u00e4nts av oljebolag och ISO-leverant\u00f6rer i Norge och utomlands, f\u00f6r ytbehanlingar i milj\u00f6er d\u00e4r brand- eller explosionsrisk f\u00f6religger. [&hellip;]<\/p>\n","protected":false},"author":2,"featured_media":51011,"parent":21810,"menu_order":21,"comment_status":"closed","ping_status":"closed","template":"","meta":{"_acf_changed":false,"footnotes":"","_links_to":"","_links_to_target":""},"class_list":["post-17096","page","type-page","status-publish","has-post-thumbnail"],"acf":[],"_links":{"self":[{"href":"https:\/\/heatwork.com\/sv\/wp-json\/wp\/v2\/pages\/17096"}],"collection":[{"href":"https:\/\/heatwork.com\/sv\/wp-json\/wp\/v2\/pages"}],"about":[{"href":"https:\/\/heatwork.com\/sv\/wp-json\/wp\/v2\/types\/page"}],"author":[{"embeddable":true,"href":"https:\/\/heatwork.com\/sv\/wp-json\/wp\/v2\/users\/2"}],"replies":[{"embeddable":true,"href":"https:\/\/heatwork.com\/sv\/wp-json\/wp\/v2\/comments?post=17096"}],"version-history":[{"count":0,"href":"https:\/\/heatwork.com\/sv\/wp-json\/wp\/v2\/pages\/17096\/revisions"}],"up":[{"embeddable":true,"href":"https:\/\/heatwork.com\/sv\/wp-json\/wp\/v2\/pages\/21810"}],"wp:featuredmedia":[{"embeddable":true,"href":"https:\/\/heatwork.com\/sv\/wp-json\/wp\/v2\/media\/51011"}],"wp:attachment":[{"href":"https:\/\/heatwork.com\/sv\/wp-json\/wp\/v2\/media?parent=17096"}],"curies":[{"name":"wp","href":"https:\/\/api.w.org\/{rel}","templated":true}]}}