{"id":17115,"date":"2013-06-10T09:12:42","date_gmt":"2013-06-10T07:12:42","guid":{"rendered":"https:\/\/heatwork.com\/frostheater\/teknisk-information\/"},"modified":"2016-12-08T15:09:59","modified_gmt":"2016-12-08T14:09:59","slug":"teknisk-information","status":"publish","type":"page","link":"https:\/\/heatwork.com\/sv\/produkter\/frostheater\/teknisk-information\/","title":{"rendered":"Teknisk information"},"content":{"rendered":"<p>FrostHeater HW 3600 och HW 1800<br \/>\n\n<table id=\"tablepress-3\" class=\"tablepress tablepress-id-3\">\n<thead>\n<tr class=\"row-1 odd\">\n\t<th class=\"column-1\">Tekniske Spesifikasjoner<\/th><th class=\"column-2\">HW 3600<\/th><th class=\"column-3\">HW 1800<\/th>\n<\/tr>\n<\/thead>\n<tbody>\n<tr class=\"row-2 even\">\n\t<td class=\"column-1\">Vikt<\/td><td class=\"column-2\">1860 kg<\/td><td class=\"column-3\">1680 kg<\/td>\n<\/tr>\n<tr class=\"row-3 odd\">\n\t<td class=\"column-1\">Pumpkapacitet, max<\/td><td class=\"column-2\">3000 l\/timme<\/td><td class=\"column-3\">2100 l\/timme<\/td>\n<\/tr>\n<tr class=\"row-4 even\">\n\t<td class=\"column-1\">Antal pumpar<\/td><td class=\"column-2\">1 x 3000<\/td><td class=\"column-3\">1 x 2100<\/td>\n<\/tr>\n<tr class=\"row-5 odd\">\n\t<td class=\"column-1\">Systemtryck normal drift<\/td><td class=\"column-2\">2-6 bar<\/td><td class=\"column-3\">2-6 bar<\/td>\n<\/tr>\n<tr class=\"row-6 even\">\n\t<td class=\"column-1\">Maximal v\u00e4rmeeffekt<\/td><td class=\"column-2\">103 KW<\/td><td class=\"column-3\">70 kW<\/td>\n<\/tr>\n<tr class=\"row-7 odd\">\n\t<td class=\"column-1\">Typ av br\u00e4nnare<\/td><td class=\"column-2\">1-trinns<\/td><td class=\"column-3\">1-trinns<\/td>\n<\/tr>\n<tr class=\"row-8 even\">\n\t<td class=\"column-1\">Eldningsteknisk verkningsgrad<\/td><td class=\"column-2\">94% <\/td><td class=\"column-3\">94% <\/td>\n<\/tr>\n<tr class=\"row-9 odd\">\n\t<td class=\"column-1\">V\u00e4tsketemperatur<\/td><td class=\"column-2\">0-100\u00b0C<\/td><td class=\"column-3\">0-100\u00b0C <\/td>\n<\/tr>\n<tr class=\"row-10 even\">\n\t<td class=\"column-1\">Br\u00e4nslef\u00f6rbrukning<\/td><td class=\"column-2\">Genomsnittlig f\u00f6rbrukning 3,5 liter\/h vid tining av 200 m2.<br \/>\nMax 9,0 liter\/h vid konstant br\u00e4nnardrift<\/td><td class=\"column-3\">Genomsnittlig f\u00f6rbrukning 3,5 liter\/h vid tining av 200 m2.<br \/>\nMax 7,0 liter\/h vid konstant br\u00e4nnardrift<\/td>\n<\/tr>\n<tr class=\"row-11 odd\">\n\t<td class=\"column-1\">Diesel<\/td><td class=\"column-2\">Vinterdiesel, arktisk klass 2 \/ Biodiesel BFO2G<\/td><td class=\"column-3\">Vinterdiesel, arktisk klass 2 \/ Biodiesel BFO2G<\/td>\n<\/tr>\n<tr class=\"row-12 even\">\n\t<td class=\"column-1\">Arbetsintervall (v\u00e4gledande m\/full tank)<\/td><td class=\"column-2\">ca 90 timmar (baserat p\u00e5 genomsnittlig f\u00f6rbrukning)<\/td><td class=\"column-3\">ca 90 timmar (baserat p\u00e5 genomsnittlig f\u00f6rbrukning)<\/td>\n<\/tr>\n<tr class=\"row-13 odd\">\n\t<td class=\"column-1\">Kapacitet dieseltank<\/td><td class=\"column-2\">320 liter<\/td><td class=\"column-3\">320 liter<\/td>\n<\/tr>\n<tr class=\"row-14 even\">\n\t<td class=\"column-1\">HTF-v\u00e4tska<\/td><td class=\"column-2\">HeatWork HTF-v\u00e4tska<\/td><td class=\"column-3\">HeatWork HTF-v\u00e4tska<\/td>\n<\/tr>\n<tr class=\"row-15 odd\">\n\t<td class=\"column-1\">HTF-tank tankvolym<\/td><td class=\"column-2\">ca 50 liter<\/td><td class=\"column-3\">ca 50 liter<\/td>\n<\/tr>\n<tr class=\"row-16 even\">\n\t<td class=\"column-1\">V\u00e4tskevolym v\u00e4rmeslangar<\/td><td class=\"column-2\">0,2 liter\/meter<\/td><td class=\"column-3\">0,25 liter\/meter<\/td>\n<\/tr>\n<tr class=\"row-17 odd\">\n\t<td class=\"column-1\">Industriell HW-Slange HW-Slange<\/td><td class=\"column-2\">Armerad v\u00e4rmeslang. Max tryck 30 bar.<\/td><td class=\"column-3\">Armerad v\u00e4rmeslang. Max tryck 30 bar.<\/td>\n<\/tr>\n<tr class=\"row-18 even\">\n\t<td class=\"column-1\">L\u00e4ngd v\u00e4rmeslangar totalt<\/td><td class=\"column-2\">630 m<\/td><td class=\"column-3\">630 m<\/td>\n<\/tr>\n<tr class=\"row-19 odd\">\n\t<td class=\"column-1\">L\u00e4ngd enkelslangar per krets<\/td><td class=\"column-2\">210 m<\/td><td class=\"column-3\">315 m<\/td>\n<\/tr>\n<tr class=\"row-20 even\">\n\t<td class=\"column-1\">Antal slangkretsar<\/td><td class=\"column-2\">3<\/td><td class=\"column-3\">1<\/td>\n<\/tr>\n<tr class=\"row-21 odd\">\n\t<td class=\"column-1\">Elektrisk anslutning\/energif\u00f6rbrukning<\/td><td class=\"column-2\">230V\/2600W<\/td><td class=\"column-3\">230V\/1000W<\/td>\n<\/tr>\n<tr class=\"row-22 even\">\n\t<td class=\"column-1\">Anslutning till extern dieseltank<\/td><td class=\"column-2\">Inkluderad<\/td><td class=\"column-3\">Inkluderad<\/td>\n<\/tr>\n<tr class=\"row-23 odd\">\n\t<td class=\"column-1\">Serviced\u00f6rrar<\/td><td class=\"column-2\">4 d\u00f6rrar f\u00f6r l\u00e4ttare service\u00e5tkomst<\/td><td class=\"column-3\">4 d\u00f6rrar f\u00f6r l\u00e4ttare service\u00e5tkomst<\/td>\n<\/tr>\n<tr class=\"row-24 even\">\n\t<td class=\"column-1\"><b>Till\u00e4ggsutrustning f\u00f6r montering:<\/b><\/td><td class=\"column-2\"><\/td><td class=\"column-3\"><\/td>\n<\/tr>\n<tr class=\"row-25 odd\">\n\t<td class=\"column-1\">\u2022 GSM-kontroll\u00f6vervakning<\/td><td class=\"column-2\">Varnar via SMS vid oregelbundenheter<\/td><td class=\"column-3\">Varnar via SMS vid oregelbundenheter<\/td>\n<\/tr>\n<tr class=\"row-26 even\">\n\t<td class=\"column-1\">\u2022 GPS Track Unit<\/td><td class=\"column-2\">GPS position och driftshistoria (prenumeration)<\/td><td class=\"column-3\">GPS position och driftshistoria (prenumeration)<\/td>\n<\/tr>\n<tr class=\"row-27 odd\">\n\t<td class=\"column-1\">\u2022 Aggregat, ljudisolerat<\/td><td class=\"column-2\">Cummins 4,8 kW, v\u00e4tskekyld 2 cylindermotor<\/td><td class=\"column-3\">Cummins 4,8 kW, v\u00e4tskekyld 2 cylindermotor<\/td>\n<\/tr>\n<tr class=\"row-28 even\">\n\t<td class=\"column-1\">\u2022 Autostart aggregat<\/td><td class=\"column-2\">Aggregate startar automatiskt vid str\u00f6mavbrott<\/td><td class=\"column-3\">Aggregate startar automatiskt vid str\u00f6mavbrott<\/td>\n<\/tr>\n<tr class=\"row-29 odd\">\n\t<td class=\"column-1\">\u2022 Extra str\u00f6muttag<\/td><td class=\"column-2\">16A uttag p\u00e5 str\u00f6maggregat<\/td><td class=\"column-3\">16A uttag p\u00e5 str\u00f6maggregat<\/td>\n<\/tr>\n<tr class=\"row-30 even\">\n\t<td class=\"column-1\">\u2022 CliWi LED ljusmast<\/td><td class=\"column-2\">LED str\u00e5lkastare. Praktisk\/robust str\u00e5lkastare, f\u00e4stas p\u00e5 maskin<\/td><td class=\"column-3\">LED str\u00e5lkastare. Praktisk\/robust str\u00e5lkastare, f\u00e4stas p\u00e5 maskin<\/td>\n<\/tr>\n<\/tbody>\n<\/table>\n<br \/>\nFr\u00e5ga din s\u00e4ljare om container<\/p>\n","protected":false},"excerpt":{"rendered":"<p>FrostHeater HW 3600 och HW 1800 Fr\u00e5ga din s\u00e4ljare om container<\/p>\n","protected":false},"author":2,"featured_media":0,"parent":17093,"menu_order":2,"comment_status":"closed","ping_status":"closed","template":"","meta":{"_acf_changed":false,"footnotes":"","_links_to":"","_links_to_target":""},"class_list":["post-17115","page","type-page","status-publish"],"acf":[],"_links":{"self":[{"href":"https:\/\/heatwork.com\/sv\/wp-json\/wp\/v2\/pages\/17115"}],"collection":[{"href":"https:\/\/heatwork.com\/sv\/wp-json\/wp\/v2\/pages"}],"about":[{"href":"https:\/\/heatwork.com\/sv\/wp-json\/wp\/v2\/types\/page"}],"author":[{"embeddable":true,"href":"https:\/\/heatwork.com\/sv\/wp-json\/wp\/v2\/users\/2"}],"replies":[{"embeddable":true,"href":"https:\/\/heatwork.com\/sv\/wp-json\/wp\/v2\/comments?post=17115"}],"version-history":[{"count":0,"href":"https:\/\/heatwork.com\/sv\/wp-json\/wp\/v2\/pages\/17115\/revisions"}],"up":[{"embeddable":true,"href":"https:\/\/heatwork.com\/sv\/wp-json\/wp\/v2\/pages\/17093"}],"wp:attachment":[{"href":"https:\/\/heatwork.com\/sv\/wp-json\/wp\/v2\/media?parent=17115"}],"curies":[{"name":"wp","href":"https:\/\/api.w.org\/{rel}","templated":true}]}}