{"id":17124,"date":"2013-08-22T11:25:46","date_gmt":"2013-08-22T09:25:46","guid":{"rendered":"https:\/\/heatwork.com\/miniheater\/"},"modified":"2023-09-11T18:31:17","modified_gmt":"2023-09-11T16:31:17","slug":"miniheater","status":"publish","type":"page","link":"https:\/\/heatwork.com\/sv\/produkter\/miniheater\/","title":{"rendered":"MiniHeater MY35"},"content":{"rendered":"<div class=\"o-carousel js-carousel\"><div class=\"o-carousel__main js-carousel-main wbtlh\" data-id=\"wbtlh\"><img loading=\"lazy\" decoding=\"async\" src=\"https:\/\/heatwork.com\/wp-content\/uploads\/2013\/08\/MiniHeater-I.jpg\" width=\"552\" height=\"368\" alt=\"\" \/>\n<img loading=\"lazy\" decoding=\"async\" src=\"https:\/\/heatwork.com\/wp-content\/uploads\/2013\/08\/MiniHeater.jpg\" width=\"552\" height=\"368\" alt=\"\" \/>\n<img loading=\"lazy\" decoding=\"async\" src=\"https:\/\/heatwork.com\/wp-content\/uploads\/2013\/08\/IMG_07701-e1433145456846-940x627.jpg\" width=\"940\" height=\"627\" alt=\"\" \/>\n<img loading=\"lazy\" decoding=\"async\" src=\"https:\/\/heatwork.com\/wp-content\/uploads\/2013\/08\/IMG_07761-e1433145511622-940x627.jpg\" width=\"940\" height=\"627\" alt=\"\" \/>\n<img loading=\"lazy\" decoding=\"async\" src=\"https:\/\/heatwork.com\/wp-content\/uploads\/2013\/08\/IMG_0780-e1433145533358-627x940.jpg\" width=\"627\" height=\"940\" alt=\"\" \/>\n<img loading=\"lazy\" decoding=\"async\" src=\"https:\/\/heatwork.com\/wp-content\/uploads\/2013\/08\/HW_MY35_traktor.jpg\" width=\"600\" height=\"401\" alt=\"\" \/>\n<img loading=\"lazy\" decoding=\"async\" src=\"https:\/\/heatwork.com\/wp-content\/uploads\/2013\/10\/MY35-helikopter.jpg\" width=\"552\" height=\"367\" alt=\"\" \/>\n<img loading=\"lazy\" decoding=\"async\" src=\"https:\/\/heatwork.com\/wp-content\/uploads\/2013\/10\/MY35-helikopter-02.jpg\" width=\"552\" height=\"830\" alt=\"\" \/>\n<img loading=\"lazy\" decoding=\"async\" src=\"https:\/\/heatwork.com\/wp-content\/uploads\/2013\/10\/MY35-helikopter-04.jpg\" width=\"552\" height=\"827\" alt=\"\" \/>\n<\/div><ul class=\"o-carousel__nav js-carousel-nav\"><li><img loading=\"lazy\" decoding=\"async\" src=\"https:\/\/heatwork.com\/wp-content\/uploads\/2013\/08\/MiniHeater-I-290x290.jpg\" width=\"290\" height=\"290\" alt=\"\" \/><\/li>\n<li><img loading=\"lazy\" decoding=\"async\" src=\"https:\/\/heatwork.com\/wp-content\/uploads\/2013\/08\/MiniHeater-290x290.jpg\" width=\"290\" height=\"290\" alt=\"\" \/><\/li>\n<li><img loading=\"lazy\" decoding=\"async\" src=\"https:\/\/heatwork.com\/wp-content\/uploads\/2013\/08\/IMG_07701-e1433145456846-290x290.jpg\" width=\"290\" height=\"290\" alt=\"\" \/><\/li>\n<li><img loading=\"lazy\" decoding=\"async\" src=\"https:\/\/heatwork.com\/wp-content\/uploads\/2013\/08\/IMG_07761-e1433145511622-290x290.jpg\" width=\"290\" height=\"290\" alt=\"\" \/><\/li>\n<li><img loading=\"lazy\" decoding=\"async\" src=\"https:\/\/heatwork.com\/wp-content\/uploads\/2013\/08\/IMG_0780-e1433145533358-290x290.jpg\" width=\"290\" height=\"290\" alt=\"\" \/><\/li>\n<li><img loading=\"lazy\" decoding=\"async\" src=\"https:\/\/heatwork.com\/wp-content\/uploads\/2013\/08\/HW_MY35_traktor-290x290.jpg\" width=\"290\" height=\"290\" alt=\"\" \/><\/li>\n<li><img loading=\"lazy\" decoding=\"async\" src=\"https:\/\/heatwork.com\/wp-content\/uploads\/2013\/10\/MY35-helikopter-290x290.jpg\" width=\"290\" height=\"290\" alt=\"\" \/><\/li>\n<li><img loading=\"lazy\" decoding=\"async\" src=\"https:\/\/heatwork.com\/wp-content\/uploads\/2013\/10\/MY35-helikopter-02-290x290.jpg\" width=\"290\" height=\"290\" alt=\"\" \/><\/li>\n<li><img loading=\"lazy\" decoding=\"async\" src=\"https:\/\/heatwork.com\/wp-content\/uploads\/2013\/10\/MY35-helikopter-04-290x290.jpg\" width=\"290\" height=\"290\" alt=\"\" \/><\/li>\n<\/ul><\/div>\n<p>&nbsp;<\/p>\n<h2>MiniHeater \u00e4r marknadens mest kompakta mobil v\u00e4rmeverk<br \/>\nEffektiv f\u00f6r tj\u00e4ltining, frosts\u00e4kring, uppv\u00e4rmning, betongarbete, skadesanering m.m<\/h2>\n<p>V\u00e5r prisbel\u00f6nta industridesign och patenterade uppv\u00e4rmningsteknik har utvecklats i en ny generation frostskyddsprodukter. Som alltid, har v\u00e5rt fokus legat p\u00e5 v\u00e4rde, p\u00e5litlighet och milj\u00f6n.<\/p>\n<p>F\u00f6rdelarna med MiniHeater HW MY35 \u00e4r dess kompakta storlek och l\u00e5ga vikt, vilket g\u00f6r den l\u00e4tt att transportera med helikopter, bil, fyrhjuling, traktor, etc. Denna maskin g\u00f6r det m\u00f6jligt f\u00f6r entrepren\u00f6rer som arbetar p\u00e5 otillg\u00e4ngliga platser att tackla de problem som orsakas av kyla, och g\u00f6r det m\u00f6jligt att h\u00e4lla betong, v\u00e4rma vatten, tina aggregat, v\u00e4rma upp flyttbara arbetarbaracker, etc. Med sin inbyggda kraftenhet, kan HW MY35 \u00e4ven tillhandah\u00e5lla kraftf\u00f6rs\u00f6rjning f\u00f6r andra \u00e4ndam\u00e5l.<\/p>\n<p>Den har flera anv\u00e4ndingsomr\u00e5den, s\u00e5som uppv\u00e4rming, eller sm\u00e4lta sn\u00f6, is och frusen mark, och kan vara mycket anv\u00e4ndbar f\u00f6r sm\u00e5 och medelstora f\u00f6retag, jordbruksn\u00e4ringen och den privata marknaden. HW MY35 kan anpassas efter kundernas behov, vilket g\u00f6r det m\u00f6jligt f\u00f6r f\u00f6retag med sm\u00e5skaliga arbeten och mindre investeringsbudgetar att anv\u00e4nda v\u00e5ra system.<\/p>\n<p><strong>TILL\u00c4GGSPRODUKTER:<\/strong><\/p>\n<ul>\n<li><strong>CliWi<\/strong> f\u00f6r byggav\u00e4rme, byggtork, v\u00e4rmebehandling, skadedjursbek\u00e4mpning, skadesanering<\/li>\n<li><strong>HW vintermattor<\/strong> f\u00f6r tj\u00e4ltining, frostskydd och isolering<\/li>\n<li><strong>HW presenning<\/strong> f\u00f6r att optimera tineprocessen<\/li>\n<li><strong>HW extra trumma<\/strong> f\u00f6r st\u00f6rre tineareal<\/li>\n<li><strong>HW Ice Guard Systems<\/strong> f\u00f6r snabb, enkel och s\u00e4ker \u00f6ppning av frusna vattenv\u00e4gar och is i diken<\/li>\n<\/ul>\n<hr \/>\n<h4><em>Hur tinar du upp frusen mark med MiniHeater?<\/em><\/h4>\n<ol>\n<li>Flexibla uppv\u00e4rmningsslangar l\u00e4ggs ut \u00f6ver omr\u00e5det som skall tinas upp, h\u00e4rdas, eller skyddas fr\u00e5n frost.<\/li>\n<li>HWs v\u00e4rme\u00f6verf\u00f6ringsv\u00e4tska cirkulerar i ett slutet system som avger v\u00e4rme direkt ner i marken.<\/li>\n<li>Slangarna t\u00e4cks av reflekterande HW-isoleringsmattor s\u00e5 maximal m\u00e4ngd v\u00e4rme \u00f6verf\u00f6rs utan v\u00e4rmef\u00f6rlust.<\/li>\n<li>Fukten i materialet v\u00e4rms upp, och tinar snabbt och effektivt ned\u00e5t, 30-80 cm p\u00e5 24 timmar, beroende p\u00e5 markf\u00f6rh\u00e5llanden.<\/li>\n<li>Maskinerna arbetar obemannade tills jobbet \u00e4r klart. En GSM-enhet meddelar operat\u00f6ren om eventuella st\u00f6rningar.<\/li>\n<\/ol>\n<p><a href=\"https:\/\/heatwork.com\/wp-content\/uploads\/2010\/11\/slanger-matte-webversjon1.gif\"><img loading=\"lazy\" decoding=\"async\" class=\"alignnone wp-image-14668\" src=\"https:\/\/heatwork.com\/wp-content\/uploads\/2010\/11\/slanger-matte-webversjon1.gif\" alt=\"slang-matta-webbversion\" width=\"1277\" height=\"400\" \/><\/a><\/p>\n","protected":false},"excerpt":{"rendered":"<p>&nbsp; MiniHeater \u00e4r marknadens mest kompakta mobil v\u00e4rmeverk Effektiv f\u00f6r tj\u00e4ltining, frosts\u00e4kring, uppv\u00e4rmning, betongarbete, skadesanering m.m V\u00e5r prisbel\u00f6nta industridesign och patenterade uppv\u00e4rmningsteknik har utvecklats i en ny generation frostskyddsprodukter. Som alltid, har v\u00e5rt fokus legat p\u00e5 v\u00e4rde, p\u00e5litlighet och milj\u00f6n. F\u00f6rdelarna med MiniHeater HW MY35 \u00e4r dess kompakta storlek och l\u00e5ga vikt, vilket g\u00f6r den [&hellip;]<\/p>\n","protected":false},"author":8,"featured_media":42204,"parent":21810,"menu_order":4,"comment_status":"closed","ping_status":"closed","template":"","meta":{"_acf_changed":false,"footnotes":"","_links_to":"","_links_to_target":""},"class_list":["post-17124","page","type-page","status-publish","has-post-thumbnail"],"acf":[],"_links":{"self":[{"href":"https:\/\/heatwork.com\/sv\/wp-json\/wp\/v2\/pages\/17124"}],"collection":[{"href":"https:\/\/heatwork.com\/sv\/wp-json\/wp\/v2\/pages"}],"about":[{"href":"https:\/\/heatwork.com\/sv\/wp-json\/wp\/v2\/types\/page"}],"author":[{"embeddable":true,"href":"https:\/\/heatwork.com\/sv\/wp-json\/wp\/v2\/users\/8"}],"replies":[{"embeddable":true,"href":"https:\/\/heatwork.com\/sv\/wp-json\/wp\/v2\/comments?post=17124"}],"version-history":[{"count":1,"href":"https:\/\/heatwork.com\/sv\/wp-json\/wp\/v2\/pages\/17124\/revisions"}],"predecessor-version":[{"id":51938,"href":"https:\/\/heatwork.com\/sv\/wp-json\/wp\/v2\/pages\/17124\/revisions\/51938"}],"up":[{"embeddable":true,"href":"https:\/\/heatwork.com\/sv\/wp-json\/wp\/v2\/pages\/21810"}],"wp:featuredmedia":[{"embeddable":true,"href":"https:\/\/heatwork.com\/sv\/wp-json\/wp\/v2\/media\/42204"}],"wp:attachment":[{"href":"https:\/\/heatwork.com\/sv\/wp-json\/wp\/v2\/media?parent=17124"}],"curies":[{"name":"wp","href":"https:\/\/api.w.org\/{rel}","templated":true}]}}