{"id":17126,"date":"2013-06-04T08:24:16","date_gmt":"2013-06-04T06:24:16","guid":{"rendered":"https:\/\/heatwork.com\/video-4\/"},"modified":"2014-09-01T14:56:12","modified_gmt":"2014-09-01T12:56:12","slug":"video","status":"publish","type":"page","link":"https:\/\/heatwork.com\/sv\/produkter\/ice-guard-systems\/galleri\/video\/","title":{"rendered":"Video"},"content":{"rendered":"<h3>IRK var med Meta och Norges Vegvesen n\u00e4r de tinade upp vattenv\u00e4gar<\/h3>\n<p><a href=\"http:\/\/tv.nrk.no\/serie\/distriktsnyheter-nordland\/dkno99040114\/01-04-2014#t=6m32s\" target=\"_blank\" rel=\"http:\/\/tv.nrk.no\/serie\/distriktsnyheter-nordland\/dkno99040114\/01-04-2014#t=6m32s noopener\"><img loading=\"lazy\" decoding=\"async\" class=\"alignnone size-full wp-image-14747\" alt=\"NRK Isvakt\" src=\"https:\/\/heatwork.com\/wp-content\/uploads\/2013\/06\/NRK-ICE-GUARD.jpg\" width=\"454\" height=\"258\" srcset=\"https:\/\/heatwork.com\/wp-content\/uploads\/2013\/06\/NRK-ICE-GUARD.jpg 454w, https:\/\/heatwork.com\/wp-content\/uploads\/2013\/06\/NRK-ICE-GUARD-400x227.jpg 400w, https:\/\/heatwork.com\/wp-content\/uploads\/2013\/06\/NRK-ICE-GUARD-280x159.jpg 280w\" sizes=\"(max-width: 454px) 100vw, 454px\" \/><\/a><\/p>\n<hr \/>\n<h3>Hur HW Isvaktssystem fungerar<\/h3>\n<p><iframe loading=\"lazy\" title=\"Prinsippet bak Ice Guard Systems\" width=\"500\" height=\"281\" src=\"https:\/\/www.youtube.com\/embed\/6lJoQSjbLWk?feature=oembed\" frameborder=\"0\" allow=\"accelerometer; autoplay; clipboard-write; encrypted-media; gyroscope; picture-in-picture; web-share\" referrerpolicy=\"strict-origin-when-cross-origin\" allowfullscreen><\/iframe><\/p>\n<hr \/>\n<h3>Upptinging av kulveratar f\u00f6r Norges Vegvesen<\/h3>\n<p><iframe loading=\"lazy\" title=\"Tining av stikkrenner for Statens Vegvesen\" width=\"500\" height=\"281\" src=\"https:\/\/www.youtube.com\/embed\/5VhBEVAAjA8?feature=oembed\" frameborder=\"0\" allow=\"accelerometer; autoplay; clipboard-write; encrypted-media; gyroscope; picture-in-picture; web-share\" referrerpolicy=\"strict-origin-when-cross-origin\" allowfullscreen><\/iframe><\/p>\n<hr \/>\n<h3>Upptining av kulvertar f\u00f6r Narviks kommun<\/h3>\n<p><iframe loading=\"lazy\" title=\"Tining av stikkrenner for Narvik Kommune\" width=\"500\" height=\"281\" src=\"https:\/\/www.youtube.com\/embed\/_9LZn6Ql2hA?feature=oembed\" frameborder=\"0\" allow=\"accelerometer; autoplay; clipboard-write; encrypted-media; gyroscope; picture-in-picture; web-share\" referrerpolicy=\"strict-origin-when-cross-origin\" allowfullscreen><\/iframe><\/p>\n<hr \/>\n<h3>Upptining av is i diken f\u00f6r Norges Vegvesen<\/h3>\n<p><iframe loading=\"lazy\" title=\"Tining av Gr\u00f8ft for Statens Vegvesen\" width=\"500\" height=\"281\" src=\"https:\/\/www.youtube.com\/embed\/-Alh_jRrzYI?feature=oembed\" frameborder=\"0\" allow=\"accelerometer; autoplay; clipboard-write; encrypted-media; gyroscope; picture-in-picture; web-share\" referrerpolicy=\"strict-origin-when-cross-origin\" allowfullscreen><\/iframe><\/p>\n","protected":false},"excerpt":{"rendered":"<p>IRK var med Meta och Norges Vegvesen n\u00e4r de tinade upp vattenv\u00e4gar Hur HW Isvaktssystem fungerar Upptinging av kulveratar f\u00f6r Norges Vegvesen Upptining av kulvertar f\u00f6r Narviks kommun Upptining av is i diken f\u00f6r Norges Vegvesen<\/p>\n","protected":false},"author":2,"featured_media":0,"parent":22089,"menu_order":1,"comment_status":"closed","ping_status":"closed","template":"template-gallery-sub.php","meta":{"_acf_changed":false,"footnotes":"","_links_to":"","_links_to_target":""},"class_list":["post-17126","page","type-page","status-publish"],"acf":[],"_links":{"self":[{"href":"https:\/\/heatwork.com\/sv\/wp-json\/wp\/v2\/pages\/17126"}],"collection":[{"href":"https:\/\/heatwork.com\/sv\/wp-json\/wp\/v2\/pages"}],"about":[{"href":"https:\/\/heatwork.com\/sv\/wp-json\/wp\/v2\/types\/page"}],"author":[{"embeddable":true,"href":"https:\/\/heatwork.com\/sv\/wp-json\/wp\/v2\/users\/2"}],"replies":[{"embeddable":true,"href":"https:\/\/heatwork.com\/sv\/wp-json\/wp\/v2\/comments?post=17126"}],"version-history":[{"count":0,"href":"https:\/\/heatwork.com\/sv\/wp-json\/wp\/v2\/pages\/17126\/revisions"}],"up":[{"embeddable":true,"href":"https:\/\/heatwork.com\/sv\/wp-json\/wp\/v2\/pages\/22089"}],"wp:attachment":[{"href":"https:\/\/heatwork.com\/sv\/wp-json\/wp\/v2\/media?parent=17126"}],"curies":[{"name":"wp","href":"https:\/\/api.w.org\/{rel}","templated":true}]}}