{"id":17214,"date":"2019-01-18T13:00:44","date_gmt":"2019-01-18T12:00:44","guid":{"rendered":"https:\/\/heatwork.com\/anvandningsomraden\/"},"modified":"2014-08-05T02:09:29","modified_gmt":"2014-08-05T00:09:29","slug":"anvandningsomraden","status":"publish","type":"page","link":"https:\/\/heatwork.com\/sv\/anvandningsomraden\/","title":{"rendered":"Anv\u00e4ndningsomr\u00e5den"},"content":{"rendered":"","protected":false},"excerpt":{"rendered":"<p>\u201cSe hur HeatWork l\u00f6ser problemen med upptining, uppv\u00e4rmning, h\u00e4rdning och isolering , f\u00f6r att n\u00e4mna n\u00e5gra omr\u00e5den.&#8221;<\/p>\n","protected":false},"author":1,"featured_media":0,"parent":0,"menu_order":2,"comment_status":"closed","ping_status":"closed","template":"","meta":{"_acf_changed":false,"footnotes":"","_links_to":"","_links_to_target":""},"class_list":["post-17214","page","type-page","status-publish"],"acf":[],"_links":{"self":[{"href":"https:\/\/heatwork.com\/sv\/wp-json\/wp\/v2\/pages\/17214"}],"collection":[{"href":"https:\/\/heatwork.com\/sv\/wp-json\/wp\/v2\/pages"}],"about":[{"href":"https:\/\/heatwork.com\/sv\/wp-json\/wp\/v2\/types\/page"}],"author":[{"embeddable":true,"href":"https:\/\/heatwork.com\/sv\/wp-json\/wp\/v2\/users\/1"}],"replies":[{"embeddable":true,"href":"https:\/\/heatwork.com\/sv\/wp-json\/wp\/v2\/comments?post=17214"}],"version-history":[{"count":0,"href":"https:\/\/heatwork.com\/sv\/wp-json\/wp\/v2\/pages\/17214\/revisions"}],"wp:attachment":[{"href":"https:\/\/heatwork.com\/sv\/wp-json\/wp\/v2\/media?parent=17214"}],"curies":[{"name":"wp","href":"https:\/\/api.w.org\/{rel}","templated":true}]}}