{"id":21738,"date":"2013-09-24T15:24:17","date_gmt":"2013-09-24T13:24:17","guid":{"rendered":"https:\/\/heatwork.com\/referenser-2\/pressarkiv\/"},"modified":"2014-08-25T09:11:16","modified_gmt":"2014-08-25T07:11:16","slug":"pressarkiv","status":"publish","type":"page","link":"https:\/\/heatwork.com\/sv\/produkter\/miniheater\/referenser\/pressarkiv\/","title":{"rendered":"Pressarkiv"},"content":{"rendered":"<hr \/>\n<h2>Tidskriften Anlegg og transport<\/h2>\n<p>&#8220;Sm\u00e4lte hj\u00e4rtan i norsk kommun med ny upptiningsmaskin f\u00f6r mark.&#8221;<\/p>\n<p><a href=\"https:\/\/heatwork.com\/wp-content\/uploads\/2013\/09\/AT-mai-2013.jpg\"><img loading=\"lazy\" decoding=\"async\" width=\"210\" height=\"170\" class=\"alignnone size-thumbnail wp-image-15211\" src=\"https:\/\/heatwork.com\/wp-content\/uploads\/2013\/09\/AT-mai-2013-210x170.jpg\" alt=\"A&amp;T maj 2013\" \/><\/a><\/p>\n<hr \/>\n","protected":false},"excerpt":{"rendered":"<p>Tidskriften Anlegg og transport &#8220;Sm\u00e4lte hj\u00e4rtan i norsk kommun med ny upptiningsmaskin f\u00f6r mark.&#8221;<\/p>\n","protected":false},"author":1,"featured_media":0,"parent":17082,"menu_order":1,"comment_status":"closed","ping_status":"closed","template":"template-references-sub.php","meta":{"_acf_changed":false,"footnotes":"","_links_to":"","_links_to_target":""},"class_list":["post-21738","page","type-page","status-publish"],"acf":[],"_links":{"self":[{"href":"https:\/\/heatwork.com\/sv\/wp-json\/wp\/v2\/pages\/21738"}],"collection":[{"href":"https:\/\/heatwork.com\/sv\/wp-json\/wp\/v2\/pages"}],"about":[{"href":"https:\/\/heatwork.com\/sv\/wp-json\/wp\/v2\/types\/page"}],"author":[{"embeddable":true,"href":"https:\/\/heatwork.com\/sv\/wp-json\/wp\/v2\/users\/1"}],"replies":[{"embeddable":true,"href":"https:\/\/heatwork.com\/sv\/wp-json\/wp\/v2\/comments?post=21738"}],"version-history":[{"count":0,"href":"https:\/\/heatwork.com\/sv\/wp-json\/wp\/v2\/pages\/21738\/revisions"}],"up":[{"embeddable":true,"href":"https:\/\/heatwork.com\/sv\/wp-json\/wp\/v2\/pages\/17082"}],"wp:attachment":[{"href":"https:\/\/heatwork.com\/sv\/wp-json\/wp\/v2\/media?parent=21738"}],"curies":[{"name":"wp","href":"https:\/\/api.w.org\/{rel}","templated":true}]}}