{"id":21739,"date":"2011-01-17T13:33:06","date_gmt":"2011-01-17T12:33:06","guid":{"rendered":"https:\/\/heatwork.com\/tillaggsprodukter\/"},"modified":"2018-01-19T13:42:19","modified_gmt":"2018-01-19T12:42:19","slug":"tillaggsprodukter","status":"publish","type":"page","link":"https:\/\/heatwork.com\/sv\/produkter\/tillaggsprodukter\/","title":{"rendered":"Till\u00e4ggsprodukter"},"content":{"rendered":"<h2>Skydds\u00f6verdrag till HeatWork<\/h2>\n<h3>Skr\u00e4ddarsydd och extra stark<\/h3>\n<p><img loading=\"lazy\" decoding=\"async\" class=\"alignright wp-image-38613 size-thumbnail\" title=\"HW Vifte\" src=\"https:\/\/heatwork.com\/wp-content\/uploads\/2011\/01\/HeatWork-formsydd-trekk-II-200x200.jpg\" alt=\"\" width=\"200\" height=\"200\" srcset=\"https:\/\/heatwork.com\/wp-content\/uploads\/2011\/01\/HeatWork-formsydd-trekk-II-200x200.jpg 200w, https:\/\/heatwork.com\/wp-content\/uploads\/2011\/01\/HeatWork-formsydd-trekk-II-290x290.jpg 290w, https:\/\/heatwork.com\/wp-content\/uploads\/2011\/01\/HeatWork-formsydd-trekk-II-300x300.jpg 300w, https:\/\/heatwork.com\/wp-content\/uploads\/2011\/01\/HeatWork-formsydd-trekk-II-100x100.jpg 100w\" sizes=\"(max-width: 200px) 100vw, 200px\" \/><\/p>\n<p>Skyddar mot sol, regn, sn\u00f6 liknande.<br \/>\nUV behandlade, slitstark polyester. S\u00e4kerhetsb\u00e4lten med kl\u00e4mmor.<br \/>\nLevereras med f\u00f6rvaringsv\u00e4ska<\/p>\n<p>HW1800\/3600 SEK<strong>\u00a02.040,-<\/strong> exklusive moms och frakt.<br \/>\nArt.nr 3299<\/p>\n<p>MY35 SEK<strong>\u00a01.940,-<\/strong> exklusive moms och frakt..<br \/>\nArt.nr 3297<\/p>\n<p>&nbsp;<\/p>\n<hr \/>\n<p>HW Aerotemper fasas ut och ers\u00e4tts med v\u00e5ra nyheter <a href=\"https:\/\/heatwork.com\/sv\/produkter\/cliwi\/\">CliWi<\/a>, en unik milj\u00f6produkt som ger ren luft och b\u00e4ttra inomhusluften! Det betyder att vi har ett f\u00e5tal modeller som du kan best\u00e4lla. Kontakta <a href=\"https:\/\/heatwork.com\/sv\/kontaktinformasjon\/\">din\u00a0s\u00e4ljare<\/a> f\u00f6r ytterligare information.<\/p>\n<h2>HW Fl\u00e4kt<\/h2>\n<h3>Skyddar en god inomhusmilj\u00f6<\/h3>\n<p><img loading=\"lazy\" decoding=\"async\" class=\"alignright size-thumbnail wp-image-802\" title=\"HW Fl\u00e4kt\" src=\"https:\/\/heatwork.com\/wp-content\/uploads\/2011\/01\/DSC_0388-208x208.jpg\" alt=\"\" width=\"208\" height=\"208\" \/><\/p>\n<p><strong>Med en systemtemperatur p\u00e5 100\u02daC, \u00e4r v\u00e5ra fl\u00e4ktar 25% mer effektiva. Detta g\u00f6r fl\u00e4ktarna f\u00e4ldigt flexibla och m\u00e5ngsidiga.<\/strong><\/p>\n<p>HW Fl\u00e4ktar uppfyller strikta krav p\u00e5 innemilj\u00f6er; uppv\u00e4rmning tillf\u00f6r inte fukt eller lukter. Fl\u00e4ktarna \u00e4r tysta och f\u00f6rdelar v\u00e4rmen j\u00e4mnt i byggnaden, rummet eller hallen. Med fl\u00e4ktar kopplade till HeatWork, undviker du lukt och f\u00f6rorening av br\u00e4nslen i byggnaden. Fl\u00e4ktarna kr\u00e4ver inget underh\u00e5ll eller kontroll, och orskar inga utsl\u00e4pp eller missljud. Systemet beh\u00f6ver endast p\u00e5fyllning av diesel. Tillg\u00e4ngliga i 10 och 35 kW.<\/p>\n<p>Fl\u00e4ktarna \u00e4r kopplade till HeatWork-maskinen med 5\/8&#8221; slangar i 5, 10 eller 25 meters l\u00e4ngder. Matningsslangar s\u00e4ljs separat.<\/p>\n<h3>Anv\u00e4ndningsomr\u00e5den<\/h3>\n<ul>\n<li>Uppv\u00e4rmning av byggnader under konstruktion<\/li>\n<li>Uppv\u00e4rmning av hallar, t\u00e4lt etc.<\/li>\n<li>Extra uppv\u00e4rmning under kalla perioder<\/li>\n<li>Stenl\u00e4ggning inuti uppv\u00e4rmda t\u00e4lt<\/li>\n<\/ul>\n<hr \/>\n<h2>HW Xtra trumma<\/h2>\n<h3>Enkel ut\u00f6kning av upptiningsytan<\/h3>\n<p><img loading=\"lazy\" decoding=\"async\" class=\"alignright wp-image-1310 size-thumbnail\" title=\"problems sewage pump 035\" src=\"https:\/\/heatwork.com\/wp-content\/uploads\/2011\/01\/problemer-kloakkpumpe-035-200x200.jpg\" alt=\"\" width=\"200\" height=\"200\" srcset=\"https:\/\/heatwork.com\/wp-content\/uploads\/2011\/01\/problemer-kloakkpumpe-035-200x200.jpg 200w, https:\/\/heatwork.com\/wp-content\/uploads\/2011\/01\/problemer-kloakkpumpe-035-scaled-290x290.jpg 290w, https:\/\/heatwork.com\/wp-content\/uploads\/2011\/01\/problemer-kloakkpumpe-035-scaled-300x300.jpg 300w, https:\/\/heatwork.com\/wp-content\/uploads\/2011\/01\/problemer-kloakkpumpe-035-scaled-100x100.jpg 100w\" sizes=\"(max-width: 200px) 100vw, 200px\" \/>HW Xtra trumma ut\u00f6kar enkelt upptiningsytan vid anslutning till HW 3600. En 630 meter l\u00e5ng slang, enkel hantering och snabb uppriggning betyder att du f\u00e5r maximal kapacitet utav din maskin. Levereras med ram med gaffelfickor.<\/p>\n<p>Matningsslangar s\u00e4ljs separat i 5, 10 eller 25 meters l\u00e4ngder.<\/p>\n<h3>Anv\u00e4ndningsomr\u00e5den<\/h3>\n<p>F\u00f6rst\u00e4rker upptiningskapaciteten hos HeatWork:<\/p>\n<ul>\n<li>FrostHeater HW 3600, trailer och container<\/li>\n<li>PetroHeater HW 3600<\/li>\n<li>HydroHeater HW 3600<\/li>\n<\/ul>\n<hr \/>\n<h2>HW Presenning<\/h2>\n<h3>Optimerar upptiningsprocessen<\/h3>\n<p><img loading=\"lazy\" decoding=\"async\" class=\"wp-image-38034 size-thumbnail alignright\" title=\"IMG_7999\" src=\"https:\/\/heatwork.com\/wp-content\/uploads\/2011\/01\/Presenning_lite-210x170.jpg\" width=\"210\" height=\"170\" srcset=\"https:\/\/heatwork.com\/wp-content\/uploads\/2011\/01\/Presenning_lite-210x170.jpg 210w, https:\/\/heatwork.com\/wp-content\/uploads\/2011\/01\/Presenning_lite-480x389.jpg 480w, https:\/\/heatwork.com\/wp-content\/uploads\/2011\/01\/Presenning_lite-400x324.jpg 400w, https:\/\/heatwork.com\/wp-content\/uploads\/2011\/01\/Presenning_lite-280x227.jpg 280w, https:\/\/heatwork.com\/wp-content\/uploads\/2011\/01\/Presenning_lite-432x350.jpg 432w, https:\/\/heatwork.com\/wp-content\/uploads\/2011\/01\/Presenning_lite.jpg 600w\" sizes=\"(max-width: 210px) 100vw, 210px\" \/>Det extremt slitstarka material som anv\u00e4nds i presenningen optimerar upptiningsprocessen vid anv\u00e4ndning tillsammans med HeatWorks uppv\u00e4rmings- och upptiningskoncept och HW isoleringsmattor.<\/p>\n<p>Det hj\u00e4lper till att tynga ner isoleringsmattorna och minska v\u00e4rmef\u00f6rlusten.<br \/>\nDe insydda f\u00e4stena g\u00f6r presenningen v\u00e4ldigt anv\u00e4ndarv\u00e4nlig.<\/p>\n<p>Presenningen kan levereras i 6 olika storlekar:<\/p>\n<ul>\n<li>7 m x 1.5 m (10.5 m2), vikt: 7.5 kg<\/li>\n<li>4 m x 3 m (12 m2), vikt: 8.4 kg<\/li>\n<li>6 m x 2.5 m (15 m2), vikt: 10.8 kg<\/li>\n<li>7 m x 2.5 m (17.5 m2), vikt: 12.2 kg<\/li>\n<li>12 m x 2.5 m (30 m2), vikt: 21.5 kg<\/li>\n<li>7 m x 5 m (35 m2), vikt: 24.5 kg<\/li>\n<\/ul>\n<h3>Anv\u00e4ndningsomr\u00e5den<\/h3>\n<ul>\n<li><img loading=\"lazy\" decoding=\"async\" class=\"alignright size-thumbnail wp-image-781\" title=\"IMG_8015\" src=\"https:\/\/heatwork.com\/wp-content\/uploads\/2011\/01\/IMG_8015-208x208.jpg\" alt=\"\" width=\"208\" height=\"208\" \/>T\u00e4cker fogar och skyddar fr\u00e5n v\u00e4der och vind.<\/li>\n<li>Minimerar v\u00e4rmef\u00f6rlust under upptining<\/li>\n<li>Hj\u00e4lper till att tynga ner HeatWork-mattan<\/li>\n<li>Skyddar nylagda betongytor<\/li>\n<li>T\u00e4cker forms\u00e4ttning<\/li>\n<li>T\u00e4cker byggmaterial<\/li>\n<li>Diken och mer<\/li>\n<\/ul>\n","protected":false},"excerpt":{"rendered":"<p>Skydds\u00f6verdrag till HeatWork Skr\u00e4ddarsydd och extra stark Skyddar mot sol, regn, sn\u00f6 liknande. UV behandlade, slitstark polyester. S\u00e4kerhetsb\u00e4lten med kl\u00e4mmor. Levereras med f\u00f6rvaringsv\u00e4ska HW1800\/3600 SEK\u00a02.040,- exklusive moms och frakt. Art.nr 3299 MY35 SEK\u00a01.940,- exklusive moms och frakt.. Art.nr 3297 &nbsp; HW Aerotemper fasas ut och ers\u00e4tts med v\u00e5ra nyheter CliWi, en unik milj\u00f6produkt som ger [&hellip;]<\/p>\n","protected":false},"author":2,"featured_media":51017,"parent":21810,"menu_order":20,"comment_status":"closed","ping_status":"closed","template":"","meta":{"_acf_changed":false,"footnotes":"","_links_to":"","_links_to_target":""},"class_list":["post-21739","page","type-page","status-publish","has-post-thumbnail"],"acf":[],"_links":{"self":[{"href":"https:\/\/heatwork.com\/sv\/wp-json\/wp\/v2\/pages\/21739"}],"collection":[{"href":"https:\/\/heatwork.com\/sv\/wp-json\/wp\/v2\/pages"}],"about":[{"href":"https:\/\/heatwork.com\/sv\/wp-json\/wp\/v2\/types\/page"}],"author":[{"embeddable":true,"href":"https:\/\/heatwork.com\/sv\/wp-json\/wp\/v2\/users\/2"}],"replies":[{"embeddable":true,"href":"https:\/\/heatwork.com\/sv\/wp-json\/wp\/v2\/comments?post=21739"}],"version-history":[{"count":0,"href":"https:\/\/heatwork.com\/sv\/wp-json\/wp\/v2\/pages\/21739\/revisions"}],"up":[{"embeddable":true,"href":"https:\/\/heatwork.com\/sv\/wp-json\/wp\/v2\/pages\/21810"}],"wp:featuredmedia":[{"embeddable":true,"href":"https:\/\/heatwork.com\/sv\/wp-json\/wp\/v2\/media\/51017"}],"wp:attachment":[{"href":"https:\/\/heatwork.com\/sv\/wp-json\/wp\/v2\/media?parent=21739"}],"curies":[{"name":"wp","href":"https:\/\/api.w.org\/{rel}","templated":true}]}}