{"id":21766,"date":"2013-06-10T08:47:05","date_gmt":"2013-06-10T06:47:05","guid":{"rendered":"https:\/\/heatwork.com\/teknisk-information-2\/"},"modified":"2016-12-13T14:03:27","modified_gmt":"2016-12-13T13:03:27","slug":"teknisk-information","status":"publish","type":"page","link":"https:\/\/heatwork.com\/sv\/produkter\/hydroheater\/teknisk-information\/","title":{"rendered":"Teknisk information"},"content":{"rendered":"\n<table id=\"tablepress-48\" class=\"tablepress tablepress-id-48\">\n<thead>\n<tr class=\"row-1 odd\">\n\t<th class=\"column-1\">Technical specifications<\/th><th class=\"column-2\">HydroHeater - HW 3600<\/th>\n<\/tr>\n<\/thead>\n<tbody>\n<tr class=\"row-2 even\">\n\t<td class=\"column-1\">Vikt<\/td><td class=\"column-2\">1860 kg <\/td>\n<\/tr>\n<tr class=\"row-3 odd\">\n\t<td class=\"column-1\">Pumpkapacitet, max<\/td><td class=\"column-2\">3900 l\/t prim\u00e4rsidan. 6000 l\/t sekund\u00e4rsidan<\/td>\n<\/tr>\n<tr class=\"row-4 even\">\n\t<td class=\"column-1\">Antall pumpar<\/td><td class=\"column-2\">1stk prim\u00e4rsidan. 1 stk sekund\u00e4rsidan<\/td>\n<\/tr>\n<tr class=\"row-5 odd\">\n\t<td class=\"column-1\">Systemtryck<\/td><td class=\"column-2\">2-6 bar prim\u00e4rsidan. 0-6 bar sekund\u00e4rsidan<\/td>\n<\/tr>\n<tr class=\"row-6 even\">\n\t<td class=\"column-1\">Maximal v\u00e4rmeeffekt<\/td><td class=\"column-2\">103 kW<\/td>\n<\/tr>\n<tr class=\"row-7 odd\">\n\t<td class=\"column-1\">Typ av br\u00e4nnare<\/td><td class=\"column-2\">1-stegs<\/td>\n<\/tr>\n<tr class=\"row-8 even\">\n\t<td class=\"column-1\">Eldningsteknisk verkningsgrad<\/td><td class=\"column-2\">94%<\/td>\n<\/tr>\n<tr class=\"row-9 odd\">\n\t<td class=\"column-1\">V\u00e4tsketemperatur<\/td><td class=\"column-2\">Justerbar 0 -100\u00b0C (tur temperatur)<\/td>\n<\/tr>\n<tr class=\"row-10 even\">\n\t<td class=\"column-1\">Br\u00e4nslef\u00f6rbrukning<\/td><td class=\"column-2\">Max 10 l\/h vid konstant br\u00e4nnardrift<\/td>\n<\/tr>\n<tr class=\"row-11 odd\">\n\t<td class=\"column-1\">Br\u00e4nsle<\/td><td class=\"column-2\">Vinterdiesel, arktisk klass 2. Biodiesel<\/td>\n<\/tr>\n<tr class=\"row-12 even\">\n\t<td class=\"column-1\">Kapacitet<\/td><td class=\"column-2\">320 liter dieseltank. 100 liter vattentank<\/td>\n<\/tr>\n<tr class=\"row-13 odd\">\n\t<td class=\"column-1\">HTF*-v\u00e4tska<\/td><td class=\"column-2\">HW HTF*-v\u00e4tska.  *HTF = v\u00e4rmetransportande v\u00e4tska<\/td>\n<\/tr>\n<tr class=\"row-14 even\">\n\t<td class=\"column-1\">HTF-tankvolym<\/td><td class=\"column-2\">50 l<\/td>\n<\/tr>\n<tr class=\"row-15 odd\">\n\t<td class=\"column-1\">Antal slangkretsar<\/td><td class=\"column-2\">4 x 10 m<\/td>\n<\/tr>\n<tr class=\"row-16 even\">\n\t<td class=\"column-1\">Elektrisk anslutning\/energif\u00f6rbrukning<\/td><td class=\"column-2\">230V - 2600W<\/td>\n<\/tr>\n<tr class=\"row-17 odd\">\n\t<td class=\"column-1\">Anslutning till extern dieseltank<\/td><td class=\"column-2\">Inkluderad<\/td>\n<\/tr>\n<tr class=\"row-18 even\">\n\t<td class=\"column-1\">Serviced\u00f6rrar<\/td><td class=\"column-2\">4 d\u00f6rrar f\u00f6r l\u00e4ttare service\u00e5tkomst<\/td>\n<\/tr>\n<tr class=\"row-19 odd\">\n\t<td class=\"column-1\"><b>Till\u00e4ggsutrustning f\u00f6r montering:<\/b><\/td><td class=\"column-2\"><\/td>\n<\/tr>\n<tr class=\"row-20 even\">\n\t<td class=\"column-1\">\u2022 GSM-kontroll\u00f6vervakning<\/td><td class=\"column-2\">Larmar via SMS vid avvik<\/td>\n<\/tr>\n<tr class=\"row-21 odd\">\n\t<td class=\"column-1\">\u2022 GPS Track Unit<\/td><td class=\"column-2\">GPS position och driftshistoria (prenumeration)<\/td>\n<\/tr>\n<tr class=\"row-22 even\">\n\t<td class=\"column-1\">\u2022 Aggregat, ljudisolerat<\/td><td class=\"column-2\">Cummins v\u00e4tskekyld 2-cylindersmotor med autostart<\/td>\n<\/tr>\n<tr class=\"row-23 odd\">\n\t<td class=\"column-1\">\u2022 Autostart aggregat<\/td><td class=\"column-2\">Aggregate startar automatiskt vid str\u00f6mavbrott<\/td>\n<\/tr>\n<tr class=\"row-24 even\">\n\t<td class=\"column-1\">\u2022 Extra str\u00f6muttag<\/td><td class=\"column-2\">16A uttag p\u00e5 str\u00f6maggregat<\/td>\n<\/tr>\n<tr class=\"row-25 odd\">\n\t<td class=\"column-1\">\u2022 CliWi LED ljusmast<\/td><td class=\"column-2\">LED str\u00e5lkastare. Praktisk\/robust str\u00e5lkastare, f\u00e4stas p\u00e5 maskin<\/td>\n<\/tr>\n<\/tbody>\n<\/table>\n\n<p><strong>Varmvattenkapacitet<\/strong><br \/>\n\n<table id=\"tablepress-7\" class=\"tablepress tablepress-id-7\">\n<thead>\n<tr class=\"row-1 odd\">\n\t<th class=\"column-1\">Temperature (Celsius)<\/th><th class=\"column-2\">Liter\/hour<\/th><th class=\"column-3\"><\/th><th class=\"column-4\">Temperatur (Celsius)<\/th><th class=\"column-5\">Liter\/hour<\/th>\n<\/tr>\n<\/thead>\n<tbody>\n<tr class=\"row-2 even\">\n\t<td class=\"column-1\">0-12\u00b0C<\/td><td class=\"column-2\">6000<\/td><td rowspan=\"4\" class=\"column-3\"><\/td><td class=\"column-4\">20-32\u00b0C<\/td><td class=\"column-5\">6000<\/td>\n<\/tr>\n<tr class=\"row-3 odd\">\n\t<td class=\"column-1\">0-30\u00b0C<\/td><td class=\"column-2\">2589<\/td><td class=\"column-4\">20-37\u00b0C<\/td><td class=\"column-5\">4500<\/td>\n<\/tr>\n<tr class=\"row-4 even\">\n\t<td class=\"column-1\">0-60\u00b0C<\/td><td class=\"column-2\">1316<\/td><td class=\"column-4\">20-60\u00b0C<\/td><td class=\"column-5\">1950<\/td>\n<\/tr>\n<tr class=\"row-5 odd\">\n\t<td class=\"column-1\">0-100\u00b0C<\/td><td class=\"column-2\">861<\/td><td class=\"column-4\">20-100\u00b0C<\/td><td class=\"column-5\">1084<\/td>\n<\/tr>\n<\/tbody>\n<\/table>\n<\/p>\n","protected":false},"excerpt":{"rendered":"<p>Varmvattenkapacitet<\/p>\n","protected":false},"author":2,"featured_media":0,"parent":21841,"menu_order":2,"comment_status":"closed","ping_status":"closed","template":"","meta":{"_acf_changed":false,"footnotes":"","_links_to":"","_links_to_target":""},"class_list":["post-21766","page","type-page","status-publish"],"acf":[],"_links":{"self":[{"href":"https:\/\/heatwork.com\/sv\/wp-json\/wp\/v2\/pages\/21766"}],"collection":[{"href":"https:\/\/heatwork.com\/sv\/wp-json\/wp\/v2\/pages"}],"about":[{"href":"https:\/\/heatwork.com\/sv\/wp-json\/wp\/v2\/types\/page"}],"author":[{"embeddable":true,"href":"https:\/\/heatwork.com\/sv\/wp-json\/wp\/v2\/users\/2"}],"replies":[{"embeddable":true,"href":"https:\/\/heatwork.com\/sv\/wp-json\/wp\/v2\/comments?post=21766"}],"version-history":[{"count":0,"href":"https:\/\/heatwork.com\/sv\/wp-json\/wp\/v2\/pages\/21766\/revisions"}],"up":[{"embeddable":true,"href":"https:\/\/heatwork.com\/sv\/wp-json\/wp\/v2\/pages\/21841"}],"wp:attachment":[{"href":"https:\/\/heatwork.com\/sv\/wp-json\/wp\/v2\/media?parent=21766"}],"curies":[{"name":"wp","href":"https:\/\/api.w.org\/{rel}","templated":true}]}}