{"id":21841,"date":"2010-12-14T14:45:32","date_gmt":"2010-12-14T13:45:32","guid":{"rendered":"https:\/\/heatwork.com\/?page_id=21841"},"modified":"2018-02-22T13:08:47","modified_gmt":"2018-02-22T12:08:47","slug":"hydroheater","status":"publish","type":"page","link":"https:\/\/heatwork.com\/sv\/produkter\/hydroheater\/","title":{"rendered":"HydroHeater"},"content":{"rendered":"<div class=\"o-carousel js-carousel\"><div class=\"o-carousel__main js-carousel-main vmhny\" data-id=\"vmhny\"><img loading=\"lazy\" decoding=\"async\" src=\"https:\/\/heatwork.com\/wp-content\/uploads\/2014\/06\/HW_070414_492-940x589.jpg\" width=\"940\" height=\"589\" alt=\"\" \/>\n<img loading=\"lazy\" decoding=\"async\" src=\"https:\/\/heatwork.com\/wp-content\/uploads\/2010\/12\/HW_070414_43-e1433141632433-940x627.jpg\" width=\"940\" height=\"627\" alt=\"\" \/>\n<img loading=\"lazy\" decoding=\"async\" src=\"https:\/\/heatwork.com\/wp-content\/uploads\/2010\/12\/hydroheater-stort-bidle-e1433141673306-940x523.jpg\" width=\"940\" height=\"523\" alt=\"\" \/>\n<img loading=\"lazy\" decoding=\"async\" src=\"https:\/\/heatwork.com\/wp-content\/uploads\/2013\/06\/dsc_0772.jpg\" width=\"800\" height=\"532\" alt=\"\" \/>\n<\/div><ul class=\"o-carousel__nav js-carousel-nav\"><li><img loading=\"lazy\" decoding=\"async\" src=\"https:\/\/heatwork.com\/wp-content\/uploads\/2014\/06\/HW_070414_492-290x290.jpg\" width=\"290\" height=\"290\" alt=\"\" \/><\/li>\n<li><img loading=\"lazy\" decoding=\"async\" src=\"https:\/\/heatwork.com\/wp-content\/uploads\/2010\/12\/HW_070414_43-e1433141632433-290x290.jpg\" width=\"290\" height=\"290\" alt=\"\" \/><\/li>\n<li><img loading=\"lazy\" decoding=\"async\" src=\"https:\/\/heatwork.com\/wp-content\/uploads\/2010\/12\/hydroheater-stort-bidle-e1433141673306-290x290.jpg\" width=\"290\" height=\"290\" alt=\"\" \/><\/li>\n<li><img loading=\"lazy\" decoding=\"async\" src=\"https:\/\/heatwork.com\/wp-content\/uploads\/2013\/06\/dsc_0772-290x290.jpg\" width=\"290\" height=\"290\" alt=\"\" \/><\/li>\n<\/ul><\/div>\n<p>&nbsp;<\/p>\n<h2>HydroHeater: Varmvatten p\u00e5 hjul<\/h2>\n<p>HeatWork har utvecklat sin HydroHeater i n\u00e4ra samarbete med ledande fj\u00e4rrv\u00e4rmebolag, och riktar sig till alla som beh\u00f6ver v\u00e4rma stora m\u00e4ngder vatten snabbt. HydroHeater l\u00e4mpar sig f\u00f6r ett stort antal platser och kan transporteras med bil till den plats d\u00e4r den ska anv\u00e4ndas. Den kr\u00e4ver inga extra komponenter f\u00f6r anv\u00e4ndning. Den \u00e4r l\u00e4tt att anv\u00e4nda, och ett innovativt system garanterar att maskinen snabbt kan anslutas till understationer eller v\u00e4rmev\u00e4xlare i byggnader, s\u00e5 att slutanv\u00e4ndare inte upplever n\u00e5gra avbrott eller begr\u00e4nsningar i sin tillf\u00f6rsel av kranvatten eller v\u00e4rme.<\/p>\n<h4><em>Frostskyddad f\u00f6r vinterbruk<\/em><\/h4>\n<p>Maskinen \u00e4r l\u00e4mplig f\u00f6r anv\u00e4ndning sommar som vinter. Den v\u00e5ta sidan frostskyddas l\u00e4tt eftersom den t\u00f6mms automatiskt efter anv\u00e4ndning.<br \/>\nMaskinen kan leverera upp till 6.000 liter varmvatten per timme med en reglerbar temperatur fr\u00e5n 0-100 \u00b0C<\/p>\n<h4><em>Tina och v\u00e4rma upp jord<\/em><\/h4>\n<p>HydroHeater kan allts\u00e5 anv\u00e4ndas f\u00f6r b\u00e5de upptining och uppv\u00e4rmning av jord genom att ansluta en extra trumma med upptinings slangar. Tv\u00e5 slangkretsar s\u00e4kerst\u00e4ller att den \u00e4r lika flexibel som HeatWorks andra upptiningssystem, med lika h\u00f6g prestanda. Maskinen har h\u00f6g kapacitet och kan tina upp jord p\u00e5 stora ytor, diken,\u00a0kabeldiken och golv. Kan enkelt v\u00e4rma upp byggnader, hallar etc. utan vattenburna centralv\u00e4rmesystem genom att ansluta HeatWork Aerotemper.<\/p>\n<p>Kapacitet, flexibilitet och anv\u00e4ndarv\u00e4nlighet g\u00f6r HydroHeater extremt anv\u00e4ndbar f\u00f6r en rad olika situationer som kr\u00e4ver varmvatten.<\/p>\n<p><strong>Se dess olika anv\u00e4ndningsomr\u00e5den <a href=\"https:\/\/heatwork.com\/sv\/anvandningsomraden\/energi-och-katastrofhantering\/fjarrvarmebolag\/\" target=\"_blank\" rel=\"noopener\">h\u00e4r<\/a><\/strong><\/p>\n","protected":false},"excerpt":{"rendered":"<p>&nbsp; HydroHeater: Varmvatten p\u00e5 hjul HeatWork har utvecklat sin HydroHeater i n\u00e4ra samarbete med ledande fj\u00e4rrv\u00e4rmebolag, och riktar sig till alla som beh\u00f6ver v\u00e4rma stora m\u00e4ngder vatten snabbt. HydroHeater l\u00e4mpar sig f\u00f6r ett stort antal platser och kan transporteras med bil till den plats d\u00e4r den ska anv\u00e4ndas. Den kr\u00e4ver inga extra komponenter f\u00f6r anv\u00e4ndning. [&hellip;]<\/p>\n","protected":false},"author":2,"featured_media":51005,"parent":21810,"menu_order":22,"comment_status":"closed","ping_status":"closed","template":"","meta":{"_acf_changed":false,"footnotes":"","_links_to":"","_links_to_target":""},"class_list":["post-21841","page","type-page","status-publish","has-post-thumbnail"],"acf":[],"_links":{"self":[{"href":"https:\/\/heatwork.com\/sv\/wp-json\/wp\/v2\/pages\/21841"}],"collection":[{"href":"https:\/\/heatwork.com\/sv\/wp-json\/wp\/v2\/pages"}],"about":[{"href":"https:\/\/heatwork.com\/sv\/wp-json\/wp\/v2\/types\/page"}],"author":[{"embeddable":true,"href":"https:\/\/heatwork.com\/sv\/wp-json\/wp\/v2\/users\/2"}],"replies":[{"embeddable":true,"href":"https:\/\/heatwork.com\/sv\/wp-json\/wp\/v2\/comments?post=21841"}],"version-history":[{"count":0,"href":"https:\/\/heatwork.com\/sv\/wp-json\/wp\/v2\/pages\/21841\/revisions"}],"up":[{"embeddable":true,"href":"https:\/\/heatwork.com\/sv\/wp-json\/wp\/v2\/pages\/21810"}],"wp:featuredmedia":[{"embeddable":true,"href":"https:\/\/heatwork.com\/sv\/wp-json\/wp\/v2\/media\/51005"}],"wp:attachment":[{"href":"https:\/\/heatwork.com\/sv\/wp-json\/wp\/v2\/media?parent=21841"}],"curies":[{"name":"wp","href":"https:\/\/api.w.org\/{rel}","templated":true}]}}