{"id":21882,"date":"2013-12-19T15:45:20","date_gmt":"2013-12-19T14:45:20","guid":{"rendered":"https:\/\/heatwork.com\/produkter-2\/betongsystem\/"},"modified":"2021-01-22T13:50:27","modified_gmt":"2021-01-22T12:50:27","slug":"concrete-systems","status":"publish","type":"page","link":"https:\/\/heatwork.com\/sv\/produkter\/concrete-systems\/","title":{"rendered":"Concrete Systems"},"content":{"rendered":"<div class=\"o-carousel js-carousel\"><div class=\"o-carousel__main js-carousel-main gevda\" data-id=\"gevda\"><img loading=\"lazy\" decoding=\"async\" src=\"https:\/\/heatwork.com\/wp-content\/uploads\/2021\/01\/HeatWork_betong-2-940x457.jpg\" width=\"940\" height=\"457\" alt=\"\" \/>\n<img loading=\"lazy\" decoding=\"async\" src=\"https:\/\/heatwork.com\/wp-content\/uploads\/2021\/01\/Heatwork-6-940x622.png\" width=\"940\" height=\"622\" alt=\"\" \/>\n<img loading=\"lazy\" decoding=\"async\" src=\"https:\/\/heatwork.com\/wp-content\/uploads\/2017\/01\/Simen-Svevnerud-mekaniker-fra-Nordby-Maskin-940x530.jpg\" width=\"940\" height=\"530\" alt=\"\" \/>\n<img loading=\"lazy\" decoding=\"async\" src=\"https:\/\/heatwork.com\/wp-content\/uploads\/2017\/12\/IMG_2018-940x705.jpg\" width=\"940\" height=\"705\" alt=\"\" \/>\n<img loading=\"lazy\" decoding=\"async\" src=\"https:\/\/heatwork.com\/wp-content\/uploads\/2013\/12\/betong-3.jpg\" width=\"800\" height=\"600\" alt=\"\" \/>\n<img loading=\"lazy\" decoding=\"async\" src=\"https:\/\/heatwork.com\/wp-content\/uploads\/2013\/12\/betong-IV.jpg\" width=\"800\" height=\"450\" alt=\"\" \/>\n<img loading=\"lazy\" decoding=\"async\" src=\"https:\/\/heatwork.com\/wp-content\/uploads\/2010\/11\/DSC02155.jpg\" width=\"850\" height=\"479\" alt=\"\" \/>\n<img loading=\"lazy\" decoding=\"async\" src=\"https:\/\/heatwork.com\/wp-content\/uploads\/2018\/02\/Hahre_brosposjekt-HeatWork_04-705x940.jpg\" width=\"705\" height=\"940\" alt=\"\" \/>\n<img loading=\"lazy\" decoding=\"async\" src=\"https:\/\/heatwork.com\/wp-content\/uploads\/2013\/12\/forsidebilde-betong-2.jpg\" width=\"240\" height=\"320\" alt=\"\" \/>\n<img loading=\"lazy\" decoding=\"async\" src=\"https:\/\/heatwork.com\/wp-content\/uploads\/2013\/12\/Skjermbilde-2014-02-13-kl.-12.46.36-940x323.png\" width=\"940\" height=\"323\" alt=\"\" \/>\n<\/div><ul class=\"o-carousel__nav js-carousel-nav\"><li><img loading=\"lazy\" decoding=\"async\" src=\"https:\/\/heatwork.com\/wp-content\/uploads\/2021\/01\/HeatWork_betong-2-290x290.jpg\" width=\"290\" height=\"290\" alt=\"\" \/><\/li>\n<li><img loading=\"lazy\" decoding=\"async\" src=\"https:\/\/heatwork.com\/wp-content\/uploads\/2021\/01\/Heatwork-6-290x290.png\" width=\"290\" height=\"290\" alt=\"\" \/><\/li>\n<li><img loading=\"lazy\" decoding=\"async\" src=\"https:\/\/heatwork.com\/wp-content\/uploads\/2017\/01\/Simen-Svevnerud-mekaniker-fra-Nordby-Maskin-290x290.jpg\" width=\"290\" height=\"290\" alt=\"\" \/><\/li>\n<li><img loading=\"lazy\" decoding=\"async\" src=\"https:\/\/heatwork.com\/wp-content\/uploads\/2017\/12\/IMG_2018-290x290.jpg\" width=\"290\" height=\"290\" alt=\"\" \/><\/li>\n<li><img loading=\"lazy\" decoding=\"async\" src=\"https:\/\/heatwork.com\/wp-content\/uploads\/2013\/12\/betong-3-290x290.jpg\" width=\"290\" height=\"290\" alt=\"\" \/><\/li>\n<li><img loading=\"lazy\" decoding=\"async\" src=\"https:\/\/heatwork.com\/wp-content\/uploads\/2013\/12\/betong-IV-290x290.jpg\" width=\"290\" height=\"290\" alt=\"\" \/><\/li>\n<li><img loading=\"lazy\" decoding=\"async\" src=\"https:\/\/heatwork.com\/wp-content\/uploads\/2010\/11\/DSC02155-290x290.jpg\" width=\"290\" height=\"290\" alt=\"\" \/><\/li>\n<li><img loading=\"lazy\" decoding=\"async\" src=\"https:\/\/heatwork.com\/wp-content\/uploads\/2018\/02\/Hahre_brosposjekt-HeatWork_04-290x290.jpg\" width=\"290\" height=\"290\" alt=\"\" \/><\/li>\n<li><img loading=\"lazy\" decoding=\"async\" src=\"https:\/\/heatwork.com\/wp-content\/uploads\/2013\/12\/forsidebilde-betong-2-240x290.jpg\" width=\"240\" height=\"290\" alt=\"\" \/><\/li>\n<li><img loading=\"lazy\" decoding=\"async\" src=\"https:\/\/heatwork.com\/wp-content\/uploads\/2013\/12\/Skjermbilde-2014-02-13-kl.-12.46.36-290x290.png\" width=\"290\" height=\"290\" alt=\"\" \/><\/li>\n<\/ul><\/div>\n<h2>Betongarbete \u00e5ret runt med HeatWorks Concrete Systems<\/h2>\n<p><strong>HW betongsystem \u00e4r det mest flexibla och effektiva systemet p\u00e5 marknaden, som s\u00e4kerst\u00e4ller att dina betonggjutningsprojekt kan forts\u00e4tta utan avbrott, s\u00e5 att du kan leverera h\u00f6g kvalitet till l\u00e5g kostnad &#8211; oavsett \u00e5rstid!<\/strong><\/p>\n<p>Resultatet f\u00f6r v\u00e5ra kunder \u00e4r stor tid och kostnadsbesparingar. Detta kombinerat med fullst\u00e4ndig kontroll av kvaliteten vid h\u00e4rdning g\u00f6r att allt fler kunder v\u00e4ljer v\u00e5r konkreta l\u00f6sning. Metoden g\u00f6r det enkelt att dokumentera \u00f6verensst\u00e4mmelse med kraven.<\/p>\n<p>Forskning i samarbete med Statnett, Norut och HeatWork har resulterat i anm\u00e4rkningsv\u00e4rda resultat. Anv\u00e4ndningen av HeatWork och v\u00e4tskeburen v\u00e4rme i gjutningsprocessen m\u00f6jligg\u00f6r gjutning av betong och s\u00e4kerst\u00e4llande av kvalitet oavsett utetemperatur.<\/p>\n<blockquote><p>\u00abDet visar den extrema kontrollen som \u00e4r m\u00f6jlig med det v\u00e4tskeburen systemet\u00bb<br \/>\n<strong>Winter Construction of tower foundations in concrete, Coldtech\/Norut\/Statnett<\/strong><\/p><\/blockquote>\n<hr \/>\n<p><strong>Exempel p\u00e5 anv\u00e4ndningsomr\u00e5den betongarbete:<\/strong><\/p>\n<ul>\n<li>Uppv\u00e4rmning av berg och berggrund vid f\u00f6rankringsarbete<\/li>\n<li>Sm\u00e4lta sn\u00f6 och is i grundplattformer, forms\u00e4ttning och armering<\/li>\n<li>F\u00f6rv\u00e4rma forms\u00e4ttning och konstruktionskomponenter<\/li>\n<li>Kontrollerad h\u00e4rdning av betong<\/li>\n<li>Nedkylning\/f\u00f6rdelande av v\u00e4rme i st\u00f6rre konstruktioner<\/li>\n<\/ul>\n<hr \/>\n<div class=\"ingrid in-thirds\">\n<div class=\"unit\">\n<p><img loading=\"lazy\" decoding=\"async\" class=\"wp-image-42356 size-medium alignleft\" title=\"betongarbeid, betongarbete\" src=\"https:\/\/heatwork.com\/wp-content\/uploads\/2018\/02\/Betongarbeid-heatwork_01-480x480.jpg\" alt=\"\" width=\"480\" height=\"480\" srcset=\"https:\/\/heatwork.com\/wp-content\/uploads\/2018\/02\/Betongarbeid-heatwork_01-480x480.jpg 480w, https:\/\/heatwork.com\/wp-content\/uploads\/2018\/02\/Betongarbeid-heatwork_01-300x300.jpg 300w, https:\/\/heatwork.com\/wp-content\/uploads\/2018\/02\/Betongarbeid-heatwork_01-100x100.jpg 100w, https:\/\/heatwork.com\/wp-content\/uploads\/2018\/02\/Betongarbeid-heatwork_01-600x600.jpg 600w, https:\/\/heatwork.com\/wp-content\/uploads\/2018\/02\/Betongarbeid-heatwork_01-290x290.jpg 290w, https:\/\/heatwork.com\/wp-content\/uploads\/2018\/02\/Betongarbeid-heatwork_01.jpg 709w\" sizes=\"(max-width: 480px) 100vw, 480px\" \/><\/p>\n<h4>Slangar ovanp\u00e5 f\u00f6rskalning:<\/h4>\n<ul>\n<li>Slangarna l\u00e4ggs ovanp\u00e5 f\u00f6rskalningen innan gjutning<\/li>\n<li>Stegl\u00f6s reglering av v\u00e4tsketemperatur<\/li>\n<li>HeatWork ger dig full kontroll \u00f6ver h\u00e4rdningsprocessen<\/li>\n<\/ul>\n<\/div>\n<div class=\"unit\">\n<p><img loading=\"lazy\" decoding=\"async\" class=\"size-medium wp-image-42358 alignleft\" src=\"https:\/\/heatwork.com\/wp-content\/uploads\/2018\/02\/Betongarbeid-heatwork_02-1-480x480.jpg\" alt=\"\" width=\"480\" height=\"480\" srcset=\"https:\/\/heatwork.com\/wp-content\/uploads\/2018\/02\/Betongarbeid-heatwork_02-1-480x480.jpg 480w, https:\/\/heatwork.com\/wp-content\/uploads\/2018\/02\/Betongarbeid-heatwork_02-1-300x300.jpg 300w, https:\/\/heatwork.com\/wp-content\/uploads\/2018\/02\/Betongarbeid-heatwork_02-1-100x100.jpg 100w, https:\/\/heatwork.com\/wp-content\/uploads\/2018\/02\/Betongarbeid-heatwork_02-1-600x600.jpg 600w, https:\/\/heatwork.com\/wp-content\/uploads\/2018\/02\/Betongarbeid-heatwork_02-1-290x290.jpg 290w, https:\/\/heatwork.com\/wp-content\/uploads\/2018\/02\/Betongarbeid-heatwork_02-1.jpg 709w\" sizes=\"(max-width: 480px) 100vw, 480px\" \/><\/p>\n<h4>R\u00f6r i Betong:<\/h4>\n<ul>\n<li>Golv p\u00e5 mark eller i v\u00e4gg. R\u00f6r i betongfundament.<\/li>\n<li>HW-r\u00f6ren f\u00e4sts mot armeringen och gjuts in i betongfundament, golv etc<\/li>\n<li>Slangavst\u00e5nd beror p\u00e5 temperaturen utomhus<\/li>\n<li>Stegl\u00f6s reglering av v\u00e4tsketemperatur<\/li>\n<\/ul>\n<\/div>\n<div class=\"unit\">\n<p><img loading=\"lazy\" decoding=\"async\" class=\"wp-image-42357 size-medium alignleft\" title=\"betongarbeid, betongarbete\" src=\"https:\/\/heatwork.com\/wp-content\/uploads\/2018\/02\/Betongarbeid-heatwork_03-480x480.jpg\" alt=\"\" width=\"480\" height=\"480\" srcset=\"https:\/\/heatwork.com\/wp-content\/uploads\/2018\/02\/Betongarbeid-heatwork_03-480x480.jpg 480w, https:\/\/heatwork.com\/wp-content\/uploads\/2018\/02\/Betongarbeid-heatwork_03-300x300.jpg 300w, https:\/\/heatwork.com\/wp-content\/uploads\/2018\/02\/Betongarbeid-heatwork_03-100x100.jpg 100w, https:\/\/heatwork.com\/wp-content\/uploads\/2018\/02\/Betongarbeid-heatwork_03-600x600.jpg 600w, https:\/\/heatwork.com\/wp-content\/uploads\/2018\/02\/Betongarbeid-heatwork_03-290x290.jpg 290w, https:\/\/heatwork.com\/wp-content\/uploads\/2018\/02\/Betongarbeid-heatwork_03.jpg 709w\" sizes=\"(max-width: 480px) 100vw, 480px\" \/><\/p>\n<h4>Slangar p\u00e5 golv\/d\u00e4ck efter gjutning:<\/h4>\n<ul>\n<li>\u00c5ngsp\u00e4rr\/plast placeras p\u00e5 golv eller d\u00e4ck efter gjutning<\/li>\n<li>Slangar l\u00e4ggs p\u00e5<\/li>\n<li>Allt t\u00e4cks med HW Winter-Insulation<\/li>\n<li>Stegl\u00f6s reglering av v\u00e4tsketemperatur<\/li>\n<\/ul>\n<\/div>\n<\/div>\n<hr \/>\n<h4>Det finns flera komponenter i HW Betongsystem, vilket inneb\u00e4r att det \u00e4r l\u00e4mpligt f\u00f6r flera olika anv\u00e4ndningsomr\u00e5den<\/h4>\n<p><img loading=\"lazy\" decoding=\"async\" class=\"alignnone wp-image-42355 size-large\" title=\"betongarbeid, betongarbete\" src=\"https:\/\/heatwork.com\/wp-content\/uploads\/2018\/02\/tilbehor-betong-940x192.jpg\" alt=\"\" width=\"940\" height=\"192\" srcset=\"https:\/\/heatwork.com\/wp-content\/uploads\/2018\/02\/tilbehor-betong-940x192.jpg 940w, https:\/\/heatwork.com\/wp-content\/uploads\/2018\/02\/tilbehor-betong-600x123.jpg 600w, https:\/\/heatwork.com\/wp-content\/uploads\/2018\/02\/tilbehor-betong-480x98.jpg 480w, https:\/\/heatwork.com\/wp-content\/uploads\/2018\/02\/tilbehor-betong-768x157.jpg 768w, https:\/\/heatwork.com\/wp-content\/uploads\/2018\/02\/tilbehor-betong.jpg 1400w\" sizes=\"(max-width: 940px) 100vw, 940px\" \/><\/p>\n<p><strong>PERT r\u00f6r<\/strong> (PolyEthylene Raised Temperature) r\u00f6r som kan gjutas in i betongkonstruktioner. N\u00e4r PERT-r\u00f6r ansluts till en HeatWork-maskin, kan du st\u00e4lla in \u00f6nskad temperatur p\u00e5 den cirkulerande v\u00e4tskan. Systemets termostat s\u00e4kerst\u00e4ller en optimal och j\u00e4mn h\u00e4rdningstemperatur i betongkonstruktionen, och h\u00e5ller ner br\u00e4nslekostnaderna till ett minimum. M\u00f6jligheten att f\u00e5 v\u00e4rme in i en betongkonstruktion innb\u00e4r att du kan garantera kvalitet och h\u00e5lla tidsplanen vid gjutning av betong p\u00e5 vintern.<\/p>\n<p>De ingjutna r\u00f6ren kan \u00e4ven anv\u00e4ndas f\u00f6r att sm\u00e4lta sn\u00f6 och is fr\u00e5n konstruktionen efter\u00e5t. HeatWork Betongsystem finns \u00e4ven med ett kraftigt distributionssk\u00e5p med snabbf\u00e4sten f\u00f6r detta \u00e4ndam\u00e5l.<\/p>\n<p><strong>Distributionscentraler<\/strong> g\u00f6r det l\u00e4tt att dra matarslangar fr\u00e5n maskinen in i byggnaden, sedan ansluta dem till flera oberoende golvv\u00e4rmekretsar. Kretsarna i distributionscentralerna har individuella ventiler f\u00f6r att styra v\u00e4tskefl\u00f6den och m\u00e4ta returtemperaturer. Detta g\u00f6r systemet l\u00e4tt att justera f\u00f6r golvv\u00e4rmekretsar av varierande l\u00e4ngd.<\/p>\n<p>F\u00f6r att s\u00e4kerst\u00e4lla att temperaturen inte kan \u00f6verstiga en viss niv\u00e5 i betongkonstruktionen, har vi \u00e4ven utvecklat ett s\u00e4kerhetssystem som st\u00e4nger av v\u00e4tsketillf\u00f6rseln om den beg\u00e4rda temeperaturen blir f\u00f6r h\u00f6g.<\/p>\n<p><a href=\"http:\/\/issuu.com\/heatwork\/docs\/hw_concrete_systems_issue\" target=\"_blank\" rel=\"noopener\">HeatWork levererar kompletta l\u00f6sningar och material!<\/a><\/p>\n<p>F\u00f6r mer information om betongarbete kontakta oss<br \/>\n<div class=\"wpforms-container wpforms-container-full\" id=\"wpforms-42287\"><form id=\"wpforms-form-42287\" class=\"wpforms-validate wpforms-form wpforms-ajax-form\" data-formid=\"42287\" method=\"post\" enctype=\"multipart\/form-data\" action=\"\/sv\/wp-json\/wp\/v2\/pages\/21882\" data-token=\"e7a7989e2c4b5f2ca7fee7900e6a57be\" data-token-time=\"1776205436\"><noscript class=\"wpforms-error-noscript\">Please enable JavaScript in your browser to complete this form.<\/noscript><div class=\"wpforms-field-container\"><div id=\"wpforms-42287-field_1-container\" class=\"wpforms-field wpforms-field-text wpforms-one-half wpforms-first\" data-field-id=\"1\"><label class=\"wpforms-field-label\" for=\"wpforms-42287-field_1\">Ditt navn - Your name <span class=\"wpforms-required-label\">*<\/span><\/label><input type=\"text\" id=\"wpforms-42287-field_1\" class=\"wpforms-field-large wpforms-field-required\" name=\"wpforms[fields][1]\" required><\/div><div id=\"wpforms-42287-field_2-container\" class=\"wpforms-field wpforms-field-email wpforms-one-half\" data-field-id=\"2\"><label class=\"wpforms-field-label\" for=\"wpforms-42287-field_2\">E-mail <span class=\"wpforms-required-label\">*<\/span><\/label><input type=\"email\" id=\"wpforms-42287-field_2\" class=\"wpforms-field-large wpforms-field-required\" name=\"wpforms[fields][2]\" spellcheck=\"false\" required><\/div><div id=\"wpforms-42287-field_3-container\" class=\"wpforms-field wpforms-field-text\" data-field-id=\"3\"><label class=\"wpforms-field-label\" for=\"wpforms-42287-field_3\">Emne - Subject<\/label><input type=\"text\" id=\"wpforms-42287-field_3\" class=\"wpforms-field-large\" name=\"wpforms[fields][3]\" ><\/div><div id=\"wpforms-42287-field_4-container\" class=\"wpforms-field wpforms-field-textarea\" data-field-id=\"4\"><label class=\"wpforms-field-label\" for=\"wpforms-42287-field_4\">Melding - Message<\/label><textarea id=\"wpforms-42287-field_4\" class=\"wpforms-field-medium\" name=\"wpforms[fields][4]\" ><\/textarea><\/div><div id=\"wpforms-42287-field_5-container\" class=\"wpforms-field wpforms-field-mailchimp\" data-field-id=\"5\"><ul id=\"\" class=\"\"><li class=\"choice-0 depth-1\"><input type=\"checkbox\" id=\"wpforms-42287-field_5_0\" name=\"wpforms[fields][5]\" value=\"1\"  ><label class=\"wpforms-field-label-inline\" for=\"wpforms-42287-field_5_0\">Sign-up to our newsletter?<\/label><\/li><\/ul><\/div><div id=\"wpforms-42287-field_7-container\" class=\"wpforms-field wpforms-field-hidden\" data-field-id=\"7\"><input type=\"hidden\" id=\"wpforms-42287-field_7\" name=\"wpforms[fields][7]\"><\/div><div id=\"wpforms-42287-field_8-container\" class=\"wpforms-field wpforms-field-hidden\" data-field-id=\"8\"><input type=\"hidden\" id=\"wpforms-42287-field_8\" name=\"wpforms[fields][8]\"><\/div><div id=\"wpforms-42287-field_10-container\" class=\"wpforms-field wpforms-field-html\" data-field-id=\"10\"><div id=\"wpforms-42287-field_10\"><\/div><\/div><\/div><!-- .wpforms-field-container --><div class=\"wpforms-field wpforms-field-hp\"><label for=\"wpforms-42287-field-hp\" class=\"wpforms-field-label\">Message<\/label><input type=\"text\" name=\"wpforms[hp]\" id=\"wpforms-42287-field-hp\" class=\"wpforms-field-medium\"><\/div><div class=\"wpforms-recaptcha-container wpforms-is-hcaptcha\" ><div class=\"g-recaptcha\" data-sitekey=\"fc846523-626e-455c-bc44-9504f9e01350\"><\/div><input type=\"text\" name=\"g-recaptcha-hidden\" class=\"wpforms-recaptcha-hidden\" style=\"position:absolute!important;clip:rect(0,0,0,0)!important;height:1px!important;width:1px!important;border:0!important;overflow:hidden!important;padding:0!important;margin:0!important;\" data-rule-hcaptcha=\"1\"><\/div><div class=\"wpforms-submit-container\" ><input type=\"hidden\" name=\"wpforms[id]\" value=\"42287\"><input type=\"hidden\" name=\"page_title\" value=\"\"><input type=\"hidden\" name=\"page_url\" value=\"https:\/\/heatwork.com\/sv\/wp-json\/wp\/v2\/pages\/21882\"><button type=\"submit\" name=\"wpforms[submit]\" id=\"wpforms-submit-42287\" class=\"wpforms-submit wide\" data-alt-text=\"Sending...\" data-submit-text=\"Send\" aria-live=\"assertive\" value=\"wpforms-submit\">Send<\/button><img loading=\"lazy\" decoding=\"async\" src=\"https:\/\/heatwork.com\/wp-content\/plugins\/wpforms\/assets\/images\/submit-spin.svg\" class=\"wpforms-submit-spinner\" style=\"display: none;\" width=\"26\" height=\"26\" alt=\"Loading\"><\/div><\/form><\/div>  <!-- .wpforms-container --><\/p>\n","protected":false},"excerpt":{"rendered":"<p>Betongarbete \u00e5ret runt med HeatWorks Concrete Systems HW betongsystem \u00e4r det mest flexibla och effektiva systemet p\u00e5 marknaden, som s\u00e4kerst\u00e4ller att dina betonggjutningsprojekt kan forts\u00e4tta utan avbrott, s\u00e5 att du kan leverera h\u00f6g kvalitet till l\u00e5g kostnad &#8211; oavsett \u00e5rstid! Resultatet f\u00f6r v\u00e5ra kunder \u00e4r stor tid och kostnadsbesparingar. Detta kombinerat med fullst\u00e4ndig kontroll av [&hellip;]<\/p>\n","protected":false},"author":8,"featured_media":42119,"parent":21810,"menu_order":13,"comment_status":"closed","ping_status":"closed","template":"","meta":{"_acf_changed":false,"footnotes":"","_links_to":"","_links_to_target":""},"class_list":["post-21882","page","type-page","status-publish","has-post-thumbnail"],"acf":[],"_links":{"self":[{"href":"https:\/\/heatwork.com\/sv\/wp-json\/wp\/v2\/pages\/21882"}],"collection":[{"href":"https:\/\/heatwork.com\/sv\/wp-json\/wp\/v2\/pages"}],"about":[{"href":"https:\/\/heatwork.com\/sv\/wp-json\/wp\/v2\/types\/page"}],"author":[{"embeddable":true,"href":"https:\/\/heatwork.com\/sv\/wp-json\/wp\/v2\/users\/8"}],"replies":[{"embeddable":true,"href":"https:\/\/heatwork.com\/sv\/wp-json\/wp\/v2\/comments?post=21882"}],"version-history":[{"count":0,"href":"https:\/\/heatwork.com\/sv\/wp-json\/wp\/v2\/pages\/21882\/revisions"}],"up":[{"embeddable":true,"href":"https:\/\/heatwork.com\/sv\/wp-json\/wp\/v2\/pages\/21810"}],"wp:featuredmedia":[{"embeddable":true,"href":"https:\/\/heatwork.com\/sv\/wp-json\/wp\/v2\/media\/42119"}],"wp:attachment":[{"href":"https:\/\/heatwork.com\/sv\/wp-json\/wp\/v2\/media?parent=21882"}],"curies":[{"name":"wp","href":"https:\/\/api.w.org\/{rel}","templated":true}]}}