{"id":21902,"date":"2013-09-24T15:01:15","date_gmt":"2013-09-24T13:01:15","guid":{"rendered":"https:\/\/heatwork.com\/referensprojekt-4\/"},"modified":"2016-12-02T09:14:52","modified_gmt":"2016-12-02T08:14:52","slug":"referensprojekt-4","status":"publish","type":"page","link":"https:\/\/heatwork.com\/sv\/produkter\/ice-guard-systems\/referenser\/referensprojekt-4\/","title":{"rendered":"Referensprojekt"},"content":{"rendered":"<hr \/>\n<h2><strong>Herding av betong &#8211; sokkel\/ringmur<\/strong><\/h2>\n<div class=\"o-carousel js-carousel\"><div class=\"o-carousel__main js-carousel-main cbgpj\" data-id=\"cbgpj\"><img loading=\"lazy\" decoding=\"async\" src=\"https:\/\/heatwork.com\/wp-content\/uploads\/2013\/12\/betong.jpg\" width=\"800\" height=\"600\" alt=\"\" \/>\n<img loading=\"lazy\" decoding=\"async\" src=\"https:\/\/heatwork.com\/wp-content\/uploads\/2013\/12\/betong-3.jpg\" width=\"800\" height=\"600\" alt=\"\" \/>\n<img loading=\"lazy\" decoding=\"async\" src=\"https:\/\/heatwork.com\/wp-content\/uploads\/2013\/12\/betong-I.jpg\" width=\"800\" height=\"600\" alt=\"\" \/>\n<\/div><ul class=\"o-carousel__nav js-carousel-nav\"><li><img loading=\"lazy\" decoding=\"async\" src=\"https:\/\/heatwork.com\/wp-content\/uploads\/2013\/12\/betong-290x290.jpg\" width=\"290\" height=\"290\" alt=\"\" \/><\/li>\n<li><img loading=\"lazy\" decoding=\"async\" src=\"https:\/\/heatwork.com\/wp-content\/uploads\/2013\/12\/betong-3-290x290.jpg\" width=\"290\" height=\"290\" alt=\"\" \/><\/li>\n<li><img loading=\"lazy\" decoding=\"async\" src=\"https:\/\/heatwork.com\/wp-content\/uploads\/2013\/12\/betong-I-290x290.jpg\" width=\"290\" height=\"290\" alt=\"\" \/><\/li>\n<\/ul><\/div>\n<p>&nbsp;<\/p>\n<ul>\n<li>Pert r\u00f8r festes p\u00e5 armeringen med CC 30 cm<\/li>\n<li>Kobles til HeatWork maskinen, som leverer 30\u00b0C varm v\u00e6ske i r\u00f8rene<\/li>\n<li>Betongen f\u00e5r ideell herde temperatur og kvalitet<\/li>\n<li>L\u00f8sningen er tidsbesparende, og prosjektet kan holde n\u00f8dvending fremdrift uansett utetemperatur<\/li>\n<\/ul>\n<hr \/>\n<h2><strong>Herding av betong &#8211; sokkel\/ringmur<\/strong><\/h2>\n<div class=\"o-carousel js-carousel\"><div class=\"o-carousel__main js-carousel-main oqwep\" data-id=\"oqwep\"><img loading=\"lazy\" decoding=\"async\" src=\"https:\/\/heatwork.com\/wp-content\/uploads\/2013\/12\/betong-V.jpg\" width=\"800\" height=\"450\" alt=\"\" \/>\n<img loading=\"lazy\" decoding=\"async\" src=\"https:\/\/heatwork.com\/wp-content\/uploads\/2013\/12\/betong-IV.jpg\" width=\"800\" height=\"450\" alt=\"\" \/>\n<\/div><ul class=\"o-carousel__nav js-carousel-nav\"><li><img loading=\"lazy\" decoding=\"async\" src=\"https:\/\/heatwork.com\/wp-content\/uploads\/2013\/12\/betong-V-290x290.jpg\" width=\"290\" height=\"290\" alt=\"\" \/><\/li>\n<li><img loading=\"lazy\" decoding=\"async\" src=\"https:\/\/heatwork.com\/wp-content\/uploads\/2013\/12\/betong-IV-290x290.jpg\" width=\"290\" height=\"290\" alt=\"\" \/><\/li>\n<\/ul><\/div>\n<p>&nbsp;<\/p>\n<ul>\n<li>HeatWork slanger legges inntil forskalingen<\/li>\n<li>HeatWork vintermatte legges over forskalingen<\/li>\n<li>Slangene kobles til HeatWork maskinen, som leverer \u00f8nsket temperatur i slangene<\/li>\n<li>Betongen f\u00e5r ideell herde temperatur og kvalitet<\/li>\n<li>L\u00f8sningen er tidsbesparende, og prosjektet kan holde n\u00f8dvending fremdrift uansett utetemperatur<\/li>\n<\/ul>\n<hr \/>\n<h2><strong>Midlertidig drift av vannb\u00e5ren gulvvarme<\/strong><\/h2>\n<p><strong>\u2022 Utt\u00f8rking av betong f\u00f8r legging av gulvbelegg<br \/>\n\u2022 Byggoppvarming<\/strong><\/p>\n<div class=\"o-carousel js-carousel\"><div class=\"o-carousel__main js-carousel-main ekyxe\" data-id=\"ekyxe\"><img loading=\"lazy\" decoding=\"async\" src=\"https:\/\/heatwork.com\/wp-content\/uploads\/2013\/12\/Oversikt-ute-940x501.jpg\" width=\"940\" height=\"501\" alt=\"\" \/>\n<img loading=\"lazy\" decoding=\"async\" src=\"https:\/\/heatwork.com\/wp-content\/uploads\/2013\/12\/Bygning-gang-1.jpg\" width=\"600\" height=\"800\" alt=\"\" \/>\n<img loading=\"lazy\" decoding=\"async\" src=\"https:\/\/heatwork.com\/wp-content\/uploads\/2013\/12\/CliWi-1-705x940.jpg\" width=\"705\" height=\"940\" alt=\"\" \/>\n<img loading=\"lazy\" decoding=\"async\" src=\"https:\/\/heatwork.com\/wp-content\/uploads\/2013\/12\/Kobling-vannr\u00f8r.jpg\" width=\"800\" height=\"600\" alt=\"\" \/>\n<\/div><ul class=\"o-carousel__nav js-carousel-nav\"><li><img loading=\"lazy\" decoding=\"async\" src=\"https:\/\/heatwork.com\/wp-content\/uploads\/2013\/12\/Oversikt-ute-290x290.jpg\" width=\"290\" height=\"290\" alt=\"\" \/><\/li>\n<li><img loading=\"lazy\" decoding=\"async\" src=\"https:\/\/heatwork.com\/wp-content\/uploads\/2013\/12\/Bygning-gang-1-290x290.jpg\" width=\"290\" height=\"290\" alt=\"\" \/><\/li>\n<li><img loading=\"lazy\" decoding=\"async\" src=\"https:\/\/heatwork.com\/wp-content\/uploads\/2013\/12\/CliWi-1-290x290.jpg\" width=\"290\" height=\"290\" alt=\"\" \/><\/li>\n<li><img loading=\"lazy\" decoding=\"async\" src=\"https:\/\/heatwork.com\/wp-content\/uploads\/2013\/12\/Kobling-vannr\u00f8r-290x290.jpg\" width=\"290\" height=\"290\" alt=\"\" \/><\/li>\n<\/ul><\/div>\n<p>&nbsp;<\/p>\n<ul>\n<li>Prosjekt Omsorgsbolig, Nilsen og Haukland AS<\/li>\n<li>T\u00f8rke ut betongen f\u00f8r legging av gulvbelegg\/byggoppvarming<\/li>\n<li>CliWi 100 kW i drift p\u00e5 1000 m2 gulvvarmeanlegg<\/li>\n<li>4 mnd siden gulvet var st\u00f8pt, men fortsatt er det over 85% fuktighet i betongen<\/li>\n<\/ul>\n<hr \/>\n<h2><strong>Visinor Rehab AS\u00a0er igang med st\u00f8ping av mastefundamenter<\/strong><\/h2>\n<p><div class=\"o-carousel js-carousel\"><div class=\"o-carousel__main js-carousel-main greac\" data-id=\"greac\"><img loading=\"lazy\" decoding=\"async\" src=\"https:\/\/heatwork.com\/wp-content\/uploads\/2015\/01\/DSC_0199.jpg\" width=\"722\" height=\"480\" alt=\"\" \/>\n<img loading=\"lazy\" decoding=\"async\" src=\"https:\/\/heatwork.com\/wp-content\/uploads\/2015\/01\/2014-11-10-14.02.10-940x633.jpg\" width=\"940\" height=\"633\" alt=\"\" \/>\n<img loading=\"lazy\" decoding=\"async\" src=\"https:\/\/heatwork.com\/wp-content\/uploads\/2015\/01\/DSC_0192.jpg\" width=\"722\" height=\"480\" alt=\"\" \/>\n<img loading=\"lazy\" decoding=\"async\" src=\"https:\/\/heatwork.com\/wp-content\/uploads\/2015\/01\/DSC_0176.jpg\" width=\"722\" height=\"480\" alt=\"\" \/>\n<img loading=\"lazy\" decoding=\"async\" src=\"https:\/\/heatwork.com\/wp-content\/uploads\/2015\/01\/DSC_0163.jpg\" width=\"722\" height=\"480\" alt=\"\" \/>\n<img loading=\"lazy\" decoding=\"async\" src=\"https:\/\/heatwork.com\/wp-content\/uploads\/2015\/01\/DSC_0151.jpg\" width=\"722\" height=\"480\" alt=\"\" \/>\n<img loading=\"lazy\" decoding=\"async\" src=\"https:\/\/heatwork.com\/wp-content\/uploads\/2015\/01\/DSC_0153.jpg\" width=\"722\" height=\"480\" alt=\"\" \/>\n<img loading=\"lazy\" decoding=\"async\" src=\"https:\/\/heatwork.com\/wp-content\/uploads\/2015\/01\/2014-11-10-14.27.211-940x586.jpg\" width=\"940\" height=\"586\" alt=\"\" \/>\n<\/div><ul class=\"o-carousel__nav js-carousel-nav\"><li><img loading=\"lazy\" decoding=\"async\" src=\"https:\/\/heatwork.com\/wp-content\/uploads\/2015\/01\/DSC_0199-290x290.jpg\" width=\"290\" height=\"290\" alt=\"\" \/><\/li>\n<li><img loading=\"lazy\" decoding=\"async\" src=\"https:\/\/heatwork.com\/wp-content\/uploads\/2015\/01\/2014-11-10-14.02.10-290x290.jpg\" width=\"290\" height=\"290\" alt=\"\" \/><\/li>\n<li><img loading=\"lazy\" decoding=\"async\" src=\"https:\/\/heatwork.com\/wp-content\/uploads\/2015\/01\/DSC_0192-290x290.jpg\" width=\"290\" height=\"290\" alt=\"\" \/><\/li>\n<li><img loading=\"lazy\" decoding=\"async\" src=\"https:\/\/heatwork.com\/wp-content\/uploads\/2015\/01\/DSC_0176-290x290.jpg\" width=\"290\" height=\"290\" alt=\"\" \/><\/li>\n<li><img loading=\"lazy\" decoding=\"async\" src=\"https:\/\/heatwork.com\/wp-content\/uploads\/2015\/01\/DSC_0163-290x290.jpg\" width=\"290\" height=\"290\" alt=\"\" \/><\/li>\n<li><img loading=\"lazy\" decoding=\"async\" src=\"https:\/\/heatwork.com\/wp-content\/uploads\/2015\/01\/DSC_0151-290x290.jpg\" width=\"290\" height=\"290\" alt=\"\" \/><\/li>\n<li><img loading=\"lazy\" decoding=\"async\" src=\"https:\/\/heatwork.com\/wp-content\/uploads\/2015\/01\/DSC_0153-290x290.jpg\" width=\"290\" height=\"290\" alt=\"\" \/><\/li>\n<li><img loading=\"lazy\" decoding=\"async\" src=\"https:\/\/heatwork.com\/wp-content\/uploads\/2015\/01\/2014-11-10-14.27.211-290x290.jpg\" width=\"290\" height=\"290\" alt=\"\" \/><\/li>\n<\/ul><\/div><br \/>\nEntrepren\u00f8ren holder oppdraget g\u00e5ende under t\u00f8ffe forhold med minusgrader b\u00e5de over og under bakkeniv\u00e5. Gevinsten er \u00f8kt sesong, mindre permitteringer og \u00f8kt effektivitet!<\/p>\n<p>Betongrosjekter vi hjelper deg med \u00e5 l\u00f8se uansett temperatur er:<\/p>\n<p>\u2022 Gulv-\/fundamentst\u00f8p<br \/>\n\u2022 Rehabilitering av f.eks kai\/bro o.l.<br \/>\n\u2022 Forvarming\/tining av grunn<br \/>\n\u2022 Tining av tele og sn\u00f8<br \/>\n\u2022 Oppvarming av fjell f\u00f8r gysing<br \/>\n\u2022 Rett temperatur for herding<br \/>\n\u2022 m.m<\/p>\n<p>Ring oss p\u00e5 telefon 76 96 58 90 for n\u00e6rmere informasjon om prosjektet<\/p>\n","protected":false},"excerpt":{"rendered":"<p>Herding av betong &#8211; sokkel\/ringmur &nbsp; Pert r\u00f8r festes p\u00e5 armeringen med CC 30 cm Kobles til HeatWork maskinen, som leverer 30\u00b0C varm v\u00e6ske i r\u00f8rene Betongen f\u00e5r ideell herde temperatur og kvalitet L\u00f8sningen er tidsbesparende, og prosjektet kan holde n\u00f8dvending fremdrift uansett utetemperatur Herding av betong &#8211; sokkel\/ringmur &nbsp; HeatWork slanger legges inntil forskalingen [&hellip;]<\/p>\n","protected":false},"author":1,"featured_media":0,"parent":22087,"menu_order":0,"comment_status":"closed","ping_status":"closed","template":"template-references-sub.php","meta":{"_acf_changed":false,"footnotes":"","_links_to":"","_links_to_target":""},"class_list":["post-21902","page","type-page","status-publish"],"acf":[],"_links":{"self":[{"href":"https:\/\/heatwork.com\/sv\/wp-json\/wp\/v2\/pages\/21902"}],"collection":[{"href":"https:\/\/heatwork.com\/sv\/wp-json\/wp\/v2\/pages"}],"about":[{"href":"https:\/\/heatwork.com\/sv\/wp-json\/wp\/v2\/types\/page"}],"author":[{"embeddable":true,"href":"https:\/\/heatwork.com\/sv\/wp-json\/wp\/v2\/users\/1"}],"replies":[{"embeddable":true,"href":"https:\/\/heatwork.com\/sv\/wp-json\/wp\/v2\/comments?post=21902"}],"version-history":[{"count":0,"href":"https:\/\/heatwork.com\/sv\/wp-json\/wp\/v2\/pages\/21902\/revisions"}],"up":[{"embeddable":true,"href":"https:\/\/heatwork.com\/sv\/wp-json\/wp\/v2\/pages\/22087"}],"wp:attachment":[{"href":"https:\/\/heatwork.com\/sv\/wp-json\/wp\/v2\/media?parent=21902"}],"curies":[{"name":"wp","href":"https:\/\/api.w.org\/{rel}","templated":true}]}}