{"id":21914,"date":"2013-09-24T16:45:54","date_gmt":"2013-09-24T14:45:54","guid":{"rendered":"https:\/\/heatwork.com\/anvandningsomraden\/vinterisolering\/byggentreprenorer\/"},"modified":"2018-01-29T15:32:08","modified_gmt":"2018-01-29T14:32:08","slug":"byggentreprenorer","status":"publish","type":"page","link":"https:\/\/heatwork.com\/sv\/anvandningsomraden\/vinterisolering\/byggentreprenorer\/","title":{"rendered":"Byggentrepren\u00f6rer"},"content":{"rendered":"<div class=\"o-carousel js-carousel\"><div class=\"o-carousel__main js-carousel-main epehh\" data-id=\"epehh\"><img loading=\"lazy\" decoding=\"async\" src=\"https:\/\/heatwork.com\/wp-content\/uploads\/2010\/11\/bilde32-855x940.jpg\" width=\"855\" height=\"940\" alt=\"\" \/>\n<img loading=\"lazy\" decoding=\"async\" src=\"https:\/\/heatwork.com\/wp-content\/uploads\/2013\/09\/26-Smelting-av-is-p\u00e5-tak-940x705.jpg\" width=\"940\" height=\"705\" alt=\"\" \/>\n<img loading=\"lazy\" decoding=\"async\" src=\"https:\/\/heatwork.com\/wp-content\/uploads\/2013\/09\/27-Smelting-av-is-p\u00e5-tak-940x705.jpg\" width=\"940\" height=\"705\" alt=\"\" \/>\n<img loading=\"lazy\" decoding=\"async\" src=\"https:\/\/heatwork.com\/wp-content\/uploads\/2010\/11\/DSC00592-940x626.jpg\" width=\"940\" height=\"626\" alt=\"\" \/>\n<img loading=\"lazy\" decoding=\"async\" src=\"https:\/\/heatwork.com\/wp-content\/uploads\/2013\/09\/24-Tining-av-tele-f\u00f8r-avretting-og-gulvst\u00f8p-940x705.jpg\" width=\"940\" height=\"705\" alt=\"\" \/>\n<img loading=\"lazy\" decoding=\"async\" src=\"https:\/\/heatwork.com\/wp-content\/uploads\/2013\/09\/IMG_08241-705x940.jpg\" width=\"705\" height=\"940\" alt=\"\" \/>\n<img loading=\"lazy\" decoding=\"async\" src=\"https:\/\/heatwork.com\/wp-content\/uploads\/2013\/09\/DSC_0029-940x624.jpg\" width=\"940\" height=\"624\" alt=\"\" \/>\n<img loading=\"lazy\" decoding=\"async\" src=\"https:\/\/heatwork.com\/wp-content\/uploads\/2013\/09\/IMG_0759-940x705.jpg\" width=\"940\" height=\"705\" alt=\"\" \/>\n<\/div><ul class=\"o-carousel__nav js-carousel-nav\"><li><img loading=\"lazy\" decoding=\"async\" src=\"https:\/\/heatwork.com\/wp-content\/uploads\/2010\/11\/bilde32-290x290.jpg\" width=\"290\" height=\"290\" alt=\"\" \/><\/li>\n<li><img loading=\"lazy\" decoding=\"async\" src=\"https:\/\/heatwork.com\/wp-content\/uploads\/2013\/09\/26-Smelting-av-is-p\u00e5-tak-290x290.jpg\" width=\"290\" height=\"290\" alt=\"\" \/><\/li>\n<li><img loading=\"lazy\" decoding=\"async\" src=\"https:\/\/heatwork.com\/wp-content\/uploads\/2013\/09\/27-Smelting-av-is-p\u00e5-tak-290x290.jpg\" width=\"290\" height=\"290\" alt=\"\" \/><\/li>\n<li><img loading=\"lazy\" decoding=\"async\" src=\"https:\/\/heatwork.com\/wp-content\/uploads\/2010\/11\/DSC00592-290x290.jpg\" width=\"290\" height=\"290\" alt=\"\" \/><\/li>\n<li><img loading=\"lazy\" decoding=\"async\" src=\"https:\/\/heatwork.com\/wp-content\/uploads\/2013\/09\/24-Tining-av-tele-f\u00f8r-avretting-og-gulvst\u00f8p-290x290.jpg\" width=\"290\" height=\"290\" alt=\"\" \/><\/li>\n<li><img loading=\"lazy\" decoding=\"async\" src=\"https:\/\/heatwork.com\/wp-content\/uploads\/2013\/09\/IMG_08241-290x290.jpg\" width=\"290\" height=\"290\" alt=\"\" \/><\/li>\n<li><img loading=\"lazy\" decoding=\"async\" src=\"https:\/\/heatwork.com\/wp-content\/uploads\/2013\/09\/DSC_0029-290x290.jpg\" width=\"290\" height=\"290\" alt=\"\" \/><\/li>\n<li><img loading=\"lazy\" decoding=\"async\" src=\"https:\/\/heatwork.com\/wp-content\/uploads\/2013\/09\/IMG_0759-290x290.jpg\" width=\"290\" height=\"290\" alt=\"\" \/><\/li>\n<\/ul><\/div>\n<p>&nbsp;<\/p>\n<div class=\"ingrid in-thirds\">\n<div class=\"unit span-two\">\n<p>Tack vare sina utm\u00e4rkta isolerande egenskaper och h\u00e5llbarhet, har HeatWork Vinterisolering blivit det sj\u00e4lvklara valet f\u00f6r m\u00e5nga byggentrepren\u00f6rer. Eftersom vintermattorna \u00e4r l\u00e4tta och kan levereras i flera olika dimensioner, upp till 24 m2 per matta, \u00e4r det oerh\u00f6rt effektivt att anv\u00e4nda HeatWork Vinterisolering vid betongarbeten. Den reflekterande undersidan \u00e4r v\u00e4ldigt effektiv i att beh\u00e5lla den v\u00e4rme som utvecklas i betongen vid h\u00e4rdning, vilket betyder att det under vintern \u00e4r m\u00f6jligt att garantera kvalitet p\u00e5 slutresultatet, oavsett utomhustemperatur.<\/p>\n<p><em>Se \u00e4ven HeatWork Betongsystem f\u00f6r hur man tillf\u00f6r v\u00e4rme till h\u00e4rdningsprocessen och s\u00e4kerst\u00e4ller en j\u00e4mn f\u00f6rdelning av temperaturen i hela betongkonstruktionen.<\/em><\/p>\n<p>Isoleringsmattorna har inga egenskaper f\u00f6r kapill\u00e4rsugning, s\u00e5 de absorberar ingen fukt, \u00e4ven om det uppst\u00e5r gropar p\u00e5 ytan. Den l\u00e5ga vikten och flexibilteten i isoleringsmaterialet g\u00f6r vintermattorna l\u00e4tta att hantera och f\u00f6rvara, och ger det perfekta frostskyddet f\u00f6r oj\u00e4mna ytor.<\/p>\n<p>Vintermattorna finns tillg\u00e4ngliga i modellerna 3-lagers och 7-lagers. 3-lagersmodellen \u00e4r tillr\u00e4cklig vid anv\u00e4ndning i kombination med HeatWorks maskiner.<\/p>\n<\/div>\n<div class=\"unit\">\n<ul>\n<li>T\u00e4cka betongarbeten<\/li>\n<li>Tina upp frusen mark<\/li>\n<li>Isolera vatten- och avloppsr\u00f6r<\/li>\n<li>Isolera diken<\/li>\n<li>Frostskydd f\u00f6r utgr\u00e4vda omr\u00e5den<\/li>\n<li>Frostskydd f\u00f6r fyllnadsmaterial<\/li>\n<\/ul>\n<\/div>\n<\/div>\n","protected":false},"excerpt":{"rendered":"<p>&nbsp; Tack vare sina utm\u00e4rkta isolerande egenskaper och h\u00e5llbarhet, har HeatWork Vinterisolering blivit det sj\u00e4lvklara valet f\u00f6r m\u00e5nga byggentrepren\u00f6rer. Eftersom vintermattorna \u00e4r l\u00e4tta och kan levereras i flera olika dimensioner, upp till 24 m2 per matta, \u00e4r det oerh\u00f6rt effektivt att anv\u00e4nda HeatWork Vinterisolering vid betongarbeten. Den reflekterande undersidan \u00e4r v\u00e4ldigt effektiv i att beh\u00e5lla [&hellip;]<\/p>\n","protected":false},"author":1,"featured_media":0,"parent":21909,"menu_order":1,"comment_status":"closed","ping_status":"closed","template":"","meta":{"_acf_changed":false,"footnotes":"","_links_to":"","_links_to_target":""},"class_list":["post-21914","page","type-page","status-publish"],"acf":[],"_links":{"self":[{"href":"https:\/\/heatwork.com\/sv\/wp-json\/wp\/v2\/pages\/21914"}],"collection":[{"href":"https:\/\/heatwork.com\/sv\/wp-json\/wp\/v2\/pages"}],"about":[{"href":"https:\/\/heatwork.com\/sv\/wp-json\/wp\/v2\/types\/page"}],"author":[{"embeddable":true,"href":"https:\/\/heatwork.com\/sv\/wp-json\/wp\/v2\/users\/1"}],"replies":[{"embeddable":true,"href":"https:\/\/heatwork.com\/sv\/wp-json\/wp\/v2\/comments?post=21914"}],"version-history":[{"count":0,"href":"https:\/\/heatwork.com\/sv\/wp-json\/wp\/v2\/pages\/21914\/revisions"}],"up":[{"embeddable":true,"href":"https:\/\/heatwork.com\/sv\/wp-json\/wp\/v2\/pages\/21909"}],"wp:attachment":[{"href":"https:\/\/heatwork.com\/sv\/wp-json\/wp\/v2\/media?parent=21914"}],"curies":[{"name":"wp","href":"https:\/\/api.w.org\/{rel}","templated":true}]}}