{"id":21951,"date":"2013-09-24T16:45:13","date_gmt":"2013-09-24T14:45:13","guid":{"rendered":"https:\/\/heatwork.com\/skogsbruk\/"},"modified":"2018-01-29T15:53:07","modified_gmt":"2018-01-29T14:53:07","slug":"skogsbruk","status":"publish","type":"page","link":"https:\/\/heatwork.com\/sv\/anvandningsomraden\/ice-guard-systems\/skogsbruk\/","title":{"rendered":"Skogsbruk"},"content":{"rendered":"<p><div class=\"o-carousel js-carousel\"><div class=\"o-carousel__main js-carousel-main scfmy\" data-id=\"scfmy\"><img loading=\"lazy\" decoding=\"async\" src=\"https:\/\/heatwork.com\/wp-content\/uploads\/2013\/09\/DSC_00272-940x624.jpg\" width=\"940\" height=\"624\" alt=\"\" \/>\n<img loading=\"lazy\" decoding=\"async\" src=\"https:\/\/heatwork.com\/wp-content\/uploads\/2013\/09\/DSC_0029-940x624.jpg\" width=\"940\" height=\"624\" alt=\"\" \/>\n<img loading=\"lazy\" decoding=\"async\" src=\"https:\/\/heatwork.com\/wp-content\/uploads\/2013\/09\/DSC_0026-624x940.jpg\" width=\"624\" height=\"940\" alt=\"\" \/>\n<img loading=\"lazy\" decoding=\"async\" src=\"https:\/\/heatwork.com\/wp-content\/uploads\/2013\/09\/IMG_0077-940x705.jpg\" width=\"940\" height=\"705\" alt=\"\" \/>\n<img loading=\"lazy\" decoding=\"async\" src=\"https:\/\/heatwork.com\/wp-content\/uploads\/2013\/09\/IMG_0005-940x705.jpg\" width=\"940\" height=\"705\" alt=\"\" \/>\n<img loading=\"lazy\" decoding=\"async\" src=\"https:\/\/heatwork.com\/wp-content\/uploads\/2013\/09\/IMG_0082-940x705.jpg\" width=\"940\" height=\"705\" alt=\"\" \/>\n<\/div><ul class=\"o-carousel__nav js-carousel-nav\"><li><img loading=\"lazy\" decoding=\"async\" src=\"https:\/\/heatwork.com\/wp-content\/uploads\/2013\/09\/DSC_00272-290x290.jpg\" width=\"290\" height=\"290\" alt=\"\" \/><\/li>\n<li><img loading=\"lazy\" decoding=\"async\" src=\"https:\/\/heatwork.com\/wp-content\/uploads\/2013\/09\/DSC_0029-290x290.jpg\" width=\"290\" height=\"290\" alt=\"\" \/><\/li>\n<li><img loading=\"lazy\" decoding=\"async\" src=\"https:\/\/heatwork.com\/wp-content\/uploads\/2013\/09\/DSC_0026-290x290.jpg\" width=\"290\" height=\"290\" alt=\"\" \/><\/li>\n<li><img loading=\"lazy\" decoding=\"async\" src=\"https:\/\/heatwork.com\/wp-content\/uploads\/2013\/09\/IMG_0077-290x290.jpg\" width=\"290\" height=\"290\" alt=\"\" \/><\/li>\n<li><img loading=\"lazy\" decoding=\"async\" src=\"https:\/\/heatwork.com\/wp-content\/uploads\/2013\/09\/IMG_0005-290x290.jpg\" width=\"290\" height=\"290\" alt=\"\" \/><\/li>\n<li><img loading=\"lazy\" decoding=\"async\" src=\"https:\/\/heatwork.com\/wp-content\/uploads\/2013\/09\/IMG_0082-290x290.jpg\" width=\"290\" height=\"290\" alt=\"\" \/><\/li>\n<\/ul><\/div><br \/>\n<\/p>\n<div class=\"ingrid in-thirds\">\n<div class=\"unit span-two\">\nHeatWorks mobila uppv\u00e4rmningssystem underl\u00e4ttar vinterskogsbruk. V\u00e5r patenterade uppv\u00e4rmningsteknik kan anv\u00e4ndas f\u00f6r en rad olika syften, och samma maskin kan anv\u00e4ndas f\u00f6r uppgifter som att sm\u00e4lta sn\u00f6 och is, tina upp vattenkanaler, tina upp arbetsbaracker eller till och med tillhandah\u00e5lla varmvatten och elektricitet! L\u00e4tt och kompakt design, utrustningen kan l\u00e4tt transporteras med traktor, fyrhjuling, sn\u00f6skoter eller helikopter.\n<\/div>\n<div class=\"unit\">\n<ul>\n<li>Sm\u00e4lta sn\u00f6 och is<\/li>\n<li>Rensa vattenkanaler<\/li>\n<li>Uppv\u00e4rmning<\/li>\n<li>Tillhandah\u00e5lla varmt vatten<\/li>\n<li>Tillhandah\u00e5lla elektricitet<\/li>\n<\/ul>\n<\/div>\n<\/div>\n","protected":false},"excerpt":{"rendered":"<p>HeatWorks mobila uppv\u00e4rmningssystem underl\u00e4ttar vinterskogsbruk. V\u00e5r patenterade uppv\u00e4rmningsteknik kan anv\u00e4ndas f\u00f6r en rad olika syften, och samma maskin kan anv\u00e4ndas f\u00f6r uppgifter som att sm\u00e4lta sn\u00f6 och is, tina upp vattenkanaler, tina upp arbetsbaracker eller till och med tillhandah\u00e5lla varmvatten och elektricitet! L\u00e4tt och kompakt design, utrustningen kan l\u00e4tt transporteras med traktor, fyrhjuling, sn\u00f6skoter eller [&hellip;]<\/p>\n","protected":false},"author":1,"featured_media":0,"parent":22075,"menu_order":4,"comment_status":"closed","ping_status":"closed","template":"","meta":{"_acf_changed":false,"footnotes":"","_links_to":"","_links_to_target":""},"class_list":["post-21951","page","type-page","status-publish"],"acf":[],"_links":{"self":[{"href":"https:\/\/heatwork.com\/sv\/wp-json\/wp\/v2\/pages\/21951"}],"collection":[{"href":"https:\/\/heatwork.com\/sv\/wp-json\/wp\/v2\/pages"}],"about":[{"href":"https:\/\/heatwork.com\/sv\/wp-json\/wp\/v2\/types\/page"}],"author":[{"embeddable":true,"href":"https:\/\/heatwork.com\/sv\/wp-json\/wp\/v2\/users\/1"}],"replies":[{"embeddable":true,"href":"https:\/\/heatwork.com\/sv\/wp-json\/wp\/v2\/comments?post=21951"}],"version-history":[{"count":0,"href":"https:\/\/heatwork.com\/sv\/wp-json\/wp\/v2\/pages\/21951\/revisions"}],"up":[{"embeddable":true,"href":"https:\/\/heatwork.com\/sv\/wp-json\/wp\/v2\/pages\/22075"}],"wp:attachment":[{"href":"https:\/\/heatwork.com\/sv\/wp-json\/wp\/v2\/media?parent=21951"}],"curies":[{"name":"wp","href":"https:\/\/api.w.org\/{rel}","templated":true}]}}