{"id":21952,"date":"2013-09-24T16:44:37","date_gmt":"2013-09-24T14:44:37","guid":{"rendered":"https:\/\/heatwork.com\/kyrkogardar\/"},"modified":"2018-01-29T15:50:09","modified_gmt":"2018-01-29T14:50:09","slug":"kyrkogardar","status":"publish","type":"page","link":"https:\/\/heatwork.com\/sv\/anvandningsomraden\/ice-guard-systems\/kyrkogardar\/","title":{"rendered":"Kyrkog\u00e5rdar"},"content":{"rendered":"<p><div class=\"o-carousel js-carousel\"><div class=\"o-carousel__main js-carousel-main ajkdw\" data-id=\"ajkdw\"><img loading=\"lazy\" decoding=\"async\" src=\"https:\/\/heatwork.com\/wp-content\/uploads\/2013\/09\/20130429_142015-940x705.jpg\" width=\"940\" height=\"705\" alt=\"\" \/>\n<img loading=\"lazy\" decoding=\"async\" src=\"https:\/\/heatwork.com\/wp-content\/uploads\/2013\/09\/20130429_143347-940x705.jpg\" width=\"940\" height=\"705\" alt=\"\" \/>\n<img loading=\"lazy\" decoding=\"async\" src=\"https:\/\/heatwork.com\/wp-content\/uploads\/2013\/09\/SAM_0448-940x705.jpg\" width=\"940\" height=\"705\" alt=\"\" \/>\n<img loading=\"lazy\" decoding=\"async\" src=\"https:\/\/heatwork.com\/wp-content\/uploads\/2013\/09\/SAM_0456-940x705.jpg\" width=\"940\" height=\"705\" alt=\"\" \/>\n<\/div><ul class=\"o-carousel__nav js-carousel-nav\"><li><img loading=\"lazy\" decoding=\"async\" src=\"https:\/\/heatwork.com\/wp-content\/uploads\/2013\/09\/20130429_142015-290x290.jpg\" width=\"290\" height=\"290\" alt=\"\" \/><\/li>\n<li><img loading=\"lazy\" decoding=\"async\" src=\"https:\/\/heatwork.com\/wp-content\/uploads\/2013\/09\/20130429_143347-290x290.jpg\" width=\"290\" height=\"290\" alt=\"\" \/><\/li>\n<li><img loading=\"lazy\" decoding=\"async\" src=\"https:\/\/heatwork.com\/wp-content\/uploads\/2013\/09\/SAM_0448-290x290.jpg\" width=\"290\" height=\"290\" alt=\"\" \/><\/li>\n<li><img loading=\"lazy\" decoding=\"async\" src=\"https:\/\/heatwork.com\/wp-content\/uploads\/2013\/09\/SAM_0456-290x290.jpg\" width=\"290\" height=\"290\" alt=\"\" \/><\/li>\n<\/ul><\/div><br \/>\n<\/p>\n<div class=\"ingrid in-thirds\">\n<div class=\"unit span-two\">\nMed sin kompakta design och h\u00f6ga prestanda, g\u00f6r HeatWork-system vinterarbete p\u00e5 kyrkog\u00e5rdar betydligt l\u00e4ttare. Maskinerna kan l\u00e4tt transporteras med hj\u00e4lp av sm\u00e5 fordon, och \u00e4r flexibla nog att anv\u00e4ndas n\u00e4stan \u00f6verallt. Med hj\u00e4lp av v\u00e5r patenterade IGS-teknik f\u00f6r upptining och v\u00e4tsketemperaturer p\u00e5 100\u00b0C, kan de flesta upptiningsarbeten g\u00f6ras p\u00e5 mindre \u00e4n 24 timmar. HeatWorks produkter kr\u00e4ver ingen extern elf\u00f6rs\u00f6rjning eller br\u00e4nsletankar, och v\u00e5r prisbel\u00f6nta industridesign \u00e4r ljudl\u00f6s och kan anv\u00e4ndas i k\u00e4nsliga milj\u00f6er.\n<\/div>\n<div class=\"unit\">\n<ul>\n<li>Rensa vattenkanaler<\/li>\n<li>Tina upp gravplatser<\/li>\n<\/ul>\n<\/div>\n<\/div>\n","protected":false},"excerpt":{"rendered":"<p>Med sin kompakta design och h\u00f6ga prestanda, g\u00f6r HeatWork-system vinterarbete p\u00e5 kyrkog\u00e5rdar betydligt l\u00e4ttare. Maskinerna kan l\u00e4tt transporteras med hj\u00e4lp av sm\u00e5 fordon, och \u00e4r flexibla nog att anv\u00e4ndas n\u00e4stan \u00f6verallt. Med hj\u00e4lp av v\u00e5r patenterade IGS-teknik f\u00f6r upptining och v\u00e4tsketemperaturer p\u00e5 100\u00b0C, kan de flesta upptiningsarbeten g\u00f6ras p\u00e5 mindre \u00e4n 24 timmar. HeatWorks produkter [&hellip;]<\/p>\n","protected":false},"author":1,"featured_media":0,"parent":22075,"menu_order":2,"comment_status":"closed","ping_status":"closed","template":"","meta":{"_acf_changed":false,"footnotes":"","_links_to":"","_links_to_target":""},"class_list":["post-21952","page","type-page","status-publish"],"acf":[],"_links":{"self":[{"href":"https:\/\/heatwork.com\/sv\/wp-json\/wp\/v2\/pages\/21952"}],"collection":[{"href":"https:\/\/heatwork.com\/sv\/wp-json\/wp\/v2\/pages"}],"about":[{"href":"https:\/\/heatwork.com\/sv\/wp-json\/wp\/v2\/types\/page"}],"author":[{"embeddable":true,"href":"https:\/\/heatwork.com\/sv\/wp-json\/wp\/v2\/users\/1"}],"replies":[{"embeddable":true,"href":"https:\/\/heatwork.com\/sv\/wp-json\/wp\/v2\/comments?post=21952"}],"version-history":[{"count":0,"href":"https:\/\/heatwork.com\/sv\/wp-json\/wp\/v2\/pages\/21952\/revisions"}],"up":[{"embeddable":true,"href":"https:\/\/heatwork.com\/sv\/wp-json\/wp\/v2\/pages\/22075"}],"wp:attachment":[{"href":"https:\/\/heatwork.com\/sv\/wp-json\/wp\/v2\/media?parent=21952"}],"curies":[{"name":"wp","href":"https:\/\/api.w.org\/{rel}","templated":true}]}}