{"id":21953,"date":"2013-09-24T16:44:26","date_gmt":"2013-09-24T14:44:26","guid":{"rendered":"https:\/\/heatwork.com\/operativa-foretag\/"},"modified":"2018-01-29T15:48:48","modified_gmt":"2018-01-29T14:48:48","slug":"operativa-foretag","status":"publish","type":"page","link":"https:\/\/heatwork.com\/sv\/anvandningsomraden\/ice-guard-systems\/operativa-foretag\/","title":{"rendered":"Operativa f\u00f6retag"},"content":{"rendered":"<div class=\"o-carousel js-carousel\"><div class=\"o-carousel__main js-carousel-main gevii\" data-id=\"gevii\"><img loading=\"lazy\" decoding=\"async\" src=\"https:\/\/heatwork.com\/wp-content\/uploads\/2013\/09\/DSC_0027-24-940x624.jpg\" width=\"940\" height=\"624\" alt=\"\" \/>\n<img loading=\"lazy\" decoding=\"async\" src=\"https:\/\/heatwork.com\/wp-content\/uploads\/2014\/09\/Mesta-II.jpg\" width=\"800\" height=\"533\" alt=\"\" \/>\n<img loading=\"lazy\" decoding=\"async\" src=\"https:\/\/heatwork.com\/wp-content\/uploads\/2013\/09\/DSC_00403-940x625.jpg\" width=\"940\" height=\"625\" alt=\"\" \/>\n<img loading=\"lazy\" decoding=\"async\" src=\"https:\/\/heatwork.com\/wp-content\/uploads\/2013\/09\/DSC_00711-940x625.jpg\" width=\"940\" height=\"625\" alt=\"\" \/>\n<img loading=\"lazy\" decoding=\"async\" src=\"https:\/\/heatwork.com\/wp-content\/uploads\/2013\/09\/IMG_60493-940x705.jpg\" width=\"940\" height=\"705\" alt=\"\" \/>\n<\/div><ul class=\"o-carousel__nav js-carousel-nav\"><li><img loading=\"lazy\" decoding=\"async\" src=\"https:\/\/heatwork.com\/wp-content\/uploads\/2013\/09\/DSC_0027-24-290x290.jpg\" width=\"290\" height=\"290\" alt=\"\" \/><\/li>\n<li><img loading=\"lazy\" decoding=\"async\" src=\"https:\/\/heatwork.com\/wp-content\/uploads\/2014\/09\/Mesta-II-290x290.jpg\" width=\"290\" height=\"290\" alt=\"\" \/><\/li>\n<li><img loading=\"lazy\" decoding=\"async\" src=\"https:\/\/heatwork.com\/wp-content\/uploads\/2013\/09\/DSC_00403-290x290.jpg\" width=\"290\" height=\"290\" alt=\"\" \/><\/li>\n<li><img loading=\"lazy\" decoding=\"async\" src=\"https:\/\/heatwork.com\/wp-content\/uploads\/2013\/09\/DSC_00711-290x290.jpg\" width=\"290\" height=\"290\" alt=\"\" \/><\/li>\n<li><img loading=\"lazy\" decoding=\"async\" src=\"https:\/\/heatwork.com\/wp-content\/uploads\/2013\/09\/IMG_60493-290x290.jpg\" width=\"290\" height=\"290\" alt=\"\" \/><\/li>\n<\/ul><\/div>\n<div class=\"ingrid in-thirds\">\n<div class=\"unit span-two\">HeatWorks system kan hantera till synes om\u00f6jliga behov f\u00f6r vinterdrift och ocks\u00e5 komplettera befintliga metoder. Med sin kompakta, l\u00e4ttanv\u00e4nda design, minskar de dramatiskt arbetskraft och maskinresurser som beh\u00f6vs. De f\u00f6rb\u00e4ttrar ocks\u00e5 avsev\u00e4rt s\u00e4kerheten f\u00f6r arbetare och trafikanter, och undviker de socioekonomiska kostnader som orsakas av infrastruktur som inte fungerar normalt.<\/div>\n<div class=\"unit\">\n<ul>\n<li>Rensa vattenkanaler<\/li>\n<\/ul>\n<\/div>\n<\/div>\n","protected":false},"excerpt":{"rendered":"<p>HeatWorks system kan hantera till synes om\u00f6jliga behov f\u00f6r vinterdrift och ocks\u00e5 komplettera befintliga metoder. Med sin kompakta, l\u00e4ttanv\u00e4nda design, minskar de dramatiskt arbetskraft och maskinresurser som beh\u00f6vs. De f\u00f6rb\u00e4ttrar ocks\u00e5 avsev\u00e4rt s\u00e4kerheten f\u00f6r arbetare och trafikanter, och undviker de socioekonomiska kostnader som orsakas av infrastruktur som inte fungerar normalt. Rensa vattenkanaler<\/p>\n","protected":false},"author":1,"featured_media":0,"parent":22075,"menu_order":1,"comment_status":"closed","ping_status":"closed","template":"","meta":{"_acf_changed":false,"footnotes":"","_links_to":"","_links_to_target":""},"class_list":["post-21953","page","type-page","status-publish"],"acf":[],"_links":{"self":[{"href":"https:\/\/heatwork.com\/sv\/wp-json\/wp\/v2\/pages\/21953"}],"collection":[{"href":"https:\/\/heatwork.com\/sv\/wp-json\/wp\/v2\/pages"}],"about":[{"href":"https:\/\/heatwork.com\/sv\/wp-json\/wp\/v2\/types\/page"}],"author":[{"embeddable":true,"href":"https:\/\/heatwork.com\/sv\/wp-json\/wp\/v2\/users\/1"}],"replies":[{"embeddable":true,"href":"https:\/\/heatwork.com\/sv\/wp-json\/wp\/v2\/comments?post=21953"}],"version-history":[{"count":0,"href":"https:\/\/heatwork.com\/sv\/wp-json\/wp\/v2\/pages\/21953\/revisions"}],"up":[{"embeddable":true,"href":"https:\/\/heatwork.com\/sv\/wp-json\/wp\/v2\/pages\/22075"}],"wp:attachment":[{"href":"https:\/\/heatwork.com\/sv\/wp-json\/wp\/v2\/media?parent=21953"}],"curies":[{"name":"wp","href":"https:\/\/api.w.org\/{rel}","templated":true}]}}