{"id":21962,"date":"2013-09-24T16:48:58","date_gmt":"2013-09-24T14:48:58","guid":{"rendered":"https:\/\/heatwork.com\/uppvarmning\/samhallsteknik\/"},"modified":"2018-01-25T10:18:59","modified_gmt":"2018-01-25T09:18:59","slug":"samhallsteknik","status":"publish","type":"page","link":"https:\/\/heatwork.com\/sv\/samhallsteknik\/","title":{"rendered":"Samh\u00e4llsteknik"},"content":{"rendered":"<div class=\"o-carousel js-carousel\"><div class=\"o-carousel__main js-carousel-main oqjhv\" data-id=\"oqjhv\"><img loading=\"lazy\" decoding=\"async\" src=\"https:\/\/heatwork.com\/wp-content\/uploads\/2013\/09\/DSC_0480-940x625.jpg\" width=\"940\" height=\"625\" alt=\"\" \/>\n<img loading=\"lazy\" decoding=\"async\" src=\"https:\/\/heatwork.com\/wp-content\/uploads\/2013\/09\/DSC_0465-940x625.jpg\" width=\"940\" height=\"625\" alt=\"\" \/>\n<img loading=\"lazy\" decoding=\"async\" src=\"https:\/\/heatwork.com\/wp-content\/uploads\/2013\/09\/DSC_00402-940x624.jpg\" width=\"940\" height=\"624\" alt=\"\" \/>\n<img loading=\"lazy\" decoding=\"async\" src=\"https:\/\/heatwork.com\/wp-content\/uploads\/2013\/09\/DSC_0404-940x625.jpg\" width=\"940\" height=\"625\" alt=\"\" \/>\n<img loading=\"lazy\" decoding=\"async\" src=\"https:\/\/heatwork.com\/wp-content\/uploads\/2013\/09\/DSC_0418-940x625.jpg\" width=\"940\" height=\"625\" alt=\"\" \/>\n<\/div><ul class=\"o-carousel__nav js-carousel-nav\"><li><img loading=\"lazy\" decoding=\"async\" src=\"https:\/\/heatwork.com\/wp-content\/uploads\/2013\/09\/DSC_0480-290x290.jpg\" width=\"290\" height=\"290\" alt=\"\" \/><\/li>\n<li><img loading=\"lazy\" decoding=\"async\" src=\"https:\/\/heatwork.com\/wp-content\/uploads\/2013\/09\/DSC_0465-290x290.jpg\" width=\"290\" height=\"290\" alt=\"\" \/><\/li>\n<li><img loading=\"lazy\" decoding=\"async\" src=\"https:\/\/heatwork.com\/wp-content\/uploads\/2013\/09\/DSC_00402-290x290.jpg\" width=\"290\" height=\"290\" alt=\"\" \/><\/li>\n<li><img loading=\"lazy\" decoding=\"async\" src=\"https:\/\/heatwork.com\/wp-content\/uploads\/2013\/09\/DSC_0404-290x290.jpg\" width=\"290\" height=\"290\" alt=\"\" \/><\/li>\n<li><img loading=\"lazy\" decoding=\"async\" src=\"https:\/\/heatwork.com\/wp-content\/uploads\/2013\/09\/DSC_0418-290x290.jpg\" width=\"290\" height=\"290\" alt=\"\" \/><\/li>\n<\/ul><\/div>\n<div class=\"ingrid in-thirds\">\n<\/p>\n<div class=\"unit span-two\">HeatWorks mobila system kan producera en effekt p\u00e5 upp till 103 kW som kan anv\u00e4ndas f\u00f6r uppv\u00e4rmning. Eftersom HeatWorks teknik \u00e4r baserad p\u00e5 v\u00e4tskeburen v\u00e4rme, kan v\u00e5ra maskiner anv\u00e4ndas f\u00f6r att driva system som golvv\u00e4rme, v\u00e4gv\u00e4rme, eller utvinna v\u00e4rme fr\u00e5n v\u00e4tska till luft via HW Aerotemper. Om of\u00f6rutsedda h\u00e4ndelser intr\u00e4ffar, kan HeatWorks mobila uppv\u00e4rmningssystem anslutas direkt till v\u00e4rmev\u00e4xlare i byggnader och s\u00e4kerst\u00e4lla oavbruten tillf\u00f6rsel av kranvatten och v\u00e4rme. HeatWork har m\u00e5nga referenser fr\u00e5n Norge och utlandet, d\u00e4r v\u00e5ra maskiner anv\u00e4nts under l\u00e5ngsiktiga och kortsiktiga perioder, f\u00f6r tillf\u00e4llig drift av byggnader s\u00e5som hotell, v\u00e5rdhem, kontor etc.<\/div>\n<div class=\"unit\">\n<ul>\n<li>V\u00e4rma upp verkst\u00e4der\/arbetst\u00e4lt<\/li>\n<li>V\u00e4rma upp byggnader\/garage\/hallar<\/li>\n<li>Driva v\u00e4tskeburna v\u00e4gv\u00e4rmesystem<\/li>\n<li>Tillf\u00e4llig drift av fj\u00e4rrv\u00e4rmesystem<\/li>\n<\/ul>\n<\/div>\n<\/div>\n","protected":false},"excerpt":{"rendered":"<p>HeatWorks mobila system kan producera en effekt p\u00e5 upp till 103 kW som kan anv\u00e4ndas f\u00f6r uppv\u00e4rmning. Eftersom HeatWorks teknik \u00e4r baserad p\u00e5 v\u00e4tskeburen v\u00e4rme, kan v\u00e5ra maskiner anv\u00e4ndas f\u00f6r att driva system som golvv\u00e4rme, v\u00e4gv\u00e4rme, eller utvinna v\u00e4rme fr\u00e5n v\u00e4tska till luft via HW Aerotemper. Om of\u00f6rutsedda h\u00e4ndelser intr\u00e4ffar, kan HeatWorks mobila uppv\u00e4rmningssystem anslutas [&hellip;]<\/p>\n","protected":false},"author":1,"featured_media":0,"parent":0,"menu_order":8,"comment_status":"closed","ping_status":"closed","template":"","meta":{"_acf_changed":false,"footnotes":"","_links_to":"","_links_to_target":""},"class_list":["post-21962","page","type-page","status-publish"],"acf":[],"_links":{"self":[{"href":"https:\/\/heatwork.com\/sv\/wp-json\/wp\/v2\/pages\/21962"}],"collection":[{"href":"https:\/\/heatwork.com\/sv\/wp-json\/wp\/v2\/pages"}],"about":[{"href":"https:\/\/heatwork.com\/sv\/wp-json\/wp\/v2\/types\/page"}],"author":[{"embeddable":true,"href":"https:\/\/heatwork.com\/sv\/wp-json\/wp\/v2\/users\/1"}],"replies":[{"embeddable":true,"href":"https:\/\/heatwork.com\/sv\/wp-json\/wp\/v2\/comments?post=21962"}],"version-history":[{"count":0,"href":"https:\/\/heatwork.com\/sv\/wp-json\/wp\/v2\/pages\/21962\/revisions"}],"wp:attachment":[{"href":"https:\/\/heatwork.com\/sv\/wp-json\/wp\/v2\/media?parent=21962"}],"curies":[{"name":"wp","href":"https:\/\/api.w.org\/{rel}","templated":true}]}}