{"id":22072,"date":"2013-09-24T16:43:49","date_gmt":"2013-09-24T14:43:49","guid":{"rendered":"https:\/\/heatwork.com\/avfallshantering\/"},"modified":"2014-09-01T15:25:52","modified_gmt":"2014-09-01T13:25:52","slug":"avfallshantering","status":"publish","type":"page","link":"https:\/\/heatwork.com\/sv\/anvandningsomraden\/olje-gas-och-varvsindustrier\/avfallshantering\/","title":{"rendered":"Avfallshantering"},"content":{"rendered":"<p><div class=\"o-carousel js-carousel\"><div class=\"o-carousel__main js-carousel-main wwrhn\" data-id=\"wwrhn\"><img loading=\"lazy\" decoding=\"async\" src=\"https:\/\/heatwork.com\/wp-content\/uploads\/2013\/09\/DSC_0113-940x625.jpg\" width=\"940\" height=\"625\" alt=\"\" \/>\n<img loading=\"lazy\" decoding=\"async\" src=\"https:\/\/heatwork.com\/wp-content\/uploads\/2013\/09\/tankoppvarming1.jpg\" width=\"250\" height=\"188\" alt=\"\" \/>\n<img loading=\"lazy\" decoding=\"async\" src=\"https:\/\/heatwork.com\/wp-content\/uploads\/2013\/09\/tankoppvarming2.jpg\" width=\"250\" height=\"188\" alt=\"\" \/>\n<img loading=\"lazy\" decoding=\"async\" src=\"https:\/\/heatwork.com\/wp-content\/uploads\/2013\/09\/tankoppvarming3.jpg\" width=\"250\" height=\"188\" alt=\"\" \/>\n<\/div><ul class=\"o-carousel__nav js-carousel-nav\"><li><img loading=\"lazy\" decoding=\"async\" src=\"https:\/\/heatwork.com\/wp-content\/uploads\/2013\/09\/DSC_0113-290x290.jpg\" width=\"290\" height=\"290\" alt=\"\" \/><\/li>\n<li><img loading=\"lazy\" decoding=\"async\" src=\"https:\/\/heatwork.com\/wp-content\/uploads\/2013\/09\/tankoppvarming1-200x188.jpg\" width=\"200\" height=\"188\" alt=\"\" \/><\/li>\n<li><img loading=\"lazy\" decoding=\"async\" src=\"https:\/\/heatwork.com\/wp-content\/uploads\/2013\/09\/tankoppvarming2-200x188.jpg\" width=\"200\" height=\"188\" alt=\"\" \/><\/li>\n<li><img loading=\"lazy\" decoding=\"async\" src=\"https:\/\/heatwork.com\/wp-content\/uploads\/2013\/09\/tankoppvarming3-200x188.jpg\" width=\"200\" height=\"188\" alt=\"\" \/><\/li>\n<\/ul><\/div><br \/>\n<\/p>\n<div class=\"ingrid in-thirds\">\n<div class=\"unit span-two\">\nFler och fler f\u00f6retag som arbetar med avfallshantering och \u00e5tervinning b\u00f6rjar anv\u00e4nda HeatWorks flexibla uppv\u00e4rmningsteknik. Dessa f\u00f6retag har ofta avtal f\u00f6r hanteringen av avfall inom olje-, gas- och processindustrin. HeatWorks teknik uppfyller h\u00e5rda s\u00e4kerhetskrav vad g\u00e4ller brand och explosionsrisker, och v\u00e5ra produkter omfattar ett brett spektra av olika till\u00e4mpningsomr\u00e5den som upptining, frostskydd, uppv\u00e4rmning etc.\n<\/div>\n<div class=\"unit\">\n<ul>\n<li>V\u00e4rma upp tankanl\u00e4ggningar<\/li>\n<li>Tina upp frusen mark f\u00f6r att avl\u00e4gsna f\u00f6rorenat material.<\/li>\n<li>Frostskydd av material<\/li>\n<\/ul>\n<\/div>\n<\/div>\n","protected":false},"excerpt":{"rendered":"<p>Fler och fler f\u00f6retag som arbetar med avfallshantering och \u00e5tervinning b\u00f6rjar anv\u00e4nda HeatWorks flexibla uppv\u00e4rmningsteknik. Dessa f\u00f6retag har ofta avtal f\u00f6r hanteringen av avfall inom olje-, gas- och processindustrin. HeatWorks teknik uppfyller h\u00e5rda s\u00e4kerhetskrav vad g\u00e4ller brand och explosionsrisker, och v\u00e5ra produkter omfattar ett brett spektra av olika till\u00e4mpningsomr\u00e5den som upptining, frostskydd, uppv\u00e4rmning etc. V\u00e4rma [&hellip;]<\/p>\n","protected":false},"author":1,"featured_media":0,"parent":22078,"menu_order":4,"comment_status":"closed","ping_status":"closed","template":"","meta":{"_acf_changed":false,"footnotes":"","_links_to":"","_links_to_target":""},"class_list":["post-22072","page","type-page","status-publish"],"acf":[],"_links":{"self":[{"href":"https:\/\/heatwork.com\/sv\/wp-json\/wp\/v2\/pages\/22072"}],"collection":[{"href":"https:\/\/heatwork.com\/sv\/wp-json\/wp\/v2\/pages"}],"about":[{"href":"https:\/\/heatwork.com\/sv\/wp-json\/wp\/v2\/types\/page"}],"author":[{"embeddable":true,"href":"https:\/\/heatwork.com\/sv\/wp-json\/wp\/v2\/users\/1"}],"replies":[{"embeddable":true,"href":"https:\/\/heatwork.com\/sv\/wp-json\/wp\/v2\/comments?post=22072"}],"version-history":[{"count":0,"href":"https:\/\/heatwork.com\/sv\/wp-json\/wp\/v2\/pages\/22072\/revisions"}],"up":[{"embeddable":true,"href":"https:\/\/heatwork.com\/sv\/wp-json\/wp\/v2\/pages\/22078"}],"wp:attachment":[{"href":"https:\/\/heatwork.com\/sv\/wp-json\/wp\/v2\/media?parent=22072"}],"curies":[{"name":"wp","href":"https:\/\/api.w.org\/{rel}","templated":true}]}}