{"id":22073,"date":"2013-09-24T16:43:29","date_gmt":"2013-09-24T14:43:29","guid":{"rendered":"https:\/\/heatwork.com\/varvsindustri\/"},"modified":"2014-09-01T15:25:35","modified_gmt":"2014-09-01T13:25:35","slug":"varvsindustri","status":"publish","type":"page","link":"https:\/\/heatwork.com\/sv\/anvandningsomraden\/olje-gas-och-varvsindustrier\/varvsindustri\/","title":{"rendered":"Varvsindustri"},"content":{"rendered":"<p><\/p>\n<div class=\"ingrid in-thirds\">\n<div class=\"unit span-two\">\nHeatWork kan f\u00f6rse varvsindustrin med flexibla och effektva uppv\u00e4rmningssystem baserat p\u00e5 v\u00e4tskeburen teknik. I m\u00e5nga fall regleras ytbehandlingsarbeten av krav p\u00e5 temperatur och luftfuktighet i syfte att uppn\u00e5 en tillfredst\u00e4llande kvalitet n\u00e4r behandlingar g\u00f6rs. Med HeatWork kan ytor f\u00f6rv\u00e4rmas antingen med kontaktv\u00e4rme, d\u00e5 uppv\u00e4rmda slangar \u00e4r i direktkontakt med ytan, eller med varm luft som v\u00e4rms med hj\u00e4lp av HW Aerotemper. De uppv\u00e4rmda slangarna kan \u00e4ven anv\u00e4ndas f\u00f6r frostskydd av v\u00e4tskor s\u00e5som barlastvatten i docka.\n<\/div>\n<div class=\"unit\">\n<ul>\n<li>Ytbehandling<\/li>\n<li>Frostskydd i docka<\/li>\n<\/ul>\n<\/div>\n<\/div>\n","protected":false},"excerpt":{"rendered":"<p>HeatWork kan f\u00f6rse varvsindustrin med flexibla och effektva uppv\u00e4rmningssystem baserat p\u00e5 v\u00e4tskeburen teknik. I m\u00e5nga fall regleras ytbehandlingsarbeten av krav p\u00e5 temperatur och luftfuktighet i syfte att uppn\u00e5 en tillfredst\u00e4llande kvalitet n\u00e4r behandlingar g\u00f6rs. Med HeatWork kan ytor f\u00f6rv\u00e4rmas antingen med kontaktv\u00e4rme, d\u00e5 uppv\u00e4rmda slangar \u00e4r i direktkontakt med ytan, eller med varm luft som [&hellip;]<\/p>\n","protected":false},"author":1,"featured_media":0,"parent":22078,"menu_order":3,"comment_status":"closed","ping_status":"closed","template":"","meta":{"_acf_changed":false,"footnotes":"","_links_to":"","_links_to_target":""},"class_list":["post-22073","page","type-page","status-publish"],"acf":[],"_links":{"self":[{"href":"https:\/\/heatwork.com\/sv\/wp-json\/wp\/v2\/pages\/22073"}],"collection":[{"href":"https:\/\/heatwork.com\/sv\/wp-json\/wp\/v2\/pages"}],"about":[{"href":"https:\/\/heatwork.com\/sv\/wp-json\/wp\/v2\/types\/page"}],"author":[{"embeddable":true,"href":"https:\/\/heatwork.com\/sv\/wp-json\/wp\/v2\/users\/1"}],"replies":[{"embeddable":true,"href":"https:\/\/heatwork.com\/sv\/wp-json\/wp\/v2\/comments?post=22073"}],"version-history":[{"count":0,"href":"https:\/\/heatwork.com\/sv\/wp-json\/wp\/v2\/pages\/22073\/revisions"}],"up":[{"embeddable":true,"href":"https:\/\/heatwork.com\/sv\/wp-json\/wp\/v2\/pages\/22078"}],"wp:attachment":[{"href":"https:\/\/heatwork.com\/sv\/wp-json\/wp\/v2\/media?parent=22073"}],"curies":[{"name":"wp","href":"https:\/\/api.w.org\/{rel}","templated":true}]}}